{"id":998,"date":"2016-09-05T01:01:52","date_gmt":"2016-09-04T23:01:52","guid":{"rendered":"http:\/\/spieltz.de\/werbespiele\/shop\/ausfuehrung\/preiskategorie-h\/stern-halma-weihnachten-spielbare-karte\/"},"modified":"2016-09-05T01:49:57","modified_gmt":"2016-09-04T23:49:57","slug":"stern-halma-weihnachten-spielbare-karte","status":"publish","type":"product","link":"https:\/\/spieltz.de\/werbespiele\/shop\/spieldauer\/20-30-minuten\/stern-halma-weihnachten-spielbare-karte\/","title":{"rendered":"Weihnachtsstern-Halma als spielbare (Riesen)-Postkarte"},"content":{"rendered":"<ul>\n<li>Art des Spiels: Brettspiel-Klassiker, Familienspiel, Gesellschaftsspiel<\/li>\n<li>Ausf\u00fchrung:\u00a0spielbare Karte (aufklappbare Karte, zusammengeklappt DIN A4, aufgeklappt DIN A3)<\/li>\n<li>Zubeh\u00f6r: Spielfiguren (75 Halma-Kegel)\u00a0aus bunt lackiertem Holz in\u00a0weihnachtlichen Farben<\/li>\n<li>Spielthema: Winter, Schnee, Weihnachten<\/li>\n<li>Anzahl Spieler: 2\u00a0\u2013 6 Spieler<\/li>\n<li>Empfohlenes Spielalter: ab 8\u00a0Jahren<\/li>\n<li>Spieldauer: etwa 20 &#8211; 30\u00a0Minuten<\/li>\n<li>Werbeaufdruck: auf\u00a0der\u00a0Vorderseite der Karte<\/li>\n<\/ul>\n<h3>Format: Die spielbare Karte<\/h3>\n<p>Eine Karte, die aufgehoben wird! Denn sie ist spielbar. Die liebevoll illustrierte Klappkarte im Format DIN A4 (aufgeklappt: DIN A3) enth\u00e4lt auf der Vorderseite den Spielplan. In der Mitte ist Platz f\u00fcr Ihre pers\u00f6nlichen Gr\u00fc\u00dfe und auf der Kartenr\u00fcckseite ist die Anleitung zu finden.<\/p>\n<p>Spielfiguren k\u00f6nnen mitbestellt werden, m\u00fcssen aber nicht. Die Halma-Kegel k\u00f6nnen vom Empf\u00e4nger der Karte auch aus einer Spielesammlung entlehnt\u00a0werden.<\/p>\n<h3>Das Spiel<\/h3>\n<p>Der Name Halma stammt aus dem Altgriechischen und bedeutet \u201eSprung\u201c. Sternhalma ist eine Weiterentwicklung, die etwa 10 Jahre nach dem urspr\u00fcnglichen Halma erschien. Der Spielplan stellt einen sechszackigen Stern dar, auf dem sich 121 Punkte \/ Felder befinden. Diese Punkte sind mit den jeweils sechs unmittelbar daneben liegenden Feldern durch Linien verbunden. Jeder Spieler erh\u00e4lt 15 Spielsteine einer Farbe, die er in einer der Zacken des Sterns aufstellt. Ziel des Spiels ist es, als erster seine 15 Spielkegel in das gegen\u00fcberliegende Dreieck (Zacke) zu bringen. Wenn ein Spieler das geschafft hat, hat er gewonnen und das Spiel ist zu Ende.<\/p>\n<p>Autor: Halma wurde um 1880 vom amerikanischen Arzt George Howard Monks erfunden.<br \/>\nDesign:\u00a0Gerhard Moser<\/p>\n<h3>Spielmaterial<\/h3>\n<ul>\n<li>Klappkarte (DIN A4, aufgeklappt: DIN A3) als\u00a0Spiel.<\/li>\n<li>Passendes Kuvert (wenn mitbestellt)<\/li>\n<li>Passende Spielfiguren aus lackiertem Holz im weihnachtlichen Organza-S\u00e4ckchen (wenn mitbestellt)<\/li>\n<\/ul>\n<p>[table id=14 \/]<\/p>\n","protected":false},"excerpt":{"rendered":"<p>Art des Spiels: Brettspiel-Klassiker, Familienspiel, Gesellschaftsspiel Ausf\u00fchrung:\u00a0spielbare Karte (aufklappbare Karte, zusammengeklappt DIN A4, aufgeklappt DIN A3) Zubeh\u00f6r: Spielfiguren (75 Halma-Kegel)\u00a0aus bunt lackiertem Holz in\u00a0weihnachtlichen Farben Spielthema: Winter, Schnee, Weihnachten Anzahl Spieler: 2\u00a0\u2013 6 Spieler Empfohlenes Spielalter: ab 8\u00a0Jahren Spieldauer: etwa 20 &#8211; 30\u00a0Minuten Werbeaufdruck: auf\u00a0der\u00a0Vorderseite der Karte Format: Die spielbare Karte Eine Karte, die aufgehoben [&hellip;]<\/p>\n","protected":false},"featured_media":405,"comment_status":"open","ping_status":"closed","template":"","meta":{"_themeisle_gutenberg_block_has_review":false},"product_cat":[109,141,92,45,80],"product_tag":[70,185,62,37,56,223],"_links":{"self":[{"href":"https:\/\/spieltz.de\/werbespiele\/wp-json\/wp\/v2\/product\/998"}],"collection":[{"href":"https:\/\/spieltz.de\/werbespiele\/wp-json\/wp\/v2\/product"}],"about":[{"href":"https:\/\/spieltz.de\/werbespiele\/wp-json\/wp\/v2\/types\/product"}],"replies":[{"embeddable":true,"href":"https:\/\/spieltz.de\/werbespiele\/wp-json\/wp\/v2\/comments?post=998"}],"wp:featuredmedia":[{"embeddable":true,"href":"https:\/\/spieltz.de\/werbespiele\/wp-json\/wp\/v2\/media\/405"}],"wp:attachment":[{"href":"https:\/\/spieltz.de\/werbespiele\/wp-json\/wp\/v2\/media?parent=998"}],"wp:term":[{"taxonomy":"product_cat","embeddable":true,"href":"https:\/\/spieltz.de\/werbespiele\/wp-json\/wp\/v2\/product_cat?post=998"},{"taxonomy":"product_tag","embeddable":true,"href":"https:\/\/spieltz.de\/werbespiele\/wp-json\/wp\/v2\/product_tag?post=998"}],"curies":[{"name":"wp","href":"https:\/\/api.w.org\/{rel}","templated":true}]}}