{"id":959,"date":"2015-12-09T00:28:28","date_gmt":"2015-12-08T23:28:28","guid":{"rendered":"http:\/\/spieltz.de\/werbespiele\/shop\/ausfuehrung\/preiskategorie-h\/spielbare-karte-schlittenfahrt\/"},"modified":"2015-12-09T00:38:14","modified_gmt":"2015-12-08T23:38:14","slug":"spielbare-karte-schlittenfahrt","status":"publish","type":"product","link":"https:\/\/spieltz.de\/werbespiele\/shop\/spieldauer\/30-45-minuten\/spielbare-karte-schlittenfahrt\/","title":{"rendered":"Spielbare Karte &#8220;Schlittenfahrt&#8221;"},"content":{"rendered":"<ul>\n<li>Art des Spiels: Brettspiel, Familienspiel, Gesellschaftsspiel<\/li>\n<li>Ausf\u00fchrung:\u00a0spielbare Karte (aufklappbare Karte, zusammengeklappt DIN A4, aufgeklappt DIN A3)<\/li>\n<li>Zubeh\u00f6r: Spielfiguren und W\u00fcrfel aus bunt lackiertem Holz<\/li>\n<li>Spielthema: Winter, Schnee, Berge, Weihnachten<\/li>\n<li>Anzahl Spieler: 2\u00a0\u2013 6 Spieler<\/li>\n<li>Empfohlenes Spielalter: ab 6\u00a0Jahren<\/li>\n<li>Spieldauer: etwa 30 &#8211; 45\u00a0Minuten<\/li>\n<li>Werbeaufdruck: auf\u00a0der\u00a0Vorderseite der Karte<\/li>\n<\/ul>\n<h3>Format: Die spielbare Karte<\/h3>\n<p>Eine Karte, die aufgehoben wird! Denn sie ist spielbar. Die liebevoll illustrierte Klappkarte im Format DIN A4 (aufgeklappt: DIN A3) enth\u00e4lt auf der Vorderseite den Spielplan. In der Mitte ist Platz f\u00fcr Ihre pers\u00f6nlichen Gr\u00fc\u00dfe und auf der Kartenr\u00fcckseite ist die Anleitung zu finden.<\/p>\n<p>Spielfiguren k\u00f6nnen mitbestellt werden, m\u00fcssen aber nicht. Die Karte kommt mit klassischen Holzfiguren aus, die der Empf\u00e4nger auch einem anderen Spiel entlehnen kann.<\/p>\n<h3>Das Spiel<\/h3>\n<p>Ein unterhaltsames\u00a0Familienspiel f\u00fcr 2 \u2013 6 Spieler ab 6\u00a0Jahren, basierend auf dem Brettspiel-Klassiker \u201cSchlangen und Leitern\u201d. Schlangen sind hier nicht zu finden, ebenso keine Leitern \u2013 daf\u00fcr ein verschneiter Berghang mit fr\u00f6hlichen Schi- und Schlittenfahrern. Wer schafft es als Erster, mit seiner Spielfigur die 63 zu erreichen? Wer auf ein Schlittenfeld kommt, hat Gl\u00fcck oder Pech: Wird der Schlitten nach oben gezogen, darf die Spielfigur entlang der Spur vorr\u00fccken. F\u00e4hrt der Schlitten nach unten, so geht es wieder zur\u00fcck in Richtung Startfeld.<\/p>\n<p>Autor: unbekannt \/ traditionelles Spiel; Adaption: Karin Janner<br \/>\nDesign:\u00a0Dorina Tessmann<\/p>\n<h3>Spielmaterial<\/h3>\n<ul>\n<li>Klappkarte (DIN A4, aufgeklappt: DIN A3) als\u00a0Spiel.<\/li>\n<li>Passendes Kuvert (wenn mitbestellt)<\/li>\n<li>Passende Spielfiguren aus lackiertem Holz im weihnachtlichen Organza-S\u00e4ckchen (wenn mitbestellt)<\/li>\n<\/ul>\n<p>[table id=9 \/]<\/p>\n","protected":false},"excerpt":{"rendered":"<p>Art des Spiels: Brettspiel, Familienspiel, Gesellschaftsspiel Ausf\u00fchrung:\u00a0spielbare Karte (aufklappbare Karte, zusammengeklappt DIN A4, aufgeklappt DIN A3) Zubeh\u00f6r: Spielfiguren und W\u00fcrfel aus bunt lackiertem Holz Spielthema: Winter, Schnee, Berge, Weihnachten Anzahl Spieler: 2\u00a0\u2013 6 Spieler Empfohlenes Spielalter: ab 6\u00a0Jahren Spieldauer: etwa 30 &#8211; 45\u00a0Minuten Werbeaufdruck: auf\u00a0der\u00a0Vorderseite der Karte Format: Die spielbare Karte Eine Karte, die aufgehoben [&hellip;]<\/p>\n","protected":false},"featured_media":964,"comment_status":"open","ping_status":"closed","template":"","meta":{"_themeisle_gutenberg_block_has_review":false},"product_cat":[109,110,81,45,80],"product_tag":[68,192,198,62,37,56,223],"_links":{"self":[{"href":"https:\/\/spieltz.de\/werbespiele\/wp-json\/wp\/v2\/product\/959"}],"collection":[{"href":"https:\/\/spieltz.de\/werbespiele\/wp-json\/wp\/v2\/product"}],"about":[{"href":"https:\/\/spieltz.de\/werbespiele\/wp-json\/wp\/v2\/types\/product"}],"replies":[{"embeddable":true,"href":"https:\/\/spieltz.de\/werbespiele\/wp-json\/wp\/v2\/comments?post=959"}],"wp:featuredmedia":[{"embeddable":true,"href":"https:\/\/spieltz.de\/werbespiele\/wp-json\/wp\/v2\/media\/964"}],"wp:attachment":[{"href":"https:\/\/spieltz.de\/werbespiele\/wp-json\/wp\/v2\/media?parent=959"}],"wp:term":[{"taxonomy":"product_cat","embeddable":true,"href":"https:\/\/spieltz.de\/werbespiele\/wp-json\/wp\/v2\/product_cat?post=959"},{"taxonomy":"product_tag","embeddable":true,"href":"https:\/\/spieltz.de\/werbespiele\/wp-json\/wp\/v2\/product_tag?post=959"}],"curies":[{"name":"wp","href":"https:\/\/api.w.org\/{rel}","templated":true}]}}