{"id":915,"date":"2015-11-15T03:44:25","date_gmt":"2015-11-15T02:44:25","guid":{"rendered":"http:\/\/spieltz.de\/werbespiele\/shop\/2-8-spieler\/das-puppenhaus-zum-rollen\/"},"modified":"2015-11-15T04:37:10","modified_gmt":"2015-11-15T03:37:10","slug":"das-puppenhaus-in-der-rolle","status":"publish","type":"product","link":"https:\/\/spieltz.de\/werbespiele\/shop\/spiele-kategorie\/rollenspiele\/das-puppenhaus-in-der-rolle\/","title":{"rendered":"Das Puppenhaus in der Rolle"},"content":{"rendered":"<ul>\n<li>Art des Spiels:\u00a0Rollenspiel<\/li>\n<li>Ausf\u00fchrung: Spielpl\u00e4ne (Basisausstattung: 4 Zimmer) auf LKW-Plane \u2013 rollbar und robust, verpackt in eine\u00a0Rolle<\/li>\n<li>Zubeh\u00f6r:\u00a0Bewohner des Puppenhauses (Kinder, Hund, Katze) sowie M\u00f6bel zum Ausschneiden. Standf\u00fc\u00dfe f\u00fcr die Bewohner.<\/li>\n<li>Spielthemen: wohnen, einrichten<\/li>\n<li>Anzahl Spieler: 2 &#8211; 8\u00a0Spieler<\/li>\n<li>Empfohlenes Spielalter: ab 4\u00a0Jahren<\/li>\n<li>Spieldauer: offen;\u00a0keine Zeitangabe<\/li>\n<li>Werbeaufdruck: auf Spielplan und Verpackung<\/li>\n<\/ul>\n<h3>Das Spiel<\/h3>\n<p>Ein Puppenhaus zum Zusammenrollen? Ja, denn es ist auf LKW-Plane gedruckt! Das Basispaket enth\u00e4lt 4\u00a0Zimmer (in der Standardvariante jeweils 20 x 20 cm gro\u00df, in der Maxi-Variante jeweils 30&#215;30 cm gro\u00df), die die Kinder\u00a0zum Haus aneinander legen k\u00f6nnen.<br \/>\nDie Zimmer sind aus der &#8220;Vogelperspektive&#8221; entworfen. M\u00f6bel zum Ausschneiden gibt es dazu &#8211; gedruckt auf hochgl\u00e4nzendem Karton. Dazu die Bewohner: Kinder, Hund und Katze, auf Karton, mit Standf\u00fc\u00dfen.<\/p>\n<p>Nat\u00fcrlich k\u00f6nnen die Kinder auch selbst kreativ werden und ihre\u00a0eigenen M\u00f6bel entwerfen.<\/p>\n<p>Das Puppenhaus zum Rollen wird in einer durchsichtigen PVC-Rolle ausgeliefert, L\u00e4nge 22 cm, Durchmesser 6,5 cm. Es eignet sich wunderbar zum Mitnehmen!<\/p>\n<p>Spielidee: Karin Janner<br \/>\nDesign:\u00a0Daria F\u00fcrst<\/p>\n<h3>Spielmaterial<\/h3>\n<ul>\n<li>4\u00a0Spielpl\u00e4ne\u00a0(&#8220;Zimmer&#8221;) aus LKW-Plane, rollbar, robust und abwaschbar (Standard-Variante: 4 x 20&#215;20 cm; Maxi-Variante: 4 x 30&#215;30 cm)<\/li>\n<li>Zubeh\u00f6r:\u00a0Bewohner des Puppenhauses (Kinder, Hund, Katze) sowie M\u00f6bel zum Ausschneiden. Standf\u00fc\u00dfe f\u00fcr die Bewohner.<\/li>\n<li>Anleitung auf Deutsch (gegen Aufpreis auch \u00dcbersetzung in andere Sprachen m\u00f6glich)<\/li>\n<li>Verpackung: Schraubrolle aus durchsichtigem PVC.<br \/>\nStandardspiel: Rollenl\u00e4nge 22 cm, Durchmesser 6,5 cm<br \/>\nMaxispiel: Rollenl\u00e4nge 32 cm, Durchmesser 6,5 cm<\/li>\n<\/ul>\n<p>[table id=4 \/]<\/p>\n","protected":false},"excerpt":{"rendered":"<p>Art des Spiels:\u00a0Rollenspiel Ausf\u00fchrung: Spielpl\u00e4ne (Basisausstattung: 4 Zimmer) auf LKW-Plane \u2013 rollbar und robust, verpackt in eine\u00a0Rolle Zubeh\u00f6r:\u00a0Bewohner des Puppenhauses (Kinder, Hund, Katze) sowie M\u00f6bel zum Ausschneiden. Standf\u00fc\u00dfe f\u00fcr die Bewohner. Spielthemen: wohnen, einrichten Anzahl Spieler: 2 &#8211; 8\u00a0Spieler Empfohlenes Spielalter: ab 4\u00a0Jahren Spieldauer: offen;\u00a0keine Zeitangabe Werbeaufdruck: auf Spielplan und Verpackung Das Spiel Ein Puppenhaus [&hellip;]<\/p>\n","protected":false},"featured_media":918,"comment_status":"open","ping_status":"closed","template":"","meta":{"_themeisle_gutenberg_block_has_review":false},"product_cat":[103,118,212,221,40,216,222],"product_tag":[121,186,219,220,218,56,217],"_links":{"self":[{"href":"https:\/\/spieltz.de\/werbespiele\/wp-json\/wp\/v2\/product\/915"}],"collection":[{"href":"https:\/\/spieltz.de\/werbespiele\/wp-json\/wp\/v2\/product"}],"about":[{"href":"https:\/\/spieltz.de\/werbespiele\/wp-json\/wp\/v2\/types\/product"}],"replies":[{"embeddable":true,"href":"https:\/\/spieltz.de\/werbespiele\/wp-json\/wp\/v2\/comments?post=915"}],"wp:featuredmedia":[{"embeddable":true,"href":"https:\/\/spieltz.de\/werbespiele\/wp-json\/wp\/v2\/media\/918"}],"wp:attachment":[{"href":"https:\/\/spieltz.de\/werbespiele\/wp-json\/wp\/v2\/media?parent=915"}],"wp:term":[{"taxonomy":"product_cat","embeddable":true,"href":"https:\/\/spieltz.de\/werbespiele\/wp-json\/wp\/v2\/product_cat?post=915"},{"taxonomy":"product_tag","embeddable":true,"href":"https:\/\/spieltz.de\/werbespiele\/wp-json\/wp\/v2\/product_tag?post=915"}],"curies":[{"name":"wp","href":"https:\/\/api.w.org\/{rel}","templated":true}]}}