{"id":909,"date":"2015-11-14T04:04:02","date_gmt":"2015-11-14T03:04:02","guid":{"rendered":"http:\/\/spieltz.de\/werbespiele\/shop\/20-minuten\/das-weihnachtsquartett-zum-ausmalen\/"},"modified":"2015-11-15T04:39:48","modified_gmt":"2015-11-15T03:39:48","slug":"das-weihnachtsquartett-zum-ausmalen","status":"publish","type":"product","link":"https:\/\/spieltz.de\/werbespiele\/shop\/spiele-kategorie\/familienspiele\/das-weihnachtsquartett-zum-ausmalen\/","title":{"rendered":"Das Weihnachtsquartett &#8211; zum Ausmalen"},"content":{"rendered":"<ul>\n<li>Art des Spiels:\u00a0Quartett<\/li>\n<li>Ausf\u00fchrung:\u00a0Spielkarten, verpackt in Baumwoll-Beutel<\/li>\n<li>Besonderheit: die Motive sind so gestaltet, dass Kinder sie selbst Ausmalen k\u00f6nnen!<\/li>\n<li>Spielthema:\u00a0Weihnachten<\/li>\n<li>Anzahl Spieler: 2\u00a0\u2013 10\u00a0Spieler<\/li>\n<li>Empfohlenes Spielalter: ab 4\u00a0Jahren<\/li>\n<li>Spieldauer: etwa 20 Minuten<\/li>\n<li>Werbeaufdruck: auf der Verpackung \u00a0(Leinenbeutel), gegen Aufpreis auch Branding auf jeder einzelnen Karte m\u00f6glich.<\/li>\n<\/ul>\n<h3>Das Spiel<\/h3>\n<p>Quartett ist ein altbekanntes Familien-Kartenspiel. Es besteht aus 32 Karten in acht verschiedenen Kategorien, jeweils vier\u00a0Karten aus derselben Kategorie ergeben ein Quartett. F\u00fcr unser Weihnachts-Quartett haben wir uns 32 verschiedene weihnachtliche und\u00a0winterliche Motive einfallen lassen. Jeweils vier Motive haben dieselbe\u00a0Hintergrundfarbe. Die Motive sind schwarz-wei\u00df gestaltet und daf\u00fcr gedacht, in bunten Farben ausgemalt und versch\u00f6nert zu werden.<\/p>\n<p>Design:\u00a0Juliane Heider<\/p>\n<h3>Spielmaterial<\/h3>\n<ul>\n<li>32 Spielkarten\u00a0in 8 Kategorien<\/li>\n<li>Spielanleitung auf Deutsch, auf Wunsch auch \u00dcbersetzung in andere Sprachen m\u00f6glich<\/li>\n<li>Verpackung:\u00a0bedruckter Leinenbeutel<\/li>\n<\/ul>\n<p>[table id=8 \/]<\/p>\n","protected":false},"excerpt":{"rendered":"<p>Art des Spiels:\u00a0Quartett Ausf\u00fchrung:\u00a0Spielkarten, verpackt in Baumwoll-Beutel Besonderheit: die Motive sind so gestaltet, dass Kinder sie selbst Ausmalen k\u00f6nnen! Spielthema:\u00a0Weihnachten Anzahl Spieler: 2\u00a0\u2013 10\u00a0Spieler Empfohlenes Spielalter: ab 4\u00a0Jahren Spieldauer: etwa 20 Minuten Werbeaufdruck: auf der Verpackung \u00a0(Leinenbeutel), gegen Aufpreis auch Branding auf jeder einzelnen Karte m\u00f6glich. Das Spiel Quartett ist ein altbekanntes Familien-Kartenspiel. Es besteht [&hellip;]<\/p>\n","protected":false},"featured_media":913,"comment_status":"open","ping_status":"closed","template":"","meta":{"_themeisle_gutenberg_block_has_review":false},"product_cat":[112,119,118,129,44,222,80],"product_tag":[121,195,62,64,207,37,56,211],"_links":{"self":[{"href":"https:\/\/spieltz.de\/werbespiele\/wp-json\/wp\/v2\/product\/909"}],"collection":[{"href":"https:\/\/spieltz.de\/werbespiele\/wp-json\/wp\/v2\/product"}],"about":[{"href":"https:\/\/spieltz.de\/werbespiele\/wp-json\/wp\/v2\/types\/product"}],"replies":[{"embeddable":true,"href":"https:\/\/spieltz.de\/werbespiele\/wp-json\/wp\/v2\/comments?post=909"}],"wp:featuredmedia":[{"embeddable":true,"href":"https:\/\/spieltz.de\/werbespiele\/wp-json\/wp\/v2\/media\/913"}],"wp:attachment":[{"href":"https:\/\/spieltz.de\/werbespiele\/wp-json\/wp\/v2\/media?parent=909"}],"wp:term":[{"taxonomy":"product_cat","embeddable":true,"href":"https:\/\/spieltz.de\/werbespiele\/wp-json\/wp\/v2\/product_cat?post=909"},{"taxonomy":"product_tag","embeddable":true,"href":"https:\/\/spieltz.de\/werbespiele\/wp-json\/wp\/v2\/product_tag?post=909"}],"curies":[{"name":"wp","href":"https:\/\/api.w.org\/{rel}","templated":true}]}}