{"id":622,"date":"2015-10-31T21:54:59","date_gmt":"2015-10-31T20:54:59","guid":{"rendered":"http:\/\/www.spieltz.de\/werbespiele\/shop\/2-6-spieler\/gaensespiel-der-klassiker\/"},"modified":"2015-11-13T02:25:53","modified_gmt":"2015-11-13T01:25:53","slug":"gaensespiel-der-klassiker-rollbares-spiel","status":"publish","type":"product","link":"https:\/\/spieltz.de\/werbespiele\/shop\/spiele-kategorie\/traditionelle-brettspiele\/gaensespiel-der-klassiker-rollbares-spiel\/","title":{"rendered":"G\u00e4nsespiel &#8211; der Klassiker"},"content":{"rendered":"<ul>\n<li>Art des Spiels: Brettspiel, Familienspiel, Gesellschaftsspiel, traditionelles Spiel<\/li>\n<li>Ausf\u00fchrung: Spielplan auf LKW-Plane \u2013 rollbar und robust, verpackt in eine Papprolle<\/li>\n<li>Zubeh\u00f6r: Spielfiguren + W\u00fcrfel aus bunt lackiertem Holz<\/li>\n<li>Anzahl Spieler: 2 \u2013 6\u00a0Spieler<\/li>\n<li>Empfohlenes Spielalter: ab 6\u00a0Jahren<\/li>\n<li>Spieldauer: 20 &#8211; 30\u00a0Minuten<\/li>\n<li>Werbeaufdruck: auf Spielplan und Verpackung<\/li>\n<\/ul>\n<h3>Das Spiel<\/h3>\n<p><span style=\"line-height: 1.5;\">Das G\u00e4nsespiel ist\u00a0eines der \u00e4ltesten und am weitesten verbreiteten Brettspiele Europas sowie Prototyp vieler moderner W\u00fcrfel- und Laufspiele.\u00a0<\/span><\/p>\n<p>Jeder Spieler erh\u00e4lt eine Spielfigur, die er im Spielverlauf vom Startfeld in Richtung Zielfeld in der Mitte bewegt. Ereignisfelder werfen die Spieler manchmal zur\u00fcck, manchmal nach vorne. Wer zuerst bei der h\u00fcbschen Affendame in der Mitte eintrifft, hat gewonnen.<\/p>\n<p><span style=\"line-height: 1.5;\">Fr\u00fcher wurde das Spiel gerne\u00a0gegen Geldeins\u00e4tze gespielt. Es bietet sich auch an, als Eins\u00e4tze S\u00fc\u00dfigkeiten zu verwenden. Gelangt ein Spieler auf ein Ereignisfeld, muss er einen Einsatz leisten. Der Gewinner erh\u00e4lt die Eins\u00e4tze aller Spieler.<\/span><\/p>\n<p><span style=\"line-height: 1.5;\">Das Spiel hatte in fr\u00fcheren Zeiten symbolische\u00a0Bedeutung:<br \/>\nDie Spirale gilt als Sinnbild der Unendlichkeit und Unsterblichkeit. Die Abfolge der Felder kann als Abbild des menschlichen Lebensweges interpretiert werden, der von einem ungewissen Schicksal bestimmt wird. Gl\u00fcck und Pech, Vor und Zur\u00fcck, Gewinn und Verlust wechseln sich ab, es drohen Gefahren, es gibt Chancen.\u00a0<\/span><\/p>\n<p>Autor: unbekannt \/ traditionelles Spiel<br \/>\nDesign: Stefanie Ine Grewe<\/p>\n<p><strong style=\"line-height: 1.5;\"><span style=\"line-height: 1.5;\">Spielmaterial<\/span><\/strong><\/p>\n<ul>\n<li>1 Spielplan aus LKW-Plane, rollbar, robust und abwaschbar<\/li>\n<li>6\u00a0Spielfiguren + 1 W\u00fcrfel aus bunt lackiertem Holz<\/li>\n<li>Anleitung auf Deutsch (gegen Aufpreis auch \u00dcbersetzung in andere Sprachen m\u00f6glich)<\/li>\n<li>Verpackung: Papprolle, wei\u00df gl\u00e4nzend, mit Aufkleber. (Auf Wunsch auch andere Verpackungsarten, z.B. Schraubrolle aus durchsichtigem PVC.)<\/li>\n<\/ul>\n<p>[table id=1 \/]<\/p>\n","protected":false},"excerpt":{"rendered":"<p>Art des Spiels: Brettspiel, Familienspiel, Gesellschaftsspiel, traditionelles Spiel Ausf\u00fchrung: Spielplan auf LKW-Plane \u2013 rollbar und robust, verpackt in eine Papprolle Zubeh\u00f6r: Spielfiguren + W\u00fcrfel aus bunt lackiertem Holz Anzahl Spieler: 2 \u2013 6\u00a0Spieler Empfohlenes Spielalter: ab 6\u00a0Jahren Spieldauer: 20 &#8211; 30\u00a0Minuten Werbeaufdruck: auf Spielplan und Verpackung Das Spiel Das G\u00e4nsespiel ist\u00a0eines der \u00e4ltesten und am [&hellip;]<\/p>\n","protected":false},"featured_media":601,"comment_status":"open","ping_status":"closed","template":"","meta":{"_themeisle_gutenberg_block_has_review":false},"product_cat":[109,141,81,129,38,100],"product_tag":[68,182,64,71,65,67,56],"_links":{"self":[{"href":"https:\/\/spieltz.de\/werbespiele\/wp-json\/wp\/v2\/product\/622"}],"collection":[{"href":"https:\/\/spieltz.de\/werbespiele\/wp-json\/wp\/v2\/product"}],"about":[{"href":"https:\/\/spieltz.de\/werbespiele\/wp-json\/wp\/v2\/types\/product"}],"replies":[{"embeddable":true,"href":"https:\/\/spieltz.de\/werbespiele\/wp-json\/wp\/v2\/comments?post=622"}],"wp:featuredmedia":[{"embeddable":true,"href":"https:\/\/spieltz.de\/werbespiele\/wp-json\/wp\/v2\/media\/601"}],"wp:attachment":[{"href":"https:\/\/spieltz.de\/werbespiele\/wp-json\/wp\/v2\/media?parent=622"}],"wp:term":[{"taxonomy":"product_cat","embeddable":true,"href":"https:\/\/spieltz.de\/werbespiele\/wp-json\/wp\/v2\/product_cat?post=622"},{"taxonomy":"product_tag","embeddable":true,"href":"https:\/\/spieltz.de\/werbespiele\/wp-json\/wp\/v2\/product_tag?post=622"}],"curies":[{"name":"wp","href":"https:\/\/api.w.org\/{rel}","templated":true}]}}