{"id":517,"date":"2015-10-11T02:19:40","date_gmt":"2015-10-11T00:19:40","guid":{"rendered":"http:\/\/www.spieltz.de\/werbespiele\/shop\/2-6-spieler\/affenspiel-werbespiel-brettspiel\/"},"modified":"2018-04-21T02:27:16","modified_gmt":"2018-04-21T00:27:16","slug":"affenspiel-werbespiel-brettspiel","status":"publish","type":"product","link":"https:\/\/spieltz.de\/werbespiele\/shop\/spiele-kategorie\/traditionelle-brettspiele\/affenspiel-werbespiel-brettspiel\/","title":{"rendered":"Affenspiel"},"content":{"rendered":"<ul>\n<li>Art des Spiels: Brettspiel, Familienspiel, Gesellschaftsspiel, traditionelles Spiel<\/li>\n<li>Ausf\u00fchrung:\u00a0Spielbrett Graupappe, kaschiert,\u00a0lackiert + St\u00fclpdeckelschachtel<\/li>\n<li>Zubeh\u00f6r: 6 Spielfiguren + 1 W\u00fcrfel aus bunt lackiertem Holz<\/li>\n<li>Anzahl Spieler: 2 \u2013 6\u00a0Spieler<\/li>\n<li>Empfohlenes Spielalter: ab 6\u00a0Jahren<\/li>\n<li>Spieldauer: 20 &#8211; 30\u00a0Minuten<\/li>\n<li>Werbeaufdruck: auf Spielplan und Verpackung<\/li>\n<\/ul>\n<h3>Affen-Spiel mit oder ohne Branding<\/h3>\n<p>Das Spiel kann mit oder ohne Branding bestellt werden. Spiel mit Branding: Werbeaufdruck auf Spielplan undSchachtel. Auf Wunsch k\u00f6nnen wir das Spiel inhaltlich f\u00fcr Ihr Unternehmen\u00a0\u00fcberarbeiten oder die Illustrationen anpassen. Bitte kontaktieren Sie uns\u00a0<a href=\"mailto:info@spieltz.de\" target=\"_blank\">per Mail<\/a>, um sich \u00fcber die verschiedenen M\u00f6glichkeiten beraten zu lassen.<\/p>\n<h3>Gr\u00f6\u00dfen<\/h3>\n<ul>\n<li>Standardgr\u00f6\u00dfe: Spielplan Gr\u00f6\u00dfe 30\u00d730 cm,\u00a0Schachtel (mit Einlage) 31 x 31 x 4 cm<\/li>\n<li>Auf Anfrage auch andere Gr\u00f6\u00dfen m\u00f6glich<\/li>\n<\/ul>\n<p>[table id=6 \/]<\/p>\n<h3>Das Spiel<\/h3>\n<p>Das Affenspiel entwickelte sich aus dem \u201eG\u00e4nsespiel\u201c, eines der \u00e4ltesten und am weitesten verbreiteten Brettspiele Europas sowie Prototyp vieler moderner W\u00fcrfel- und Laufspiele.<\/p>\n<p>Jeder Spieler erh\u00e4lt eine Spielfigur, die er im Spielverlauf vom Startfeld in Richtung Zielfeld in der Mitte bewegt. Ereignisfelder werfen die Spieler manchmal zur\u00fcck, manchmal nach vorne. Wer zuerst bei der h\u00fcbschen Affendame in der Mitte eintrifft, hat gewonnen.<\/p>\n<p>Fr\u00fcher wurde das Spiel gerne\u00a0gegen Geldeins\u00e4tze gespielt. Es bietet sich auch an, als Eins\u00e4tze S\u00fc\u00dfigkeiten zu verwenden. Gelangt ein Spieler auf ein Ereignisfeld, muss er einen Einsatz leisten. Der Gewinner erh\u00e4lt die Eins\u00e4tze aller Spieler.<\/p>\n<p>Das Spiel hatte in fr\u00fcheren Zeiten symbolische\u00a0Bedeutung:<br \/>\nDie Spirale gilt als Sinnbild der Unendlichkeit und Unsterblichkeit. Die Abfolge der Felder kann als Abbild des menschlichen Lebensweges interpretiert werden, der von einem ungewissen Schicksal bestimmt wird. Gl\u00fcck und Pech, Vor und Zur\u00fcck, Gewinn und Verlust wechseln sich ab, es drohen Gefahren, es gibt Chancen.<\/p>\n<p>Autor: unbekannt \/ traditionelles Spiel<br \/>\nDesign: Sanna Wandtke<\/p>\n<h3><strong>Spielmaterial<\/strong><\/h3>\n<ul>\n<li>1 Spielbrett Graupappe, kaschiert,\u00a0lackiert<\/li>\n<li>6\u00a0Spielfiguren + 1 W\u00fcrfel aus bunt lackiertem Holz<\/li>\n<li>Anleitung auf Deutsch (gegen Aufpreis auch \u00dcbersetzung in andere Sprachen m\u00f6glich)<\/li>\n<li>Verpackung:\u00a0St\u00fclpdeckelschachtel, kaschiert, lackiert<\/li>\n<\/ul>\n","protected":false},"excerpt":{"rendered":"<div class=\"images\">\n<div class=\"flexslider flex-carousel\">\n<div class=\"flex-viewport\">\n<p>Traditionelles Brettspiel f\u00fcr 2 \u2013 6 Spieler ab 5\u00a0Jahren, Spieldauer etwa 30 Minuten. Das Affenspiel entwickelte sich aus dem beliebtesten traditionellen Spirallaufspiel, dem \u201eG\u00e4nsespiel\u201c \u2013 eines der \u00e4ltesten und am weitesten verbreiteten Brettspiele Europas.<\/p>\n<figure class=\"entry-image\"><\/figure>\n<\/div>\n<\/div>\n<\/div>\n<div class=\"summary entry-summary\">\n<p>Der Spielplan ist auf klassische Spielbrett-Pappe gedruckt, verpackt in eine St\u00fclpdeckelschachtel. Wir bieten auch eine\u00a0<a href=\"http:\/\/spieltz.de\/werbespiele\/shop\/ausfuehrung\/preiskategorie-e\/affenspiel-werbespiel-brettspiel\/\">Variante &#8220;Rollbares Spiel aus LKW-Plane&#8221; <\/a>( schon ab 10 Spielen) an.<\/p>\n<p>Spiel mit Branding: Wir k\u00f6nnen das Spieltz Affenspiel f\u00fcr Sie branden. Es ist aber auch ohne eigenes Branding erh\u00e4ltlich.<\/p>\n<p>Preise:\u00a0Staffelpreise ab\u00a0500 Spiele, verschiedene Gr\u00f6\u00dfen. Bitte dazu nach unten scrollen.<br \/>\nBestellung:\u00a0<a href=\"mailto:info@spieltz.de\">Bitte kontaktieren Sie uns per Mail.<\/a><\/p>\n<\/div>\n","protected":false},"featured_media":600,"comment_status":"open","ping_status":"closed","template":"","meta":{"_themeisle_gutenberg_block_has_review":false},"product_cat":[109,141,81,42,129,117,100,139],"product_tag":[68,187,62,64,67,56],"_links":{"self":[{"href":"https:\/\/spieltz.de\/werbespiele\/wp-json\/wp\/v2\/product\/517"}],"collection":[{"href":"https:\/\/spieltz.de\/werbespiele\/wp-json\/wp\/v2\/product"}],"about":[{"href":"https:\/\/spieltz.de\/werbespiele\/wp-json\/wp\/v2\/types\/product"}],"replies":[{"embeddable":true,"href":"https:\/\/spieltz.de\/werbespiele\/wp-json\/wp\/v2\/comments?post=517"}],"wp:featuredmedia":[{"embeddable":true,"href":"https:\/\/spieltz.de\/werbespiele\/wp-json\/wp\/v2\/media\/600"}],"wp:attachment":[{"href":"https:\/\/spieltz.de\/werbespiele\/wp-json\/wp\/v2\/media?parent=517"}],"wp:term":[{"taxonomy":"product_cat","embeddable":true,"href":"https:\/\/spieltz.de\/werbespiele\/wp-json\/wp\/v2\/product_cat?post=517"},{"taxonomy":"product_tag","embeddable":true,"href":"https:\/\/spieltz.de\/werbespiele\/wp-json\/wp\/v2\/product_tag?post=517"}],"curies":[{"name":"wp","href":"https:\/\/api.w.org\/{rel}","templated":true}]}}