{"id":506,"date":"2015-10-11T00:35:40","date_gmt":"2015-10-10T22:35:40","guid":{"rendered":"http:\/\/www.spieltz.de\/werbespiele\/shop\/2-6-spieler\/keksdiebe-alle-auf-die-plaetzchen-kopieren\/"},"modified":"2015-11-13T02:32:40","modified_gmt":"2015-11-13T01:32:40","slug":"sternhalma-werbespiel-brettspiel","status":"publish","type":"product","link":"https:\/\/spieltz.de\/werbespiele\/shop\/spieldauer\/30-45-minuten\/sternhalma-werbespiel-brettspiel\/","title":{"rendered":"Sternhalma"},"content":{"rendered":"<ul>\n<li>Art des Spiels: Brettspiel, Familienspiel, Gesellschaftsspiel, traditionelles Spiel<\/li>\n<li>Ausf\u00fchrung:\u00a0Spielbrett Graupappe, kaschiert,\u00a0lackiert + St\u00fclpdeckelschachtel<\/li>\n<li>Zubeh\u00f6r: Spielfiguren aus bunt lackiertem Holz, in sch\u00f6nen Pastellfarben<\/li>\n<li>Anzahl Spieler: 2 \u2013 6\u00a0Spieler<\/li>\n<li>Empfohlenes Spielalter: ab 6\u00a0Jahren<\/li>\n<li>Spieldauer: 30 \u2013 45 Minuten<\/li>\n<li>Werbeaufdruck: auf Spielplan und Verpackung<\/li>\n<\/ul>\n<h3>Das Spiel<\/h3>\n<p><span style=\"line-height: 1.5;\">Sternhalma ist die beliebte Weiterentwicklung des Klassikers Halma (erfunden um 1880 vom amerikanischen Arzt George Howard Monks). Der Name Halma stammt aus dem Altgriechischen und bedeutet \u201eSprung\u201c.<\/span><\/p>\n<p><span style=\"line-height: 1.5;\">Jeder Spieler erh\u00e4lt 15 Spielsteine einer Farbe, die er in einer der Zacken des Sterns aufstellt. Ziel des Spiels ist es, alle Steine in das gegen\u00fcberliegende Dreieck (Zacke) zu bringen. Wer das als Erster schafft, ist Sieger. Die Fortbewegung erfolgt mit Hilfe einfacher Z\u00fcgen oder dem \u00dcberspringen anderer Steine. Es sind auch \u201eKettenspr\u00fcnge\u201c erlaubt.\u00a0<\/span><\/p>\n<p>Autor: unbekannt \/ traditionelles Spiel<br \/>\nDesign:\u00a0Amy van Luijk<\/p>\n<h3><strong><span style=\"line-height: 1.5;\">Spielmaterial<\/span><\/strong><\/h3>\n<ul>\n<li>1 Spielbrett Graupappe, kaschiert,\u00a0lackiert<\/li>\n<li>6 x 15 Halmakegel\u00a0aus bunt lackiertem Holz, in sch\u00f6nen Pastellfarben<\/li>\n<li>Anleitung auf Deutsch (gegen Aufpreis auch \u00dcbersetzung in andere Sprachen m\u00f6glich)<\/li>\n<li>Verpackung:\u00a0St\u00fclpdeckelschachtel, kaschiert, lackiert<\/li>\n<\/ul>\n<p>[table id=6 \/]<\/p>\n","protected":false},"excerpt":{"rendered":"<p>Art des Spiels: Brettspiel, Familienspiel, Gesellschaftsspiel, traditionelles Spiel Ausf\u00fchrung:\u00a0Spielbrett Graupappe, kaschiert,\u00a0lackiert + St\u00fclpdeckelschachtel Zubeh\u00f6r: Spielfiguren aus bunt lackiertem Holz, in sch\u00f6nen Pastellfarben Anzahl Spieler: 2 \u2013 6\u00a0Spieler Empfohlenes Spielalter: ab 6\u00a0Jahren Spieldauer: 30 \u2013 45 Minuten Werbeaufdruck: auf Spielplan und Verpackung Das Spiel Sternhalma ist die beliebte Weiterentwicklung des Klassikers Halma (erfunden um 1880 vom [&hellip;]<\/p>\n","protected":false},"featured_media":600,"comment_status":"open","ping_status":"closed","template":"","meta":{"_themeisle_gutenberg_block_has_review":false},"product_cat":[109,110,81,42],"product_tag":[68,188,62,64,67,56],"_links":{"self":[{"href":"https:\/\/spieltz.de\/werbespiele\/wp-json\/wp\/v2\/product\/506"}],"collection":[{"href":"https:\/\/spieltz.de\/werbespiele\/wp-json\/wp\/v2\/product"}],"about":[{"href":"https:\/\/spieltz.de\/werbespiele\/wp-json\/wp\/v2\/types\/product"}],"replies":[{"embeddable":true,"href":"https:\/\/spieltz.de\/werbespiele\/wp-json\/wp\/v2\/comments?post=506"}],"wp:featuredmedia":[{"embeddable":true,"href":"https:\/\/spieltz.de\/werbespiele\/wp-json\/wp\/v2\/media\/600"}],"wp:attachment":[{"href":"https:\/\/spieltz.de\/werbespiele\/wp-json\/wp\/v2\/media?parent=506"}],"wp:term":[{"taxonomy":"product_cat","embeddable":true,"href":"https:\/\/spieltz.de\/werbespiele\/wp-json\/wp\/v2\/product_cat?post=506"},{"taxonomy":"product_tag","embeddable":true,"href":"https:\/\/spieltz.de\/werbespiele\/wp-json\/wp\/v2\/product_tag?post=506"}],"curies":[{"name":"wp","href":"https:\/\/api.w.org\/{rel}","templated":true}]}}