{"id":360,"date":"2015-10-07T03:17:04","date_gmt":"2015-10-07T01:17:04","guid":{"rendered":"http:\/\/www.spieltz.de\/werbespiele\/shop\/3-6-spieler\/obstsalat-fuer-feinschmecker-ausfuehrung-rollbares-spiel\/"},"modified":"2015-11-21T03:56:34","modified_gmt":"2015-11-21T02:56:34","slug":"obstsalat-rollbares-spiel","status":"publish","type":"product","link":"https:\/\/spieltz.de\/werbespiele\/shop\/spiele-kategorie\/familienspiele\/obstsalat-rollbares-spiel\/","title":{"rendered":"Obstsalat &#8211; f\u00fcr Freunde saftiger Fr\u00fcchte!"},"content":{"rendered":"<ul>\n<li>Art des Spiels: Brettspiel, Familienspiel, Gesellschaftsspiel<\/li>\n<li>Ausf\u00fchrung: Spielplan auf LKW-Plane \u2013 rollbar und robust, verpackt in eine Papprolle<\/li>\n<li>Zubeh\u00f6r: Spielfiguren und W\u00fcrfel aus bunt lackiertem Holz, Rezeptkarten<\/li>\n<li>Spielthemen: Obst,\u00a0Natur,\u00a0essen, einkaufen<\/li>\n<li>Anzahl Spieler: 3\u00a0\u2013 6 Spieler<\/li>\n<li>Empfohlenes Spielalter: ab 8 Jahren<\/li>\n<li>Spieldauer: 30 \u2013 45 Minuten<\/li>\n<li>Werbeaufdruck: auf Spielplan und Verpackung<\/li>\n<\/ul>\n<h3>Das Spiel<\/h3>\n<p>Mama m\u00f6chte leckeren Obstsalat zubereiten \u2013 schnell mit dem Einkaufszettel zum Markt und die besten Fr\u00fcchte eingekauft! So einfach ist das aber nicht, denn der Markt ist voll von Feinschmeckern, die auf der Suche nach saftigen \u00c4pfeln, Melonen und Trauben sind. Die Verk\u00e4ufer an den Obstst\u00e4nden kommen gar nicht mehr nach. Taschendiebe sind unterwegs und auch andere Obstk\u00e4ufer wollen die\u00a0besten Fr\u00fcchte ergattern. Wer wird als Erster die richtigen Fr\u00fcchte nach Hause bringen?<\/p>\n<p>Autorin: Karin Janner<br \/>\nDesign: Juliane Heider<\/p>\n<h3>Spielmaterial<\/h3>\n<ul>\n<li>1 Spielplan aus LKW-Plane, rollbar, robust und abwaschbar<\/li>\n<li>6 Spielfiguren + 1 W\u00fcrfel aus bunt lackiertem Holz<\/li>\n<li>30 Spielsteine \u201eObst\u201c aus bunt lackiertem Holz<\/li>\n<li>Anleitung auf Deutsch (gegen Aufpreis auch \u00dcbersetzung in andere Sprachen m\u00f6glich)<\/li>\n<li>Verpackung: Papprolle, wei\u00df gl\u00e4nzend, mit Aufkleber. (Auf Wunsch auch andere Verpackungsarten, z.B. Schraubrolle aus durchsichtigem PVC.)<\/li>\n<\/ul>\n<p>[table id=4 \/]<\/p>\n","protected":false},"excerpt":{"rendered":"<p>Art des Spiels: Brettspiel, Familienspiel, Gesellschaftsspiel Ausf\u00fchrung: Spielplan auf LKW-Plane \u2013 rollbar und robust, verpackt in eine Papprolle Zubeh\u00f6r: Spielfiguren und W\u00fcrfel aus bunt lackiertem Holz, Rezeptkarten Spielthemen: Obst,\u00a0Natur,\u00a0essen, einkaufen Anzahl Spieler: 3\u00a0\u2013 6 Spieler Empfohlenes Spielalter: ab 8 Jahren Spieldauer: 30 \u2013 45 Minuten Werbeaufdruck: auf Spielplan und Verpackung Das Spiel Mama m\u00f6chte leckeren [&hellip;]<\/p>\n","protected":false},"featured_media":937,"comment_status":"open","ping_status":"closed","template":"","meta":{"_themeisle_gutenberg_block_has_review":false},"product_cat":[123,110,92,129,126,117,40],"product_tag":[70,192,195,131,62,130,73,56],"_links":{"self":[{"href":"https:\/\/spieltz.de\/werbespiele\/wp-json\/wp\/v2\/product\/360"}],"collection":[{"href":"https:\/\/spieltz.de\/werbespiele\/wp-json\/wp\/v2\/product"}],"about":[{"href":"https:\/\/spieltz.de\/werbespiele\/wp-json\/wp\/v2\/types\/product"}],"replies":[{"embeddable":true,"href":"https:\/\/spieltz.de\/werbespiele\/wp-json\/wp\/v2\/comments?post=360"}],"wp:featuredmedia":[{"embeddable":true,"href":"https:\/\/spieltz.de\/werbespiele\/wp-json\/wp\/v2\/media\/937"}],"wp:attachment":[{"href":"https:\/\/spieltz.de\/werbespiele\/wp-json\/wp\/v2\/media?parent=360"}],"wp:term":[{"taxonomy":"product_cat","embeddable":true,"href":"https:\/\/spieltz.de\/werbespiele\/wp-json\/wp\/v2\/product_cat?post=360"},{"taxonomy":"product_tag","embeddable":true,"href":"https:\/\/spieltz.de\/werbespiele\/wp-json\/wp\/v2\/product_tag?post=360"}],"curies":[{"name":"wp","href":"https:\/\/api.w.org\/{rel}","templated":true}]}}