{"id":161,"date":"2015-09-12T19:13:58","date_gmt":"2015-09-12T17:13:58","guid":{"rendered":"http:\/\/www.spieltz.de\/werbespiele\/shop\/preiskategorie-b\/goldraub-spiel-auf-lkw-plane\/"},"modified":"2015-11-13T03:36:55","modified_gmt":"2015-11-13T02:36:55","slug":"goldraub-spiel-auf-lkw-plane","status":"publish","type":"product","link":"https:\/\/spieltz.de\/werbespiele\/shop\/spieldauer\/30-45-minuten\/goldraub-spiel-auf-lkw-plane\/","title":{"rendered":"Goldraub &#8211; das Piratenspiel"},"content":{"rendered":"<ul>\n<li>Art des Spiels: Brettspiel, Familienspiel, Gesellschaftsspiel<\/li>\n<li>Ausf\u00fchrung: Spielplan auf LKW-Plane &#8211; rollbar und robust, verpackt in eine Papprolle<\/li>\n<li>Zubeh\u00f6r: Spielfiguren und W\u00fcrfel aus bunt lackiertem Holz<\/li>\n<li>Spielthema: Piraten<\/li>\n<li>Anzahl Spieler: 3\u00a0\u2013 4 Spieler<\/li>\n<li>Empfohlenes Alter: ab 8 Jahren<\/li>\n<li>Spieldauer: etwa 30 \u2013 45 Minuten<\/li>\n<li>Mit oder ohne Werbeaufdruck<\/li>\n<\/ul>\n<h3>Das Spiel<\/h3>\n<p>Eine erfolgreiche Saison\u00a0geht fu\u0308r die Piratenkapit\u00e4ne und\u00a0ihre Mannschaften zu Ende. Alle\u00a0haben reiche Beute gemacht. Auf einer abgelegenen Insel sollen die Sch\u00e4tze in Sicherheit gebracht werden. Dummerweise haben sich alle Kapit\u00e4ne fu\u0308r dieselbe Insel entschieden. Jede Mannschaft versucht, ihren Schatz m\u00f6glichst ohne Verluste ins eigene Versteck zu bringen. Besonderes Glu\u0308ck hat, wer auf der<br \/>\nInsel auch noch anderen Piratenmannschaften Gold abnehmen und fremde Piraten gefangen nehmen<br \/>\nkann. Vor dem Gewinner wird sicher jeder vor Ehrfurcht erzittern!<\/p>\n<p>Autoren: Karin Janner und Steffen Kawelke<br \/>\nDesign: Steffen Kawelke<\/p>\n<h3>Spielmaterial<\/h3>\n<ul>\n<li>1 Spielplan (LKW-Plane)<\/li>\n<li>4 x Spielfiguren &#8220;Kapit\u00e4n&#8221;, 4&#215;3 Spielfiguren &#8220;Matrose&#8221; + 1\u00a0W\u00fcrfel aus bunt lackiertem Holz<\/li>\n<li>Anleitung auf Deutsch (gegen Aufpreis auch \u00dcbersetzung in andere Sprachen m\u00f6glich)<\/li>\n<li>Verpackung: Papprolle, wei\u00df gl\u00e4nzend, mit Aufkleber. (Auf Wunsch auch andere Verpackungsarten, z.B. Schraubrolle aus durchsichtigem PVC.)<\/li>\n<\/ul>\n<p>[table id=3 \/]<\/p>\n","protected":false},"excerpt":{"rendered":"<p>Art des Spiels: Brettspiel, Familienspiel, Gesellschaftsspiel Ausf\u00fchrung: Spielplan auf LKW-Plane &#8211; rollbar und robust, verpackt in eine Papprolle Zubeh\u00f6r: Spielfiguren und W\u00fcrfel aus bunt lackiertem Holz Spielthema: Piraten Anzahl Spieler: 3\u00a0\u2013 4 Spieler Empfohlenes Alter: ab 8 Jahren Spieldauer: etwa 30 \u2013 45 Minuten Mit oder ohne Werbeaufdruck Das Spiel Eine erfolgreiche Saison\u00a0geht fu\u0308r die [&hellip;]<\/p>\n","protected":false},"featured_media":560,"comment_status":"open","ping_status":"closed","template":"","meta":{"_themeisle_gutenberg_block_has_review":false},"product_cat":[104,110,92,113,39],"product_tag":[70,200,192,201,62,64,54,56],"_links":{"self":[{"href":"https:\/\/spieltz.de\/werbespiele\/wp-json\/wp\/v2\/product\/161"}],"collection":[{"href":"https:\/\/spieltz.de\/werbespiele\/wp-json\/wp\/v2\/product"}],"about":[{"href":"https:\/\/spieltz.de\/werbespiele\/wp-json\/wp\/v2\/types\/product"}],"replies":[{"embeddable":true,"href":"https:\/\/spieltz.de\/werbespiele\/wp-json\/wp\/v2\/comments?post=161"}],"wp:featuredmedia":[{"embeddable":true,"href":"https:\/\/spieltz.de\/werbespiele\/wp-json\/wp\/v2\/media\/560"}],"wp:attachment":[{"href":"https:\/\/spieltz.de\/werbespiele\/wp-json\/wp\/v2\/media?parent=161"}],"wp:term":[{"taxonomy":"product_cat","embeddable":true,"href":"https:\/\/spieltz.de\/werbespiele\/wp-json\/wp\/v2\/product_cat?post=161"},{"taxonomy":"product_tag","embeddable":true,"href":"https:\/\/spieltz.de\/werbespiele\/wp-json\/wp\/v2\/product_tag?post=161"}],"curies":[{"name":"wp","href":"https:\/\/api.w.org\/{rel}","templated":true}]}}