{"id":125,"date":"2015-09-02T13:09:35","date_gmt":"2015-09-02T11:09:35","guid":{"rendered":"http:\/\/www.spieltz.de\/werbespiele\/shop\/preiskategorie-g\/klabauterschnack\/"},"modified":"2015-11-13T03:49:27","modified_gmt":"2015-11-13T02:49:27","slug":"klabauterschnack-kartenspiel","status":"publish","type":"product","link":"https:\/\/spieltz.de\/werbespiele\/shop\/spiele-kategorie\/erzaehl-spiele\/klabauterschnack-kartenspiel\/","title":{"rendered":"Klabauterschnack &#8211; das Erz\u00e4hl-Kartenspiel"},"content":{"rendered":"<ul>\n<li>Art des Spiels: Familienspiel, Erz\u00e4hl-Spiel<\/li>\n<li>Ausf\u00fchrung:\u00a0Spielkarten, verpackt in Baumwoll-Beutel<\/li>\n<li>Spielthema:\u00a0Piraten<\/li>\n<li>Anzahl Spieler: 2\u00a0\u2013 10\u00a0Spieler<\/li>\n<li>Empfohlenes Spielalter: ab 4\u00a0Jahren<\/li>\n<li>Spieldauer: etwa 20 Minuten<\/li>\n<li>Werbeaufdruck: auf der Verpackung \u00a0(Leinenbeutel), gegen Aufpreis auch Branding auf jeder einzelnen Karte m\u00f6glich.<\/li>\n<\/ul>\n<h3><strong>Das Spiel<\/strong><\/h3>\n<p>Gemeinsam soll eine Geschichte erz\u00e4hlt werden. 35 liebevoll illustrierte Karten mit Motiven aus der Welt der Piraten geben den Rahmen vor. Je nach Alter der Kinder gibt es verschiedene M\u00f6glichkeiten f\u00fcr den Spielablauf. Wer haucht der Handlung Leben ein, wer sorgt f\u00fcr unerwartete Wendungen?<\/p>\n<p>Spielentwicklung + Design: Krischan Meder.<\/p>\n<h3>Spielmaterial<\/h3>\n<ul>\n<li>35 Spielkarten mit Motiven aus der Piratenwelt<\/li>\n<li>5 Blankokarten f\u00fcr eigene Motive<\/li>\n<li>Spielanleitung auf Deutsch, auf Wunsch auch \u00dcbersetzung in andere Sprachen m\u00f6glich<\/li>\n<li>Verpackung:\u00a0bedruckter Leinenbeutel<\/li>\n<\/ul>\n<p>[table id=8 \/]<\/p>\n","protected":false},"excerpt":{"rendered":"<p>Art des Spiels: Familienspiel, Erz\u00e4hl-Spiel Ausf\u00fchrung:\u00a0Spielkarten, verpackt in Baumwoll-Beutel Spielthema:\u00a0Piraten Anzahl Spieler: 2\u00a0\u2013 10\u00a0Spieler Empfohlenes Spielalter: ab 4\u00a0Jahren Spieldauer: etwa 20 Minuten Werbeaufdruck: auf der Verpackung \u00a0(Leinenbeutel), gegen Aufpreis auch Branding auf jeder einzelnen Karte m\u00f6glich. Das Spiel Gemeinsam soll eine Geschichte erz\u00e4hlt werden. 35 liebevoll illustrierte Karten mit Motiven aus der Welt der Piraten [&hellip;]<\/p>\n","protected":false},"featured_media":603,"comment_status":"open","ping_status":"closed","template":"","meta":{"_themeisle_gutenberg_block_has_review":false},"product_cat":[112,119,118,120,44,113],"product_tag":[121,181,180,122,62,64,54,56],"_links":{"self":[{"href":"https:\/\/spieltz.de\/werbespiele\/wp-json\/wp\/v2\/product\/125"}],"collection":[{"href":"https:\/\/spieltz.de\/werbespiele\/wp-json\/wp\/v2\/product"}],"about":[{"href":"https:\/\/spieltz.de\/werbespiele\/wp-json\/wp\/v2\/types\/product"}],"replies":[{"embeddable":true,"href":"https:\/\/spieltz.de\/werbespiele\/wp-json\/wp\/v2\/comments?post=125"}],"wp:featuredmedia":[{"embeddable":true,"href":"https:\/\/spieltz.de\/werbespiele\/wp-json\/wp\/v2\/media\/603"}],"wp:attachment":[{"href":"https:\/\/spieltz.de\/werbespiele\/wp-json\/wp\/v2\/media?parent=125"}],"wp:term":[{"taxonomy":"product_cat","embeddable":true,"href":"https:\/\/spieltz.de\/werbespiele\/wp-json\/wp\/v2\/product_cat?post=125"},{"taxonomy":"product_tag","embeddable":true,"href":"https:\/\/spieltz.de\/werbespiele\/wp-json\/wp\/v2\/product_tag?post=125"}],"curies":[{"name":"wp","href":"https:\/\/api.w.org\/{rel}","templated":true}]}}