{"id":122,"date":"2015-09-02T13:05:26","date_gmt":"2015-09-02T11:05:26","guid":{"rendered":"http:\/\/www.spieltz.de\/werbespiele\/shop\/preiskategorie-f\/pfefferminz-und-baldrian-3\/"},"modified":"2015-11-13T03:53:14","modified_gmt":"2015-11-13T02:53:14","slug":"pfefferminz-und-baldrian-brettspiel","status":"publish","type":"product","link":"https:\/\/spieltz.de\/werbespiele\/shop\/spieldauer\/30-45-minuten\/pfefferminz-und-baldrian-brettspiel\/","title":{"rendered":"Pfefferminz und Baldrian \u2013 f\u00fcr Kr\u00e4utersammler!"},"content":{"rendered":"<ul>\n<li>Art des Spiels: Brettspiel, Familienspiel, Gesellschaftsspiel<\/li>\n<li>Ausf\u00fchrung: Spielbrett Graupappe, kaschiert, lackiert, in St\u00fclpdeckelschachtel<\/li>\n<li>Zubeh\u00f6r: Spielfiguren und W\u00fcrfel aus bunt lackiertem Holz, Rezeptkarten<\/li>\n<li>Spielthemen:\u00a0Pflanzen, Natur,\u00a0Heilkr\u00e4uter, Medizin<\/li>\n<li>Anzahl Spieler: 3\u00a0\u2013 6 Spieler<\/li>\n<li>Empfohlenes Spielalter: ab 8 Jahren<\/li>\n<li>Spieldauer: 30 \u2013 45 Minuten<\/li>\n<li>Werbeaufdruck: auf Spielplan und Verpackung<\/li>\n<\/ul>\n<h3>Das Spiel<\/h3>\n<p>Heute ist der gro\u00dfe Tag: Die Kr\u00e4utersammler treffen sich zum allj\u00e4hrlichen Kr\u00e4utersammel-Wettbewerb auf der Waldlichtung. Nur heute stehen die Heilpflanzen in Saft und Kraft und nur heute k\u00f6nnen aus ihnen die wirksamsten Heiltr\u00e4nke zubereitet werden. Jetzt hei\u00dft es, keine Zeit zu verlieren! Jeder Sammler hat dazu eine Rezeptkarte bekommen, die ihm die Art der Heilpflanzen und den Ort der Zubereitung verraten. Doch aufgepasst! Auch die anderen Sammler wollen gewinnen. Wer es schafft, als Erster mit den Heilpflanzen seiner Rezeptkarte an dem geheimen Ort anzukommen, hat gewonnen und darf sich \u201eKr\u00e4utersammler des Jahres\u201c nennen.<\/p>\n<p>Autorin: Karin Janner<br \/>\nDesign:\u00a0Kirstin Eggers<\/p>\n<h3>Spielmaterial<\/h3>\n<ul>\n<li>1 Spielbrett Graupappe, kaschiert, lackiert,<\/li>\n<li>6 Spielfiguren + 1 W\u00fcrfel aus bunt lackiertem Holz<\/li>\n<li>30 Spielsteine \u201eHeilpflanzen\u201c aus bunt lackiertem Holz mit Aufkleber<\/li>\n<li>12 Rezeptkarten<\/li>\n<li>Anleitung auf Deutsch (gegen Aufpreis auch \u00dcbersetzung in andere Sprachen m\u00f6glich)<\/li>\n<li>Verpackung:\u00a0St\u00fclpdeckelschachtel, kaschiert, lackiert<\/li>\n<\/ul>\n<p>[table id=7 \/]<\/p>\n","protected":false},"excerpt":{"rendered":"<p>Art des Spiels: Brettspiel, Familienspiel, Gesellschaftsspiel Ausf\u00fchrung: Spielbrett Graupappe, kaschiert, lackiert, in St\u00fclpdeckelschachtel Zubeh\u00f6r: Spielfiguren und W\u00fcrfel aus bunt lackiertem Holz, Rezeptkarten Spielthemen:\u00a0Pflanzen, Natur,\u00a0Heilkr\u00e4uter, Medizin Anzahl Spieler: 3\u00a0\u2013 6 Spieler Empfohlenes Spielalter: ab 8 Jahren Spieldauer: 30 \u2013 45 Minuten Werbeaufdruck: auf Spielplan und Verpackung Das Spiel Heute ist der gro\u00dfe Tag: Die Kr\u00e4utersammler treffen [&hellip;]<\/p>\n","protected":false},"featured_media":600,"comment_status":"open","ping_status":"closed","template":"","meta":{"_themeisle_gutenberg_block_has_review":false},"product_cat":[123,110,92,43,124,117],"product_tag":[70,192,203,62,64,75,73,74,56],"_links":{"self":[{"href":"https:\/\/spieltz.de\/werbespiele\/wp-json\/wp\/v2\/product\/122"}],"collection":[{"href":"https:\/\/spieltz.de\/werbespiele\/wp-json\/wp\/v2\/product"}],"about":[{"href":"https:\/\/spieltz.de\/werbespiele\/wp-json\/wp\/v2\/types\/product"}],"replies":[{"embeddable":true,"href":"https:\/\/spieltz.de\/werbespiele\/wp-json\/wp\/v2\/comments?post=122"}],"wp:featuredmedia":[{"embeddable":true,"href":"https:\/\/spieltz.de\/werbespiele\/wp-json\/wp\/v2\/media\/600"}],"wp:attachment":[{"href":"https:\/\/spieltz.de\/werbespiele\/wp-json\/wp\/v2\/media?parent=122"}],"wp:term":[{"taxonomy":"product_cat","embeddable":true,"href":"https:\/\/spieltz.de\/werbespiele\/wp-json\/wp\/v2\/product_cat?post=122"},{"taxonomy":"product_tag","embeddable":true,"href":"https:\/\/spieltz.de\/werbespiele\/wp-json\/wp\/v2\/product_tag?post=122"}],"curies":[{"name":"wp","href":"https:\/\/api.w.org\/{rel}","templated":true}]}}