{"id":868,"date":"2015-11-12T01:38:22","date_gmt":"2015-11-12T00:38:22","guid":{"rendered":"http:\/\/spieltz.de\/werbespiele\/?page_id=868"},"modified":"2015-11-12T01:38:22","modified_gmt":"2015-11-12T00:38:22","slug":"werbeflaeche-und-logo","status":"publish","type":"page","link":"https:\/\/spieltz.de\/werbespiele\/werbeflaeche-und-logo\/","title":{"rendered":"Werbefl\u00e4che und Logo"},"content":{"rendered":"<p>Wie gro\u00df ist meine Werbefl\u00e4che und an welchen Stellen wird mein Logo eingef\u00fcgt?<\/p>\n<p><strong>Brett- \/ Planenspiele<\/strong><\/p>\n<p>Wenn Sie die Ausf\u00fchrung &#8220;mit Werbeaufdruck&#8221; w\u00e4hlen, wird Ihr\u00a0Logo auf Spielplan, Verpackung und Anleitung gedruckt.\u00a0Die Gr\u00f6\u00dfe der Werbefl\u00e4che auf dem Spielplan und die Stelle, an der es eingef\u00fcgt wird, legen wir gemeinsam fest (per Mail oder in einem Telefongespr\u00e4ch). Es kommt auf die Grafik des Spielplans an, wie gro\u00df der verf\u00fcgbare Platz ist und an welcher Stelle es passt. Meist passt es an eine Ecke oder an den Rand des Spielplans, bei manchen Spielen\u00a0auch in die Mitte. Sie erhalten vor der Produktion alle Druckdateien (Spielplan, Verpackung, Karten, Anleitung) zur Freigabe.<\/p>\n<p><strong>Kartenspiele<\/strong><\/p>\n<ul>\n<li>Wenn Sie die Ausf\u00fchrung &#8220;mit Werbeaufdruck (Verpackung)&#8221; w\u00e4hlen, wird Ihr\u00a0Logo auf Verpackung (Stoffbeutel) und Anleitung gedruckt. Die Verpackung ist ein Stoffbeutel in der Gr\u00f6\u00dfe 10 x 15 cm, der bedruckt\u00a0wird.<\/li>\n<li>Wenn Sie die Ausf\u00fchrung &#8220;mit Werbeaufdruck (Karten und Verpackung) w\u00e4hlen, wird Ihr auf Verpackung, Anleitung und zus\u00e4tzlich Logo auf jede einzelne Kartenr\u00fcckseite.<\/li>\n<\/ul>\n<p>Sie erhalten vor der Produktion alle Druckdateien (Karten, Verpackung, Anleitung) zur Freigabe.<\/p>\n<p><strong>Spielbare Karten<\/strong><\/p>\n<p>Wenn Sie die Ausf\u00fchrung &#8220;mit Werbeaufdruck&#8221; w\u00e4hlen, wird Ihr\u00a0Logo\u00a0vorne auf die Karte gedruckt (rechts unten).<\/p>\n<p><strong>Spielbare Versandkartons<\/strong><\/p>\n<p>Wenn Sie die Ausf\u00fchrung &#8220;mit Werbeaufdruck&#8221; w\u00e4hlen, wird Ihr\u00a0Logo\u00a0auf die R\u00fcckseite des Kartons (au\u00dfen) gedruckt. Die Werbefl\u00e4che ist 5 x 10 cm.<\/p>\n<p>&nbsp;<\/p>\n","protected":false},"excerpt":{"rendered":"<p>Wie gro\u00df ist meine Werbefl\u00e4che und an welchen Stellen wird mein Logo eingef\u00fcgt? Brett- \/ Planenspiele Wenn Sie die Ausf\u00fchrung &#8220;mit Werbeaufdruck&#8221; w\u00e4hlen, wird Ihr\u00a0Logo auf Spielplan, Verpackung und Anleitung gedruckt.\u00a0Die Gr\u00f6\u00dfe der Werbefl\u00e4che auf dem Spielplan und die Stelle, an der es eingef\u00fcgt wird, legen wir gemeinsam fest (per Mail oder in einem Telefongespr\u00e4ch). [&hellip;]<\/p>\n","protected":false},"author":4,"featured_media":0,"parent":0,"menu_order":0,"comment_status":"closed","ping_status":"closed","template":"","meta":{"_themeisle_gutenberg_block_has_review":false,"footnotes":""},"_links":{"self":[{"href":"https:\/\/spieltz.de\/werbespiele\/wp-json\/wp\/v2\/pages\/868"}],"collection":[{"href":"https:\/\/spieltz.de\/werbespiele\/wp-json\/wp\/v2\/pages"}],"about":[{"href":"https:\/\/spieltz.de\/werbespiele\/wp-json\/wp\/v2\/types\/page"}],"author":[{"embeddable":true,"href":"https:\/\/spieltz.de\/werbespiele\/wp-json\/wp\/v2\/users\/4"}],"replies":[{"embeddable":true,"href":"https:\/\/spieltz.de\/werbespiele\/wp-json\/wp\/v2\/comments?post=868"}],"version-history":[{"count":1,"href":"https:\/\/spieltz.de\/werbespiele\/wp-json\/wp\/v2\/pages\/868\/revisions"}],"predecessor-version":[{"id":869,"href":"https:\/\/spieltz.de\/werbespiele\/wp-json\/wp\/v2\/pages\/868\/revisions\/869"}],"wp:attachment":[{"href":"https:\/\/spieltz.de\/werbespiele\/wp-json\/wp\/v2\/media?parent=868"}],"curies":[{"name":"wp","href":"https:\/\/api.w.org\/{rel}","templated":true}]}}