{"id":865,"date":"2015-11-12T00:36:53","date_gmt":"2015-11-11T23:36:53","guid":{"rendered":"http:\/\/spieltz.de\/werbespiele\/?page_id=865"},"modified":"2015-11-12T00:36:53","modified_gmt":"2015-11-11T23:36:53","slug":"spiele-in-unternehmensfarben-mit-eigenem-branding","status":"publish","type":"page","link":"https:\/\/spieltz.de\/werbespiele\/faq\/spiele-in-unternehmensfarben-mit-eigenem-branding\/","title":{"rendered":"Spiele in Unternehmensfarben \/ mit eigenem Branding"},"content":{"rendered":"<p>Prinzipiell k\u00f6nnen Sie bei uns jedes Spiel in Ihren Unternehmensfarben \/ angepasst an die CI Ihres Unternehmens bekommen.<\/p>\n<p>Bei <a href=\"http:\/\/spieltz.de\/werbespiele\/?swoof=1&amp;product_cat=preiskategorie-d,preiskategorie-a\" target=\"_blank\">Spielen mit einfacher Grafik<\/a> ist die Anpassung der Farben\u00a0ohne Aufpreis m\u00f6glich &#8211; Sie w\u00e4hlen die Ausf\u00fchrung &#8220;mit Werbeaufdruck&#8221;, schicken uns per Mail die CMYK-Werte Ihrer Unternehmensfarben und erhalten Ihre Spiele in der gew\u00fcnschten Farbkombination.<\/p>\n<p>Bei Spielen mit Illustrationen ist die farbliche Anpassung auch m\u00f6glich, dazu muss aber der\/die\u00a0Illustrator(in) des Spiels die\u00a0Illustrationen auf dem Spielplan \/ den Karten einzeln bearbeiten. Die Kosten f\u00fcr die Bearbeitung errechnen sich nach Aufwand &#8211; <a href=\"mailto:info@spieltz.de\" target=\"_blank\">fragen Sie nach einem individuellen Angebot.<\/a><\/p>\n<p>Gerne passen wir das gesamte Spiel (Spielplan, Karten, Zubeh\u00f6r, Anleitung, Verpackung) an Ihre CI an &#8211; inklusive Unternehmensfarben, Hausschriften und allen anderen CI-Vorgaben. <a href=\"mailto:info@spieltz.de\" target=\"_blank\">Fragen Sie nach einem individuellen Angebot.<\/a><\/p>\n<p>Sie k\u00f6nnen uns auch f\u00fcr die komplette Neu-Entwicklung\u00a0und Produktion Ihres ganz individuellen Spiels beauftragen \u2013 mehr dar\u00fcber auf\u00a0unserer <a href=\"http:\/\/spieltz.de\/agentur\/\" target=\"_blank\">Agentur-Website.<\/a><\/p>\n","protected":false},"excerpt":{"rendered":"<p>Prinzipiell k\u00f6nnen Sie bei uns jedes Spiel in Ihren Unternehmensfarben \/ angepasst an die CI Ihres Unternehmens bekommen. Bei Spielen mit einfacher Grafik ist die Anpassung der Farben\u00a0ohne Aufpreis m\u00f6glich &#8211; Sie w\u00e4hlen die Ausf\u00fchrung &#8220;mit Werbeaufdruck&#8221;, schicken uns per Mail die CMYK-Werte Ihrer Unternehmensfarben und erhalten Ihre Spiele in der gew\u00fcnschten Farbkombination. Bei Spielen [&hellip;]<\/p>\n","protected":false},"author":4,"featured_media":0,"parent":748,"menu_order":0,"comment_status":"closed","ping_status":"closed","template":"","meta":{"_themeisle_gutenberg_block_has_review":false,"footnotes":""},"_links":{"self":[{"href":"https:\/\/spieltz.de\/werbespiele\/wp-json\/wp\/v2\/pages\/865"}],"collection":[{"href":"https:\/\/spieltz.de\/werbespiele\/wp-json\/wp\/v2\/pages"}],"about":[{"href":"https:\/\/spieltz.de\/werbespiele\/wp-json\/wp\/v2\/types\/page"}],"author":[{"embeddable":true,"href":"https:\/\/spieltz.de\/werbespiele\/wp-json\/wp\/v2\/users\/4"}],"replies":[{"embeddable":true,"href":"https:\/\/spieltz.de\/werbespiele\/wp-json\/wp\/v2\/comments?post=865"}],"version-history":[{"count":1,"href":"https:\/\/spieltz.de\/werbespiele\/wp-json\/wp\/v2\/pages\/865\/revisions"}],"predecessor-version":[{"id":866,"href":"https:\/\/spieltz.de\/werbespiele\/wp-json\/wp\/v2\/pages\/865\/revisions\/866"}],"up":[{"embeddable":true,"href":"https:\/\/spieltz.de\/werbespiele\/wp-json\/wp\/v2\/pages\/748"}],"wp:attachment":[{"href":"https:\/\/spieltz.de\/werbespiele\/wp-json\/wp\/v2\/media?parent=865"}],"curies":[{"name":"wp","href":"https:\/\/api.w.org\/{rel}","templated":true}]}}