{"id":805,"date":"2015-11-07T23:30:31","date_gmt":"2015-11-07T22:30:31","guid":{"rendered":"http:\/\/spieltz.de\/werbespiele\/?page_id=805"},"modified":"2015-11-07T23:47:37","modified_gmt":"2015-11-07T22:47:37","slug":"preisklasse-i-spielbare-versandkartons","status":"publish","type":"page","link":"https:\/\/spieltz.de\/werbespiele\/preise\/preisklasse-i-spielbare-versandkartons\/","title":{"rendered":"Preisklasse I: Spielbare Versandkartons"},"content":{"rendered":"<p>Ein Versandkarton, der aufgehoben wird \u2013 denn er ist spielbar. Auf der Vorderseite ist der Spielplan aufgedruckt, auf der R\u00fcckseite Platz f\u00fcr Ihre Werbung. Anleitung und Spielfiguren sind im Karton untergebracht, dort ist auch ausreichend Platz f\u00fcr Ihre Flyer oder Produktbrosch\u00fcren.<\/p>\n<p>Der Karton ist so bemessen, dass er als Maxibrief versendet werden kann: Au\u00dfenma\u00df [mm]: 350 x 250 x 50 Innenma\u00df [mm]: 336 x 244 x 46<\/p>\n<table id=\"tablepress-10\" class=\"tablepress tablepress-id-10\">\n<thead>\n<tr class=\"row-1 odd\">\n<th class=\"column-1\">Auflage: Anzahl Spiele<\/th>\n<th class=\"column-2\">100<\/th>\n<th class=\"column-3\">200<\/th>\n<th class=\"column-4\">300<\/th>\n<th class=\"column-5\">500<\/th>\n<th class=\"column-6\">1.000<\/th>\n<\/tr>\n<\/thead>\n<tbody>\n<tr class=\"row-2 even\">\n<td class=\"column-1\">Spielbarer Maxibrief mit Spielfiguren<\/td>\n<td class=\"column-2\">7,50<\/td>\n<td class=\"column-3\">6,70<\/td>\n<td class=\"column-4\">6,50<\/td>\n<td class=\"column-5\">6,20<\/td>\n<td class=\"column-6\">5,00<\/td>\n<\/tr>\n<tr class=\"row-3 odd\">\n<td class=\"column-1\">Spielbarer Maxibrief mit Spielfiguren &#8211; mit Werbeaufdruck<\/td>\n<td class=\"column-2\">8,50<\/td>\n<td class=\"column-3\">7,70<\/td>\n<td class=\"column-4\">7,20<\/td>\n<td class=\"column-5\">6,70<\/td>\n<td class=\"column-6\">5,30<\/td>\n<\/tr>\n<\/tbody>\n<\/table>\n<p>Preis pro Spiel (EUR), netto.<br \/>\n<strong><a href=\"http:\/\/spieltz.de\/werbespiele\/?swoof=1&amp;product_cat=preiskategorie-i\" target=\"_blank\">Zeige alle spielbaren Versandkartons Preisklasse I.<\/a><\/strong><\/p>\n","protected":false},"excerpt":{"rendered":"<p>Ein Versandkarton, der aufgehoben wird \u2013 denn er ist spielbar. Auf der Vorderseite ist der Spielplan aufgedruckt, auf der R\u00fcckseite Platz f\u00fcr Ihre Werbung. Anleitung und Spielfiguren sind im Karton untergebracht, dort ist auch ausreichend Platz f\u00fcr Ihre Flyer oder Produktbrosch\u00fcren. Der Karton ist so bemessen, dass er als Maxibrief versendet werden kann: Au\u00dfenma\u00df [mm]: [&hellip;]<\/p>\n","protected":false},"author":4,"featured_media":0,"parent":764,"menu_order":0,"comment_status":"closed","ping_status":"closed","template":"","meta":{"_themeisle_gutenberg_block_has_review":false,"footnotes":""},"_links":{"self":[{"href":"https:\/\/spieltz.de\/werbespiele\/wp-json\/wp\/v2\/pages\/805"}],"collection":[{"href":"https:\/\/spieltz.de\/werbespiele\/wp-json\/wp\/v2\/pages"}],"about":[{"href":"https:\/\/spieltz.de\/werbespiele\/wp-json\/wp\/v2\/types\/page"}],"author":[{"embeddable":true,"href":"https:\/\/spieltz.de\/werbespiele\/wp-json\/wp\/v2\/users\/4"}],"replies":[{"embeddable":true,"href":"https:\/\/spieltz.de\/werbespiele\/wp-json\/wp\/v2\/comments?post=805"}],"version-history":[{"count":4,"href":"https:\/\/spieltz.de\/werbespiele\/wp-json\/wp\/v2\/pages\/805\/revisions"}],"predecessor-version":[{"id":820,"href":"https:\/\/spieltz.de\/werbespiele\/wp-json\/wp\/v2\/pages\/805\/revisions\/820"}],"up":[{"embeddable":true,"href":"https:\/\/spieltz.de\/werbespiele\/wp-json\/wp\/v2\/pages\/764"}],"wp:attachment":[{"href":"https:\/\/spieltz.de\/werbespiele\/wp-json\/wp\/v2\/media?parent=805"}],"curies":[{"name":"wp","href":"https:\/\/api.w.org\/{rel}","templated":true}]}}