{"id":801,"date":"2015-11-07T23:23:23","date_gmt":"2015-11-07T22:23:23","guid":{"rendered":"http:\/\/spieltz.de\/werbespiele\/?page_id=801"},"modified":"2015-11-07T23:45:40","modified_gmt":"2015-11-07T22:45:40","slug":"preisklasse-h-spielbare-postkarten","status":"publish","type":"page","link":"https:\/\/spieltz.de\/werbespiele\/preise\/preisklasse-h-spielbare-postkarten\/","title":{"rendered":"Preisklasse H: Spielbare Postkarten"},"content":{"rendered":"<p>Eine Postkarte, die aufgehoben wird \u2013 denn sie ist spielbar!<\/p>\n<p>Die Klappkarte im Format DIN A4 (aufgeklappt: DIN A3) enth\u00e4lt auf der Vorderseite den Spielplan. In der Mitte ist Platz f\u00fcr Ihre pers\u00f6nlichen Gr\u00fc\u00dfe und auf der Kartenr\u00fcckseite ist die Anleitung zu finden.<\/p>\n<table id=\"tablepress-9\" class=\"tablepress tablepress-id-9\">\n<thead>\n<tr class=\"row-1 odd\">\n<th class=\"column-1\">Auflage: Anzahl Spiele<\/th>\n<th class=\"column-2\">10<\/th>\n<th class=\"column-3\">20<\/th>\n<th class=\"column-4\">50<\/th>\n<th class=\"column-5\">100<\/th>\n<th class=\"column-6\">200<\/th>\n<th class=\"column-7\">300<\/th>\n<th class=\"column-8\">500<\/th>\n<th class=\"column-9\">1.000<\/th>\n<\/tr>\n<\/thead>\n<tbody>\n<tr class=\"row-2 even\">\n<td class=\"column-1\">Spielbare Postkarte, DIN A4 Klappkarte<\/td>\n<td class=\"column-2\">5,00<\/td>\n<td class=\"column-3\">4,50<\/td>\n<td class=\"column-4\">4,00<\/td>\n<td class=\"column-5\">3,00<\/td>\n<td class=\"column-6\">2,70<\/td>\n<td class=\"column-7\">2,50<\/td>\n<td class=\"column-8\">2,20<\/td>\n<td class=\"column-9\">2,00<\/td>\n<\/tr>\n<tr class=\"row-3 odd\">\n<td class=\"column-1\">Spielbare Postkarte mit Werbeaufdruck<\/td>\n<td class=\"column-2\">14,50<\/td>\n<td class=\"column-3\">11,00<\/td>\n<td class=\"column-4\">7,60<\/td>\n<td class=\"column-5\">4,60<\/td>\n<td class=\"column-6\">3,70<\/td>\n<td class=\"column-7\">3,20<\/td>\n<td class=\"column-8\">2,70<\/td>\n<td class=\"column-9\">2,30<\/td>\n<\/tr>\n<tr class=\"row-4 even\">\n<td class=\"column-1\">Spielbare Postkarte mit Spielfiguren + Kuvert<\/td>\n<td class=\"column-2\">7,50<\/td>\n<td class=\"column-3\">7,00<\/td>\n<td class=\"column-4\">6,50<\/td>\n<td class=\"column-5\">4,50<\/td>\n<td class=\"column-6\">4,70<\/td>\n<td class=\"column-7\">4,50<\/td>\n<td class=\"column-8\">4,20<\/td>\n<td class=\"column-9\">4,00<\/td>\n<\/tr>\n<tr class=\"row-5 odd\">\n<td class=\"column-1\">Spielbare Postkarte mit Spielfiguren + Kuvert mt Werbeaufdruck<\/td>\n<td class=\"column-2\">17,00<\/td>\n<td class=\"column-3\">13,50<\/td>\n<td class=\"column-4\">10,20<\/td>\n<td class=\"column-5\">6,10<\/td>\n<td class=\"column-6\">5,70<\/td>\n<td class=\"column-7\">5,20<\/td>\n<td class=\"column-8\">4,70<\/td>\n<td class=\"column-9\">4,30<\/td>\n<\/tr>\n<\/tbody>\n<\/table>\n<p><span class=\"tablepress-table-description tablepress-table-description-id-9\">Preis pro Spiel (EUR), netto.<br \/>\n<strong><a href=\"http:\/\/spieltz.de\/werbespiele\/?swoof=1&amp;product_cat=preiskategorie-h\">Zeige alle spielbaren Karten Preisklasse H.<\/a><\/strong><\/span><\/p>\n","protected":false},"excerpt":{"rendered":"<p>Eine Postkarte, die aufgehoben wird \u2013 denn sie ist spielbar! Die Klappkarte im Format DIN A4 (aufgeklappt: DIN A3) enth\u00e4lt auf der Vorderseite den Spielplan. In der Mitte ist Platz f\u00fcr Ihre pers\u00f6nlichen Gr\u00fc\u00dfe und auf der Kartenr\u00fcckseite ist die Anleitung zu finden. Auflage: Anzahl Spiele 10 20 50 100 200 300 500 1.000 Spielbare [&hellip;]<\/p>\n","protected":false},"author":4,"featured_media":0,"parent":764,"menu_order":0,"comment_status":"closed","ping_status":"closed","template":"","meta":{"_themeisle_gutenberg_block_has_review":false,"footnotes":""},"_links":{"self":[{"href":"https:\/\/spieltz.de\/werbespiele\/wp-json\/wp\/v2\/pages\/801"}],"collection":[{"href":"https:\/\/spieltz.de\/werbespiele\/wp-json\/wp\/v2\/pages"}],"about":[{"href":"https:\/\/spieltz.de\/werbespiele\/wp-json\/wp\/v2\/types\/page"}],"author":[{"embeddable":true,"href":"https:\/\/spieltz.de\/werbespiele\/wp-json\/wp\/v2\/users\/4"}],"replies":[{"embeddable":true,"href":"https:\/\/spieltz.de\/werbespiele\/wp-json\/wp\/v2\/comments?post=801"}],"version-history":[{"count":3,"href":"https:\/\/spieltz.de\/werbespiele\/wp-json\/wp\/v2\/pages\/801\/revisions"}],"predecessor-version":[{"id":819,"href":"https:\/\/spieltz.de\/werbespiele\/wp-json\/wp\/v2\/pages\/801\/revisions\/819"}],"up":[{"embeddable":true,"href":"https:\/\/spieltz.de\/werbespiele\/wp-json\/wp\/v2\/pages\/764"}],"wp:attachment":[{"href":"https:\/\/spieltz.de\/werbespiele\/wp-json\/wp\/v2\/media?parent=801"}],"curies":[{"name":"wp","href":"https:\/\/api.w.org\/{rel}","templated":true}]}}