{"id":792,"date":"2015-11-07T23:09:12","date_gmt":"2015-11-07T22:09:12","guid":{"rendered":"http:\/\/spieltz.de\/werbespiele\/?page_id=792"},"modified":"2015-11-07T23:42:16","modified_gmt":"2015-11-07T22:42:16","slug":"preisklasse-f-brettspiele-illustrationen-karten","status":"publish","type":"page","link":"https:\/\/spieltz.de\/werbespiele\/preise\/preisklasse-f-brettspiele-illustrationen-karten\/","title":{"rendered":"Preisklasse F: Brettspiele, Illustrationen, Karten"},"content":{"rendered":"<p>Brettspiel\u00a0mit detailreichen Illustrationen, aufw\u00e4ndiges Zubeh\u00f6r (z.B. Karten, besonderes Spielmaterial).<\/p>\n<p>Spielplan aus Graupappe, bezogen mit Bilderdruckpapier, 4\/4. Verpackung: St\u00fclpdeckelschachtel mit passender Einlage f\u00fcr Spielsteine, Anleitung und Zubeh\u00f6r. Spielsteine in Polybeutel verpackt.<\/p>\n<table id=\"tablepress-7\" class=\"tablepress tablepress-id-7\">\n<thead>\n<tr class=\"row-1 odd\">\n<th class=\"column-1\">Auflage: Anzahl Spiele<\/th>\n<th class=\"column-2\">100<\/th>\n<th class=\"column-3\">200<\/th>\n<th class=\"column-4\">300<\/th>\n<th class=\"column-5\">500<\/th>\n<th class=\"column-6\">1.000<\/th>\n<th class=\"column-7\">2.000<\/th>\n<th class=\"column-8\">3.000<\/th>\n<th class=\"column-9\">5.000<\/th>\n<\/tr>\n<\/thead>\n<tbody>\n<tr class=\"row-2 even\">\n<td class=\"column-1\">Standard-Gr\u00f6\u00dfe<\/td>\n<td class=\"column-2\">28,60<\/td>\n<td class=\"column-3\">21,90<\/td>\n<td class=\"column-4\">16,60<\/td>\n<td class=\"column-5\">11,50<\/td>\n<td class=\"column-6\">7,90<\/td>\n<td class=\"column-7\">5,55<\/td>\n<td class=\"column-8\">4,80<\/td>\n<td class=\"column-9\">4,10<\/td>\n<\/tr>\n<tr class=\"row-3 odd\">\n<td class=\"column-1\">Standard-Gr\u00f6\u00dfe mit Werbeaufdruck<\/td>\n<td class=\"column-2\">30,60<\/td>\n<td class=\"column-3\">22,50<\/td>\n<td class=\"column-4\">17,70<\/td>\n<td class=\"column-5\">12,00<\/td>\n<td class=\"column-6\">8,60<\/td>\n<td class=\"column-7\">6,00<\/td>\n<td class=\"column-8\">5,10<\/td>\n<td class=\"column-9\">4,40<\/td>\n<\/tr>\n<\/tbody>\n<\/table>\n<p>Preis pro Spiel (Euro), netto.<br \/>\n<strong><a href=\"http:\/\/spieltz.de\/werbespiele\/?swoof=1&amp;product_cat=preiskategorie-f\" target=\"_blank\">Zeige alle Brettspiele Preisklasse F.<\/a><\/strong><\/p>\n<p>&nbsp;<\/p>\n","protected":false},"excerpt":{"rendered":"<p>Brettspiel\u00a0mit detailreichen Illustrationen, aufw\u00e4ndiges Zubeh\u00f6r (z.B. Karten, besonderes Spielmaterial). Spielplan aus Graupappe, bezogen mit Bilderdruckpapier, 4\/4. Verpackung: St\u00fclpdeckelschachtel mit passender Einlage f\u00fcr Spielsteine, Anleitung und Zubeh\u00f6r. Spielsteine in Polybeutel verpackt. Auflage: Anzahl Spiele 100 200 300 500 1.000 2.000 3.000 5.000 Standard-Gr\u00f6\u00dfe 28,60 21,90 16,60 11,50 7,90 5,55 4,80 4,10 Standard-Gr\u00f6\u00dfe mit Werbeaufdruck 30,60 22,50 [&hellip;]<\/p>\n","protected":false},"author":4,"featured_media":0,"parent":764,"menu_order":0,"comment_status":"closed","ping_status":"closed","template":"","meta":{"_themeisle_gutenberg_block_has_review":false,"footnotes":""},"_links":{"self":[{"href":"https:\/\/spieltz.de\/werbespiele\/wp-json\/wp\/v2\/pages\/792"}],"collection":[{"href":"https:\/\/spieltz.de\/werbespiele\/wp-json\/wp\/v2\/pages"}],"about":[{"href":"https:\/\/spieltz.de\/werbespiele\/wp-json\/wp\/v2\/types\/page"}],"author":[{"embeddable":true,"href":"https:\/\/spieltz.de\/werbespiele\/wp-json\/wp\/v2\/users\/4"}],"replies":[{"embeddable":true,"href":"https:\/\/spieltz.de\/werbespiele\/wp-json\/wp\/v2\/comments?post=792"}],"version-history":[{"count":2,"href":"https:\/\/spieltz.de\/werbespiele\/wp-json\/wp\/v2\/pages\/792\/revisions"}],"predecessor-version":[{"id":816,"href":"https:\/\/spieltz.de\/werbespiele\/wp-json\/wp\/v2\/pages\/792\/revisions\/816"}],"up":[{"embeddable":true,"href":"https:\/\/spieltz.de\/werbespiele\/wp-json\/wp\/v2\/pages\/764"}],"wp:attachment":[{"href":"https:\/\/spieltz.de\/werbespiele\/wp-json\/wp\/v2\/media?parent=792"}],"curies":[{"name":"wp","href":"https:\/\/api.w.org\/{rel}","templated":true}]}}