{"id":784,"date":"2015-11-07T22:54:23","date_gmt":"2015-11-07T21:54:23","guid":{"rendered":"http:\/\/spieltz.de\/werbespiele\/?page_id=784"},"modified":"2017-08-03T03:23:06","modified_gmt":"2017-08-03T01:23:06","slug":"preisklasse-d-brettspiele-einfache-grafik","status":"publish","type":"page","link":"https:\/\/spieltz.de\/werbespiele\/preise\/preisklasse-d-brettspiele-einfache-grafik\/","title":{"rendered":"Preisklasse D: Brettspiele, einfache Grafik, Farben anpassbar"},"content":{"rendered":"<p>Spielplan aus Graupappe, bezogen mit Bilderdruckpapier, 4\/4. Verpackung: St\u00fclpdeckelschachtel mit passender Einlage f\u00fcr Spielsteine, Anleitung und Zubeh\u00f6r. Spielsteine in Polybeutel verpackt.<br \/>\n[table id=5 \/]<br \/>\nPreis pro Spiel (Euro), netto.<br \/>\n<strong><a href=\"http:\/\/spieltz.de\/werbespiele\/?swoof=1&amp;product_cat=preiskategorie-d\" target=\"_blank\">Zeige alle Brettspiele\u00a0Preisklasse D.<\/a><\/strong><\/p>\n","protected":false},"excerpt":{"rendered":"<p>Spielplan aus Graupappe, bezogen mit Bilderdruckpapier, 4\/4. Verpackung: St\u00fclpdeckelschachtel mit passender Einlage f\u00fcr Spielsteine, Anleitung und Zubeh\u00f6r. Spielsteine in Polybeutel verpackt. [table id=5 \/] Preis pro Spiel (Euro), netto. Zeige alle Brettspiele\u00a0Preisklasse D.<\/p>\n","protected":false},"author":4,"featured_media":0,"parent":764,"menu_order":0,"comment_status":"closed","ping_status":"closed","template":"","meta":{"_themeisle_gutenberg_block_has_review":false,"footnotes":""},"_links":{"self":[{"href":"https:\/\/spieltz.de\/werbespiele\/wp-json\/wp\/v2\/pages\/784"}],"collection":[{"href":"https:\/\/spieltz.de\/werbespiele\/wp-json\/wp\/v2\/pages"}],"about":[{"href":"https:\/\/spieltz.de\/werbespiele\/wp-json\/wp\/v2\/types\/page"}],"author":[{"embeddable":true,"href":"https:\/\/spieltz.de\/werbespiele\/wp-json\/wp\/v2\/users\/4"}],"replies":[{"embeddable":true,"href":"https:\/\/spieltz.de\/werbespiele\/wp-json\/wp\/v2\/comments?post=784"}],"version-history":[{"count":5,"href":"https:\/\/spieltz.de\/werbespiele\/wp-json\/wp\/v2\/pages\/784\/revisions"}],"predecessor-version":[{"id":1039,"href":"https:\/\/spieltz.de\/werbespiele\/wp-json\/wp\/v2\/pages\/784\/revisions\/1039"}],"up":[{"embeddable":true,"href":"https:\/\/spieltz.de\/werbespiele\/wp-json\/wp\/v2\/pages\/764"}],"wp:attachment":[{"href":"https:\/\/spieltz.de\/werbespiele\/wp-json\/wp\/v2\/media?parent=784"}],"curies":[{"name":"wp","href":"https:\/\/api.w.org\/{rel}","templated":true}]}}