{"id":764,"date":"2015-11-07T01:51:30","date_gmt":"2015-11-07T00:51:30","guid":{"rendered":"http:\/\/spieltz.de\/werbespiele\/?page_id=764"},"modified":"2015-11-07T01:56:05","modified_gmt":"2015-11-07T00:56:05","slug":"preise","status":"publish","type":"page","link":"https:\/\/spieltz.de\/werbespiele\/preise\/","title":{"rendered":"Preise"},"content":{"rendered":"<p><strong>Brettspiele<\/strong><\/p>\n<p>Ausf\u00fchrung: Spielplan aus Graupappe, bezogen mit Bilderdruckpapier, 4\/4.\u00a0Verpackung: St\u00fclpdeckelschachtel mit passender Einlage f\u00fcr Spielsteine, Anleitung und Zubeh\u00f6r. Spielsteine in Polybeutel verpackt.<\/p>\n<p>Brettspiele erhalten\u00a0Sie in drei Preisklassen:<\/p>\n<ul>\n<li>Brettspiel, Preisklasse D: Einfache Grafik, Farben individuell anpassbar. <a href=\"http:\/\/spieltz.de\/werbespiele\/?swoof=1&amp;product_cat=preiskategorie-d\" target=\"_blank\">Zu den Brettspielen Preisklasse D.<\/a><\/li>\n<li>Brettspiel, Preisklasse E: Spielplan mit detailreichen\u00a0Illustrationen. <a href=\"http:\/\/spieltz.de\/werbespiele\/?swoof=1&amp;product_cat=preiskategorie-e\" target=\"_blank\">Zu den Brettspielen Preisklasse E.<\/a><\/li>\n<li>Brettspiel, Preisklasse F: Spielplan mit detailreichen Illustrationen, aufw\u00e4ndiges Zubeh\u00f6r (z.B. Karten, besonderes Spielmaterial). <a href=\"http:\/\/spieltz.de\/werbespiele\/?swoof=1&amp;product_cat=preiskategorie-f\" target=\"_blank\">Zu den Brettspielen Preisklasse F.<\/a><\/li>\n<\/ul>\n<p><strong>Rollbare Spiele auf LKW-Plane<\/strong><\/p>\n<p>Ausf\u00fchrung: Spielplan gedruckt auf LKW-Plane 650 g \/ m2, rollbar, abwaschbar, verpackt in eine\u00a0Papp- oder PVC-Rolle. Spielsteine (in Polybeutel verpackt), Anleitung und Zubeh\u00f6r werden zum gerollten Spielplan in die Rolle gepackt.<\/p>\n<p>Rollbare Spiele\u00a0erhalten\u00a0Sie in drei Preisklassen:<\/p>\n<ul>\n<li>Rollbares Spiel, Preisklasse A: Einfache Grafik, Farben individuell anpassbar.<\/li>\n<li><a href=\"http:\/\/spieltz.de\/werbespiele\/?swoof=1&amp;product_cat=preiskategorie-a\" target=\"_blank\">Zu den Planenspielen Preisklasse A.<\/a><\/li>\n<li>Rollbares Spiel, Preisklasse B: Spielplan mit detailreichen\u00a0Illustrationen. <a href=\"http:\/\/spieltz.de\/werbespiele\/?swoof=1&amp;product_cat=preiskategorie-b\" target=\"_blank\">Zu den Planenspielen Preisklasse B.<\/a><\/li>\n<li>Rollbares Spiel, Preisklasse C: Spielplan mit detailreichen Illustrationen, aufw\u00e4ndiges Zubeh\u00f6r (z.B. Karten, besonderes Spielmaterial). <a href=\"http:\/\/spieltz.de\/werbespiele\/?swoof=1&amp;product_cat=preiskategorie-c\" target=\"_blank\">Zu den Planenspielen Preisklasse C.<\/a><\/li>\n<\/ul>\n<p><strong>Kartenspiele<\/strong><\/p>\n<p>Ausf\u00fchrung: Karten gedruckt auf Spielkartenkarton, Ecken abgerundet, Standard-Gr\u00f6\u00dfe 59 x 91 cm, Verpackung: bedruckter Stoffbeutel. Anleitung gefaltet und im Beutel beiliegend.<\/p>\n<p>Kartenspiele bieten wir Ihnen\u00a0mit Werbeaufdruck auf der Verpackung oder mit Werbeaufdruck auf Verpackung + jeder einzelnen Karte an.\u00a0<a href=\"http:\/\/spieltz.de\/werbespiele\/?swoof=1&amp;product_cat=preiskategorie-g\" target=\"_blank\">Zu den Kartenspielen (Preisklasse G)<\/a>.<\/p>\n<p><strong>Spielbare Karten<\/strong><\/p>\n<p>Eine Postkarte, die aufgehoben wird \u2013 denn sie ist spielbar!<br \/>\nDie Klappkarte im Format DIN A4 (aufgeklappt: DIN A3) enth\u00e4lt auf der Vorderseite den Spielplan. In der Mitte ist Platz f\u00fcr Ihre pers\u00f6nlichen Gr\u00fc\u00dfe und auf der Kartenr\u00fcckseite ist die Anleitung zu finden.<\/p>\n<p>Spielfiguren k\u00f6nnen mitbestellt werden, m\u00fcssen aber nicht. Die Karte kommt mit klassischen Holzfiguren aus, die der Empf\u00e4nger auch einem anderen Spiel entlehnen kann. <a href=\"http:\/\/spieltz.de\/werbespiele\/?swoof=1&amp;product_cat=preiskategorie-h\" target=\"_blank\">Zu den spielbaren Karten (Preisklasse H).<\/a><\/p>\n<p><strong>Spielbare Versandkartons<\/strong><\/p>\n<p>Ein Versandkarton, der aufgehoben wird \u2013 denn er ist spielbar. Auf der Vorderseite ist der Spielplan aufgedruckt, auf der R\u00fcckseite Platz f\u00fcr Ihre Werbung. Anleitung und Spielfiguren sind im Karton untergebracht, dort ist auch ausreichend Platz f\u00fcr Ihre Flyer oder Produktbrosch\u00fcren.<\/p>\n<p>Der Karton ist so bemessen, dass er als Maxibrief versendet werden kann: Au\u00dfenma\u00df [mm]: 350 x 250 x 50 Innenma\u00df [mm]: 336 x 244 x 46<\/p>\n<p><a href=\"http:\/\/spieltz.de\/werbespiele\/?swoof=1&amp;product_cat=preiskategorie-i\" target=\"_blank\">Zu den spielbaren Versandkartons (Preisklasse I).<\/a><\/p>\n<p>&nbsp;<\/p>\n","protected":false},"excerpt":{"rendered":"<p>Brettspiele Ausf\u00fchrung: Spielplan aus Graupappe, bezogen mit Bilderdruckpapier, 4\/4.\u00a0Verpackung: St\u00fclpdeckelschachtel mit passender Einlage f\u00fcr Spielsteine, Anleitung und Zubeh\u00f6r. Spielsteine in Polybeutel verpackt. Brettspiele erhalten\u00a0Sie in drei Preisklassen: Brettspiel, Preisklasse D: Einfache Grafik, Farben individuell anpassbar. Zu den Brettspielen Preisklasse D. Brettspiel, Preisklasse E: Spielplan mit detailreichen\u00a0Illustrationen. Zu den Brettspielen Preisklasse E. Brettspiel, Preisklasse F: Spielplan [&hellip;]<\/p>\n","protected":false},"author":4,"featured_media":0,"parent":0,"menu_order":0,"comment_status":"closed","ping_status":"closed","template":"","meta":{"_themeisle_gutenberg_block_has_review":false,"footnotes":""},"_links":{"self":[{"href":"https:\/\/spieltz.de\/werbespiele\/wp-json\/wp\/v2\/pages\/764"}],"collection":[{"href":"https:\/\/spieltz.de\/werbespiele\/wp-json\/wp\/v2\/pages"}],"about":[{"href":"https:\/\/spieltz.de\/werbespiele\/wp-json\/wp\/v2\/types\/page"}],"author":[{"embeddable":true,"href":"https:\/\/spieltz.de\/werbespiele\/wp-json\/wp\/v2\/users\/4"}],"replies":[{"embeddable":true,"href":"https:\/\/spieltz.de\/werbespiele\/wp-json\/wp\/v2\/comments?post=764"}],"version-history":[{"count":4,"href":"https:\/\/spieltz.de\/werbespiele\/wp-json\/wp\/v2\/pages\/764\/revisions"}],"predecessor-version":[{"id":769,"href":"https:\/\/spieltz.de\/werbespiele\/wp-json\/wp\/v2\/pages\/764\/revisions\/769"}],"wp:attachment":[{"href":"https:\/\/spieltz.de\/werbespiele\/wp-json\/wp\/v2\/media?parent=764"}],"curies":[{"name":"wp","href":"https:\/\/api.w.org\/{rel}","templated":true}]}}