{"id":751,"date":"2015-11-06T03:15:33","date_gmt":"2015-11-06T02:15:33","guid":{"rendered":"http:\/\/spieltz.de\/werbespiele\/?page_id=751"},"modified":"2015-11-06T03:54:13","modified_gmt":"2015-11-06T02:54:13","slug":"spiele-kategorien","status":"publish","type":"page","link":"https:\/\/spieltz.de\/werbespiele\/spiele-kategorien\/","title":{"rendered":"Spiele-Kategorien"},"content":{"rendered":"<p>Filtern Sie nach Spielen aus folgenden Kategorien:<\/p>\n<ul>\n<li><a href=\"http:\/\/spieltz.de\/werbespiele\/?swoof=1&amp;product_cat=traditionelle-brettspiele\" target=\"_blank\">Traditionelle Brettspiele<\/a><\/li>\n<li><a href=\"http:\/\/spieltz.de\/werbespiele\/?swoof=1&amp;product_cat=familienspiele\" target=\"_blank\">Familienspiele<\/a><\/li>\n<li><a href=\"http:\/\/spieltz.de\/werbespiele\/?swoof=1&amp;product_cat=partyspiele\" target=\"_blank\">Partyspiele<\/a><\/li>\n<li><a href=\"http:\/\/spieltz.de\/werbespiele\/?swoof=1&amp;product_cat=strategiespiele\" target=\"_blank\">Strategiespiele f\u00fcr Zwei<\/a><\/li>\n<li><a href=\"http:\/\/spieltz.de\/werbespiele\/?swoof=1&amp;product_cat=gluecksspiele\" target=\"_blank\">Gl\u00fccksspiele<\/a><\/li>\n<li><a href=\"http:\/\/spieltz.de\/werbespiele\/?swoof=1&amp;product_cat=wettspiele\" target=\"_blank\">Wettspiele<\/a><\/li>\n<li><a href=\"http:\/\/spieltz.de\/werbespiele\/?swoof=1&amp;product_cat=erzaehl-spiele\" target=\"_blank\">Erz\u00e4hl-Spiele<\/a><\/li>\n<li><a href=\"http:\/\/spieltz.de\/werbespiele\/?swoof=1&amp;product_cat=lernspiele\" target=\"_blank\">Lernspiele<\/a><\/li>\n<\/ul>\n","protected":false},"excerpt":{"rendered":"<p>Filtern Sie nach Spielen aus folgenden Kategorien: Traditionelle Brettspiele Familienspiele Partyspiele Strategiespiele f\u00fcr Zwei Gl\u00fccksspiele Wettspiele Erz\u00e4hl-Spiele Lernspiele<\/p>\n","protected":false},"author":4,"featured_media":0,"parent":0,"menu_order":0,"comment_status":"closed","ping_status":"closed","template":"","meta":{"_themeisle_gutenberg_block_has_review":false,"footnotes":""},"_links":{"self":[{"href":"https:\/\/spieltz.de\/werbespiele\/wp-json\/wp\/v2\/pages\/751"}],"collection":[{"href":"https:\/\/spieltz.de\/werbespiele\/wp-json\/wp\/v2\/pages"}],"about":[{"href":"https:\/\/spieltz.de\/werbespiele\/wp-json\/wp\/v2\/types\/page"}],"author":[{"embeddable":true,"href":"https:\/\/spieltz.de\/werbespiele\/wp-json\/wp\/v2\/users\/4"}],"replies":[{"embeddable":true,"href":"https:\/\/spieltz.de\/werbespiele\/wp-json\/wp\/v2\/comments?post=751"}],"version-history":[{"count":2,"href":"https:\/\/spieltz.de\/werbespiele\/wp-json\/wp\/v2\/pages\/751\/revisions"}],"predecessor-version":[{"id":762,"href":"https:\/\/spieltz.de\/werbespiele\/wp-json\/wp\/v2\/pages\/751\/revisions\/762"}],"wp:attachment":[{"href":"https:\/\/spieltz.de\/werbespiele\/wp-json\/wp\/v2\/media?parent=751"}],"curies":[{"name":"wp","href":"https:\/\/api.w.org\/{rel}","templated":true}]}}