{"id":748,"date":"2015-11-06T03:02:22","date_gmt":"2015-11-06T02:02:22","guid":{"rendered":"http:\/\/spieltz.de\/werbespiele\/?page_id=748"},"modified":"2016-09-13T23:09:42","modified_gmt":"2016-09-13T21:09:42","slug":"faq","status":"publish","type":"page","link":"https:\/\/spieltz.de\/werbespiele\/faq\/","title":{"rendered":"FAQ"},"content":{"rendered":"<ul>\n<li><a href=\"http:\/\/spieltz.de\/werbespiele\/ueber-uns\/spieltz-team\/\" target=\"_blank\">Wer steht hinter &#8220;Spieltz&#8221;?\u00a0<\/a><\/li>\n<li>W<a href=\"http:\/\/spieltz.de\/werbespiele\/ueber-uns\/\" target=\"_blank\">arum ein Werbespiele-Shop?<\/a><\/li>\n<li>Welche\u00a0<a href=\"http:\/\/spieltz.de\/werbespiele\/spiel-formate-und-ausfuehrung\/\" target=\"_blank\">Spielformate und Ausf\u00fchrung<\/a>en gibt es?<\/li>\n<li>Infos zu\u00a0<a href=\"http:\/\/spieltz.de\/werbespiele\/preise\/\" target=\"_blank\">Preisen und Preisklassen<\/a>?<\/li>\n<li><a href=\"http:\/\/spieltz.de\/werbespiele\/spiel-thema\/\" target=\"_blank\">Zu welchen Themen gibt es Spiele?<\/a><\/li>\n<li><a href=\"http:\/\/spieltz.de\/werbespiele\/werbeflaeche-und-logo\/\" target=\"_blank\">Wie gro\u00df ist meine Werbefl\u00e4che und an welchen Stellen wird mein Logo eingef\u00fcgt?<\/a><\/li>\n<li><a href=\"http:\/\/spieltz.de\/werbespiele\/faq\/spiele-in-unternehmensfarben-mit-eigenem-branding\/\" target=\"_blank\">Kann ich jedes Spiel in meinen Wunschfarben bekommen?<\/a><\/li>\n<li><a href=\"http:\/\/spieltz.de\/werbespiele\/faq\/spiele-in-unternehmensfarben-mit-eigenem-branding\/\" target=\"_blank\">Kann mein Spiel komplett an meine CI angepasst werden, inkl. Unternehmensfarben, Hausschriften u.a. CI-Vorgaben?<\/a><\/li>\n<li><a href=\"http:\/\/spieltz.de\/werbespiele\/umsetzung-grafik-texte-produktion-spiel\/\" target=\"_blank\">Ich habe ein eigenes Spiel entwickelt und suche einen Partner f\u00fcr die Umsetzung &#8211; bin ich bei Ihnen richtig?<\/a><\/li>\n<li><a href=\"http:\/\/spieltz.de\/werbespiele\/spielentwicklung-und-coaching\/\" target=\"_blank\">Ich suche jemanden, der ein individuelles Spiel f\u00fcr mein Unternehmen entwickelt oder ben\u00f6tige Unterst\u00fctzung \/ Coaching meines Teams bei der Spielentwicklung. Bin ich bei Ihnen richtig?<\/a><\/li>\n<li><a href=\"http:\/\/spieltz.de\/werbespiele\/faq\/wo-werden-die-spiele-produziert\/\" target=\"_blank\">Wo werden die Spiele produziert?<\/a><\/li>\n<\/ul>\n","protected":false},"excerpt":{"rendered":"<p>Wer steht hinter &#8220;Spieltz&#8221;?\u00a0 Warum ein Werbespiele-Shop? Welche\u00a0Spielformate und Ausf\u00fchrungen gibt es? Infos zu\u00a0Preisen und Preisklassen? Zu welchen Themen gibt es Spiele? Wie gro\u00df ist meine Werbefl\u00e4che und an welchen Stellen wird mein Logo eingef\u00fcgt? Kann ich jedes Spiel in meinen Wunschfarben bekommen? Kann mein Spiel komplett an meine CI angepasst werden, inkl. Unternehmensfarben, Hausschriften [&hellip;]<\/p>\n","protected":false},"author":4,"featured_media":0,"parent":0,"menu_order":0,"comment_status":"closed","ping_status":"closed","template":"","meta":{"_themeisle_gutenberg_block_has_review":false,"footnotes":""},"_links":{"self":[{"href":"https:\/\/spieltz.de\/werbespiele\/wp-json\/wp\/v2\/pages\/748"}],"collection":[{"href":"https:\/\/spieltz.de\/werbespiele\/wp-json\/wp\/v2\/pages"}],"about":[{"href":"https:\/\/spieltz.de\/werbespiele\/wp-json\/wp\/v2\/types\/page"}],"author":[{"embeddable":true,"href":"https:\/\/spieltz.de\/werbespiele\/wp-json\/wp\/v2\/users\/4"}],"replies":[{"embeddable":true,"href":"https:\/\/spieltz.de\/werbespiele\/wp-json\/wp\/v2\/comments?post=748"}],"version-history":[{"count":13,"href":"https:\/\/spieltz.de\/werbespiele\/wp-json\/wp\/v2\/pages\/748\/revisions"}],"predecessor-version":[{"id":1018,"href":"https:\/\/spieltz.de\/werbespiele\/wp-json\/wp\/v2\/pages\/748\/revisions\/1018"}],"wp:attachment":[{"href":"https:\/\/spieltz.de\/werbespiele\/wp-json\/wp\/v2\/media?parent=748"}],"curies":[{"name":"wp","href":"https:\/\/api.w.org\/{rel}","templated":true}]}}