{"id":264,"date":"2015-10-03T03:31:40","date_gmt":"2015-10-03T01:31:40","guid":{"rendered":"http:\/\/www.spieltz.de\/werbespiele\/?page_id=264"},"modified":"2017-05-26T02:10:25","modified_gmt":"2017-05-26T00:10:25","slug":"ueber-uns","status":"publish","type":"page","link":"https:\/\/spieltz.de\/werbespiele\/ueber-uns\/","title":{"rendered":"\u00dcber uns"},"content":{"rendered":"<p>Wir entwickeln, gestalten, produzieren, vermarkten und\u00a0vertreiben Brett-, Karten- und Legespiele.<\/p>\n<p>Zum\u00a0<a href=\"http:\/\/spieltz.de\/werbespiele\/ueber-uns\/spieltz-team\/\" target=\"_blank\">Spieltz\u00a0Team <\/a>geh\u00f6ren<\/p>\n<ul>\n<li>erfahrene Spielentwickler, Redakteure, Grafiker, Illustratoren, Texter und \u00dcbersetzer, die unsere eigenen Ideen und die Ideen unserer Kunden in eine spielbare Form bringen sowie<\/li>\n<li>Projektmanager, Produktionsleiter und Mitarbeiter mit flinken Fingern, die f\u00fcr Produktion und Konfektionierung\u00a0der Spiele zust\u00e4ndig sind.<\/li>\n<\/ul>\n<p>SPIELTZ\u00a0wurde 2010 vorerst als &#8220;UG haftungsbeschr\u00e4nkt&#8221; gegr\u00fcndet und 2014 in eine GmbH \u00fcbergef\u00fchrt: Die Ideenfeld GmbH. Seit der Gr\u00fcndung haben wir zahlreiche Spieleprojekte f\u00fcr Unternehmen, Institutionen und Vereine\u00a0umgesetzt: Werbespiele, Messespiele, Spiele f\u00fcr interne Unternehmens-Schulungen, Lernspiele f\u00fcr Kinder und Jugendliche &#8211; hier unsere <a href=\"http:\/\/spieltz.de\/agentur\/referenzen\/\" target=\"_blank\">Referenzliste<\/a>.<br \/>\nEtliche\u00a0Spiele entwickeln\u00a0wir selbst, andere werden von unseren Kunden konzipiert und wir \u00fcbernehmen nur die Produktion.<\/p>\n<p>Daneben haben wir ein eigenes Verlagsprogramm aufgebaut. Unsere Spiele sind im Werbespieleshop (f\u00fcr Gesch\u00e4ftskunden) sowie in unserem <a href=\"http:\/\/spieltz.de\/spieltz-online-shop?page=shop.browse&amp;manufacturer_id=109\" target=\"_blank\">Community-Shop<\/a>\u00a0\u00a0und <a href=\"http:\/\/www.amazon.de\/s\/ref=sr_pg_1?rh=i%3Aaps%2Ck%3Aspieltz&amp;keywords=spieltz&amp;ie=UTF8&amp;qid=1447278082\">bei Amazon<\/a>\u00a0(f\u00fcr Privatkunden) erh\u00e4ltlich, bald wird es eine eigene Verlags-Website geben.<\/p>\n<h3>Warum ein eigener Werbespiele-Shop?<\/h3>\n<p>Wir haben folgende Erfahrung gemacht: Unternehmen, die ihr eigenes Spiel selbst entwickeln m\u00f6chten, scheitern\u00a0oft an\u00a0der Komplexizit\u00e4t dieser Aufgabe.\u00a0Das Budget f\u00fcr das Spieleprojekt ist aber nicht immer\u00a0gro\u00df genug, um eine Agentur f\u00fcr die Konzeption eines individuellen\u00a0Spiels beauftragen zu k\u00f6nnen. Daher haben wir Standardspiele zu verschiedensten Themen und \u00a0in unterschiedlichen Designs entwickelt, die wir f\u00fcr Sie branden k\u00f6nnen. Das ist nat\u00fcrlich mit weniger Aufwand verbunden und daher deutlich kosteng\u00fcnstiger als die Neuentwicklung eines Spiels. Alle Spiele aus unserem Werbespiele-Shop k\u00f6nnen wir dar\u00fcber hinaus individuell f\u00fcr Sie ver\u00e4ndern und an Ihre Themen \/ an Ihr Corporate Design\u00a0anpassen.<\/p>\n<p>Wir werden unser Programm laufend erweitern &#8211; und nat\u00fcrlich k\u00f6nnen Sie uns auch weiterhin f\u00fcr die Entwicklung und Produktion Ihres ganz individuellen Spiels beauftragen &#8211; hier geht es zu unserer <a href=\"http:\/\/spieltz.de\/agentur\/\" target=\"_blank\">Agentur-Website.<\/a><\/p>\n<p>Seit 2010 gibt es \u00fcbrigens auch unsere st\u00e4ndig wachsende Spieltz Autorencommunity, der wir auf unserer Plattform <a href=\"http:\/\/erfinde-dein-spiel.de\/\" target=\"_blank\">www.erfinde-dein-spiel.de<\/a>\u00a0eine Networking- und Verkaufsplattform bieten.<\/p>\n","protected":false},"excerpt":{"rendered":"<p>Wir entwickeln, gestalten, produzieren, vermarkten und\u00a0vertreiben Brett-, Karten- und Legespiele. Zum\u00a0Spieltz\u00a0Team geh\u00f6ren erfahrene Spielentwickler, Redakteure, Grafiker, Illustratoren, Texter und \u00dcbersetzer, die unsere eigenen Ideen und die Ideen unserer Kunden in eine spielbare Form bringen sowie Projektmanager, Produktionsleiter und Mitarbeiter mit flinken Fingern, die f\u00fcr Produktion und Konfektionierung\u00a0der Spiele zust\u00e4ndig sind. SPIELTZ\u00a0wurde 2010 vorerst als &#8220;UG [&hellip;]<\/p>\n","protected":false},"author":2,"featured_media":0,"parent":0,"menu_order":0,"comment_status":"closed","ping_status":"closed","template":"","meta":{"_themeisle_gutenberg_block_has_review":false,"footnotes":""},"_links":{"self":[{"href":"https:\/\/spieltz.de\/werbespiele\/wp-json\/wp\/v2\/pages\/264"}],"collection":[{"href":"https:\/\/spieltz.de\/werbespiele\/wp-json\/wp\/v2\/pages"}],"about":[{"href":"https:\/\/spieltz.de\/werbespiele\/wp-json\/wp\/v2\/types\/page"}],"author":[{"embeddable":true,"href":"https:\/\/spieltz.de\/werbespiele\/wp-json\/wp\/v2\/users\/2"}],"replies":[{"embeddable":true,"href":"https:\/\/spieltz.de\/werbespiele\/wp-json\/wp\/v2\/comments?post=264"}],"version-history":[{"count":12,"href":"https:\/\/spieltz.de\/werbespiele\/wp-json\/wp\/v2\/pages\/264\/revisions"}],"predecessor-version":[{"id":1032,"href":"https:\/\/spieltz.de\/werbespiele\/wp-json\/wp\/v2\/pages\/264\/revisions\/1032"}],"wp:attachment":[{"href":"https:\/\/spieltz.de\/werbespiele\/wp-json\/wp\/v2\/media?parent=264"}],"curies":[{"name":"wp","href":"https:\/\/api.w.org\/{rel}","templated":true}]}}