{"id":256,"date":"2015-09-29T03:37:11","date_gmt":"2015-09-29T01:37:11","guid":{"rendered":"http:\/\/www.spieltz.de\/werbespiele\/?page_id=256"},"modified":"2015-09-29T03:37:11","modified_gmt":"2015-09-29T01:37:11","slug":"kontakt","status":"publish","type":"page","link":"https:\/\/spieltz.de\/werbespiele\/kontakt\/","title":{"rendered":"Kontakt"},"content":{"rendered":"<div class=\"entry-content\">\n<p>Spieltz \u2013\u00a0die Spielemacher.<br \/>\nIdeenfeld GmbH<br \/>\nAgentur, Produktion\u00a0und Verlag<\/p>\n<p>Gesch\u00e4ftsf\u00fchrende Gesellschafterin: Karin Janner<\/p>\n<p>Firmensitz<br \/>\nGubener Stra\u00dfe 44<br \/>\n10243 Berlin<\/p>\n<p>030 \u2013 39 82 14 40<\/p>\n<p><a href=\"mailto:info@spieltz.de\">info@spieltz.de<\/a><\/p>\n<p>Werkstatt + Schauraum<br \/>\nTorellstra\u00dfe 4<br \/>\n10243 Berlin<\/p>\n<p>030 \u2013 39 82 14 42<\/p>\n<p>&nbsp;<\/p>\n<p>&nbsp;<\/p>\n<p>&nbsp;<\/p>\n<p>&nbsp;<\/p>\n<p>&nbsp;<\/p>\n<\/div>\n<p>&nbsp;<\/p>\n","protected":false},"excerpt":{"rendered":"<p>Spieltz \u2013\u00a0die Spielemacher. Ideenfeld GmbH Agentur, Produktion\u00a0und Verlag Gesch\u00e4ftsf\u00fchrende Gesellschafterin: Karin Janner Firmensitz Gubener Stra\u00dfe 44 10243 Berlin 030 \u2013 39 82 14 40 info@spieltz.de Werkstatt + Schauraum Torellstra\u00dfe 4 10243 Berlin 030 \u2013 39 82 14 42 &nbsp; &nbsp; &nbsp; &nbsp; &nbsp; &nbsp;<\/p>\n","protected":false},"author":2,"featured_media":0,"parent":0,"menu_order":0,"comment_status":"closed","ping_status":"closed","template":"","meta":{"_themeisle_gutenberg_block_has_review":false,"footnotes":""},"_links":{"self":[{"href":"https:\/\/spieltz.de\/werbespiele\/wp-json\/wp\/v2\/pages\/256"}],"collection":[{"href":"https:\/\/spieltz.de\/werbespiele\/wp-json\/wp\/v2\/pages"}],"about":[{"href":"https:\/\/spieltz.de\/werbespiele\/wp-json\/wp\/v2\/types\/page"}],"author":[{"embeddable":true,"href":"https:\/\/spieltz.de\/werbespiele\/wp-json\/wp\/v2\/users\/2"}],"replies":[{"embeddable":true,"href":"https:\/\/spieltz.de\/werbespiele\/wp-json\/wp\/v2\/comments?post=256"}],"version-history":[{"count":1,"href":"https:\/\/spieltz.de\/werbespiele\/wp-json\/wp\/v2\/pages\/256\/revisions"}],"predecessor-version":[{"id":257,"href":"https:\/\/spieltz.de\/werbespiele\/wp-json\/wp\/v2\/pages\/256\/revisions\/257"}],"wp:attachment":[{"href":"https:\/\/spieltz.de\/werbespiele\/wp-json\/wp\/v2\/media?parent=256"}],"curies":[{"name":"wp","href":"https:\/\/api.w.org\/{rel}","templated":true}]}}