{"id":1011,"date":"2016-09-13T22:56:25","date_gmt":"2016-09-13T20:56:25","guid":{"rendered":"http:\/\/spieltz.de\/werbespiele\/?page_id=1011"},"modified":"2016-09-13T22:56:25","modified_gmt":"2016-09-13T20:56:25","slug":"referenzen","status":"publish","type":"page","link":"https:\/\/spieltz.de\/werbespiele\/referenzen\/","title":{"rendered":"Referenzen"},"content":{"rendered":"<p><strong>Auszug aus unserer Referenzliste <\/strong>(alphabetisch):<\/p>\n<p>Allianz SE, Arbeiterkammer Wien, Bombardier Transportation AG, Brett und Stein Verlag, Burg Katlenburg, CAJ Di\u00f6zesanverband Tr\u00e4gerwerk Essen e.V., CJD Jugenddorf Offenburg, Coblens Eyewear GmbH, Christliche Arbeiterjugend K\u00f6ln, corporate quality consulting GmbH, DB Netz AG M\u00fcnchen, DB Immobilien, Deutsche Bahn AG, easyCredit \u2013 TeamBank AG N\u00fcrnberg, 11com7 design &amp; media GmbH, Edition Essentia, Editions Foulland, Evang.-Luth. Kirchenkreis Hamburg Ost, Fachhochschule Salzburg, F\u00f6rderverein Kurt Moosdorf Schule, GEA Farm Technologies GmbH, HECTAS Facility Services\u00a0Stiftung &amp; Co. KG, Innovative Management Partner (IMP) GmbH, Jugendkulturservice, Karma Games,\u00a0KjG Di\u00f6zesanverband K\u00f6ln, Limbachgruppe SE, MEDIENHAUS GmbH \u2013 publizistisches Zentrum der Evangelischen Kirche in Hessen und Nassau, medienundbildung.com gGmbH, Multimediamobil Nordwest, Neue Welten Design, Nordex AG, PUMA SE, Q_PERIOR AG, VPAC, Risk Experts Risiko Engineering GmbH, Siemens AG, Sozialdienst katholischer Frauen e.V. M\u00fcnster, stARTconference e.V., STEAG New Energies GmbH., Sunrise Communications e.V.,Veolia Umweltservice GmbH, Zentrum f\u00fcr allgemeine Sprachwissenschaft Berlin.<\/p>\n<p>Gerne geben wir Ihnen auf Anfrage Informationen zu den Projekten!<\/p>\n","protected":false},"excerpt":{"rendered":"<p>Auszug aus unserer Referenzliste (alphabetisch): Allianz SE, Arbeiterkammer Wien, Bombardier Transportation AG, Brett und Stein Verlag, Burg Katlenburg, CAJ Di\u00f6zesanverband Tr\u00e4gerwerk Essen e.V., CJD Jugenddorf Offenburg, Coblens Eyewear GmbH, Christliche Arbeiterjugend K\u00f6ln, corporate quality consulting GmbH, DB Netz AG M\u00fcnchen, DB Immobilien, Deutsche Bahn AG, easyCredit \u2013 TeamBank AG N\u00fcrnberg, 11com7 design &amp; media GmbH, [&hellip;]<\/p>\n","protected":false},"author":2,"featured_media":0,"parent":0,"menu_order":0,"comment_status":"closed","ping_status":"closed","template":"","meta":{"_themeisle_gutenberg_block_has_review":false,"footnotes":""},"_links":{"self":[{"href":"https:\/\/spieltz.de\/werbespiele\/wp-json\/wp\/v2\/pages\/1011"}],"collection":[{"href":"https:\/\/spieltz.de\/werbespiele\/wp-json\/wp\/v2\/pages"}],"about":[{"href":"https:\/\/spieltz.de\/werbespiele\/wp-json\/wp\/v2\/types\/page"}],"author":[{"embeddable":true,"href":"https:\/\/spieltz.de\/werbespiele\/wp-json\/wp\/v2\/users\/2"}],"replies":[{"embeddable":true,"href":"https:\/\/spieltz.de\/werbespiele\/wp-json\/wp\/v2\/comments?post=1011"}],"version-history":[{"count":1,"href":"https:\/\/spieltz.de\/werbespiele\/wp-json\/wp\/v2\/pages\/1011\/revisions"}],"predecessor-version":[{"id":1012,"href":"https:\/\/spieltz.de\/werbespiele\/wp-json\/wp\/v2\/pages\/1011\/revisions\/1012"}],"wp:attachment":[{"href":"https:\/\/spieltz.de\/werbespiele\/wp-json\/wp\/v2\/media?parent=1011"}],"curies":[{"name":"wp","href":"https:\/\/api.w.org\/{rel}","templated":true}]}}