{"id":998,"date":"2016-09-05T01:01:52","date_gmt":"2016-09-04T23:01:52","guid":{"rendered":"http:\/\/spieltz.de\/verlag\/shop\/ausfuehrung\/preiskategorie-h\/stern-halma-weihnachten-spielbare-karte\/"},"modified":"2017-11-09T21:56:22","modified_gmt":"2017-11-09T20:56:22","slug":"brettspiel-klassiker-weihnachten-sternhalma","status":"publish","type":"product","link":"https:\/\/spieltz.de\/verlag\/shop\/spieldauer\/20-30-minuten\/brettspiel-klassiker-weihnachten-sternhalma\/","title":{"rendered":"Brettspiel Klassiker zu Weihnachten: Weihnachtsstern-Halma"},"content":{"rendered":"<ul>\n<li>Art des Spiels: Brettspiel Klassiker, Familienspiel, Gesellschaftsspiel<\/li>\n<li>Ausf\u00fchrung:<br \/>\nVariante 1: Spielplan auf LKW-Plane \u2013 rollbar und robust, verpackt in eine\u00a0Rolle<br \/>\nVariante 2: Spielbare Klappkarte (Weihnachtskarte, Gru\u00dfkarte)<\/li>\n<li>Zubeh\u00f6r: Spielfiguren (75 Halma-Kegel)\u00a0aus bunt lackiertem Holz in\u00a0weihnachtlichen Farben<\/li>\n<li>Spielthema: Brettspiel Klassiker Weihnachten, Winter, Schnee,<\/li>\n<li>Anzahl Spieler: 2\u00a0\u2013 6 Spieler<\/li>\n<li>Empfohlenes Spielalter: ab 8\u00a0Jahren<\/li>\n<li>Spieldauer: etwa 20 &#8211; 30\u00a0Minuten<\/li>\n<\/ul>\n<h3>Das Spiel<\/h3>\n<p>Sternhalma ist eine Weiterentwicklung des Brettspiel-Klassikers Halma, die etwa 10 Jahre nach dem urspr\u00fcnglichen Halma erschien. Der Name Halma stammt aus dem Altgriechischen und bedeutet \u201eSprung\u201c. Das Spiel\u00a0wurde um 1880 vom amerikanischen Arzt George Howard Monks erfunden.<\/p>\n<p>Der Spielplan stellt einen sechszackigen Stern dar, auf dem sich 121 Punkte \/ Felder befinden. Diese Punkte sind mit den jeweils sechs unmittelbar daneben liegenden Feldern durch Linien verbunden. Jeder Spieler erh\u00e4lt 15 Spielsteine einer Farbe, die er in einer der Zacken des Sterns aufstellt. Ziel des Spiels ist es, als erster seine 15 Spielkegel in das gegen\u00fcberliegende Dreieck (Zacke) zu bringen. Wenn ein Spieler das geschafft hat, hat er gewonnen und das Spiel ist zu Ende.<\/p>\n<p>Autor: Halma wurde um 1880 vom amerikanischen Arzt George Howard Monks erfunden.<br \/>\nDesign Sternhalma:\u00a0Gerhard Moser<\/p>\n<h3>Variante 1: Rollbares Spiel auf Plane<\/h3>\n<p><strong>Spielmaterial<\/strong><\/p>\n<ul>\n<li>1 Spielplan aus LKW-Plane, rollbar, robust und abwaschbar<\/li>\n<li>2 x 10\u00a0Spielsteine aus lackiertem Holz<\/li>\n<li>Anleitung auf Deutsch<\/li>\n<li>Verpackung:\u00a0Rolle<\/li>\n<\/ul>\n<p><strong>Gr\u00f6\u00dfen<\/strong><\/p>\n<ul>\n<li>Standardspiel: Spielplan Gr\u00f6\u00dfe 30\u00d730 cm,\u00a0Verpackung: Rolle L\u00e4nge 34\u00a0cm, Durchmesser 6 cm<\/li>\n<li>Maxispiel: Spielplan Gr\u00f6\u00dfe 40\u00d740 cm, Verpackung: Rolle L\u00e4nge 44\u00a0cm, Durchmesser 6 cm<\/li>\n<li>Gr\u00f6\u00dfe XL: Spielplan Gr\u00f6\u00dfe 50\u00d750 cm, Verpackung: Rolle L\u00e4nge 54\u00a0cm, Durchmesser 8\u00a0cm<\/li>\n<li>Gr\u00f6\u00dfe XXL: Spielplan Gr\u00f6\u00dfe 60\u00d760 cm, Verpackung: Rolle L\u00e4nge 64\u00a0cm, Durchmesser 8\u00a0cm<\/li>\n<\/ul>\n<p>Die Gr\u00f6\u00dfen der Spielsteine sind auf die Gr\u00f6\u00dfen der Spielpl\u00e4ne abgestimmt. Gr\u00f6\u00dfe 50\u00d750 und 60\u00d760 wird mit extra-gro\u00dfen Spielfiguren ausgeliefert und ist gut geeignet f\u00fcr Menschen mit motorischen Einschr\u00e4nkungen sowie f\u00fcr das Spielen auf Veranstaltungen.<\/p>\n<h3>Variante 2: Spielbare Weihnachtskarte<\/h3>\n<p>Klappkarte im Format DIN A4 (aufgeklappt: DIN A3,) enth\u00e4lt auf der Vorder- und R\u00fcckseite den Spielplan. In der Mitte ist Platz f\u00fcr Ihre pers\u00f6nlichen Gr\u00fc\u00dfe und die Anleitung.<\/p>\n<p>Spielfiguren k\u00f6nnen mitbestellt werden, m\u00fcssen aber nicht.<\/p>\n<h3>Weihnachtsstern Halma\u00a0kaufen<\/h3>\n<h4>Kunden<\/h4>\n<p>Weihnachtsstern Halma, unser Brettspiel Klassiker f\u00fcr Weihnachten,\u00a0ist in verschiedenen Gr\u00f6\u00dfen im Internet erh\u00e4ltlich <a href=\"https:\/\/www.amazon.de\/Tonkin-das-Strategie-Brettspiel-Zwei-Reisespiel\/dp\/B00J3F189K\">bei Amazon<\/a>, sowie in unseren Shops bei <a href=\"http:\/\/spieltz.rakuten-shop.de\/\">Rakuten.de<\/a>, und\u00a0<a href=\"https:\/\/www.hitmeister.de\/shops\/spieltz\/\">Hitmeister,<\/a>\u00a0sowie in ausgew\u00e4hlten L\u00e4den.<\/p>\n<h4>H\u00e4ndler<\/h4>\n<p>Bitte kontaktieren Sie uns f\u00fcr eine <a href=\"mailto:info@spieltz.de\">H\u00e4ndlerpreisliste.<\/a><\/p>\n<h4>Firmenkunden<\/h4>\n<p>Wie alle Spieltz-Spiele ist Weihnachtsstern Halma<em>\u00a0<\/em>auch als Werbespiel mit Ihrem eigenen Branding \/ in Ihren Unternehmensfarben erh\u00e4ltlich. Bitte besuchen Sie unseren <a href=\"http:\/\/spieltz.de\/werbespiele\/\">Werbespiele Shop<\/a>.<\/p>\n<ul>\n<li><a href=\"http:\/\/spieltz.de\/werbespiele\/shop\/ausfuehrung\/preiskategorie-h\/stern-halma-weihnachten-spielbare-karte\/\">Weihnachtsstern-Halma mit Branding als spielbare Karte.<\/a><\/li>\n<\/ul>\n<p>&#8212;<\/p>\n<p>keywords:<br \/>\nbrettspiel klassiker weihnachten, weihnachtsspiel<\/p>\n","protected":false},"excerpt":{"rendered":"<p>Brettspiel Klassiker zu Weihnachten: Das Weihnachtsstern Halma!<br \/>\nSternhalma ist die beliebte Weiterentwicklung des Brettspiel-Klassikers Halma.<\/p>\n<p>F\u00fcr 2 \u2013 6\u00a0Spieler ab 6 Jahren, Spieldauer 30-45 Minuten.<\/p>\n<p>Variante 1:<br \/>\nDer Spielplan ist auf rollbare LKW-Plane gedruckt und zusammen mit dem Zubeh\u00f6r in eine Rolle verpackt.<\/p>\n<p>Ma\u00dfe:<br \/>\nStandardspiel: Spielplan Gr\u00f6\u00dfe 30\u00d730 cm<br \/>\nMaxispiel: Spielplan Gr\u00f6\u00dfe 40\u00d740 cm<br \/>\nGr\u00f6\u00dfe XL: Spielplan Gr\u00f6\u00dfe 50\u00d750 cm<br \/>\nGr\u00f6\u00dfe XXL: Spielplan Gr\u00f6\u00dfe 60\u00d760 cm<\/p>\n<p>Variante 2:<br \/>\nWeihnachtsstern Halma als spielbare Karte: Klappkarte im Format DIN A4 (aufgeklappt: DIN A3)<\/p>\n","protected":false},"featured_media":1149,"comment_status":"open","ping_status":"closed","template":"","meta":{"_monsterinsights_skip_tracking":false,"_monsterinsights_sitenote_active":false,"_monsterinsights_sitenote_note":"","_monsterinsights_sitenote_category":0,"_themeisle_gutenberg_block_has_review":false},"product_cat":[109,141,92,80],"product_tag":[70,62,238,37],"yoast_head":"<!-- This site is optimized with the Yoast SEO plugin v22.5 - https:\/\/yoast.com\/wordpress\/plugins\/seo\/ -->\n<title>Brettspiel Klassiker zu Weihnachten: Weihnachtsstern-Halma - Spieltz Verlag<\/title>\n<meta name=\"description\" content=\"Brettspiel Klassiker Weihnachten: Das beliebte Sternhalma in weihnachtlichem Kleid! Familienspiel f\u00fcr 2-6 Spieler ab 8 Jahren.\" \/>\n<meta name=\"robots\" content=\"index, follow, max-snippet:-1, max-image-preview:large, max-video-preview:-1\" \/>\n<link rel=\"canonical\" href=\"https:\/\/spieltz.de\/verlag\/shop\/spieldauer\/20-30-minuten\/brettspiel-klassiker-weihnachten-sternhalma\/\" \/>\n<meta property=\"og:locale\" content=\"de_DE\" \/>\n<meta property=\"og:type\" content=\"article\" \/>\n<meta property=\"og:title\" content=\"Brettspiel Klassiker zu Weihnachten: Weihnachtsstern-Halma - Spieltz Verlag\" \/>\n<meta property=\"og:description\" content=\"Brettspiel Klassiker Weihnachten: Das beliebte Sternhalma in weihnachtlichem Kleid! Familienspiel f\u00fcr 2-6 Spieler ab 8 Jahren.\" \/>\n<meta property=\"og:url\" content=\"https:\/\/spieltz.de\/verlag\/shop\/spieldauer\/20-30-minuten\/brettspiel-klassiker-weihnachten-sternhalma\/\" \/>\n<meta property=\"og:site_name\" content=\"Spieltz Verlag\" \/>\n<meta property=\"article:modified_time\" content=\"2017-11-09T20:56:22+00:00\" \/>\n<meta property=\"og:image\" content=\"https:\/\/spieltz.de\/verlag\/wp-content\/uploads\/2016\/09\/Weihnachtsstern-Halma-Spielplan-1024x1024.jpg\" \/>\n\t<meta property=\"og:image:width\" content=\"1024\" \/>\n\t<meta property=\"og:image:height\" content=\"1024\" \/>\n\t<meta property=\"og:image:type\" content=\"image\/jpeg\" \/>\n<meta name=\"twitter:card\" content=\"summary_large_image\" \/>\n<meta name=\"twitter:label1\" content=\"Gesch\u00e4tzte Lesezeit\" \/>\n\t<meta name=\"twitter:data1\" content=\"2\u00a0Minuten\" \/>\n<script type=\"application\/ld+json\" class=\"yoast-schema-graph\">{\"@context\":\"https:\/\/schema.org\",\"@graph\":[{\"@type\":\"WebPage\",\"@id\":\"https:\/\/spieltz.de\/verlag\/shop\/spieldauer\/20-30-minuten\/brettspiel-klassiker-weihnachten-sternhalma\/\",\"url\":\"https:\/\/spieltz.de\/verlag\/shop\/spieldauer\/20-30-minuten\/brettspiel-klassiker-weihnachten-sternhalma\/\",\"name\":\"Brettspiel Klassiker zu Weihnachten: Weihnachtsstern-Halma - Spieltz Verlag\",\"isPartOf\":{\"@id\":\"https:\/\/spieltz.de\/verlag\/#website\"},\"primaryImageOfPage\":{\"@id\":\"https:\/\/spieltz.de\/verlag\/shop\/spieldauer\/20-30-minuten\/brettspiel-klassiker-weihnachten-sternhalma\/#primaryimage\"},\"image\":{\"@id\":\"https:\/\/spieltz.de\/verlag\/shop\/spieldauer\/20-30-minuten\/brettspiel-klassiker-weihnachten-sternhalma\/#primaryimage\"},\"thumbnailUrl\":\"https:\/\/spieltz.de\/verlag\/wp-content\/uploads\/2016\/09\/Weihnachtsstern-Halma-Spielplan-scaled.jpg\",\"datePublished\":\"2016-09-04T23:01:52+00:00\",\"dateModified\":\"2017-11-09T20:56:22+00:00\",\"description\":\"Brettspiel Klassiker Weihnachten: Das beliebte Sternhalma in weihnachtlichem Kleid! Familienspiel f\u00fcr 2-6 Spieler ab 8 Jahren.\",\"breadcrumb\":{\"@id\":\"https:\/\/spieltz.de\/verlag\/shop\/spieldauer\/20-30-minuten\/brettspiel-klassiker-weihnachten-sternhalma\/#breadcrumb\"},\"inLanguage\":\"de\",\"potentialAction\":[{\"@type\":\"ReadAction\",\"target\":[\"https:\/\/spieltz.de\/verlag\/shop\/spieldauer\/20-30-minuten\/brettspiel-klassiker-weihnachten-sternhalma\/\"]}]},{\"@type\":\"ImageObject\",\"inLanguage\":\"de\",\"@id\":\"https:\/\/spieltz.de\/verlag\/shop\/spieldauer\/20-30-minuten\/brettspiel-klassiker-weihnachten-sternhalma\/#primaryimage\",\"url\":\"https:\/\/spieltz.de\/verlag\/wp-content\/uploads\/2016\/09\/Weihnachtsstern-Halma-Spielplan-scaled.jpg\",\"contentUrl\":\"https:\/\/spieltz.de\/verlag\/wp-content\/uploads\/2016\/09\/Weihnachtsstern-Halma-Spielplan-scaled.jpg\",\"width\":2560,\"height\":2560,\"caption\":\"Brettspiel Klassiker Weihnachten\"},{\"@type\":\"BreadcrumbList\",\"@id\":\"https:\/\/spieltz.de\/verlag\/shop\/spieldauer\/20-30-minuten\/brettspiel-klassiker-weihnachten-sternhalma\/#breadcrumb\",\"itemListElement\":[{\"@type\":\"ListItem\",\"position\":1,\"name\":\"Home\",\"item\":\"https:\/\/spieltz.de\/verlag\/\"},{\"@type\":\"ListItem\",\"position\":2,\"name\":\"Spieltz Verlag\",\"item\":\"https:\/\/spieltz.de\/verlag\/\"},{\"@type\":\"ListItem\",\"position\":3,\"name\":\"Brettspiel Klassiker zu Weihnachten: Weihnachtsstern-Halma\"}]},{\"@type\":\"WebSite\",\"@id\":\"https:\/\/spieltz.de\/verlag\/#website\",\"url\":\"https:\/\/spieltz.de\/verlag\/\",\"name\":\"Spieltz Verlag\",\"description\":\"Die Spielemacher. Verlagsprogramm.\",\"potentialAction\":[{\"@type\":\"SearchAction\",\"target\":{\"@type\":\"EntryPoint\",\"urlTemplate\":\"https:\/\/spieltz.de\/verlag\/?s={search_term_string}\"},\"query-input\":\"required name=search_term_string\"}],\"inLanguage\":\"de\"}]}<\/script>\n<!-- \/ Yoast SEO plugin. -->","yoast_head_json":{"title":"Brettspiel Klassiker zu Weihnachten: Weihnachtsstern-Halma - Spieltz Verlag","description":"Brettspiel Klassiker Weihnachten: Das beliebte Sternhalma in weihnachtlichem Kleid! Familienspiel f\u00fcr 2-6 Spieler ab 8 Jahren.","robots":{"index":"index","follow":"follow","max-snippet":"max-snippet:-1","max-image-preview":"max-image-preview:large","max-video-preview":"max-video-preview:-1"},"canonical":"https:\/\/spieltz.de\/verlag\/shop\/spieldauer\/20-30-minuten\/brettspiel-klassiker-weihnachten-sternhalma\/","og_locale":"de_DE","og_type":"article","og_title":"Brettspiel Klassiker zu Weihnachten: Weihnachtsstern-Halma - Spieltz Verlag","og_description":"Brettspiel Klassiker Weihnachten: Das beliebte Sternhalma in weihnachtlichem Kleid! Familienspiel f\u00fcr 2-6 Spieler ab 8 Jahren.","og_url":"https:\/\/spieltz.de\/verlag\/shop\/spieldauer\/20-30-minuten\/brettspiel-klassiker-weihnachten-sternhalma\/","og_site_name":"Spieltz Verlag","article_modified_time":"2017-11-09T20:56:22+00:00","og_image":[{"width":1024,"height":1024,"url":"https:\/\/spieltz.de\/verlag\/wp-content\/uploads\/2016\/09\/Weihnachtsstern-Halma-Spielplan-1024x1024.jpg","type":"image\/jpeg"}],"twitter_card":"summary_large_image","twitter_misc":{"Gesch\u00e4tzte Lesezeit":"2\u00a0Minuten"},"schema":{"@context":"https:\/\/schema.org","@graph":[{"@type":"WebPage","@id":"https:\/\/spieltz.de\/verlag\/shop\/spieldauer\/20-30-minuten\/brettspiel-klassiker-weihnachten-sternhalma\/","url":"https:\/\/spieltz.de\/verlag\/shop\/spieldauer\/20-30-minuten\/brettspiel-klassiker-weihnachten-sternhalma\/","name":"Brettspiel Klassiker zu Weihnachten: Weihnachtsstern-Halma - Spieltz Verlag","isPartOf":{"@id":"https:\/\/spieltz.de\/verlag\/#website"},"primaryImageOfPage":{"@id":"https:\/\/spieltz.de\/verlag\/shop\/spieldauer\/20-30-minuten\/brettspiel-klassiker-weihnachten-sternhalma\/#primaryimage"},"image":{"@id":"https:\/\/spieltz.de\/verlag\/shop\/spieldauer\/20-30-minuten\/brettspiel-klassiker-weihnachten-sternhalma\/#primaryimage"},"thumbnailUrl":"https:\/\/spieltz.de\/verlag\/wp-content\/uploads\/2016\/09\/Weihnachtsstern-Halma-Spielplan-scaled.jpg","datePublished":"2016-09-04T23:01:52+00:00","dateModified":"2017-11-09T20:56:22+00:00","description":"Brettspiel Klassiker Weihnachten: Das beliebte Sternhalma in weihnachtlichem Kleid! Familienspiel f\u00fcr 2-6 Spieler ab 8 Jahren.","breadcrumb":{"@id":"https:\/\/spieltz.de\/verlag\/shop\/spieldauer\/20-30-minuten\/brettspiel-klassiker-weihnachten-sternhalma\/#breadcrumb"},"inLanguage":"de","potentialAction":[{"@type":"ReadAction","target":["https:\/\/spieltz.de\/verlag\/shop\/spieldauer\/20-30-minuten\/brettspiel-klassiker-weihnachten-sternhalma\/"]}]},{"@type":"ImageObject","inLanguage":"de","@id":"https:\/\/spieltz.de\/verlag\/shop\/spieldauer\/20-30-minuten\/brettspiel-klassiker-weihnachten-sternhalma\/#primaryimage","url":"https:\/\/spieltz.de\/verlag\/wp-content\/uploads\/2016\/09\/Weihnachtsstern-Halma-Spielplan-scaled.jpg","contentUrl":"https:\/\/spieltz.de\/verlag\/wp-content\/uploads\/2016\/09\/Weihnachtsstern-Halma-Spielplan-scaled.jpg","width":2560,"height":2560,"caption":"Brettspiel Klassiker Weihnachten"},{"@type":"BreadcrumbList","@id":"https:\/\/spieltz.de\/verlag\/shop\/spieldauer\/20-30-minuten\/brettspiel-klassiker-weihnachten-sternhalma\/#breadcrumb","itemListElement":[{"@type":"ListItem","position":1,"name":"Home","item":"https:\/\/spieltz.de\/verlag\/"},{"@type":"ListItem","position":2,"name":"Spieltz Verlag","item":"https:\/\/spieltz.de\/verlag\/"},{"@type":"ListItem","position":3,"name":"Brettspiel Klassiker zu Weihnachten: Weihnachtsstern-Halma"}]},{"@type":"WebSite","@id":"https:\/\/spieltz.de\/verlag\/#website","url":"https:\/\/spieltz.de\/verlag\/","name":"Spieltz Verlag","description":"Die Spielemacher. Verlagsprogramm.","potentialAction":[{"@type":"SearchAction","target":{"@type":"EntryPoint","urlTemplate":"https:\/\/spieltz.de\/verlag\/?s={search_term_string}"},"query-input":"required name=search_term_string"}],"inLanguage":"de"}]}},"_links":{"self":[{"href":"https:\/\/spieltz.de\/verlag\/wp-json\/wp\/v2\/product\/998"}],"collection":[{"href":"https:\/\/spieltz.de\/verlag\/wp-json\/wp\/v2\/product"}],"about":[{"href":"https:\/\/spieltz.de\/verlag\/wp-json\/wp\/v2\/types\/product"}],"replies":[{"embeddable":true,"href":"https:\/\/spieltz.de\/verlag\/wp-json\/wp\/v2\/comments?post=998"}],"wp:featuredmedia":[{"embeddable":true,"href":"https:\/\/spieltz.de\/verlag\/wp-json\/wp\/v2\/media\/1149"}],"wp:attachment":[{"href":"https:\/\/spieltz.de\/verlag\/wp-json\/wp\/v2\/media?parent=998"}],"wp:term":[{"taxonomy":"product_cat","embeddable":true,"href":"https:\/\/spieltz.de\/verlag\/wp-json\/wp\/v2\/product_cat?post=998"},{"taxonomy":"product_tag","embeddable":true,"href":"https:\/\/spieltz.de\/verlag\/wp-json\/wp\/v2\/product_tag?post=998"}],"curies":[{"name":"wp","href":"https:\/\/api.w.org\/{rel}","templated":true}]}}