{"id":959,"date":"2015-12-09T00:28:28","date_gmt":"2015-12-08T23:28:28","guid":{"rendered":"http:\/\/spieltz.de\/verlag\/shop\/ausfuehrung\/preiskategorie-h\/spielbare-karte-schlittenfahrt\/"},"modified":"2017-04-03T04:19:45","modified_gmt":"2017-04-03T02:19:45","slug":"spielbare-karte","status":"publish","type":"product","link":"https:\/\/spieltz.de\/verlag\/shop\/spieldauer\/30-45-minuten\/spielbare-karte\/","title":{"rendered":"Spielbare Karte"},"content":{"rendered":"<h3>Format: Die spielbare Karte<\/h3>\n<p>Einige Spiele aus unserem Verlagsprogramm sind auch als SPIELBARE KARTEN erh\u00e4ltlich.<\/p>\n<p>Was ist eine spielbare Karte?<\/p>\n<p>Eine Karte, die aufgehoben wird! Denn sie ist spielbar. Unsere spielbaren Klappkarten im Format DIN A4 (aufgeklappt: DIN A3) enthalten &#8211; je nach Spiel &#8211; auf der Vorderseite oder Vorder- und R\u00fcckseite den Spielplan. In der Mitte ist Platz f\u00fcr pers\u00f6nliche Gr\u00fc\u00dfe und in der Mitte oder auf der Kartenr\u00fcckseite ist die Anleitung zu finden.<\/p>\n<p>Spielfiguren k\u00f6nnen mitbestellt werden, m\u00fcssen aber nicht. Die Karte kommt mit klassischen Holzfiguren aus, die der Empf\u00e4nger auch einem anderen Spiel entlehnen kann.<\/p>\n<h3>Folgende Spieltz Spiele gibt es als SPIELBARE KARTEN<\/h3>\n<ul>\n<li><a href=\"http:\/\/spieltz.de\/verlag\/shop\/thema\/weihnachten\/froehliche-schlittenfahrt-leiterspiel\/\">Fr\u00f6hliche Schlittenfahrt<\/a><\/li>\n<li><a href=\"http:\/\/spieltz.de\/verlag\/shop\/thema\/weihnachten\/weihnachtsspiel-hilfe-sie-wollen-den-weihnachtsmann-klauen\/\">Hilfe, sie wollen den Weihnachtsmann klauen<\/a><\/li>\n<li><a href=\"http:\/\/spieltz.de\/verlag\/shop\/thema\/weihnachten\/spiel-weihnachten-o-tannenbaum\/\">O Tannenbaum<\/a><\/li>\n<li><a href=\"http:\/\/spieltz.de\/verlag\/shop\/thema\/weihnachten\/brettspiel-klassiker-weihnachten-sternhalma\/\">Weihnachtsstern-Halma<\/a><\/li>\n<\/ul>\n<h3>Spielmaterial<\/h3>\n<ul>\n<li>Klappkarte (DIN A4, aufgeklappt: DIN A3) als\u00a0Spiel.<\/li>\n<li>Passendes Kuvert (wenn mitbestellt)<\/li>\n<li>Passende Spielfiguren aus lackiertem Holz im weihnachtlichen Organza-S\u00e4ckchen (wenn mitbestellt)<\/li>\n<\/ul>\n","protected":false},"excerpt":{"rendered":"<p>Einige Spiele aus unserem Verlagsprogramm sind auch als SPIELBARE KARTEN erh\u00e4ltlich.<\/p>\n<p>Unsere spielbaren Klappkarten im Format DIN A4 (aufgeklappt: DIN A3) enthalten &#8211; je nach Spiel &#8211; auf der Vorderseite oder Vorder- und R\u00fcckseite den Spielplan. In der Mitte ist Platz f\u00fcr pers\u00f6nliche Gr\u00fc\u00dfe und in der Mitte oder auf der Kartenr\u00fcckseite ist die Anleitung zu finden.<\/p>\n","protected":false},"featured_media":1152,"comment_status":"open","ping_status":"closed","template":"","meta":{"_monsterinsights_skip_tracking":false,"_monsterinsights_sitenote_active":false,"_monsterinsights_sitenote_note":"","_monsterinsights_sitenote_category":0,"_themeisle_gutenberg_block_has_review":false},"product_cat":[109,110,81,80],"product_tag":[240,239,241],"yoast_head":"<!-- This site is optimized with the Yoast SEO plugin v22.5 - https:\/\/yoast.com\/wordpress\/plugins\/seo\/ -->\n<title>Spielbare Karte - Spieltz Verlag<\/title>\n<meta name=\"description\" content=\"Einige Spiele aus unserem Verlagsprogramm sind auch als SPIELBARE KARTEN erh\u00e4ltlich. Eine spielbare Karte ist Brettspiel und gleichzeitig Gru\u00dfkarte!\" \/>\n<meta name=\"robots\" content=\"index, follow, max-snippet:-1, max-image-preview:large, max-video-preview:-1\" \/>\n<link rel=\"canonical\" href=\"https:\/\/spieltz.de\/verlag\/shop\/spieldauer\/30-45-minuten\/spielbare-karte\/\" \/>\n<meta property=\"og:locale\" content=\"de_DE\" \/>\n<meta property=\"og:type\" content=\"article\" \/>\n<meta property=\"og:title\" content=\"Spielbare Karte - Spieltz Verlag\" \/>\n<meta property=\"og:description\" content=\"Einige Spiele aus unserem Verlagsprogramm sind auch als SPIELBARE KARTEN erh\u00e4ltlich. Eine spielbare Karte ist Brettspiel und gleichzeitig Gru\u00dfkarte!\" \/>\n<meta property=\"og:url\" content=\"https:\/\/spieltz.de\/verlag\/shop\/spieldauer\/30-45-minuten\/spielbare-karte\/\" \/>\n<meta property=\"og:site_name\" content=\"Spieltz Verlag\" \/>\n<meta property=\"article:modified_time\" content=\"2017-04-03T02:19:45+00:00\" \/>\n<meta property=\"og:image\" content=\"https:\/\/spieltz.de\/verlag\/wp-content\/uploads\/2015\/12\/spielbare-karte-schlittenfahrt.jpg\" \/>\n\t<meta property=\"og:image:width\" content=\"500\" \/>\n\t<meta property=\"og:image:height\" content=\"461\" \/>\n\t<meta property=\"og:image:type\" content=\"image\/jpeg\" \/>\n<meta name=\"twitter:card\" content=\"summary_large_image\" \/>\n<meta name=\"twitter:label1\" content=\"Gesch\u00e4tzte Lesezeit\" \/>\n\t<meta name=\"twitter:data1\" content=\"1\u00a0Minute\" \/>\n<script type=\"application\/ld+json\" class=\"yoast-schema-graph\">{\"@context\":\"https:\/\/schema.org\",\"@graph\":[{\"@type\":\"WebPage\",\"@id\":\"https:\/\/spieltz.de\/verlag\/shop\/spieldauer\/30-45-minuten\/spielbare-karte\/\",\"url\":\"https:\/\/spieltz.de\/verlag\/shop\/spieldauer\/30-45-minuten\/spielbare-karte\/\",\"name\":\"Spielbare Karte - Spieltz Verlag\",\"isPartOf\":{\"@id\":\"https:\/\/spieltz.de\/verlag\/#website\"},\"primaryImageOfPage\":{\"@id\":\"https:\/\/spieltz.de\/verlag\/shop\/spieldauer\/30-45-minuten\/spielbare-karte\/#primaryimage\"},\"image\":{\"@id\":\"https:\/\/spieltz.de\/verlag\/shop\/spieldauer\/30-45-minuten\/spielbare-karte\/#primaryimage\"},\"thumbnailUrl\":\"https:\/\/spieltz.de\/verlag\/wp-content\/uploads\/2015\/12\/spielbare-karte-schlittenfahrt.jpg\",\"datePublished\":\"2015-12-08T23:28:28+00:00\",\"dateModified\":\"2017-04-03T02:19:45+00:00\",\"description\":\"Einige Spiele aus unserem Verlagsprogramm sind auch als SPIELBARE KARTEN erh\u00e4ltlich. Eine spielbare Karte ist Brettspiel und gleichzeitig Gru\u00dfkarte!\",\"breadcrumb\":{\"@id\":\"https:\/\/spieltz.de\/verlag\/shop\/spieldauer\/30-45-minuten\/spielbare-karte\/#breadcrumb\"},\"inLanguage\":\"de\",\"potentialAction\":[{\"@type\":\"ReadAction\",\"target\":[\"https:\/\/spieltz.de\/verlag\/shop\/spieldauer\/30-45-minuten\/spielbare-karte\/\"]}]},{\"@type\":\"ImageObject\",\"inLanguage\":\"de\",\"@id\":\"https:\/\/spieltz.de\/verlag\/shop\/spieldauer\/30-45-minuten\/spielbare-karte\/#primaryimage\",\"url\":\"https:\/\/spieltz.de\/verlag\/wp-content\/uploads\/2015\/12\/spielbare-karte-schlittenfahrt.jpg\",\"contentUrl\":\"https:\/\/spieltz.de\/verlag\/wp-content\/uploads\/2015\/12\/spielbare-karte-schlittenfahrt.jpg\",\"width\":500,\"height\":461,\"caption\":\"spielbare karte\"},{\"@type\":\"BreadcrumbList\",\"@id\":\"https:\/\/spieltz.de\/verlag\/shop\/spieldauer\/30-45-minuten\/spielbare-karte\/#breadcrumb\",\"itemListElement\":[{\"@type\":\"ListItem\",\"position\":1,\"name\":\"Home\",\"item\":\"https:\/\/spieltz.de\/verlag\/\"},{\"@type\":\"ListItem\",\"position\":2,\"name\":\"Spieltz Verlag\",\"item\":\"https:\/\/spieltz.de\/verlag\/\"},{\"@type\":\"ListItem\",\"position\":3,\"name\":\"Spielbare Karte\"}]},{\"@type\":\"WebSite\",\"@id\":\"https:\/\/spieltz.de\/verlag\/#website\",\"url\":\"https:\/\/spieltz.de\/verlag\/\",\"name\":\"Spieltz Verlag\",\"description\":\"Die Spielemacher. Verlagsprogramm.\",\"potentialAction\":[{\"@type\":\"SearchAction\",\"target\":{\"@type\":\"EntryPoint\",\"urlTemplate\":\"https:\/\/spieltz.de\/verlag\/?s={search_term_string}\"},\"query-input\":\"required name=search_term_string\"}],\"inLanguage\":\"de\"}]}<\/script>\n<!-- \/ Yoast SEO plugin. -->","yoast_head_json":{"title":"Spielbare Karte - Spieltz Verlag","description":"Einige Spiele aus unserem Verlagsprogramm sind auch als SPIELBARE KARTEN erh\u00e4ltlich. Eine spielbare Karte ist Brettspiel und gleichzeitig Gru\u00dfkarte!","robots":{"index":"index","follow":"follow","max-snippet":"max-snippet:-1","max-image-preview":"max-image-preview:large","max-video-preview":"max-video-preview:-1"},"canonical":"https:\/\/spieltz.de\/verlag\/shop\/spieldauer\/30-45-minuten\/spielbare-karte\/","og_locale":"de_DE","og_type":"article","og_title":"Spielbare Karte - Spieltz Verlag","og_description":"Einige Spiele aus unserem Verlagsprogramm sind auch als SPIELBARE KARTEN erh\u00e4ltlich. Eine spielbare Karte ist Brettspiel und gleichzeitig Gru\u00dfkarte!","og_url":"https:\/\/spieltz.de\/verlag\/shop\/spieldauer\/30-45-minuten\/spielbare-karte\/","og_site_name":"Spieltz Verlag","article_modified_time":"2017-04-03T02:19:45+00:00","og_image":[{"width":500,"height":461,"url":"https:\/\/spieltz.de\/verlag\/wp-content\/uploads\/2015\/12\/spielbare-karte-schlittenfahrt.jpg","type":"image\/jpeg"}],"twitter_card":"summary_large_image","twitter_misc":{"Gesch\u00e4tzte Lesezeit":"1\u00a0Minute"},"schema":{"@context":"https:\/\/schema.org","@graph":[{"@type":"WebPage","@id":"https:\/\/spieltz.de\/verlag\/shop\/spieldauer\/30-45-minuten\/spielbare-karte\/","url":"https:\/\/spieltz.de\/verlag\/shop\/spieldauer\/30-45-minuten\/spielbare-karte\/","name":"Spielbare Karte - Spieltz Verlag","isPartOf":{"@id":"https:\/\/spieltz.de\/verlag\/#website"},"primaryImageOfPage":{"@id":"https:\/\/spieltz.de\/verlag\/shop\/spieldauer\/30-45-minuten\/spielbare-karte\/#primaryimage"},"image":{"@id":"https:\/\/spieltz.de\/verlag\/shop\/spieldauer\/30-45-minuten\/spielbare-karte\/#primaryimage"},"thumbnailUrl":"https:\/\/spieltz.de\/verlag\/wp-content\/uploads\/2015\/12\/spielbare-karte-schlittenfahrt.jpg","datePublished":"2015-12-08T23:28:28+00:00","dateModified":"2017-04-03T02:19:45+00:00","description":"Einige Spiele aus unserem Verlagsprogramm sind auch als SPIELBARE KARTEN erh\u00e4ltlich. Eine spielbare Karte ist Brettspiel und gleichzeitig Gru\u00dfkarte!","breadcrumb":{"@id":"https:\/\/spieltz.de\/verlag\/shop\/spieldauer\/30-45-minuten\/spielbare-karte\/#breadcrumb"},"inLanguage":"de","potentialAction":[{"@type":"ReadAction","target":["https:\/\/spieltz.de\/verlag\/shop\/spieldauer\/30-45-minuten\/spielbare-karte\/"]}]},{"@type":"ImageObject","inLanguage":"de","@id":"https:\/\/spieltz.de\/verlag\/shop\/spieldauer\/30-45-minuten\/spielbare-karte\/#primaryimage","url":"https:\/\/spieltz.de\/verlag\/wp-content\/uploads\/2015\/12\/spielbare-karte-schlittenfahrt.jpg","contentUrl":"https:\/\/spieltz.de\/verlag\/wp-content\/uploads\/2015\/12\/spielbare-karte-schlittenfahrt.jpg","width":500,"height":461,"caption":"spielbare karte"},{"@type":"BreadcrumbList","@id":"https:\/\/spieltz.de\/verlag\/shop\/spieldauer\/30-45-minuten\/spielbare-karte\/#breadcrumb","itemListElement":[{"@type":"ListItem","position":1,"name":"Home","item":"https:\/\/spieltz.de\/verlag\/"},{"@type":"ListItem","position":2,"name":"Spieltz Verlag","item":"https:\/\/spieltz.de\/verlag\/"},{"@type":"ListItem","position":3,"name":"Spielbare Karte"}]},{"@type":"WebSite","@id":"https:\/\/spieltz.de\/verlag\/#website","url":"https:\/\/spieltz.de\/verlag\/","name":"Spieltz Verlag","description":"Die Spielemacher. Verlagsprogramm.","potentialAction":[{"@type":"SearchAction","target":{"@type":"EntryPoint","urlTemplate":"https:\/\/spieltz.de\/verlag\/?s={search_term_string}"},"query-input":"required name=search_term_string"}],"inLanguage":"de"}]}},"_links":{"self":[{"href":"https:\/\/spieltz.de\/verlag\/wp-json\/wp\/v2\/product\/959"}],"collection":[{"href":"https:\/\/spieltz.de\/verlag\/wp-json\/wp\/v2\/product"}],"about":[{"href":"https:\/\/spieltz.de\/verlag\/wp-json\/wp\/v2\/types\/product"}],"replies":[{"embeddable":true,"href":"https:\/\/spieltz.de\/verlag\/wp-json\/wp\/v2\/comments?post=959"}],"wp:featuredmedia":[{"embeddable":true,"href":"https:\/\/spieltz.de\/verlag\/wp-json\/wp\/v2\/media\/1152"}],"wp:attachment":[{"href":"https:\/\/spieltz.de\/verlag\/wp-json\/wp\/v2\/media?parent=959"}],"wp:term":[{"taxonomy":"product_cat","embeddable":true,"href":"https:\/\/spieltz.de\/verlag\/wp-json\/wp\/v2\/product_cat?post=959"},{"taxonomy":"product_tag","embeddable":true,"href":"https:\/\/spieltz.de\/verlag\/wp-json\/wp\/v2\/product_tag?post=959"}],"curies":[{"name":"wp","href":"https:\/\/api.w.org\/{rel}","templated":true}]}}