{"id":915,"date":"2015-11-15T03:44:25","date_gmt":"2015-11-15T02:44:25","guid":{"rendered":"http:\/\/spieltz.de\/verlag\/shop\/2-8-spieler\/das-puppenhaus-zum-rollen\/"},"modified":"2017-01-21T03:19:34","modified_gmt":"2017-01-21T02:19:34","slug":"mitnehm-puppenhaus-rollbar","status":"publish","type":"product","link":"https:\/\/spieltz.de\/verlag\/shop\/spiele-kategorie\/rollenspiele\/mitnehm-puppenhaus-rollbar\/","title":{"rendered":"Das Mitnehm-Puppenhaus in der Rolle"},"content":{"rendered":"<ul>\n<li>Art des Spiels:\u00a0Rollenspiel<\/li>\n<li>Ausf\u00fchrung: Spielpl\u00e4ne (Basisausstattung: 4 Zimmer) auf LKW-Plane \u2013 rollbar und robust, verpackt in eine\u00a0Rolle<\/li>\n<li>Zubeh\u00f6r:\u00a0Bewohner des Puppenhauses (Kinder, Hund, Katze) sowie M\u00f6bel zum Ausschneiden. Standf\u00fc\u00dfe f\u00fcr die Bewohner.<\/li>\n<li>Spielthemen: wohnen, einrichten<\/li>\n<li>Anzahl Spieler: 2 &#8211; 8\u00a0Spieler<\/li>\n<li>Empfohlenes Spielalter: ab 4\u00a0Jahren<\/li>\n<li>Spieldauer: offen;\u00a0keine Zeitangabe<\/li>\n<\/ul>\n<h3>Das\u00a0Mitnehm-Puppenhaus<\/h3>\n<p>Ein Puppenhaus zum Zusammenrollen? Ja, denn es ist auf LKW-Plane gedruckt! Das Basispaket enth\u00e4lt 4\u00a0Zimmer (in der Standardvariante jeweils 20 x 20 cm gro\u00df, in der Maxi-Variante jeweils 30&#215;30 cm gro\u00df), die die Kinder\u00a0zum Haus aneinander legen k\u00f6nnen.<br \/>\nDie Zimmer sind aus der &#8222;Vogelperspektive&#8220; entworfen. M\u00f6bel zum Ausschneiden gibt es dazu &#8211; gedruckt auf hochgl\u00e4nzendem Karton. Dazu die Bewohner: Kinder, Hund und Katze, auf Karton, mit Standf\u00fc\u00dfen.<\/p>\n<p>Nat\u00fcrlich k\u00f6nnen die Kinder auch selbst kreativ werden und ihre\u00a0eigenen M\u00f6bel entwerfen.<\/p>\n<p>Das Mitnehm-Puppenhaus wird in einer durchsichtigen PVC-Rolle ausgeliefert, L\u00e4nge 22 cm, Durchmesser 6,5 cm. Es eignet sich wunderbar zum Mitnehmen, in den Urlaub, zu Oma, zum Arzt.<\/p>\n<p>Spielidee: Karin Janner<br \/>\nDesign:\u00a0Daria F\u00fcrst<\/p>\n<h3>Spielmaterial<\/h3>\n<ul>\n<li>4\u00a0Spielpl\u00e4ne\u00a0(&#8222;Zimmer&#8220;) aus LKW-Plane, rollbar, robust und abwaschbar (Standard-Variante: 4 x 20&#215;20 cm; Maxi-Variante: 4 x 30&#215;30 cm)<\/li>\n<li>Zubeh\u00f6r:\u00a0Bewohner des Puppenhauses (Kinder, Hund, Katze) sowie M\u00f6bel zum Ausschneiden. Standf\u00fc\u00dfe f\u00fcr die Bewohner.<\/li>\n<li>Anleitung auf Deutsch<\/li>\n<li>Verpackung: Schraubrolle aus durchsichtigem PVC.<br \/>\nStandardspiel: Rollenl\u00e4nge 22 cm, Durchmesser 6,5 cm<br \/>\nMaxispiel: Rollenl\u00e4nge 32 cm, Durchmesser 6,5 cm<\/li>\n<\/ul>\n<h3>Das Mitnehm-Puppenhaus kaufen<\/h3>\n<h4>Kunden<\/h4>\n<p>Das Mitnehm-Puppehaus ist im Internet erh\u00e4ltlich <a href=\"https:\/\/www.amazon.de\/Das-Puppenhaus-von-der-Rolle\/dp\/B00IDHN964\/ref=sr_1_1?ie=UTF8&amp;qid=1484964349&amp;sr=8-1&amp;keywords=puppenhaus+spieltz\">bei Amazon\u00a0<\/a>und in unseren Shops bei <a href=\"http:\/\/spieltz.rakuten-shop.de\/\">Rakuten.de<\/a>, und\u00a0<a href=\"https:\/\/www.hitmeister.de\/shops\/spieltz\/\">Hitmeister,<\/a>\u00a0sowie in ausgew\u00e4hlten L\u00e4den.<\/p>\n<h4>H\u00e4ndler<\/h4>\n<p>Bitte kontaktieren Sie uns f\u00fcr eine <a href=\"mailto:info@spieltz.de\">H\u00e4ndlerpreisliste.<\/a><\/p>\n<h4>Firmenkunden<\/h4>\n<p>Firmenkunden k\u00f6nnen das Mitnehm-Puppenhaus mit eigenem Branding erhalten. Bitte besuchen Sie unseren <a href=\"http:\/\/spieltz.de\/werbespiele\/\">Werbespiele Shop<\/a>.<\/p>\n<p><a href=\"http:\/\/spieltz.de\/werbespiele\/shop\/ausfuehrung\/preiskategorie-c\/das-puppenhaus-in-der-rolle\/\">Das Mitnehm-Puppenhaus mit Branding, rollbar auf LKW-Plane\u00a0<\/a><\/p>\n","protected":false},"excerpt":{"rendered":"<p>Das Mitnehm-Puppenhaus besteht im Basispaket aus 4 Zimmern (aus der Vogelperspektive entworfen), die auf LKW-Plane gedruckt sind. M\u00f6bel aus starkem Karton gibt es zum Ausschneiden, und ebenso Bewohner des Hauses.<\/p>\n<p>Ma\u00dfe:<br \/>\nStandardvariante: Zimmer jeweils 20 x 20 cm gro\u00df, Maxi-Variante Zimmer jeweils 30&#215;30 cm gro\u00df<\/p>\n<p>Verpackung: Schraubrolle aus durchsichtigem PVC.<br \/>\nStandardspiel: Rollenl\u00e4nge 22 cm, Durchmesser 6,5 cm<br \/>\nMaxispiel: Rollenl\u00e4nge 32 cm, Durchmesser 6,5 cm<\/p>\n","protected":false},"featured_media":918,"comment_status":"open","ping_status":"closed","template":"","meta":{"_monsterinsights_skip_tracking":false,"_monsterinsights_sitenote_active":false,"_monsterinsights_sitenote_note":"","_monsterinsights_sitenote_category":0,"_themeisle_gutenberg_block_has_review":false},"product_cat":[103,118,212,221,216,222],"product_tag":[121,219,220,217],"yoast_head":"<!-- This site is optimized with the Yoast SEO plugin v22.5 - https:\/\/yoast.com\/wordpress\/plugins\/seo\/ -->\n<title>Das Mitnehm-Puppenhaus in der Rolle - Spieltz Verlag<\/title>\n<meta name=\"description\" content=\"Das Mitnehm-Puppenhaus zum Zusammenrollen. Die Zimmer (aus LKW-Plane) sind aus der &quot;Vogelperspektive&quot; entworfen. M\u00f6bel zum Ausschneiden gibt es dazu.\" \/>\n<meta name=\"robots\" content=\"index, follow, max-snippet:-1, max-image-preview:large, max-video-preview:-1\" \/>\n<link rel=\"canonical\" href=\"https:\/\/spieltz.de\/verlag\/shop\/spiele-kategorie\/rollenspiele\/mitnehm-puppenhaus-rollbar\/\" \/>\n<meta property=\"og:locale\" content=\"de_DE\" \/>\n<meta property=\"og:type\" content=\"article\" \/>\n<meta property=\"og:title\" content=\"Das Mitnehm-Puppenhaus in der Rolle - Spieltz Verlag\" \/>\n<meta property=\"og:description\" content=\"Das Mitnehm-Puppenhaus zum Zusammenrollen. Die Zimmer (aus LKW-Plane) sind aus der &quot;Vogelperspektive&quot; entworfen. M\u00f6bel zum Ausschneiden gibt es dazu.\" \/>\n<meta property=\"og:url\" content=\"https:\/\/spieltz.de\/verlag\/shop\/spiele-kategorie\/rollenspiele\/mitnehm-puppenhaus-rollbar\/\" \/>\n<meta property=\"og:site_name\" content=\"Spieltz Verlag\" \/>\n<meta property=\"article:modified_time\" content=\"2017-01-21T02:19:34+00:00\" \/>\n<meta property=\"og:image\" content=\"https:\/\/spieltz.de\/verlag\/wp-content\/uploads\/2015\/11\/puppenhaus-rollbar-spieltz-werbespiel-mit-button.jpg\" \/>\n\t<meta property=\"og:image:width\" content=\"1000\" \/>\n\t<meta property=\"og:image:height\" content=\"1000\" \/>\n\t<meta property=\"og:image:type\" content=\"image\/jpeg\" \/>\n<meta name=\"twitter:card\" content=\"summary_large_image\" \/>\n<meta name=\"twitter:label1\" content=\"Gesch\u00e4tzte Lesezeit\" \/>\n\t<meta name=\"twitter:data1\" content=\"1\u00a0Minute\" \/>\n<script type=\"application\/ld+json\" class=\"yoast-schema-graph\">{\"@context\":\"https:\/\/schema.org\",\"@graph\":[{\"@type\":\"WebPage\",\"@id\":\"https:\/\/spieltz.de\/verlag\/shop\/spiele-kategorie\/rollenspiele\/mitnehm-puppenhaus-rollbar\/\",\"url\":\"https:\/\/spieltz.de\/verlag\/shop\/spiele-kategorie\/rollenspiele\/mitnehm-puppenhaus-rollbar\/\",\"name\":\"Das Mitnehm-Puppenhaus in der Rolle - Spieltz Verlag\",\"isPartOf\":{\"@id\":\"https:\/\/spieltz.de\/verlag\/#website\"},\"primaryImageOfPage\":{\"@id\":\"https:\/\/spieltz.de\/verlag\/shop\/spiele-kategorie\/rollenspiele\/mitnehm-puppenhaus-rollbar\/#primaryimage\"},\"image\":{\"@id\":\"https:\/\/spieltz.de\/verlag\/shop\/spiele-kategorie\/rollenspiele\/mitnehm-puppenhaus-rollbar\/#primaryimage\"},\"thumbnailUrl\":\"https:\/\/spieltz.de\/verlag\/wp-content\/uploads\/2015\/11\/puppenhaus-rollbar-spieltz-werbespiel-mit-button.jpg\",\"datePublished\":\"2015-11-15T02:44:25+00:00\",\"dateModified\":\"2017-01-21T02:19:34+00:00\",\"description\":\"Das Mitnehm-Puppenhaus zum Zusammenrollen. Die Zimmer (aus LKW-Plane) sind aus der \\\"Vogelperspektive\\\" entworfen. M\u00f6bel zum Ausschneiden gibt es dazu.\",\"breadcrumb\":{\"@id\":\"https:\/\/spieltz.de\/verlag\/shop\/spiele-kategorie\/rollenspiele\/mitnehm-puppenhaus-rollbar\/#breadcrumb\"},\"inLanguage\":\"de\",\"potentialAction\":[{\"@type\":\"ReadAction\",\"target\":[\"https:\/\/spieltz.de\/verlag\/shop\/spiele-kategorie\/rollenspiele\/mitnehm-puppenhaus-rollbar\/\"]}]},{\"@type\":\"ImageObject\",\"inLanguage\":\"de\",\"@id\":\"https:\/\/spieltz.de\/verlag\/shop\/spiele-kategorie\/rollenspiele\/mitnehm-puppenhaus-rollbar\/#primaryimage\",\"url\":\"https:\/\/spieltz.de\/verlag\/wp-content\/uploads\/2015\/11\/puppenhaus-rollbar-spieltz-werbespiel-mit-button.jpg\",\"contentUrl\":\"https:\/\/spieltz.de\/verlag\/wp-content\/uploads\/2015\/11\/puppenhaus-rollbar-spieltz-werbespiel-mit-button.jpg\",\"width\":1000,\"height\":1000,\"caption\":\"mitnehm-puppenhaus-rollbar-spieltz\"},{\"@type\":\"BreadcrumbList\",\"@id\":\"https:\/\/spieltz.de\/verlag\/shop\/spiele-kategorie\/rollenspiele\/mitnehm-puppenhaus-rollbar\/#breadcrumb\",\"itemListElement\":[{\"@type\":\"ListItem\",\"position\":1,\"name\":\"Home\",\"item\":\"https:\/\/spieltz.de\/verlag\/\"},{\"@type\":\"ListItem\",\"position\":2,\"name\":\"Spieltz Verlag\",\"item\":\"https:\/\/spieltz.de\/verlag\/\"},{\"@type\":\"ListItem\",\"position\":3,\"name\":\"Das Mitnehm-Puppenhaus in der Rolle\"}]},{\"@type\":\"WebSite\",\"@id\":\"https:\/\/spieltz.de\/verlag\/#website\",\"url\":\"https:\/\/spieltz.de\/verlag\/\",\"name\":\"Spieltz Verlag\",\"description\":\"Die Spielemacher. Verlagsprogramm.\",\"potentialAction\":[{\"@type\":\"SearchAction\",\"target\":{\"@type\":\"EntryPoint\",\"urlTemplate\":\"https:\/\/spieltz.de\/verlag\/?s={search_term_string}\"},\"query-input\":\"required name=search_term_string\"}],\"inLanguage\":\"de\"}]}<\/script>\n<!-- \/ Yoast SEO plugin. -->","yoast_head_json":{"title":"Das Mitnehm-Puppenhaus in der Rolle - Spieltz Verlag","description":"Das Mitnehm-Puppenhaus zum Zusammenrollen. Die Zimmer (aus LKW-Plane) sind aus der \"Vogelperspektive\" entworfen. M\u00f6bel zum Ausschneiden gibt es dazu.","robots":{"index":"index","follow":"follow","max-snippet":"max-snippet:-1","max-image-preview":"max-image-preview:large","max-video-preview":"max-video-preview:-1"},"canonical":"https:\/\/spieltz.de\/verlag\/shop\/spiele-kategorie\/rollenspiele\/mitnehm-puppenhaus-rollbar\/","og_locale":"de_DE","og_type":"article","og_title":"Das Mitnehm-Puppenhaus in der Rolle - Spieltz Verlag","og_description":"Das Mitnehm-Puppenhaus zum Zusammenrollen. Die Zimmer (aus LKW-Plane) sind aus der \"Vogelperspektive\" entworfen. M\u00f6bel zum Ausschneiden gibt es dazu.","og_url":"https:\/\/spieltz.de\/verlag\/shop\/spiele-kategorie\/rollenspiele\/mitnehm-puppenhaus-rollbar\/","og_site_name":"Spieltz Verlag","article_modified_time":"2017-01-21T02:19:34+00:00","og_image":[{"width":1000,"height":1000,"url":"https:\/\/spieltz.de\/verlag\/wp-content\/uploads\/2015\/11\/puppenhaus-rollbar-spieltz-werbespiel-mit-button.jpg","type":"image\/jpeg"}],"twitter_card":"summary_large_image","twitter_misc":{"Gesch\u00e4tzte Lesezeit":"1\u00a0Minute"},"schema":{"@context":"https:\/\/schema.org","@graph":[{"@type":"WebPage","@id":"https:\/\/spieltz.de\/verlag\/shop\/spiele-kategorie\/rollenspiele\/mitnehm-puppenhaus-rollbar\/","url":"https:\/\/spieltz.de\/verlag\/shop\/spiele-kategorie\/rollenspiele\/mitnehm-puppenhaus-rollbar\/","name":"Das Mitnehm-Puppenhaus in der Rolle - Spieltz Verlag","isPartOf":{"@id":"https:\/\/spieltz.de\/verlag\/#website"},"primaryImageOfPage":{"@id":"https:\/\/spieltz.de\/verlag\/shop\/spiele-kategorie\/rollenspiele\/mitnehm-puppenhaus-rollbar\/#primaryimage"},"image":{"@id":"https:\/\/spieltz.de\/verlag\/shop\/spiele-kategorie\/rollenspiele\/mitnehm-puppenhaus-rollbar\/#primaryimage"},"thumbnailUrl":"https:\/\/spieltz.de\/verlag\/wp-content\/uploads\/2015\/11\/puppenhaus-rollbar-spieltz-werbespiel-mit-button.jpg","datePublished":"2015-11-15T02:44:25+00:00","dateModified":"2017-01-21T02:19:34+00:00","description":"Das Mitnehm-Puppenhaus zum Zusammenrollen. Die Zimmer (aus LKW-Plane) sind aus der \"Vogelperspektive\" entworfen. M\u00f6bel zum Ausschneiden gibt es dazu.","breadcrumb":{"@id":"https:\/\/spieltz.de\/verlag\/shop\/spiele-kategorie\/rollenspiele\/mitnehm-puppenhaus-rollbar\/#breadcrumb"},"inLanguage":"de","potentialAction":[{"@type":"ReadAction","target":["https:\/\/spieltz.de\/verlag\/shop\/spiele-kategorie\/rollenspiele\/mitnehm-puppenhaus-rollbar\/"]}]},{"@type":"ImageObject","inLanguage":"de","@id":"https:\/\/spieltz.de\/verlag\/shop\/spiele-kategorie\/rollenspiele\/mitnehm-puppenhaus-rollbar\/#primaryimage","url":"https:\/\/spieltz.de\/verlag\/wp-content\/uploads\/2015\/11\/puppenhaus-rollbar-spieltz-werbespiel-mit-button.jpg","contentUrl":"https:\/\/spieltz.de\/verlag\/wp-content\/uploads\/2015\/11\/puppenhaus-rollbar-spieltz-werbespiel-mit-button.jpg","width":1000,"height":1000,"caption":"mitnehm-puppenhaus-rollbar-spieltz"},{"@type":"BreadcrumbList","@id":"https:\/\/spieltz.de\/verlag\/shop\/spiele-kategorie\/rollenspiele\/mitnehm-puppenhaus-rollbar\/#breadcrumb","itemListElement":[{"@type":"ListItem","position":1,"name":"Home","item":"https:\/\/spieltz.de\/verlag\/"},{"@type":"ListItem","position":2,"name":"Spieltz Verlag","item":"https:\/\/spieltz.de\/verlag\/"},{"@type":"ListItem","position":3,"name":"Das Mitnehm-Puppenhaus in der Rolle"}]},{"@type":"WebSite","@id":"https:\/\/spieltz.de\/verlag\/#website","url":"https:\/\/spieltz.de\/verlag\/","name":"Spieltz Verlag","description":"Die Spielemacher. Verlagsprogramm.","potentialAction":[{"@type":"SearchAction","target":{"@type":"EntryPoint","urlTemplate":"https:\/\/spieltz.de\/verlag\/?s={search_term_string}"},"query-input":"required name=search_term_string"}],"inLanguage":"de"}]}},"_links":{"self":[{"href":"https:\/\/spieltz.de\/verlag\/wp-json\/wp\/v2\/product\/915"}],"collection":[{"href":"https:\/\/spieltz.de\/verlag\/wp-json\/wp\/v2\/product"}],"about":[{"href":"https:\/\/spieltz.de\/verlag\/wp-json\/wp\/v2\/types\/product"}],"replies":[{"embeddable":true,"href":"https:\/\/spieltz.de\/verlag\/wp-json\/wp\/v2\/comments?post=915"}],"wp:featuredmedia":[{"embeddable":true,"href":"https:\/\/spieltz.de\/verlag\/wp-json\/wp\/v2\/media\/918"}],"wp:attachment":[{"href":"https:\/\/spieltz.de\/verlag\/wp-json\/wp\/v2\/media?parent=915"}],"wp:term":[{"taxonomy":"product_cat","embeddable":true,"href":"https:\/\/spieltz.de\/verlag\/wp-json\/wp\/v2\/product_cat?post=915"},{"taxonomy":"product_tag","embeddable":true,"href":"https:\/\/spieltz.de\/verlag\/wp-json\/wp\/v2\/product_tag?post=915"}],"curies":[{"name":"wp","href":"https:\/\/api.w.org\/{rel}","templated":true}]}}