{"id":88,"date":"2015-09-01T15:34:08","date_gmt":"2015-09-01T13:34:08","guid":{"rendered":"http:\/\/spieltz.de\/verlag\/shop\/unkategorisiert\/hnefatafl\/"},"modified":"2018-06-17T23:08:41","modified_gmt":"2018-06-17T21:08:41","slug":"hnefatafl-spiel-der-wikinger","status":"publish","type":"product","link":"https:\/\/spieltz.de\/verlag\/shop\/spiele-kategorie\/strategiespiele\/hnefatafl-spiel-der-wikinger\/","title":{"rendered":"Hnefatafl &#8211; das Lieblings-Spiel der Wikinger"},"content":{"rendered":"<ul>\n<li>Art des Spiels: Brettspiel,\u00a0Strategiespiel, traditionelles Spiel, Wikingerspiel<\/li>\n<li>Ausf\u00fchrung: Spielplan auf LKW-Plane \u2013 rollbar und robust, verpackt in eine Rolle<\/li>\n<li>Zubeh\u00f6r: Spielfiguren aus bunt lackiertem Holz oder aus buntem Glas<\/li>\n<li>Anzahl Spieler: 2 Spieler<\/li>\n<li>Empfohlenes Spielalter: ab 8 Jahren<\/li>\n<li>Spieldauer: 20 Minuten<\/li>\n<\/ul>\n<h3>Hnefatafl &#8211; das Spiel<\/h3>\n<p>Das traditionelle Spiel <em>Hnefatafl<\/em> ist in Nordeuropa seit Jahrhunderten bekannt und war vermutlich das Lieblingsspiel der Wikinger. Der schwedische Botaniker Carl von Linne lernte das Spiel um 1730 unter dem Namen &#8222;Tablut&#8220; in Lappland kennen und beschrieb es ausf\u00fchrlich in seinen Reise-Tageb\u00fcchern.<\/p>\n<p>Im Spiel geht es um den\u00a0Angriff auf eine Burg: 24 Angreifer st\u00fcrmen die Burg mit dem Ziel, den K\u00f6nig gefangen zu nehmen. Gelingt das den Angreifern, so hat diese Partei\u00a0gewonnen. Gelingt es hingegen dem K\u00f6nig, aus der Burg zu entkommen und sich in Sicherheit zu bringen, so sind der K\u00f6nig und seine 12 Verteidiger die Sieger.<\/p>\n<p>Bei diesem Strategiespiel handelt es sich um ein asymmetrisches Brettspiel: Die beiden Spieler haben\u00a0unterschiedliche\u00a0Spielziele und\u00a0Spielfiguren.<\/p>\n<p>Autor: unbekannt \/ traditionelles Spiel<br \/>\nDesign:\u00a0Daria F\u00fcrst<\/p>\n<h3>Spielmaterial<\/h3>\n<ul>\n<li>1 Spielplan aus LKW-Plane, rollbar, robust und abwaschbar<\/li>\n<li>24 + 12 + 1 Spielfiguren aus bunt lackiertem Holz oder aus buntem Glas (je nach Gr\u00f6\u00dfe und Ausf\u00fchrung): 1 K\u00f6nigsstein, 12 Verteidiger- und 24 Angreifer-Steine.<\/li>\n<li>Anleitung auf Deutsch<\/li>\n<li>Verpackung:\u00a0Rolle<br \/>\nStandardspiel &#8211; Rolle\u00a0L\u00e4nge 34 cm, Durchmesser 6 cm.<br \/>\nMaxi-Spiel &#8211; Rolle L\u00e4nge 44 cm, Durchmesser 6 cm.<br \/>\nReisespiel &#8211;\u00a0Rolle L\u00e4nge 24 cm, Durchmesser 6 cm.<\/li>\n<\/ul>\n<h3>Hnefatafl\u00a0kaufen<\/h3>\n<h4>Kunden<\/h4>\n<p>Unser Wikingerspiel <em>Hnefatafl<\/em> ist im Internet erh\u00e4ltlich <a href=\"https:\/\/www.amazon.de\/Spieltz-516-Hnefatafl\/dp\/B00J3EOX52\/ref=lp_9059222031_1_9?srs=9059222031&amp;ie=UTF8&amp;qid=1490662305&amp;sr=8-9\">bei Amazon\u00a0<\/a>und in unseren Shops bei <a href=\"http:\/\/spieltz.rakuten-shop.de\/\">Rakuten.de<\/a>, und\u00a0<a href=\"https:\/\/www.hitmeister.de\/shops\/spieltz\/\">Hitmeister,<\/a>\u00a0sowie in ausgew\u00e4hlten L\u00e4den.<\/p>\n<h4>H\u00e4ndler<\/h4>\n<p>Bitte kontaktieren Sie uns f\u00fcr eine <a href=\"mailto:info@spieltz.de\">H\u00e4ndlerpreisliste.<\/a><\/p>\n<h4>Firmenkunden<\/h4>\n<p>Wie alle Spieltz-Spiele ist <em>Hnefatafl<\/em> auch als Werbespiel mit Ihrem eigenen Branding \/ in Ihren Unternehmensfarben erh\u00e4ltlich. Bitte besuchen Sie unseren <a href=\"http:\/\/spieltz.de\/werbespiele\/\">Werbespiele Shop<\/a>.<\/p>\n<ul>\n<li><a href=\"http:\/\/spieltz.de\/werbespiele\/shop\/ausfuehrung\/preiskategorie-a\/hnefatafl-werbespiele-plane\/\">Hnefatafl mit Branding, rollbar auf LKW-Plane\u00a0<\/a><\/li>\n<li><a href=\"http:\/\/spieltz.de\/werbespiele\/shop\/ausfuehrung\/preiskategorie-d\/hnefatafl-brettspiel\/\">Hnefatafl\u00a0mit Branding, klassisch produziert als Brettspiel mit Spielbrett \/ St\u00fclpdeckelschachtel.<\/a><\/li>\n<\/ul>\n","protected":false},"excerpt":{"rendered":"<p>Das traditionelle Strategie-Spiel <em>Hnefatafl<\/em> ist in Nordeuropa seit Jahrhunderten bekannt und war vermutlich das Lieblingsspiel der Wikinger. 24 Angreifer st\u00fcrmen eine\u00a0Burg mit dem Ziel, den K\u00f6nig gefangen zu nehmen.<\/p>\n<p>F\u00fcr 2 Spieler ab 8 Jahren.<br \/>\nSpieldauer etwa 20 Minuten.<\/p>\n<p>Der Spielplan ist auf rollbare LKW-Plane gedruckt und zusammen mit dem Zubeh\u00f6r in eine Rolle verpackt.<\/p>\n<p>Ma\u00dfe:<br \/>\nStandardspiel: Spielplan Gr\u00f6\u00dfe 30\u00d730 cm,\u00a0Verpackung: Rolle L\u00e4nge 34\u00a0cm, Durchmesser 6 cm<br \/>\nMaxispiel: SpielplanGr\u00f6\u00dfe 40\u00d740 cm,\u00a0Verpackung: Rolle L\u00e4nge 44\u00a0cm, Durchmesser 6 cm<br \/>\nReisespiel:\u00a0Spielplan Gr\u00f6\u00dfe 20\u00d720 cm,\u00a0Verpackung: Rolle L\u00e4nge 24\u00a0cm, Durchmesser 6 cm<\/p>\n","protected":false},"featured_media":1107,"comment_status":"open","ping_status":"closed","template":"","meta":{"_monsterinsights_skip_tracking":false,"_monsterinsights_sitenote_active":false,"_monsterinsights_sitenote_note":"","_monsterinsights_sitenote_category":0,"_themeisle_gutenberg_block_has_review":false},"product_cat":[112,84,92,101],"product_tag":[70,66,65,67],"yoast_head":"<!-- This site is optimized with the Yoast SEO plugin v22.5 - https:\/\/yoast.com\/wordpress\/plugins\/seo\/ -->\n<title>Hnefatafl - das Lieblings-Spiel der Wikinger - Spieltz Verlag<\/title>\n<meta name=\"description\" content=\"Das traditionelle Spiel Hnefatafl - ein Strategiespiel f\u00fcr 2 Spieler ab 8 J.- ist als &quot;Lieblingsspiel der Wikinger&quot; in Nordeuropa seit Jahrhunderten bekannt\" \/>\n<meta name=\"robots\" content=\"index, follow, max-snippet:-1, max-image-preview:large, max-video-preview:-1\" \/>\n<link rel=\"canonical\" href=\"https:\/\/spieltz.de\/verlag\/shop\/spiele-kategorie\/strategiespiele\/hnefatafl-spiel-der-wikinger\/\" \/>\n<meta property=\"og:locale\" content=\"de_DE\" \/>\n<meta property=\"og:type\" content=\"article\" \/>\n<meta property=\"og:title\" content=\"Hnefatafl - das Lieblings-Spiel der Wikinger - Spieltz Verlag\" \/>\n<meta property=\"og:description\" content=\"Das traditionelle Spiel Hnefatafl - ein Strategiespiel f\u00fcr 2 Spieler ab 8 J.- ist als &quot;Lieblingsspiel der Wikinger&quot; in Nordeuropa seit Jahrhunderten bekannt\" \/>\n<meta property=\"og:url\" content=\"https:\/\/spieltz.de\/verlag\/shop\/spiele-kategorie\/strategiespiele\/hnefatafl-spiel-der-wikinger\/\" \/>\n<meta property=\"og:site_name\" content=\"Spieltz Verlag\" \/>\n<meta property=\"article:modified_time\" content=\"2018-06-17T21:08:41+00:00\" \/>\n<meta property=\"og:image\" content=\"https:\/\/spieltz.de\/verlag\/wp-content\/uploads\/2015\/09\/hnefatafl_spielplan-1024x1021.jpg\" \/>\n\t<meta property=\"og:image:width\" content=\"1024\" \/>\n\t<meta property=\"og:image:height\" content=\"1021\" \/>\n\t<meta property=\"og:image:type\" content=\"image\/jpeg\" \/>\n<meta name=\"twitter:card\" content=\"summary_large_image\" \/>\n<meta name=\"twitter:label1\" content=\"Gesch\u00e4tzte Lesezeit\" \/>\n\t<meta name=\"twitter:data1\" content=\"2\u00a0Minuten\" \/>\n<script type=\"application\/ld+json\" class=\"yoast-schema-graph\">{\"@context\":\"https:\/\/schema.org\",\"@graph\":[{\"@type\":\"WebPage\",\"@id\":\"https:\/\/spieltz.de\/verlag\/shop\/spiele-kategorie\/strategiespiele\/hnefatafl-spiel-der-wikinger\/\",\"url\":\"https:\/\/spieltz.de\/verlag\/shop\/spiele-kategorie\/strategiespiele\/hnefatafl-spiel-der-wikinger\/\",\"name\":\"Hnefatafl - das Lieblings-Spiel der Wikinger - Spieltz Verlag\",\"isPartOf\":{\"@id\":\"https:\/\/spieltz.de\/verlag\/#website\"},\"primaryImageOfPage\":{\"@id\":\"https:\/\/spieltz.de\/verlag\/shop\/spiele-kategorie\/strategiespiele\/hnefatafl-spiel-der-wikinger\/#primaryimage\"},\"image\":{\"@id\":\"https:\/\/spieltz.de\/verlag\/shop\/spiele-kategorie\/strategiespiele\/hnefatafl-spiel-der-wikinger\/#primaryimage\"},\"thumbnailUrl\":\"https:\/\/spieltz.de\/verlag\/wp-content\/uploads\/2015\/09\/hnefatafl_spielplan-scaled.jpg\",\"datePublished\":\"2015-09-01T13:34:08+00:00\",\"dateModified\":\"2018-06-17T21:08:41+00:00\",\"description\":\"Das traditionelle Spiel Hnefatafl - ein Strategiespiel f\u00fcr 2 Spieler ab 8 J.- ist als \\\"Lieblingsspiel der Wikinger\\\" in Nordeuropa seit Jahrhunderten bekannt\",\"breadcrumb\":{\"@id\":\"https:\/\/spieltz.de\/verlag\/shop\/spiele-kategorie\/strategiespiele\/hnefatafl-spiel-der-wikinger\/#breadcrumb\"},\"inLanguage\":\"de\",\"potentialAction\":[{\"@type\":\"ReadAction\",\"target\":[\"https:\/\/spieltz.de\/verlag\/shop\/spiele-kategorie\/strategiespiele\/hnefatafl-spiel-der-wikinger\/\"]}]},{\"@type\":\"ImageObject\",\"inLanguage\":\"de\",\"@id\":\"https:\/\/spieltz.de\/verlag\/shop\/spiele-kategorie\/strategiespiele\/hnefatafl-spiel-der-wikinger\/#primaryimage\",\"url\":\"https:\/\/spieltz.de\/verlag\/wp-content\/uploads\/2015\/09\/hnefatafl_spielplan-scaled.jpg\",\"contentUrl\":\"https:\/\/spieltz.de\/verlag\/wp-content\/uploads\/2015\/09\/hnefatafl_spielplan-scaled.jpg\",\"width\":2560,\"height\":2552,\"caption\":\"Hnefatafl\"},{\"@type\":\"BreadcrumbList\",\"@id\":\"https:\/\/spieltz.de\/verlag\/shop\/spiele-kategorie\/strategiespiele\/hnefatafl-spiel-der-wikinger\/#breadcrumb\",\"itemListElement\":[{\"@type\":\"ListItem\",\"position\":1,\"name\":\"Home\",\"item\":\"https:\/\/spieltz.de\/verlag\/\"},{\"@type\":\"ListItem\",\"position\":2,\"name\":\"Spieltz Verlag\",\"item\":\"https:\/\/spieltz.de\/verlag\/\"},{\"@type\":\"ListItem\",\"position\":3,\"name\":\"Hnefatafl &#8211; das Lieblings-Spiel der Wikinger\"}]},{\"@type\":\"WebSite\",\"@id\":\"https:\/\/spieltz.de\/verlag\/#website\",\"url\":\"https:\/\/spieltz.de\/verlag\/\",\"name\":\"Spieltz Verlag\",\"description\":\"Die Spielemacher. Verlagsprogramm.\",\"potentialAction\":[{\"@type\":\"SearchAction\",\"target\":{\"@type\":\"EntryPoint\",\"urlTemplate\":\"https:\/\/spieltz.de\/verlag\/?s={search_term_string}\"},\"query-input\":\"required name=search_term_string\"}],\"inLanguage\":\"de\"}]}<\/script>\n<!-- \/ Yoast SEO plugin. -->","yoast_head_json":{"title":"Hnefatafl - das Lieblings-Spiel der Wikinger - Spieltz Verlag","description":"Das traditionelle Spiel Hnefatafl - ein Strategiespiel f\u00fcr 2 Spieler ab 8 J.- ist als \"Lieblingsspiel der Wikinger\" in Nordeuropa seit Jahrhunderten bekannt","robots":{"index":"index","follow":"follow","max-snippet":"max-snippet:-1","max-image-preview":"max-image-preview:large","max-video-preview":"max-video-preview:-1"},"canonical":"https:\/\/spieltz.de\/verlag\/shop\/spiele-kategorie\/strategiespiele\/hnefatafl-spiel-der-wikinger\/","og_locale":"de_DE","og_type":"article","og_title":"Hnefatafl - das Lieblings-Spiel der Wikinger - Spieltz Verlag","og_description":"Das traditionelle Spiel Hnefatafl - ein Strategiespiel f\u00fcr 2 Spieler ab 8 J.- ist als \"Lieblingsspiel der Wikinger\" in Nordeuropa seit Jahrhunderten bekannt","og_url":"https:\/\/spieltz.de\/verlag\/shop\/spiele-kategorie\/strategiespiele\/hnefatafl-spiel-der-wikinger\/","og_site_name":"Spieltz Verlag","article_modified_time":"2018-06-17T21:08:41+00:00","og_image":[{"width":1024,"height":1021,"url":"https:\/\/spieltz.de\/verlag\/wp-content\/uploads\/2015\/09\/hnefatafl_spielplan-1024x1021.jpg","type":"image\/jpeg"}],"twitter_card":"summary_large_image","twitter_misc":{"Gesch\u00e4tzte Lesezeit":"2\u00a0Minuten"},"schema":{"@context":"https:\/\/schema.org","@graph":[{"@type":"WebPage","@id":"https:\/\/spieltz.de\/verlag\/shop\/spiele-kategorie\/strategiespiele\/hnefatafl-spiel-der-wikinger\/","url":"https:\/\/spieltz.de\/verlag\/shop\/spiele-kategorie\/strategiespiele\/hnefatafl-spiel-der-wikinger\/","name":"Hnefatafl - das Lieblings-Spiel der Wikinger - Spieltz Verlag","isPartOf":{"@id":"https:\/\/spieltz.de\/verlag\/#website"},"primaryImageOfPage":{"@id":"https:\/\/spieltz.de\/verlag\/shop\/spiele-kategorie\/strategiespiele\/hnefatafl-spiel-der-wikinger\/#primaryimage"},"image":{"@id":"https:\/\/spieltz.de\/verlag\/shop\/spiele-kategorie\/strategiespiele\/hnefatafl-spiel-der-wikinger\/#primaryimage"},"thumbnailUrl":"https:\/\/spieltz.de\/verlag\/wp-content\/uploads\/2015\/09\/hnefatafl_spielplan-scaled.jpg","datePublished":"2015-09-01T13:34:08+00:00","dateModified":"2018-06-17T21:08:41+00:00","description":"Das traditionelle Spiel Hnefatafl - ein Strategiespiel f\u00fcr 2 Spieler ab 8 J.- ist als \"Lieblingsspiel der Wikinger\" in Nordeuropa seit Jahrhunderten bekannt","breadcrumb":{"@id":"https:\/\/spieltz.de\/verlag\/shop\/spiele-kategorie\/strategiespiele\/hnefatafl-spiel-der-wikinger\/#breadcrumb"},"inLanguage":"de","potentialAction":[{"@type":"ReadAction","target":["https:\/\/spieltz.de\/verlag\/shop\/spiele-kategorie\/strategiespiele\/hnefatafl-spiel-der-wikinger\/"]}]},{"@type":"ImageObject","inLanguage":"de","@id":"https:\/\/spieltz.de\/verlag\/shop\/spiele-kategorie\/strategiespiele\/hnefatafl-spiel-der-wikinger\/#primaryimage","url":"https:\/\/spieltz.de\/verlag\/wp-content\/uploads\/2015\/09\/hnefatafl_spielplan-scaled.jpg","contentUrl":"https:\/\/spieltz.de\/verlag\/wp-content\/uploads\/2015\/09\/hnefatafl_spielplan-scaled.jpg","width":2560,"height":2552,"caption":"Hnefatafl"},{"@type":"BreadcrumbList","@id":"https:\/\/spieltz.de\/verlag\/shop\/spiele-kategorie\/strategiespiele\/hnefatafl-spiel-der-wikinger\/#breadcrumb","itemListElement":[{"@type":"ListItem","position":1,"name":"Home","item":"https:\/\/spieltz.de\/verlag\/"},{"@type":"ListItem","position":2,"name":"Spieltz Verlag","item":"https:\/\/spieltz.de\/verlag\/"},{"@type":"ListItem","position":3,"name":"Hnefatafl &#8211; das Lieblings-Spiel der Wikinger"}]},{"@type":"WebSite","@id":"https:\/\/spieltz.de\/verlag\/#website","url":"https:\/\/spieltz.de\/verlag\/","name":"Spieltz Verlag","description":"Die Spielemacher. Verlagsprogramm.","potentialAction":[{"@type":"SearchAction","target":{"@type":"EntryPoint","urlTemplate":"https:\/\/spieltz.de\/verlag\/?s={search_term_string}"},"query-input":"required name=search_term_string"}],"inLanguage":"de"}]}},"_links":{"self":[{"href":"https:\/\/spieltz.de\/verlag\/wp-json\/wp\/v2\/product\/88"}],"collection":[{"href":"https:\/\/spieltz.de\/verlag\/wp-json\/wp\/v2\/product"}],"about":[{"href":"https:\/\/spieltz.de\/verlag\/wp-json\/wp\/v2\/types\/product"}],"replies":[{"embeddable":true,"href":"https:\/\/spieltz.de\/verlag\/wp-json\/wp\/v2\/comments?post=88"}],"wp:featuredmedia":[{"embeddable":true,"href":"https:\/\/spieltz.de\/verlag\/wp-json\/wp\/v2\/media\/1107"}],"wp:attachment":[{"href":"https:\/\/spieltz.de\/verlag\/wp-json\/wp\/v2\/media?parent=88"}],"wp:term":[{"taxonomy":"product_cat","embeddable":true,"href":"https:\/\/spieltz.de\/verlag\/wp-json\/wp\/v2\/product_cat?post=88"},{"taxonomy":"product_tag","embeddable":true,"href":"https:\/\/spieltz.de\/verlag\/wp-json\/wp\/v2\/product_tag?post=88"}],"curies":[{"name":"wp","href":"https:\/\/api.w.org\/{rel}","templated":true}]}}