{"id":616,"date":"2015-10-30T22:24:00","date_gmt":"2015-10-30T21:24:00","guid":{"rendered":"http:\/\/spieltz.de\/verlag\/shop\/2-spieler\/das-koenigliche-spiel-von-ur\/"},"modified":"2018-04-26T02:00:02","modified_gmt":"2018-04-26T00:00:02","slug":"das-koenigliche-spiel-von-ur","status":"publish","type":"product","link":"https:\/\/spieltz.de\/verlag\/shop\/spiele-kategorie\/traditionelle-brettspiele\/das-koenigliche-spiel-von-ur\/","title":{"rendered":"Das k\u00f6nigliche Spiel von Ur"},"content":{"rendered":"<ul>\n<li>Art des Spiels:\u00a0Strategiespiel, traditionelles Spiel<\/li>\n<li>Ausf\u00fchrung: Spielplan auf LKW-Plane \u2013 rollbar und robust, verpackt in eine Papprolle<\/li>\n<li>Zubeh\u00f6r: stapelbare Spielfiguren aus bunt lackiertem Holz, Tetraeder-W\u00fcrfel aus\u00a0buntem Acrylglas<\/li>\n<li>Spielthema:\u00a0abstraktes taktisches Spiel<\/li>\n<li>Anzahl Spieler: 2 Spieler<\/li>\n<li>Empfohlenes Spielalter: ab 8 Jahren<\/li>\n<li>Spieldauer: etwa 30 Minuten<\/li>\n<\/ul>\n<h3>Das k\u00f6nigliche Spiel von Ur &#8211; Beschreibung<\/h3>\n<p><em>Das k\u00f6nigliche Spiel von Ur<\/em> ist das\u00a0\u00e4lteste uns bekannte Brettspiel. Bei Ausgrabungen wurden Spielbretter gefunden, die etwa 4.500 Jahre alt sind! Eines davon ist im British Museum in London ausgestellt.\u00a0Urspr\u00fcnglich stammt das Spiel aus Mesopotamien. Leider wurden die Originalregeln\u00a0nicht \u00fcberliefert. Die unten beschriebenen Regeln f\u00fcr das Spiel wurden vom Britischen Museum auf der Grundlage einer babylonischen Tontafel entwickelt, die aus dem Jahre 177 v. Chr. stammt und im Museum zu sehen ist.<\/p>\n<p><span style=\"line-height: 1.5;\">Im k\u00f6niglichen Spiel von Ur versuchen die Gegner sowohl mit taktischem Geschick als auch mit Wu\u0308rfelglu\u0308ck ihre Steine schnellstm\u00f6glich ins Ziel zu bringen.\u00a0Die beiden Parteien m\u00fcssen ihre Spielfiguren zuerst in das Brett \u201ehineinw\u00fcrfeln\u201c, sie dann \u00fcber eine festgelegte Bahn \u00fcber das Spielfeld bewegen, um sie am Ende des Weges mit einem passenden Wurf wieder \u201eherauszuw\u00fcrfeln\u201c. Da sich die Bahnen der Gegner teilweise u\u0308berschneiden, bleiben Auseinandersetzungen nicht aus.\u00a0<\/span><\/p>\n<p>Autor: unbekannt \/ traditionelles Spiel<br \/>\nDesign:\u00a0Gerhard Moser<\/p>\n<h3>Spielmaterial<\/h3>\n<ul>\n<li>1 Spielplan aus LKW-Plane, rollbar, robust und abwaschbar<\/li>\n<li>stapelbare Spielfiguren aus bunt lackiertem Holz, Tetraeder-W\u00fcrfel aus\u00a0buntem Acrylglas<\/li>\n<li>Anleitung auf Deutsch<\/li>\n<li>Verpackung:\u00a0Durchsichtige Schraubrolle.<\/li>\n<\/ul>\n<h3>Das k\u00f6nigliche Spiel von Ur kaufen<\/h3>\n<h4>Kunden<\/h4>\n<p>Das k\u00f6nigliche Spiel von Ur ist im Internet erh\u00e4ltlich <a href=\"https:\/\/www.amazon.de\/Spieltz\/pages\/9059222031\">bei Amazon\u00a0<\/a>und in unseren Shops bei <a href=\"http:\/\/spieltz.rakuten-shop.de\/\">Rakuten.de<\/a>, und\u00a0<a href=\"https:\/\/www.hitmeister.de\/shops\/spieltz\/\">Hitmeister,<\/a>\u00a0sowie in ausgew\u00e4hlten L\u00e4den.<\/p>\n<h4>H\u00e4ndler<\/h4>\n<p>Bitte kontaktieren Sie uns f\u00fcr eine <a href=\"mailto:info@spieltz.de\">H\u00e4ndlerpreisliste.<\/a><\/p>\n<h4>Firmenkunden<\/h4>\n<p>Firmenkunden k\u00f6nnen dDas k\u00f6nigliche Spiel von UR\u00a0mit eigenem Branding erhalten. Bitte besuchen Sie unseren <a href=\"http:\/\/spieltz.de\/werbespiele\/\">Werbespiele Shop<\/a>.<\/p>\n<ul>\n<li><a href=\"http:\/\/spieltz.de\/werbespiele\/shop\/ausfuehrung\/preiskategorie-b\/das-koenigliche-spiel-von-ur\/\">Das k\u00f6nigliche Spiel von Ur mit Branding, rollbar auf LKW-Plane\u00a0<\/a><\/li>\n<li>Das k\u00f6nigliche Spiel von Ur mit Branding, klassisch produziert als Brettspiel mit Spielbrett \/ St\u00fclpdeckelschachtel\u00a0auf Anfrage, bitte kontaktieren Sie uns daf\u00fcr <a href=\"mailto:info@spieltz.de\">per Mail.<\/a><\/li>\n<\/ul>\n","protected":false},"excerpt":{"rendered":"<p>Das &#8222;k\u00f6nigliche Spiel von Ur&#8220; ist das\u00a0\u00e4lteste uns bekannte Brettspiel. Bei Ausgrabungen wurden Spielbretter gefunden, die etwa 4.500 Jahre alt sind!<\/p>\n<p>Das Strategiespiel ist f\u00fcr 2 Spieler ab 8\u00a0Jahren geeignet, Spieldauer etwa 30 Minuten.<\/p>\n<p>Der Spielplan ist auf rollbare LKW-Plane gedruckt und zusammen mit dem Zubeh\u00f6r in eine Rolle verpackt.<\/p>\n<p>Ma\u00dfe: Spielplan 43&#215;20 cm, Verpackung durchsichtige PVC-Rolle L\u00e4nge 24 cm L\u00e4nge, Durchmesser 6,5 cm<\/p>\n","protected":false},"featured_media":1077,"comment_status":"open","ping_status":"closed","template":"","meta":{"_monsterinsights_skip_tracking":false,"_monsterinsights_sitenote_active":false,"_monsterinsights_sitenote_note":"","_monsterinsights_sitenote_category":0,"_themeisle_gutenberg_block_has_review":false},"product_cat":[84,110,92,101,100],"product_tag":[232,70,65,67],"yoast_head":"<!-- This site is optimized with the Yoast SEO plugin v22.5 - https:\/\/yoast.com\/wordpress\/plugins\/seo\/ -->\n<title>Das k\u00f6nigliche Spiel von Ur - Spieltz Verlag<\/title>\n<meta name=\"description\" content=\"Das &quot;k\u00f6nigliche Spiel von Ur&quot; ist das \u00e4lteste uns bekannte Brettspiel. Bei Ausgrabungen wurden Spielbretter gefunden, die etwa 4.500 Jahre alt sind!\" \/>\n<meta name=\"robots\" content=\"index, follow, max-snippet:-1, max-image-preview:large, max-video-preview:-1\" \/>\n<link rel=\"canonical\" href=\"https:\/\/spieltz.de\/verlag\/shop\/spiele-kategorie\/traditionelle-brettspiele\/das-koenigliche-spiel-von-ur\/\" \/>\n<meta property=\"og:locale\" content=\"de_DE\" \/>\n<meta property=\"og:type\" content=\"article\" \/>\n<meta property=\"og:title\" content=\"Das k\u00f6nigliche Spiel von Ur - Spieltz Verlag\" \/>\n<meta property=\"og:description\" content=\"Das &quot;k\u00f6nigliche Spiel von Ur&quot; ist das \u00e4lteste uns bekannte Brettspiel. Bei Ausgrabungen wurden Spielbretter gefunden, die etwa 4.500 Jahre alt sind!\" \/>\n<meta property=\"og:url\" content=\"https:\/\/spieltz.de\/verlag\/shop\/spiele-kategorie\/traditionelle-brettspiele\/das-koenigliche-spiel-von-ur\/\" \/>\n<meta property=\"og:site_name\" content=\"Spieltz Verlag\" \/>\n<meta property=\"article:modified_time\" content=\"2018-04-26T00:00:02+00:00\" \/>\n<meta property=\"og:image\" content=\"https:\/\/spieltz.de\/verlag\/wp-content\/uploads\/2015\/10\/Ur-Variante-fu\u0308r-Webshop-scaled.jpg\" \/>\n\t<meta property=\"og:image:width\" content=\"5090\" \/>\n\t<meta property=\"og:image:height\" content=\"2433\" \/>\n\t<meta property=\"og:image:type\" content=\"image\/jpeg\" \/>\n<meta name=\"twitter:card\" content=\"summary_large_image\" \/>\n<meta name=\"twitter:label1\" content=\"Gesch\u00e4tzte Lesezeit\" \/>\n\t<meta name=\"twitter:data1\" content=\"2\u00a0Minuten\" \/>\n<script type=\"application\/ld+json\" class=\"yoast-schema-graph\">{\"@context\":\"https:\/\/schema.org\",\"@graph\":[{\"@type\":\"WebPage\",\"@id\":\"https:\/\/spieltz.de\/verlag\/shop\/spiele-kategorie\/traditionelle-brettspiele\/das-koenigliche-spiel-von-ur\/\",\"url\":\"https:\/\/spieltz.de\/verlag\/shop\/spiele-kategorie\/traditionelle-brettspiele\/das-koenigliche-spiel-von-ur\/\",\"name\":\"Das k\u00f6nigliche Spiel von Ur - Spieltz Verlag\",\"isPartOf\":{\"@id\":\"https:\/\/spieltz.de\/verlag\/#website\"},\"primaryImageOfPage\":{\"@id\":\"https:\/\/spieltz.de\/verlag\/shop\/spiele-kategorie\/traditionelle-brettspiele\/das-koenigliche-spiel-von-ur\/#primaryimage\"},\"image\":{\"@id\":\"https:\/\/spieltz.de\/verlag\/shop\/spiele-kategorie\/traditionelle-brettspiele\/das-koenigliche-spiel-von-ur\/#primaryimage\"},\"thumbnailUrl\":\"https:\/\/spieltz.de\/verlag\/wp-content\/uploads\/2015\/10\/Ur-Variante-fu\u0308r-Webshop-scaled.jpg\",\"datePublished\":\"2015-10-30T21:24:00+00:00\",\"dateModified\":\"2018-04-26T00:00:02+00:00\",\"description\":\"Das \\\"k\u00f6nigliche Spiel von Ur\\\" ist das \u00e4lteste uns bekannte Brettspiel. Bei Ausgrabungen wurden Spielbretter gefunden, die etwa 4.500 Jahre alt sind!\",\"breadcrumb\":{\"@id\":\"https:\/\/spieltz.de\/verlag\/shop\/spiele-kategorie\/traditionelle-brettspiele\/das-koenigliche-spiel-von-ur\/#breadcrumb\"},\"inLanguage\":\"de\",\"potentialAction\":[{\"@type\":\"ReadAction\",\"target\":[\"https:\/\/spieltz.de\/verlag\/shop\/spiele-kategorie\/traditionelle-brettspiele\/das-koenigliche-spiel-von-ur\/\"]}]},{\"@type\":\"ImageObject\",\"inLanguage\":\"de\",\"@id\":\"https:\/\/spieltz.de\/verlag\/shop\/spiele-kategorie\/traditionelle-brettspiele\/das-koenigliche-spiel-von-ur\/#primaryimage\",\"url\":\"https:\/\/spieltz.de\/verlag\/wp-content\/uploads\/2015\/10\/Ur-Variante-fu\u0308r-Webshop-scaled.jpg\",\"contentUrl\":\"https:\/\/spieltz.de\/verlag\/wp-content\/uploads\/2015\/10\/Ur-Variante-fu\u0308r-Webshop-scaled.jpg\",\"width\":2560,\"height\":1224,\"caption\":\"das k\u00f6nigliche spiel von ur\"},{\"@type\":\"BreadcrumbList\",\"@id\":\"https:\/\/spieltz.de\/verlag\/shop\/spiele-kategorie\/traditionelle-brettspiele\/das-koenigliche-spiel-von-ur\/#breadcrumb\",\"itemListElement\":[{\"@type\":\"ListItem\",\"position\":1,\"name\":\"Home\",\"item\":\"https:\/\/spieltz.de\/verlag\/\"},{\"@type\":\"ListItem\",\"position\":2,\"name\":\"Spieltz Verlag\",\"item\":\"https:\/\/spieltz.de\/verlag\/\"},{\"@type\":\"ListItem\",\"position\":3,\"name\":\"Das k\u00f6nigliche Spiel von Ur\"}]},{\"@type\":\"WebSite\",\"@id\":\"https:\/\/spieltz.de\/verlag\/#website\",\"url\":\"https:\/\/spieltz.de\/verlag\/\",\"name\":\"Spieltz Verlag\",\"description\":\"Die Spielemacher. Verlagsprogramm.\",\"potentialAction\":[{\"@type\":\"SearchAction\",\"target\":{\"@type\":\"EntryPoint\",\"urlTemplate\":\"https:\/\/spieltz.de\/verlag\/?s={search_term_string}\"},\"query-input\":\"required name=search_term_string\"}],\"inLanguage\":\"de\"}]}<\/script>\n<!-- \/ Yoast SEO plugin. -->","yoast_head_json":{"title":"Das k\u00f6nigliche Spiel von Ur - Spieltz Verlag","description":"Das \"k\u00f6nigliche Spiel von Ur\" ist das \u00e4lteste uns bekannte Brettspiel. Bei Ausgrabungen wurden Spielbretter gefunden, die etwa 4.500 Jahre alt sind!","robots":{"index":"index","follow":"follow","max-snippet":"max-snippet:-1","max-image-preview":"max-image-preview:large","max-video-preview":"max-video-preview:-1"},"canonical":"https:\/\/spieltz.de\/verlag\/shop\/spiele-kategorie\/traditionelle-brettspiele\/das-koenigliche-spiel-von-ur\/","og_locale":"de_DE","og_type":"article","og_title":"Das k\u00f6nigliche Spiel von Ur - Spieltz Verlag","og_description":"Das \"k\u00f6nigliche Spiel von Ur\" ist das \u00e4lteste uns bekannte Brettspiel. Bei Ausgrabungen wurden Spielbretter gefunden, die etwa 4.500 Jahre alt sind!","og_url":"https:\/\/spieltz.de\/verlag\/shop\/spiele-kategorie\/traditionelle-brettspiele\/das-koenigliche-spiel-von-ur\/","og_site_name":"Spieltz Verlag","article_modified_time":"2018-04-26T00:00:02+00:00","og_image":[{"width":5090,"height":2433,"url":"https:\/\/spieltz.de\/verlag\/wp-content\/uploads\/2015\/10\/Ur-Variante-fu\u0308r-Webshop-scaled.jpg","type":"image\/jpeg"}],"twitter_card":"summary_large_image","twitter_misc":{"Gesch\u00e4tzte Lesezeit":"2\u00a0Minuten"},"schema":{"@context":"https:\/\/schema.org","@graph":[{"@type":"WebPage","@id":"https:\/\/spieltz.de\/verlag\/shop\/spiele-kategorie\/traditionelle-brettspiele\/das-koenigliche-spiel-von-ur\/","url":"https:\/\/spieltz.de\/verlag\/shop\/spiele-kategorie\/traditionelle-brettspiele\/das-koenigliche-spiel-von-ur\/","name":"Das k\u00f6nigliche Spiel von Ur - Spieltz Verlag","isPartOf":{"@id":"https:\/\/spieltz.de\/verlag\/#website"},"primaryImageOfPage":{"@id":"https:\/\/spieltz.de\/verlag\/shop\/spiele-kategorie\/traditionelle-brettspiele\/das-koenigliche-spiel-von-ur\/#primaryimage"},"image":{"@id":"https:\/\/spieltz.de\/verlag\/shop\/spiele-kategorie\/traditionelle-brettspiele\/das-koenigliche-spiel-von-ur\/#primaryimage"},"thumbnailUrl":"https:\/\/spieltz.de\/verlag\/wp-content\/uploads\/2015\/10\/Ur-Variante-fu\u0308r-Webshop-scaled.jpg","datePublished":"2015-10-30T21:24:00+00:00","dateModified":"2018-04-26T00:00:02+00:00","description":"Das \"k\u00f6nigliche Spiel von Ur\" ist das \u00e4lteste uns bekannte Brettspiel. Bei Ausgrabungen wurden Spielbretter gefunden, die etwa 4.500 Jahre alt sind!","breadcrumb":{"@id":"https:\/\/spieltz.de\/verlag\/shop\/spiele-kategorie\/traditionelle-brettspiele\/das-koenigliche-spiel-von-ur\/#breadcrumb"},"inLanguage":"de","potentialAction":[{"@type":"ReadAction","target":["https:\/\/spieltz.de\/verlag\/shop\/spiele-kategorie\/traditionelle-brettspiele\/das-koenigliche-spiel-von-ur\/"]}]},{"@type":"ImageObject","inLanguage":"de","@id":"https:\/\/spieltz.de\/verlag\/shop\/spiele-kategorie\/traditionelle-brettspiele\/das-koenigliche-spiel-von-ur\/#primaryimage","url":"https:\/\/spieltz.de\/verlag\/wp-content\/uploads\/2015\/10\/Ur-Variante-fu\u0308r-Webshop-scaled.jpg","contentUrl":"https:\/\/spieltz.de\/verlag\/wp-content\/uploads\/2015\/10\/Ur-Variante-fu\u0308r-Webshop-scaled.jpg","width":2560,"height":1224,"caption":"das k\u00f6nigliche spiel von ur"},{"@type":"BreadcrumbList","@id":"https:\/\/spieltz.de\/verlag\/shop\/spiele-kategorie\/traditionelle-brettspiele\/das-koenigliche-spiel-von-ur\/#breadcrumb","itemListElement":[{"@type":"ListItem","position":1,"name":"Home","item":"https:\/\/spieltz.de\/verlag\/"},{"@type":"ListItem","position":2,"name":"Spieltz Verlag","item":"https:\/\/spieltz.de\/verlag\/"},{"@type":"ListItem","position":3,"name":"Das k\u00f6nigliche Spiel von Ur"}]},{"@type":"WebSite","@id":"https:\/\/spieltz.de\/verlag\/#website","url":"https:\/\/spieltz.de\/verlag\/","name":"Spieltz Verlag","description":"Die Spielemacher. Verlagsprogramm.","potentialAction":[{"@type":"SearchAction","target":{"@type":"EntryPoint","urlTemplate":"https:\/\/spieltz.de\/verlag\/?s={search_term_string}"},"query-input":"required name=search_term_string"}],"inLanguage":"de"}]}},"_links":{"self":[{"href":"https:\/\/spieltz.de\/verlag\/wp-json\/wp\/v2\/product\/616"}],"collection":[{"href":"https:\/\/spieltz.de\/verlag\/wp-json\/wp\/v2\/product"}],"about":[{"href":"https:\/\/spieltz.de\/verlag\/wp-json\/wp\/v2\/types\/product"}],"replies":[{"embeddable":true,"href":"https:\/\/spieltz.de\/verlag\/wp-json\/wp\/v2\/comments?post=616"}],"wp:featuredmedia":[{"embeddable":true,"href":"https:\/\/spieltz.de\/verlag\/wp-json\/wp\/v2\/media\/1077"}],"wp:attachment":[{"href":"https:\/\/spieltz.de\/verlag\/wp-json\/wp\/v2\/media?parent=616"}],"wp:term":[{"taxonomy":"product_cat","embeddable":true,"href":"https:\/\/spieltz.de\/verlag\/wp-json\/wp\/v2\/product_cat?post=616"},{"taxonomy":"product_tag","embeddable":true,"href":"https:\/\/spieltz.de\/verlag\/wp-json\/wp\/v2\/product_tag?post=616"}],"curies":[{"name":"wp","href":"https:\/\/api.w.org\/{rel}","templated":true}]}}