{"id":563,"date":"2015-10-28T02:55:38","date_gmt":"2015-10-28T01:55:38","guid":{"rendered":"http:\/\/spieltz.de\/verlag\/shop\/2-4-spieler\/pachisi-%e0%a4%aa%e0%a4%9a%e0%a5%80%e0%a4%b8%e0%a5%80-chaupar-der-klassiker-aus-indien-kopieren\/"},"modified":"2017-03-31T00:35:57","modified_gmt":"2017-03-30T22:35:57","slug":"pachisi-%e0%a4%aa%e0%a4%9a%e0%a5%80%e0%a4%b8%e0%a5%80-chaupar-klassiker-aus-indien-brettspiel","status":"publish","type":"product","link":"https:\/\/spieltz.de\/verlag\/shop\/spiele-kategorie\/traditionelle-brettspiele\/pachisi-%e0%a4%aa%e0%a4%9a%e0%a5%80%e0%a4%b8%e0%a5%80-chaupar-klassiker-aus-indien-brettspiel\/","title":{"rendered":"Pachisi (\u092a\u091a\u0940\u0938\u0940) \/ Chaupar &#8211; der Klassiker aus Indien"},"content":{"rendered":"<ul>\n<li>Art des Spiels: Brettspiel,\u00a0Strategiespiel, traditionelles Spiel<\/li>\n<li>Ausf\u00fchrung: Spielplan auf LKW-Plane \u2013 rollbar und robust, verpackt in eine\u00a0Rolle<\/li>\n<li>Zubeh\u00f6r: Spielsteine aus lackiertem Holz<\/li>\n<li>Anzahl Spieler: 2 &#8211; 4 Spieler<\/li>\n<li>Empfohlenes Spielalter: ab 8 Jahren<\/li>\n<li>Spieldauer: 30 &#8211; 45\u00a0Minuten<\/li>\n<\/ul>\n<h3><strong>Das Spiel<\/strong><\/h3>\n<p><span style=\"line-height: 1.5;\">Pachisi ist eines der \u00e4ltesten Spiele der Welt. Es stammt aus Indien und ist dort seit Jahrtausenden bekannt. Gespielt wird in Teams. Ziel ist es, mit allen Spielfiguren das gesamte Spielfeld zu umrunden. Anfangs- sowie Endpunkt der Laufbahn ist f\u00fcr alle Spielfiguren die Mitte des Spielfeldes. Das Team, das es zuerst schafft, alle Spielfiguren wieder in die Mitte zu bringen, hat gewonnen. <\/span><\/p>\n<p><span style=\"line-height: 1.5;\">Gew\u00fcrfelt wurde urspr\u00fcnglich mit mehreren Kaurischnecken. Die \u00d6ffnungen, die nach oben zeigen, wurden zusammengez\u00e4hlt und eine Tabelle gab an, wie der Wurf zu deuten war. Heute verwendet man 6-seitige Spielw\u00fcrfel.<\/span><\/p>\n<p>Chaupar wird auf demselben Spielplan gespielt.\u00a0Die Spielsteine sind stapelbar. Treffen zwei oder mehrere Spielsteine einer Farbe auf demselben Feld zusammen, d\u00fcrfen sie als Turm weitergezogen werden.<\/p>\n<p>Pachisi ist der Vorl\u00e4ufer von beliebten Spiele-Klassikern: Ludo, Mensch \u00e4rgere Dich nicht, Eile mit Weile. Bei diesen wurden die Regeln etwas vereinfacht und man spielt in der Standardversion auch nicht im Team, sondern Jeder spielt gegen Jeden.<\/p>\n<p>Autor: unbekannt \/ traditionelles Spiel<br \/>\nDesign:\u00a0Daria F\u00fcrst<\/p>\n<p><strong style=\"line-height: 1.5;\"><span style=\"line-height: 1.5;\">Spielmaterial<\/span><\/strong><\/p>\n<ul>\n<li>1 Spielplan aus LKW-Plane, rollbar, robust und abwaschbar.<br \/>\nStandardspiel: Spielplan Gr\u00f6\u00dfe 30\u00d730 cm<br \/>\nMaxispiel: Spielplan Gr\u00f6\u00dfe 40\u00d740 cm<\/li>\n<li>4 x 4\u00a0Spielsteine aus bunt lackiertem Holz<\/li>\n<li>Anleitung auf Deutsch<\/li>\n<li>Verpackung:<br \/>\nStandardspiel: Rolle L\u00e4nge 34\u00a0cm, Durchmesser 6 cm<br \/>\nMaxispiel: Rolle L\u00e4nge 44\u00a0cm, Durchmesser 6 cm<\/li>\n<\/ul>\n<h3>Pachisi\u00a0kaufen<\/h3>\n<h4>Kunden<\/h4>\n<p>Unser traditionelles Pachisi &#8211; \/ Chaupar-Spiel\u00a0ist im Internet erh\u00e4ltlich <a href=\"https:\/\/www.amazon.de\/Spieltz\/pages\/9059222031\">bei Amazon\u00a0<\/a>und in unseren Shops bei <a href=\"http:\/\/spieltz.rakuten-shop.de\/\">Rakuten.de<\/a>, und\u00a0<a href=\"https:\/\/www.hitmeister.de\/shops\/spieltz\/\">Hitmeister,<\/a>\u00a0sowie in ausgew\u00e4hlten L\u00e4den.<\/p>\n<h4>H\u00e4ndler<\/h4>\n<p>Bitte kontaktieren Sie uns f\u00fcr eine <a href=\"mailto:info@spieltz.de\">H\u00e4ndlerpreisliste.<\/a><\/p>\n<h4>Firmenkunden<\/h4>\n<p>Wie alle Spieltz-Spiele ist <em>Pachisi\u00a0<\/em>auch als Werbespiel mit Ihrem eigenen Branding \/ in Ihren Unternehmensfarben erh\u00e4ltlich. Bitte besuchen Sie unseren <a href=\"http:\/\/spieltz.de\/werbespiele\/\">Werbespiele Shop<\/a>.<\/p>\n<ul>\n<li><a href=\"http:\/\/spieltz.de\/werbespiele\/shop\/ausfuehrung\/preiskategorie-a\/pachisi-%E0%A4%AA%E0%A4%9A%E0%A5%80%E0%A4%B8%E0%A5%80-chaupar-der-klassiker-aus-indien\/\">Pachisi mit Branding, rollbar auf LKW-Plane\u00a0<\/a><\/li>\n<li><a href=\"http:\/\/spieltz.de\/werbespiele\/shop\/ausfuehrung\/preiskategorie-d\/pachisi-%E0%A4%AA%E0%A4%9A%E0%A5%80%E0%A4%B8%E0%A5%80-chaupar-klassiker-aus-indien-brettspiel\/\">Pachisi\u00a0mit Branding, klassisch produziert als Brettspiel mit Spielbrett \/ St\u00fclpdeckelschachtel.<\/a><\/li>\n<\/ul>\n","protected":false},"excerpt":{"rendered":"<p>Pachisi ist eines der \u00e4ltesten Spiele der Welt. Es stammt aus Indien und ist dort seit Jahrtausenden bekannt. Gespielt wird in Teams.<\/p>\n<p>F\u00fcr 2-4 Spieler ab 8 Jahren.<br \/>\nSpieldauer 30-45\u00a0Minuten.<\/p>\n<p>Der Spielplan ist auf rollbare LKW-Plane gedruckt und zusammen mit dem Zubeh\u00f6r in eine Rolle verpackt.<\/p>\n<p>Ma\u00dfe:<br \/>\nStandardspiel: Spielplan Gr\u00f6\u00dfe 30\u00d730 cm,\u00a0Verpackung: Rolle L\u00e4nge 34\u00a0cm, Durchmesser 6 cm<br \/>\nMaxispiel: SpielplanGr\u00f6\u00dfe 40\u00d740 cm,\u00a0Verpackung: Rolle L\u00e4nge 44\u00a0cm, Durchmesser 6 cm<\/p>\n","protected":false},"featured_media":1121,"comment_status":"open","ping_status":"closed","template":"","meta":{"_monsterinsights_skip_tracking":false,"_monsterinsights_sitenote_active":false,"_monsterinsights_sitenote_note":"","_monsterinsights_sitenote_category":0,"_themeisle_gutenberg_block_has_review":false},"product_cat":[125,110,92,129,100],"product_tag":[70,237,67],"yoast_head":"<!-- This site is optimized with the Yoast SEO plugin v22.5 - https:\/\/yoast.com\/wordpress\/plugins\/seo\/ -->\n<title>Pachisi (\u092a\u091a\u0940\u0938\u0940) \/ Chaupar - der Klassiker aus Indien - Spieltz Verlag<\/title>\n<meta name=\"description\" content=\"Pachisi ist eines der \u00e4ltesten Spiele der Welt. Es stammt aus Indien und ist dort seit Jahrtausenden bekannt. Gespielt wird in Teams.\" \/>\n<meta name=\"robots\" content=\"index, follow, max-snippet:-1, max-image-preview:large, max-video-preview:-1\" \/>\n<link rel=\"canonical\" href=\"https:\/\/spieltz.de\/verlag\/shop\/spiele-kategorie\/traditionelle-brettspiele\/pachisi-\u092a\u091a\u0940\u0938\u0940-chaupar-klassiker-aus-indien-brettspiel\/\" \/>\n<meta property=\"og:locale\" content=\"de_DE\" \/>\n<meta property=\"og:type\" content=\"article\" \/>\n<meta property=\"og:title\" content=\"Pachisi (\u092a\u091a\u0940\u0938\u0940) \/ Chaupar - der Klassiker aus Indien - Spieltz Verlag\" \/>\n<meta property=\"og:description\" content=\"Pachisi ist eines der \u00e4ltesten Spiele der Welt. Es stammt aus Indien und ist dort seit Jahrtausenden bekannt. Gespielt wird in Teams.\" \/>\n<meta property=\"og:url\" content=\"https:\/\/spieltz.de\/verlag\/shop\/spiele-kategorie\/traditionelle-brettspiele\/pachisi-\u092a\u091a\u0940\u0938\u0940-chaupar-klassiker-aus-indien-brettspiel\/\" \/>\n<meta property=\"og:site_name\" content=\"Spieltz Verlag\" \/>\n<meta property=\"article:modified_time\" content=\"2017-03-30T22:35:57+00:00\" \/>\n<meta property=\"og:image\" content=\"https:\/\/spieltz.de\/verlag\/wp-content\/uploads\/2015\/10\/pachisi_kreuz_ohne_logo-1024x1024.jpg\" \/>\n\t<meta property=\"og:image:width\" content=\"1024\" \/>\n\t<meta property=\"og:image:height\" content=\"1024\" \/>\n\t<meta property=\"og:image:type\" content=\"image\/jpeg\" \/>\n<meta name=\"twitter:card\" content=\"summary_large_image\" \/>\n<meta name=\"twitter:label1\" content=\"Gesch\u00e4tzte Lesezeit\" \/>\n\t<meta name=\"twitter:data1\" content=\"2\u00a0Minuten\" \/>\n<script type=\"application\/ld+json\" class=\"yoast-schema-graph\">{\"@context\":\"https:\/\/schema.org\",\"@graph\":[{\"@type\":\"WebPage\",\"@id\":\"https:\/\/spieltz.de\/verlag\/shop\/spiele-kategorie\/traditionelle-brettspiele\/pachisi-%e0%a4%aa%e0%a4%9a%e0%a5%80%e0%a4%b8%e0%a5%80-chaupar-klassiker-aus-indien-brettspiel\/\",\"url\":\"https:\/\/spieltz.de\/verlag\/shop\/spiele-kategorie\/traditionelle-brettspiele\/pachisi-%e0%a4%aa%e0%a4%9a%e0%a5%80%e0%a4%b8%e0%a5%80-chaupar-klassiker-aus-indien-brettspiel\/\",\"name\":\"Pachisi (\u092a\u091a\u0940\u0938\u0940) \/ Chaupar - der Klassiker aus Indien - Spieltz Verlag\",\"isPartOf\":{\"@id\":\"https:\/\/spieltz.de\/verlag\/#website\"},\"primaryImageOfPage\":{\"@id\":\"https:\/\/spieltz.de\/verlag\/shop\/spiele-kategorie\/traditionelle-brettspiele\/pachisi-%e0%a4%aa%e0%a4%9a%e0%a5%80%e0%a4%b8%e0%a5%80-chaupar-klassiker-aus-indien-brettspiel\/#primaryimage\"},\"image\":{\"@id\":\"https:\/\/spieltz.de\/verlag\/shop\/spiele-kategorie\/traditionelle-brettspiele\/pachisi-%e0%a4%aa%e0%a4%9a%e0%a5%80%e0%a4%b8%e0%a5%80-chaupar-klassiker-aus-indien-brettspiel\/#primaryimage\"},\"thumbnailUrl\":\"https:\/\/spieltz.de\/verlag\/wp-content\/uploads\/2015\/10\/pachisi_kreuz_ohne_logo-scaled.jpg\",\"datePublished\":\"2015-10-28T01:55:38+00:00\",\"dateModified\":\"2017-03-30T22:35:57+00:00\",\"description\":\"Pachisi ist eines der \u00e4ltesten Spiele der Welt. Es stammt aus Indien und ist dort seit Jahrtausenden bekannt. Gespielt wird in Teams.\",\"breadcrumb\":{\"@id\":\"https:\/\/spieltz.de\/verlag\/shop\/spiele-kategorie\/traditionelle-brettspiele\/pachisi-%e0%a4%aa%e0%a4%9a%e0%a5%80%e0%a4%b8%e0%a5%80-chaupar-klassiker-aus-indien-brettspiel\/#breadcrumb\"},\"inLanguage\":\"de\",\"potentialAction\":[{\"@type\":\"ReadAction\",\"target\":[\"https:\/\/spieltz.de\/verlag\/shop\/spiele-kategorie\/traditionelle-brettspiele\/pachisi-%e0%a4%aa%e0%a4%9a%e0%a5%80%e0%a4%b8%e0%a5%80-chaupar-klassiker-aus-indien-brettspiel\/\"]}]},{\"@type\":\"ImageObject\",\"inLanguage\":\"de\",\"@id\":\"https:\/\/spieltz.de\/verlag\/shop\/spiele-kategorie\/traditionelle-brettspiele\/pachisi-%e0%a4%aa%e0%a4%9a%e0%a5%80%e0%a4%b8%e0%a5%80-chaupar-klassiker-aus-indien-brettspiel\/#primaryimage\",\"url\":\"https:\/\/spieltz.de\/verlag\/wp-content\/uploads\/2015\/10\/pachisi_kreuz_ohne_logo-scaled.jpg\",\"contentUrl\":\"https:\/\/spieltz.de\/verlag\/wp-content\/uploads\/2015\/10\/pachisi_kreuz_ohne_logo-scaled.jpg\",\"width\":2560,\"height\":2560,\"caption\":\"Pachisi\"},{\"@type\":\"BreadcrumbList\",\"@id\":\"https:\/\/spieltz.de\/verlag\/shop\/spiele-kategorie\/traditionelle-brettspiele\/pachisi-%e0%a4%aa%e0%a4%9a%e0%a5%80%e0%a4%b8%e0%a5%80-chaupar-klassiker-aus-indien-brettspiel\/#breadcrumb\",\"itemListElement\":[{\"@type\":\"ListItem\",\"position\":1,\"name\":\"Home\",\"item\":\"https:\/\/spieltz.de\/verlag\/\"},{\"@type\":\"ListItem\",\"position\":2,\"name\":\"Spieltz Verlag\",\"item\":\"https:\/\/spieltz.de\/verlag\/\"},{\"@type\":\"ListItem\",\"position\":3,\"name\":\"Pachisi (\u092a\u091a\u0940\u0938\u0940) \/ Chaupar &#8211; der Klassiker aus Indien\"}]},{\"@type\":\"WebSite\",\"@id\":\"https:\/\/spieltz.de\/verlag\/#website\",\"url\":\"https:\/\/spieltz.de\/verlag\/\",\"name\":\"Spieltz Verlag\",\"description\":\"Die Spielemacher. Verlagsprogramm.\",\"potentialAction\":[{\"@type\":\"SearchAction\",\"target\":{\"@type\":\"EntryPoint\",\"urlTemplate\":\"https:\/\/spieltz.de\/verlag\/?s={search_term_string}\"},\"query-input\":\"required name=search_term_string\"}],\"inLanguage\":\"de\"}]}<\/script>\n<!-- \/ Yoast SEO plugin. -->","yoast_head_json":{"title":"Pachisi (\u092a\u091a\u0940\u0938\u0940) \/ Chaupar - der Klassiker aus Indien - Spieltz Verlag","description":"Pachisi ist eines der \u00e4ltesten Spiele der Welt. Es stammt aus Indien und ist dort seit Jahrtausenden bekannt. Gespielt wird in Teams.","robots":{"index":"index","follow":"follow","max-snippet":"max-snippet:-1","max-image-preview":"max-image-preview:large","max-video-preview":"max-video-preview:-1"},"canonical":"https:\/\/spieltz.de\/verlag\/shop\/spiele-kategorie\/traditionelle-brettspiele\/pachisi-\u092a\u091a\u0940\u0938\u0940-chaupar-klassiker-aus-indien-brettspiel\/","og_locale":"de_DE","og_type":"article","og_title":"Pachisi (\u092a\u091a\u0940\u0938\u0940) \/ Chaupar - der Klassiker aus Indien - Spieltz Verlag","og_description":"Pachisi ist eines der \u00e4ltesten Spiele der Welt. Es stammt aus Indien und ist dort seit Jahrtausenden bekannt. Gespielt wird in Teams.","og_url":"https:\/\/spieltz.de\/verlag\/shop\/spiele-kategorie\/traditionelle-brettspiele\/pachisi-\u092a\u091a\u0940\u0938\u0940-chaupar-klassiker-aus-indien-brettspiel\/","og_site_name":"Spieltz Verlag","article_modified_time":"2017-03-30T22:35:57+00:00","og_image":[{"width":1024,"height":1024,"url":"https:\/\/spieltz.de\/verlag\/wp-content\/uploads\/2015\/10\/pachisi_kreuz_ohne_logo-1024x1024.jpg","type":"image\/jpeg"}],"twitter_card":"summary_large_image","twitter_misc":{"Gesch\u00e4tzte Lesezeit":"2\u00a0Minuten"},"schema":{"@context":"https:\/\/schema.org","@graph":[{"@type":"WebPage","@id":"https:\/\/spieltz.de\/verlag\/shop\/spiele-kategorie\/traditionelle-brettspiele\/pachisi-%e0%a4%aa%e0%a4%9a%e0%a5%80%e0%a4%b8%e0%a5%80-chaupar-klassiker-aus-indien-brettspiel\/","url":"https:\/\/spieltz.de\/verlag\/shop\/spiele-kategorie\/traditionelle-brettspiele\/pachisi-%e0%a4%aa%e0%a4%9a%e0%a5%80%e0%a4%b8%e0%a5%80-chaupar-klassiker-aus-indien-brettspiel\/","name":"Pachisi (\u092a\u091a\u0940\u0938\u0940) \/ Chaupar - der Klassiker aus Indien - Spieltz Verlag","isPartOf":{"@id":"https:\/\/spieltz.de\/verlag\/#website"},"primaryImageOfPage":{"@id":"https:\/\/spieltz.de\/verlag\/shop\/spiele-kategorie\/traditionelle-brettspiele\/pachisi-%e0%a4%aa%e0%a4%9a%e0%a5%80%e0%a4%b8%e0%a5%80-chaupar-klassiker-aus-indien-brettspiel\/#primaryimage"},"image":{"@id":"https:\/\/spieltz.de\/verlag\/shop\/spiele-kategorie\/traditionelle-brettspiele\/pachisi-%e0%a4%aa%e0%a4%9a%e0%a5%80%e0%a4%b8%e0%a5%80-chaupar-klassiker-aus-indien-brettspiel\/#primaryimage"},"thumbnailUrl":"https:\/\/spieltz.de\/verlag\/wp-content\/uploads\/2015\/10\/pachisi_kreuz_ohne_logo-scaled.jpg","datePublished":"2015-10-28T01:55:38+00:00","dateModified":"2017-03-30T22:35:57+00:00","description":"Pachisi ist eines der \u00e4ltesten Spiele der Welt. Es stammt aus Indien und ist dort seit Jahrtausenden bekannt. Gespielt wird in Teams.","breadcrumb":{"@id":"https:\/\/spieltz.de\/verlag\/shop\/spiele-kategorie\/traditionelle-brettspiele\/pachisi-%e0%a4%aa%e0%a4%9a%e0%a5%80%e0%a4%b8%e0%a5%80-chaupar-klassiker-aus-indien-brettspiel\/#breadcrumb"},"inLanguage":"de","potentialAction":[{"@type":"ReadAction","target":["https:\/\/spieltz.de\/verlag\/shop\/spiele-kategorie\/traditionelle-brettspiele\/pachisi-%e0%a4%aa%e0%a4%9a%e0%a5%80%e0%a4%b8%e0%a5%80-chaupar-klassiker-aus-indien-brettspiel\/"]}]},{"@type":"ImageObject","inLanguage":"de","@id":"https:\/\/spieltz.de\/verlag\/shop\/spiele-kategorie\/traditionelle-brettspiele\/pachisi-%e0%a4%aa%e0%a4%9a%e0%a5%80%e0%a4%b8%e0%a5%80-chaupar-klassiker-aus-indien-brettspiel\/#primaryimage","url":"https:\/\/spieltz.de\/verlag\/wp-content\/uploads\/2015\/10\/pachisi_kreuz_ohne_logo-scaled.jpg","contentUrl":"https:\/\/spieltz.de\/verlag\/wp-content\/uploads\/2015\/10\/pachisi_kreuz_ohne_logo-scaled.jpg","width":2560,"height":2560,"caption":"Pachisi"},{"@type":"BreadcrumbList","@id":"https:\/\/spieltz.de\/verlag\/shop\/spiele-kategorie\/traditionelle-brettspiele\/pachisi-%e0%a4%aa%e0%a4%9a%e0%a5%80%e0%a4%b8%e0%a5%80-chaupar-klassiker-aus-indien-brettspiel\/#breadcrumb","itemListElement":[{"@type":"ListItem","position":1,"name":"Home","item":"https:\/\/spieltz.de\/verlag\/"},{"@type":"ListItem","position":2,"name":"Spieltz Verlag","item":"https:\/\/spieltz.de\/verlag\/"},{"@type":"ListItem","position":3,"name":"Pachisi (\u092a\u091a\u0940\u0938\u0940) \/ Chaupar &#8211; der Klassiker aus Indien"}]},{"@type":"WebSite","@id":"https:\/\/spieltz.de\/verlag\/#website","url":"https:\/\/spieltz.de\/verlag\/","name":"Spieltz Verlag","description":"Die Spielemacher. Verlagsprogramm.","potentialAction":[{"@type":"SearchAction","target":{"@type":"EntryPoint","urlTemplate":"https:\/\/spieltz.de\/verlag\/?s={search_term_string}"},"query-input":"required name=search_term_string"}],"inLanguage":"de"}]}},"_links":{"self":[{"href":"https:\/\/spieltz.de\/verlag\/wp-json\/wp\/v2\/product\/563"}],"collection":[{"href":"https:\/\/spieltz.de\/verlag\/wp-json\/wp\/v2\/product"}],"about":[{"href":"https:\/\/spieltz.de\/verlag\/wp-json\/wp\/v2\/types\/product"}],"replies":[{"embeddable":true,"href":"https:\/\/spieltz.de\/verlag\/wp-json\/wp\/v2\/comments?post=563"}],"wp:featuredmedia":[{"embeddable":true,"href":"https:\/\/spieltz.de\/verlag\/wp-json\/wp\/v2\/media\/1121"}],"wp:attachment":[{"href":"https:\/\/spieltz.de\/verlag\/wp-json\/wp\/v2\/media?parent=563"}],"wp:term":[{"taxonomy":"product_cat","embeddable":true,"href":"https:\/\/spieltz.de\/verlag\/wp-json\/wp\/v2\/product_cat?post=563"},{"taxonomy":"product_tag","embeddable":true,"href":"https:\/\/spieltz.de\/verlag\/wp-json\/wp\/v2\/product_tag?post=563"}],"curies":[{"name":"wp","href":"https:\/\/api.w.org\/{rel}","templated":true}]}}