{"id":491,"date":"2015-10-11T00:11:15","date_gmt":"2015-10-10T22:11:15","guid":{"rendered":"http:\/\/spieltz.de\/verlag\/shop\/3-4-spieler\/bluemchenblau-die-blumige-variante-des-beliebten-klassikers\/"},"modified":"2017-06-20T02:35:29","modified_gmt":"2017-06-20T00:35:29","slug":"bluemchenblau-brettspiel-klassiker-rollbar","status":"publish","type":"product","link":"https:\/\/spieltz.de\/verlag\/shop\/spiele-kategorie\/familienspiele\/bluemchenblau-brettspiel-klassiker-rollbar\/","title":{"rendered":"Bl\u00fcmchenblau &#8211; die blumige Variante des Brettspiel-Klassikers"},"content":{"rendered":"<ul>\n<li>Art des Spiels: Brettspiel Klassiker, Familienspiel, Gesellschaftsspiel<\/li>\n<li>Ausf\u00fchrung: Spielplan auf LKW-Plane &#8211; rollbar und robust, verpackt in eine Rolle<\/li>\n<li>Spielthema:\u00a0Blumen, Natur<\/li>\n<li>Anzahl Spieler: 2\u00a0\u2013 4 Spieler<\/li>\n<li>Empfohlenes Alter: ab 6\u00a0Jahren<\/li>\n<li>Spieldauer: etwa 30 \u2013 45 Minuten<\/li>\n<li>Gr\u00f6\u00dfen:<br \/>\nReisespiel: Spielplan 20&#215;20 cm, durchsichtige PVC-Rolle\u00a024 cm L\u00e4nge, 6,5 cm Durchmesser<br \/>\nStandardspiel: Spielplan 30&#215;30 cm, Papprolle wei\u00df mit Klebelabel, L\u00e4nge 34 cm, Durchmesser 6 cm<\/li>\n<li>Farben:\u00a0Spielplan wei\u00df, hellrosa oder hellblau<\/li>\n<\/ul>\n<h3>Das Spiel<\/h3>\n<p>Wer kennt ihn nicht, den beliebten Brettspiel Klassiker? Unsere\u00a0blumige Variante enth\u00e4lt Spielkegel in Pastellfarben.<br \/>\nJeder Spieler umrundet mit\u00a0seinen vier Spielsteinen\u00a0das Spielfeld. Wer als Erster alle seine Steine ins Ziel gebracht hat, ist Sieger. Die Spielsteine der Gegner k\u00f6nnen geschlagen und zum Start zur\u00fcckgeschickt werden.<\/p>\n<p>Anregung f\u00fcr eine Spielrunde in der Natur: Die Spieler vor Beginn des Spiels verschiedenfarbige Bl\u00fcten sammeln lassen und diese dann als Spielkegel verwenden.<\/p>\n<p>Design:\u00a0Isabel Zurowetz<\/p>\n<h3>Spielmaterial<\/h3>\n<ul>\n<li>1 Spielplan (LKW-Plane)<\/li>\n<li>4 x 4 Spielfiguren + 1\u00a0W\u00fcrfel aus bunt lackiertem Holz, in sch\u00f6nen Pastellfarben<\/li>\n<li>Anleitung auf Deutsch<\/li>\n<li>Verpackung: Je nach Gr\u00f6\u00dfe PVC-Schraubrolle oder Papprolle, wei\u00df gl\u00e4nzend, jeweils mit Banderole.<\/li>\n<\/ul>\n<h3>Gr\u00f6\u00dfen<\/h3>\n<ul>\n<li>Reisespiel:\u00a0Spielplan Gr\u00f6\u00dfe 20\u00d720 cm,\u00a0Verpackung: Rolle L\u00e4nge 24\u00a0cm, Durchmesser 6 cm<\/li>\n<li>Standardspiel: Spielplan Gr\u00f6\u00dfe 30\u00d730 cm,\u00a0Verpackung: Rolle L\u00e4nge 34\u00a0cm, Durchmesser 6 cm<\/li>\n<li>Maxispiel: Spielplan Gr\u00f6\u00dfe 40\u00d740 cm, Verpackung: Rolle L\u00e4nge 44\u00a0cm, Durchmesser 6 cm<\/li>\n<li>Gr\u00f6\u00dfe XL: Spielplan Gr\u00f6\u00dfe 50\u00d750 cm, Verpackung: Rolle L\u00e4nge 54\u00a0cm, Durchmesser 8\u00a0cm<\/li>\n<li>Gr\u00f6\u00dfe XXL: Spielplan Gr\u00f6\u00dfe 60\u00d760 cm, Verpackung: Rolle L\u00e4nge 64\u00a0cm, Durchmesser 8\u00a0cm<\/li>\n<\/ul>\n<p>Die Gr\u00f6\u00dfen der Spielkegel sind auf die Gr\u00f6\u00dfen der Spielpl\u00e4ne abgestimmt. Gr\u00f6\u00dfe 50\u00d750 und 60\u00d760 wird mit extra-gro\u00dfen Spielfiguren ausgeliefert und ist gut geeignet f\u00fcr Menschen mit motorischen Einschr\u00e4nkungen sowie f\u00fcr das Spielen auf Veranstaltungen.<\/p>\n<h3>Brettspiel Klassiker Bl\u00fcmchenblau\u00a0kaufen<\/h3>\n<h4>Kunden<\/h4>\n<p>Bl\u00fcmchenblau\u00a0ist im Internet erh\u00e4ltlich <a href=\"https:\/\/www.amazon.de\/Spieltz-478-bl%C3%BCmchenblau-rosa\/dp\/B00J44HE4S\">bei Amazon\u00a0<\/a>und in unseren Shops bei <a href=\"http:\/\/spieltz.rakuten-shop.de\/\">Rakuten.de<\/a>, <a href=\"https:\/\/www.hitmeister.de\/shops\/spieltz\/\">Hitmeister<\/a> und <a href=\"https:\/\/de.allyouneed.com\/de\/~spieltz\">Allyouneed<\/a>, sowie in ausgew\u00e4hlten L\u00e4den.<\/p>\n<h4>H\u00e4ndler<\/h4>\n<p>Bitte kontaktieren Sie uns f\u00fcr eine <a href=\"mailto:info@spieltz.de\">H\u00e4ndlerpreisliste.<\/a><\/p>\n<h4>Firmenkunden<\/h4>\n<p>Firmenkunden k\u00f6nnen das Backgammon\u00a0mit eigenem Branding erhalten. Bitte besuchen Sie unseren <a href=\"http:\/\/spieltz.de\/werbespiele\/\">Werbespiele Shop<\/a>.<\/p>\n<ul>\n<li><a href=\"http:\/\/spieltz.de\/werbespiele\/shop\/ausfuehrung\/preiskategorie-b\/bluemchenblau-werbespiel-rollbar\/\">Bl\u00fcmchenblau\u00a0mit Branding, rollbar auf LKW-Plane\u00a0<\/a><\/li>\n<li>Bl\u00fcmchenblau\u00a0mit Branding, klassisch produziert als Brettspiel mit Spielbrett \/ St\u00fclpdeckelschachtel\u00a0auf Anfrage, bitte kontaktieren Sie uns daf\u00fcr <a href=\"mailto:info@spieltz.de\">per Mail.<\/a><\/li>\n<\/ul>\n","protected":false},"excerpt":{"rendered":"<p>Wer kennt ihn nicht, den beliebten Brettspiel Klassiker? So mancher hat sich schon richtig dr\u00fcber ge\u00e4rgert \ud83d\ude42 Ein beliebtes Familienspiel f\u00fcr 2 &#8211; 4 Spieler ab 6 Jahren, Spieldauer ca. 30 Minuten.<br \/>\nUnsere Variante ist auf rollbare Plane gedruckt, blumig und in drei verschiedenen Farben erh\u00e4ltlich, mit Spielfiguren in Pastellfarben. Als Standard- und als Reisespiel verf\u00fcgbar.<\/p>\n<p><span style=\"text-decoration: underline;\">Gr\u00f6\u00dfen<\/span><br \/>\nReisespiel: Spielplan Gr\u00f6\u00dfe 20&#215;20 cm<br \/>\nStandardspiel: Spielplan Gr\u00f6\u00dfe 30\u00d730 cm<br \/>\nMaxispiel: Spielplan Gr\u00f6\u00dfe 40\u00d740 cm<br \/>\nGr\u00f6\u00dfe XL: Spielplan Gr\u00f6\u00dfe 50\u00d750 cm<br \/>\nGr\u00f6\u00dfe XXL: Spielplan Gr\u00f6\u00dfe 60\u00d760 cm<\/p>\n<div class=\"woocommerce-tabs\"><span style=\"text-decoration: underline;\">Farben<\/span><br \/>\nhellblau, hellrosa, cremewei\u00df<\/div>\n","protected":false},"featured_media":1060,"comment_status":"open","ping_status":"closed","template":"","meta":{"_monsterinsights_skip_tracking":false,"_monsterinsights_sitenote_active":false,"_monsterinsights_sitenote_note":"","_monsterinsights_sitenote_category":0,"_themeisle_gutenberg_block_has_review":false},"product_cat":[125,110,81,129,117],"product_tag":[226,68,227,62],"yoast_head":"<!-- This site is optimized with the Yoast SEO plugin v22.5 - https:\/\/yoast.com\/wordpress\/plugins\/seo\/ -->\n<title>Bl\u00fcmchenblau - die blumige Variante des Brettspiel-Klassikers - Spieltz Verlag<\/title>\n<meta name=\"description\" content=\"Bl\u00fcmchenblau - die blumige Variante des beliebten Brettspiel Klassikers. Rollbarer Spielplan (LKW-Plane), erh\u00e4ltlich in rosa, hellblau oder cremewei\u00df.\" \/>\n<meta name=\"robots\" content=\"index, follow, max-snippet:-1, max-image-preview:large, max-video-preview:-1\" \/>\n<link rel=\"canonical\" href=\"https:\/\/spieltz.de\/verlag\/shop\/spiele-kategorie\/familienspiele\/bluemchenblau-brettspiel-klassiker-rollbar\/\" \/>\n<meta property=\"og:locale\" content=\"de_DE\" \/>\n<meta property=\"og:type\" content=\"article\" \/>\n<meta property=\"og:title\" content=\"Bl\u00fcmchenblau - die blumige Variante des Brettspiel-Klassikers - Spieltz Verlag\" \/>\n<meta property=\"og:description\" content=\"Bl\u00fcmchenblau - die blumige Variante des beliebten Brettspiel Klassikers. Rollbarer Spielplan (LKW-Plane), erh\u00e4ltlich in rosa, hellblau oder cremewei\u00df.\" \/>\n<meta property=\"og:url\" content=\"https:\/\/spieltz.de\/verlag\/shop\/spiele-kategorie\/familienspiele\/bluemchenblau-brettspiel-klassiker-rollbar\/\" \/>\n<meta property=\"og:site_name\" content=\"Spieltz Verlag\" \/>\n<meta property=\"article:modified_time\" content=\"2017-06-20T00:35:29+00:00\" \/>\n<meta property=\"og:image\" content=\"https:\/\/spieltz.de\/verlag\/wp-content\/uploads\/2015\/10\/20130420-bluemchenblau-blau-web-1024x1024.jpg\" \/>\n\t<meta property=\"og:image:width\" content=\"1024\" \/>\n\t<meta property=\"og:image:height\" content=\"1024\" \/>\n\t<meta property=\"og:image:type\" content=\"image\/jpeg\" \/>\n<meta name=\"twitter:card\" content=\"summary_large_image\" \/>\n<meta name=\"twitter:label1\" content=\"Gesch\u00e4tzte Lesezeit\" \/>\n\t<meta name=\"twitter:data1\" content=\"2\u00a0Minuten\" \/>\n<script type=\"application\/ld+json\" class=\"yoast-schema-graph\">{\"@context\":\"https:\/\/schema.org\",\"@graph\":[{\"@type\":\"WebPage\",\"@id\":\"https:\/\/spieltz.de\/verlag\/shop\/spiele-kategorie\/familienspiele\/bluemchenblau-brettspiel-klassiker-rollbar\/\",\"url\":\"https:\/\/spieltz.de\/verlag\/shop\/spiele-kategorie\/familienspiele\/bluemchenblau-brettspiel-klassiker-rollbar\/\",\"name\":\"Bl\u00fcmchenblau - die blumige Variante des Brettspiel-Klassikers - Spieltz Verlag\",\"isPartOf\":{\"@id\":\"https:\/\/spieltz.de\/verlag\/#website\"},\"primaryImageOfPage\":{\"@id\":\"https:\/\/spieltz.de\/verlag\/shop\/spiele-kategorie\/familienspiele\/bluemchenblau-brettspiel-klassiker-rollbar\/#primaryimage\"},\"image\":{\"@id\":\"https:\/\/spieltz.de\/verlag\/shop\/spiele-kategorie\/familienspiele\/bluemchenblau-brettspiel-klassiker-rollbar\/#primaryimage\"},\"thumbnailUrl\":\"https:\/\/spieltz.de\/verlag\/wp-content\/uploads\/2015\/10\/20130420-bluemchenblau-blau-web-scaled.jpg\",\"datePublished\":\"2015-10-10T22:11:15+00:00\",\"dateModified\":\"2017-06-20T00:35:29+00:00\",\"description\":\"Bl\u00fcmchenblau - die blumige Variante des beliebten Brettspiel Klassikers. Rollbarer Spielplan (LKW-Plane), erh\u00e4ltlich in rosa, hellblau oder cremewei\u00df.\",\"breadcrumb\":{\"@id\":\"https:\/\/spieltz.de\/verlag\/shop\/spiele-kategorie\/familienspiele\/bluemchenblau-brettspiel-klassiker-rollbar\/#breadcrumb\"},\"inLanguage\":\"de\",\"potentialAction\":[{\"@type\":\"ReadAction\",\"target\":[\"https:\/\/spieltz.de\/verlag\/shop\/spiele-kategorie\/familienspiele\/bluemchenblau-brettspiel-klassiker-rollbar\/\"]}]},{\"@type\":\"ImageObject\",\"inLanguage\":\"de\",\"@id\":\"https:\/\/spieltz.de\/verlag\/shop\/spiele-kategorie\/familienspiele\/bluemchenblau-brettspiel-klassiker-rollbar\/#primaryimage\",\"url\":\"https:\/\/spieltz.de\/verlag\/wp-content\/uploads\/2015\/10\/20130420-bluemchenblau-blau-web-scaled.jpg\",\"contentUrl\":\"https:\/\/spieltz.de\/verlag\/wp-content\/uploads\/2015\/10\/20130420-bluemchenblau-blau-web-scaled.jpg\",\"width\":2557,\"height\":2560,\"caption\":\"brettspiel klassiker bluemchenblau\"},{\"@type\":\"BreadcrumbList\",\"@id\":\"https:\/\/spieltz.de\/verlag\/shop\/spiele-kategorie\/familienspiele\/bluemchenblau-brettspiel-klassiker-rollbar\/#breadcrumb\",\"itemListElement\":[{\"@type\":\"ListItem\",\"position\":1,\"name\":\"Home\",\"item\":\"https:\/\/spieltz.de\/verlag\/\"},{\"@type\":\"ListItem\",\"position\":2,\"name\":\"Spieltz Verlag\",\"item\":\"https:\/\/spieltz.de\/verlag\/\"},{\"@type\":\"ListItem\",\"position\":3,\"name\":\"Bl\u00fcmchenblau &#8211; die blumige Variante des Brettspiel-Klassikers\"}]},{\"@type\":\"WebSite\",\"@id\":\"https:\/\/spieltz.de\/verlag\/#website\",\"url\":\"https:\/\/spieltz.de\/verlag\/\",\"name\":\"Spieltz Verlag\",\"description\":\"Die Spielemacher. Verlagsprogramm.\",\"potentialAction\":[{\"@type\":\"SearchAction\",\"target\":{\"@type\":\"EntryPoint\",\"urlTemplate\":\"https:\/\/spieltz.de\/verlag\/?s={search_term_string}\"},\"query-input\":\"required name=search_term_string\"}],\"inLanguage\":\"de\"}]}<\/script>\n<!-- \/ Yoast SEO plugin. -->","yoast_head_json":{"title":"Bl\u00fcmchenblau - die blumige Variante des Brettspiel-Klassikers - Spieltz Verlag","description":"Bl\u00fcmchenblau - die blumige Variante des beliebten Brettspiel Klassikers. Rollbarer Spielplan (LKW-Plane), erh\u00e4ltlich in rosa, hellblau oder cremewei\u00df.","robots":{"index":"index","follow":"follow","max-snippet":"max-snippet:-1","max-image-preview":"max-image-preview:large","max-video-preview":"max-video-preview:-1"},"canonical":"https:\/\/spieltz.de\/verlag\/shop\/spiele-kategorie\/familienspiele\/bluemchenblau-brettspiel-klassiker-rollbar\/","og_locale":"de_DE","og_type":"article","og_title":"Bl\u00fcmchenblau - die blumige Variante des Brettspiel-Klassikers - Spieltz Verlag","og_description":"Bl\u00fcmchenblau - die blumige Variante des beliebten Brettspiel Klassikers. Rollbarer Spielplan (LKW-Plane), erh\u00e4ltlich in rosa, hellblau oder cremewei\u00df.","og_url":"https:\/\/spieltz.de\/verlag\/shop\/spiele-kategorie\/familienspiele\/bluemchenblau-brettspiel-klassiker-rollbar\/","og_site_name":"Spieltz Verlag","article_modified_time":"2017-06-20T00:35:29+00:00","og_image":[{"width":1024,"height":1024,"url":"https:\/\/spieltz.de\/verlag\/wp-content\/uploads\/2015\/10\/20130420-bluemchenblau-blau-web-1024x1024.jpg","type":"image\/jpeg"}],"twitter_card":"summary_large_image","twitter_misc":{"Gesch\u00e4tzte Lesezeit":"2\u00a0Minuten"},"schema":{"@context":"https:\/\/schema.org","@graph":[{"@type":"WebPage","@id":"https:\/\/spieltz.de\/verlag\/shop\/spiele-kategorie\/familienspiele\/bluemchenblau-brettspiel-klassiker-rollbar\/","url":"https:\/\/spieltz.de\/verlag\/shop\/spiele-kategorie\/familienspiele\/bluemchenblau-brettspiel-klassiker-rollbar\/","name":"Bl\u00fcmchenblau - die blumige Variante des Brettspiel-Klassikers - Spieltz Verlag","isPartOf":{"@id":"https:\/\/spieltz.de\/verlag\/#website"},"primaryImageOfPage":{"@id":"https:\/\/spieltz.de\/verlag\/shop\/spiele-kategorie\/familienspiele\/bluemchenblau-brettspiel-klassiker-rollbar\/#primaryimage"},"image":{"@id":"https:\/\/spieltz.de\/verlag\/shop\/spiele-kategorie\/familienspiele\/bluemchenblau-brettspiel-klassiker-rollbar\/#primaryimage"},"thumbnailUrl":"https:\/\/spieltz.de\/verlag\/wp-content\/uploads\/2015\/10\/20130420-bluemchenblau-blau-web-scaled.jpg","datePublished":"2015-10-10T22:11:15+00:00","dateModified":"2017-06-20T00:35:29+00:00","description":"Bl\u00fcmchenblau - die blumige Variante des beliebten Brettspiel Klassikers. Rollbarer Spielplan (LKW-Plane), erh\u00e4ltlich in rosa, hellblau oder cremewei\u00df.","breadcrumb":{"@id":"https:\/\/spieltz.de\/verlag\/shop\/spiele-kategorie\/familienspiele\/bluemchenblau-brettspiel-klassiker-rollbar\/#breadcrumb"},"inLanguage":"de","potentialAction":[{"@type":"ReadAction","target":["https:\/\/spieltz.de\/verlag\/shop\/spiele-kategorie\/familienspiele\/bluemchenblau-brettspiel-klassiker-rollbar\/"]}]},{"@type":"ImageObject","inLanguage":"de","@id":"https:\/\/spieltz.de\/verlag\/shop\/spiele-kategorie\/familienspiele\/bluemchenblau-brettspiel-klassiker-rollbar\/#primaryimage","url":"https:\/\/spieltz.de\/verlag\/wp-content\/uploads\/2015\/10\/20130420-bluemchenblau-blau-web-scaled.jpg","contentUrl":"https:\/\/spieltz.de\/verlag\/wp-content\/uploads\/2015\/10\/20130420-bluemchenblau-blau-web-scaled.jpg","width":2557,"height":2560,"caption":"brettspiel klassiker bluemchenblau"},{"@type":"BreadcrumbList","@id":"https:\/\/spieltz.de\/verlag\/shop\/spiele-kategorie\/familienspiele\/bluemchenblau-brettspiel-klassiker-rollbar\/#breadcrumb","itemListElement":[{"@type":"ListItem","position":1,"name":"Home","item":"https:\/\/spieltz.de\/verlag\/"},{"@type":"ListItem","position":2,"name":"Spieltz Verlag","item":"https:\/\/spieltz.de\/verlag\/"},{"@type":"ListItem","position":3,"name":"Bl\u00fcmchenblau &#8211; die blumige Variante des Brettspiel-Klassikers"}]},{"@type":"WebSite","@id":"https:\/\/spieltz.de\/verlag\/#website","url":"https:\/\/spieltz.de\/verlag\/","name":"Spieltz Verlag","description":"Die Spielemacher. Verlagsprogramm.","potentialAction":[{"@type":"SearchAction","target":{"@type":"EntryPoint","urlTemplate":"https:\/\/spieltz.de\/verlag\/?s={search_term_string}"},"query-input":"required name=search_term_string"}],"inLanguage":"de"}]}},"_links":{"self":[{"href":"https:\/\/spieltz.de\/verlag\/wp-json\/wp\/v2\/product\/491"}],"collection":[{"href":"https:\/\/spieltz.de\/verlag\/wp-json\/wp\/v2\/product"}],"about":[{"href":"https:\/\/spieltz.de\/verlag\/wp-json\/wp\/v2\/types\/product"}],"replies":[{"embeddable":true,"href":"https:\/\/spieltz.de\/verlag\/wp-json\/wp\/v2\/comments?post=491"}],"wp:featuredmedia":[{"embeddable":true,"href":"https:\/\/spieltz.de\/verlag\/wp-json\/wp\/v2\/media\/1060"}],"wp:attachment":[{"href":"https:\/\/spieltz.de\/verlag\/wp-json\/wp\/v2\/media?parent=491"}],"wp:term":[{"taxonomy":"product_cat","embeddable":true,"href":"https:\/\/spieltz.de\/verlag\/wp-json\/wp\/v2\/product_cat?post=491"},{"taxonomy":"product_tag","embeddable":true,"href":"https:\/\/spieltz.de\/verlag\/wp-json\/wp\/v2\/product_tag?post=491"}],"curies":[{"name":"wp","href":"https:\/\/api.w.org\/{rel}","templated":true}]}}