{"id":458,"date":"2015-10-10T23:02:07","date_gmt":"2015-10-10T21:02:07","guid":{"rendered":"http:\/\/spieltz.de\/verlag\/shop\/20-minuten\/nicht-verzweifeln\/"},"modified":"2019-02-15T01:52:01","modified_gmt":"2019-02-15T00:52:01","slug":"raus-hier-brettspiel-ludo","status":"publish","type":"product","link":"https:\/\/spieltz.de\/verlag\/shop\/spiele-kategorie\/traditionelle-brettspiele\/raus-hier-brettspiel-ludo\/","title":{"rendered":"Raus hier! F\u00fcr bis zu 4 Spieler"},"content":{"rendered":"<ul>\n<li>Art des Spiels: Familienspiel, Klassiker,\u00a0traditionelles Spiel<\/li>\n<li>Ausf\u00fchrung: Spielplan auf LKW-Plane \u2013 rollbar und robust, verpackt in eine Papprolle<\/li>\n<li>Farbe: Das Spiel ist in verschiedenen Farbkombinationen erh\u00e4ltlich<\/li>\n<li>Gr\u00f6\u00dfen: Es gibt 5 verschiedene Gr\u00f6\u00dfen, von Reisespiel bis XXL-Spiel<\/li>\n<li>Zubeh\u00f6r: Spielfiguren aus bunt lackiertem Holz<\/li>\n<li>Anzahl Spieler: 2 &#8211; 4 Spieler<\/li>\n<li>Empfohlenes Spielalter: ab 6\u00a0Jahren<\/li>\n<li>Spieldauer: 30 &#8211; 45\u00a0Minuten<\/li>\n<\/ul>\n<h3>Das Spiel<\/h3>\n<p>Wer kennt ihn nicht, den beliebten Familienspiel-Klassiker? Jeder Spieler muss mit seinen vier Kegeln das Spielfeld umrunden und mit genauem Wurf im Ziel ankommen. Die Spielsteine der Gegner k\u00f6nnen geschlagen und zum Start zur\u00fcckgeschickt werden. Ein sehr emotionales Spiel, bei dem sich\u00a0schon mancher Spieler so richtig ge\u00e4rgert hat\u00a0\ud83d\ude09<\/p>\n<p>Autor: unbekannt \/ traditionelles Spiel<br \/>\nDesign: Daria F\u00fcrst<\/p>\n<h3>Spielmaterial<\/h3>\n<ul>\n<li>1 Spielplan aus LKW-Plane, rollbar, robust und abwaschbar<\/li>\n<li>4 x 4 Spielfiguren\u00a0aus bunt lackiertem Holz<\/li>\n<li>Anleitung auf Deutsch und Englisch<\/li>\n<li>Verpackung:\u00a0Rolle<\/li>\n<\/ul>\n<h3>Gr\u00f6\u00dfen<\/h3>\n<ul>\n<li>Reisespiel: Spielplan Gr\u00f6\u00dfe 20&#215;20, Verpackung: Rolle L\u00e4nge 24\u00a0cm, Durchmesser 6 cm<\/li>\n<li>Standardspiel: Spielplan Gr\u00f6\u00dfe 30\u00d730 cm,\u00a0Verpackung: Rolle L\u00e4nge 34\u00a0cm, Durchmesser 6 cm<\/li>\n<li>Maxispiel: Spielplan Gr\u00f6\u00dfe 40\u00d740 cm, Verpackung: Rolle L\u00e4nge 44\u00a0cm, Durchmesser 6 cm<\/li>\n<li>Gr\u00f6\u00dfe XL: Spielplan Gr\u00f6\u00dfe 50&#215;50 cm, Verpackung: Rolle L\u00e4nge 54\u00a0cm, Durchmesser 8\u00a0cm<\/li>\n<li>Gr\u00f6\u00dfe XXL: Spielplan Gr\u00f6\u00dfe 60&#215;60 cm, Verpackung: Rolle L\u00e4nge 64\u00a0cm, Durchmesser 8\u00a0cm<\/li>\n<\/ul>\n<p>Die Gr\u00f6\u00dfen der Spielkegel sind auf die Gr\u00f6\u00dfen der Spielpl\u00e4ne abgestimmt.<\/p>\n<h3>Brettspiel RAUS HIER\u00a0kaufen<\/h3>\n<h4>Kunden<\/h4>\n<p>Unser Brettspiel RAUS HIER\u00a0ist in verschiedenen Farben und Gr\u00f6\u00dfen im Internet erh\u00e4ltlich <a href=\"https:\/\/www.amazon.de\/Spieltz-Raus-hier-Medium-gelb-orange-rot-petrol\/dp\/B06VWKFTHZ\">bei Amazon\u00a0<\/a>, sowie und in unseren Shops bei <a href=\"http:\/\/spieltz.rakuten-shop.de\/\">Rakuten.de<\/a>, und\u00a0<a href=\"https:\/\/www.hitmeister.de\/shops\/spieltz\/\">Hitmeister,<\/a>\u00a0sowie in ausgew\u00e4hlten L\u00e4den.<\/p>\n<h4>H\u00e4ndler<\/h4>\n<p>Bitte kontaktieren Sie uns f\u00fcr eine <a href=\"mailto:info@spieltz.de\">H\u00e4ndlerpreisliste.<\/a><\/p>\n<h4>Firmenkunden<\/h4>\n<p>Wie alle Spieltz-Spiele ist <em>RAUS HIER<\/em>\u00a0auch als Werbespiel mit Ihrem eigenen Branding \/ in Ihren Unternehmensfarben erh\u00e4ltlich. Bitte besuchen Sie unseren <a href=\"http:\/\/spieltz.de\/werbespiele\/\">Werbespiele Shop<\/a>.<\/p>\n<ul>\n<li><a href=\"http:\/\/spieltz.de\/werbespiele\/shop\/ausfuehrung\/preiskategorie-a\/raus-hier-mensch-aergere-dich-nicht-als-werbespiel\/\">Brettspiel RAUS HIER\u00a0mit Branding, rollbar auf LKW-Plane\u00a0<\/a><\/li>\n<li><a href=\"http:\/\/spieltz.de\/werbespiele\/shop\/ausfuehrung\/preiskategorie-d\/raus-hier-werbespiel-mensch-aergere-dich-nicht\/\">Brettspiel RAUS HIER\u00a0mit Branding, klassisch produziert als Brettspiel mit Spielbrett \/ St\u00fclpdeckelschachtel<\/a>.<\/li>\n<\/ul>\n<p>&#8212;<\/p>\n<p>tags: ludo, pachisi, brettspiel-klassiker<\/p>\n","protected":false},"excerpt":{"rendered":"<p>Das Familienspiel,\u00a0das jeder kennt &#8211; und \u00fcber das\u00a0sich schon mancher Spieler so richtig ge\u00e4rgert hat \ud83d\ude09<\/p>\n<p>F\u00fcr 2 &#8211; 4 Spieler ab 6 Jahren, Spieldauer 30-45 Minuten<\/p>\n<p>Der Spielplan ist auf rollbare LKW-Plane gedruckt und zusammen mit dem Zubeh\u00f6r in eine Rolle verpackt.<\/p>\n<p>Ma\u00dfe:<br \/>\nReisespiel: Spielplan Gr\u00f6\u00dfe 20&#215;20<br \/>\nStandardspiel: Spielplan Gr\u00f6\u00dfe 30\u00d730 cm<br \/>\nMaxispiel: Spielplan Gr\u00f6\u00dfe 40\u00d740 cm<br \/>\nGr\u00f6\u00dfe XL: Spielplan Gr\u00f6\u00dfe 50&#215;50 cm<br \/>\nGr\u00f6\u00dfe XXL: Spielplan Gr\u00f6\u00dfe 60&#215;60 cm<\/p>\n","protected":false},"featured_media":1127,"comment_status":"open","ping_status":"closed","template":"","meta":{"_monsterinsights_skip_tracking":false,"_monsterinsights_sitenote_active":false,"_monsterinsights_sitenote_note":"","_monsterinsights_sitenote_category":0,"_themeisle_gutenberg_block_has_review":false},"product_cat":[125,110,81,129,100],"product_tag":[68,227,62,237],"yoast_head":"<!-- This site is optimized with the Yoast SEO plugin v22.5 - https:\/\/yoast.com\/wordpress\/plugins\/seo\/ -->\n<title>Raus hier! F\u00fcr bis zu 4 Spieler - Spieltz Verlag<\/title>\n<meta name=\"description\" content=\"Brettspiel Klassiker Ludo \/ Pachisi. Bei Spieltz mit rollbarem Spielplan auf LKW-Plane. Auf jedem Untergrund spielbar. Verpackt in eine handliche Rolle.\" \/>\n<meta name=\"robots\" content=\"index, follow, max-snippet:-1, max-image-preview:large, max-video-preview:-1\" \/>\n<link rel=\"canonical\" href=\"https:\/\/spieltz.de\/verlag\/shop\/spiele-kategorie\/traditionelle-brettspiele\/raus-hier-brettspiel-ludo\/\" \/>\n<meta property=\"og:locale\" content=\"de_DE\" \/>\n<meta property=\"og:type\" content=\"article\" \/>\n<meta property=\"og:title\" content=\"Raus hier! F\u00fcr bis zu 4 Spieler - Spieltz Verlag\" \/>\n<meta property=\"og:description\" content=\"Brettspiel Klassiker Ludo \/ Pachisi. Bei Spieltz mit rollbarem Spielplan auf LKW-Plane. Auf jedem Untergrund spielbar. Verpackt in eine handliche Rolle.\" \/>\n<meta property=\"og:url\" content=\"https:\/\/spieltz.de\/verlag\/shop\/spiele-kategorie\/traditionelle-brettspiele\/raus-hier-brettspiel-ludo\/\" \/>\n<meta property=\"og:site_name\" content=\"Spieltz Verlag\" \/>\n<meta property=\"article:modified_time\" content=\"2019-02-15T00:52:01+00:00\" \/>\n<meta property=\"og:image\" content=\"https:\/\/spieltz.de\/verlag\/wp-content\/uploads\/2015\/10\/Raus-hier_Spielplan-4er_gelb-orange-rot-petrol-e1491006249620.jpg\" \/>\n\t<meta property=\"og:image:width\" content=\"5017\" \/>\n\t<meta property=\"og:image:height\" content=\"5017\" \/>\n\t<meta property=\"og:image:type\" content=\"image\/jpeg\" \/>\n<meta name=\"twitter:card\" content=\"summary_large_image\" \/>\n<meta name=\"twitter:label1\" content=\"Gesch\u00e4tzte Lesezeit\" \/>\n\t<meta name=\"twitter:data1\" content=\"2\u00a0Minuten\" \/>\n<script type=\"application\/ld+json\" class=\"yoast-schema-graph\">{\"@context\":\"https:\/\/schema.org\",\"@graph\":[{\"@type\":\"WebPage\",\"@id\":\"https:\/\/spieltz.de\/verlag\/shop\/spiele-kategorie\/traditionelle-brettspiele\/raus-hier-brettspiel-ludo\/\",\"url\":\"https:\/\/spieltz.de\/verlag\/shop\/spiele-kategorie\/traditionelle-brettspiele\/raus-hier-brettspiel-ludo\/\",\"name\":\"Raus hier! F\u00fcr bis zu 4 Spieler - Spieltz Verlag\",\"isPartOf\":{\"@id\":\"https:\/\/spieltz.de\/verlag\/#website\"},\"primaryImageOfPage\":{\"@id\":\"https:\/\/spieltz.de\/verlag\/shop\/spiele-kategorie\/traditionelle-brettspiele\/raus-hier-brettspiel-ludo\/#primaryimage\"},\"image\":{\"@id\":\"https:\/\/spieltz.de\/verlag\/shop\/spiele-kategorie\/traditionelle-brettspiele\/raus-hier-brettspiel-ludo\/#primaryimage\"},\"thumbnailUrl\":\"https:\/\/spieltz.de\/verlag\/wp-content\/uploads\/2015\/10\/Raus-hier_Spielplan-4er_gelb-orange-rot-petrol-e1491006249620-scaled.jpg\",\"datePublished\":\"2015-10-10T21:02:07+00:00\",\"dateModified\":\"2019-02-15T00:52:01+00:00\",\"description\":\"Brettspiel Klassiker Ludo \/ Pachisi. Bei Spieltz mit rollbarem Spielplan auf LKW-Plane. Auf jedem Untergrund spielbar. Verpackt in eine handliche Rolle.\",\"breadcrumb\":{\"@id\":\"https:\/\/spieltz.de\/verlag\/shop\/spiele-kategorie\/traditionelle-brettspiele\/raus-hier-brettspiel-ludo\/#breadcrumb\"},\"inLanguage\":\"de\",\"potentialAction\":[{\"@type\":\"ReadAction\",\"target\":[\"https:\/\/spieltz.de\/verlag\/shop\/spiele-kategorie\/traditionelle-brettspiele\/raus-hier-brettspiel-ludo\/\"]}]},{\"@type\":\"ImageObject\",\"inLanguage\":\"de\",\"@id\":\"https:\/\/spieltz.de\/verlag\/shop\/spiele-kategorie\/traditionelle-brettspiele\/raus-hier-brettspiel-ludo\/#primaryimage\",\"url\":\"https:\/\/spieltz.de\/verlag\/wp-content\/uploads\/2015\/10\/Raus-hier_Spielplan-4er_gelb-orange-rot-petrol-e1491006249620-scaled.jpg\",\"contentUrl\":\"https:\/\/spieltz.de\/verlag\/wp-content\/uploads\/2015\/10\/Raus-hier_Spielplan-4er_gelb-orange-rot-petrol-e1491006249620-scaled.jpg\",\"width\":2560,\"height\":2560,\"caption\":\"Ludo 4 Personen\"},{\"@type\":\"BreadcrumbList\",\"@id\":\"https:\/\/spieltz.de\/verlag\/shop\/spiele-kategorie\/traditionelle-brettspiele\/raus-hier-brettspiel-ludo\/#breadcrumb\",\"itemListElement\":[{\"@type\":\"ListItem\",\"position\":1,\"name\":\"Home\",\"item\":\"https:\/\/spieltz.de\/verlag\/\"},{\"@type\":\"ListItem\",\"position\":2,\"name\":\"Spieltz Verlag\",\"item\":\"https:\/\/spieltz.de\/verlag\/\"},{\"@type\":\"ListItem\",\"position\":3,\"name\":\"Raus hier! F\u00fcr bis zu 4 Spieler\"}]},{\"@type\":\"WebSite\",\"@id\":\"https:\/\/spieltz.de\/verlag\/#website\",\"url\":\"https:\/\/spieltz.de\/verlag\/\",\"name\":\"Spieltz Verlag\",\"description\":\"Die Spielemacher. Verlagsprogramm.\",\"potentialAction\":[{\"@type\":\"SearchAction\",\"target\":{\"@type\":\"EntryPoint\",\"urlTemplate\":\"https:\/\/spieltz.de\/verlag\/?s={search_term_string}\"},\"query-input\":\"required name=search_term_string\"}],\"inLanguage\":\"de\"}]}<\/script>\n<!-- \/ Yoast SEO plugin. -->","yoast_head_json":{"title":"Raus hier! F\u00fcr bis zu 4 Spieler - Spieltz Verlag","description":"Brettspiel Klassiker Ludo \/ Pachisi. Bei Spieltz mit rollbarem Spielplan auf LKW-Plane. Auf jedem Untergrund spielbar. Verpackt in eine handliche Rolle.","robots":{"index":"index","follow":"follow","max-snippet":"max-snippet:-1","max-image-preview":"max-image-preview:large","max-video-preview":"max-video-preview:-1"},"canonical":"https:\/\/spieltz.de\/verlag\/shop\/spiele-kategorie\/traditionelle-brettspiele\/raus-hier-brettspiel-ludo\/","og_locale":"de_DE","og_type":"article","og_title":"Raus hier! F\u00fcr bis zu 4 Spieler - Spieltz Verlag","og_description":"Brettspiel Klassiker Ludo \/ Pachisi. Bei Spieltz mit rollbarem Spielplan auf LKW-Plane. Auf jedem Untergrund spielbar. Verpackt in eine handliche Rolle.","og_url":"https:\/\/spieltz.de\/verlag\/shop\/spiele-kategorie\/traditionelle-brettspiele\/raus-hier-brettspiel-ludo\/","og_site_name":"Spieltz Verlag","article_modified_time":"2019-02-15T00:52:01+00:00","og_image":[{"width":5017,"height":5017,"url":"https:\/\/spieltz.de\/verlag\/wp-content\/uploads\/2015\/10\/Raus-hier_Spielplan-4er_gelb-orange-rot-petrol-e1491006249620.jpg","type":"image\/jpeg"}],"twitter_card":"summary_large_image","twitter_misc":{"Gesch\u00e4tzte Lesezeit":"2\u00a0Minuten"},"schema":{"@context":"https:\/\/schema.org","@graph":[{"@type":"WebPage","@id":"https:\/\/spieltz.de\/verlag\/shop\/spiele-kategorie\/traditionelle-brettspiele\/raus-hier-brettspiel-ludo\/","url":"https:\/\/spieltz.de\/verlag\/shop\/spiele-kategorie\/traditionelle-brettspiele\/raus-hier-brettspiel-ludo\/","name":"Raus hier! F\u00fcr bis zu 4 Spieler - Spieltz Verlag","isPartOf":{"@id":"https:\/\/spieltz.de\/verlag\/#website"},"primaryImageOfPage":{"@id":"https:\/\/spieltz.de\/verlag\/shop\/spiele-kategorie\/traditionelle-brettspiele\/raus-hier-brettspiel-ludo\/#primaryimage"},"image":{"@id":"https:\/\/spieltz.de\/verlag\/shop\/spiele-kategorie\/traditionelle-brettspiele\/raus-hier-brettspiel-ludo\/#primaryimage"},"thumbnailUrl":"https:\/\/spieltz.de\/verlag\/wp-content\/uploads\/2015\/10\/Raus-hier_Spielplan-4er_gelb-orange-rot-petrol-e1491006249620-scaled.jpg","datePublished":"2015-10-10T21:02:07+00:00","dateModified":"2019-02-15T00:52:01+00:00","description":"Brettspiel Klassiker Ludo \/ Pachisi. Bei Spieltz mit rollbarem Spielplan auf LKW-Plane. Auf jedem Untergrund spielbar. Verpackt in eine handliche Rolle.","breadcrumb":{"@id":"https:\/\/spieltz.de\/verlag\/shop\/spiele-kategorie\/traditionelle-brettspiele\/raus-hier-brettspiel-ludo\/#breadcrumb"},"inLanguage":"de","potentialAction":[{"@type":"ReadAction","target":["https:\/\/spieltz.de\/verlag\/shop\/spiele-kategorie\/traditionelle-brettspiele\/raus-hier-brettspiel-ludo\/"]}]},{"@type":"ImageObject","inLanguage":"de","@id":"https:\/\/spieltz.de\/verlag\/shop\/spiele-kategorie\/traditionelle-brettspiele\/raus-hier-brettspiel-ludo\/#primaryimage","url":"https:\/\/spieltz.de\/verlag\/wp-content\/uploads\/2015\/10\/Raus-hier_Spielplan-4er_gelb-orange-rot-petrol-e1491006249620-scaled.jpg","contentUrl":"https:\/\/spieltz.de\/verlag\/wp-content\/uploads\/2015\/10\/Raus-hier_Spielplan-4er_gelb-orange-rot-petrol-e1491006249620-scaled.jpg","width":2560,"height":2560,"caption":"Ludo 4 Personen"},{"@type":"BreadcrumbList","@id":"https:\/\/spieltz.de\/verlag\/shop\/spiele-kategorie\/traditionelle-brettspiele\/raus-hier-brettspiel-ludo\/#breadcrumb","itemListElement":[{"@type":"ListItem","position":1,"name":"Home","item":"https:\/\/spieltz.de\/verlag\/"},{"@type":"ListItem","position":2,"name":"Spieltz Verlag","item":"https:\/\/spieltz.de\/verlag\/"},{"@type":"ListItem","position":3,"name":"Raus hier! F\u00fcr bis zu 4 Spieler"}]},{"@type":"WebSite","@id":"https:\/\/spieltz.de\/verlag\/#website","url":"https:\/\/spieltz.de\/verlag\/","name":"Spieltz Verlag","description":"Die Spielemacher. Verlagsprogramm.","potentialAction":[{"@type":"SearchAction","target":{"@type":"EntryPoint","urlTemplate":"https:\/\/spieltz.de\/verlag\/?s={search_term_string}"},"query-input":"required name=search_term_string"}],"inLanguage":"de"}]}},"_links":{"self":[{"href":"https:\/\/spieltz.de\/verlag\/wp-json\/wp\/v2\/product\/458"}],"collection":[{"href":"https:\/\/spieltz.de\/verlag\/wp-json\/wp\/v2\/product"}],"about":[{"href":"https:\/\/spieltz.de\/verlag\/wp-json\/wp\/v2\/types\/product"}],"replies":[{"embeddable":true,"href":"https:\/\/spieltz.de\/verlag\/wp-json\/wp\/v2\/comments?post=458"}],"wp:featuredmedia":[{"embeddable":true,"href":"https:\/\/spieltz.de\/verlag\/wp-json\/wp\/v2\/media\/1127"}],"wp:attachment":[{"href":"https:\/\/spieltz.de\/verlag\/wp-json\/wp\/v2\/media?parent=458"}],"wp:term":[{"taxonomy":"product_cat","embeddable":true,"href":"https:\/\/spieltz.de\/verlag\/wp-json\/wp\/v2\/product_cat?post=458"},{"taxonomy":"product_tag","embeddable":true,"href":"https:\/\/spieltz.de\/verlag\/wp-json\/wp\/v2\/product_tag?post=458"}],"curies":[{"name":"wp","href":"https:\/\/api.w.org\/{rel}","templated":true}]}}