{"id":435,"date":"2015-10-10T03:57:03","date_gmt":"2015-10-10T01:57:03","guid":{"rendered":"http:\/\/spieltz.de\/verlag\/shop\/2-spieler\/dame-rollbares-spiel\/"},"modified":"2017-01-20T01:08:44","modified_gmt":"2017-01-20T00:08:44","slug":"dame-spiel-brettspiel","status":"publish","type":"product","link":"https:\/\/spieltz.de\/verlag\/shop\/spiele-kategorie\/traditionelle-brettspiele\/dame-spiel-brettspiel\/","title":{"rendered":"Dame Spiel. Der Strategie-Klassiker f\u00fcr Zwei"},"content":{"rendered":"<ul>\n<li>Art des Spiels: Brettspiel,\u00a0Strategiespiel, traditionelles Spiel<\/li>\n<li>Ausf\u00fchrung: Spielplan auf LKW-Plane \u2013 rollbar und robust, verpackt in eine Papprolle<\/li>\n<li>Zubeh\u00f6r: Spielsteine aus lackiertem Holz<\/li>\n<li>Anzahl Spieler: 2 Spieler<\/li>\n<li>Empfohlenes Spielalter: ab 8 Jahren<\/li>\n<li>Spieldauer: 20 &#8211; 30 Minuten<\/li>\n<\/ul>\n<h3>Das Spiel<\/h3>\n<p><span style=\"line-height: 1.5;\">Das beliebte Dame Spiel stammt wahrscheinlich aus S\u00fcdfrankreich und ist seit dem 10. \/ 11. Jahrhundert bekannt. Gespielt wird zu zweit. Jeder Spieler erh\u00e4lt 12 Steine, mit denen er in diagonaler Richtung nach vorne ziehen darf. Gegnerische Steine werden durch \u00dcberspringen geschlagen. Ziel des Spiels ist es, dem Gegner alle Zugm\u00f6glichkeiten zu nehmen, also alle gegnerischen Steine zu schlagen oder zu blockieren. <\/span><\/p>\n<p><span style=\"line-height: 1.5;\">Neben dem klassischen Dame Spiel gibt es zahlreiche Varianten oder verwandte Spiele, die auf diesem Brett gespielt werden k\u00f6nnen, z.B. Schach, Schlagdame, Baschni oder Laska. Auch das Spielen zu viert ist m\u00f6glich.\u00a0<\/span><\/p>\n<p>Autor: unbekannt \/ traditionelles Spiel<br \/>\nDesign: Stefanie Ine Grewe<\/p>\n<h3><span style=\"line-height: 1.5;\">Spielmaterial<\/span><\/h3>\n<ul>\n<li>1 Spielplan aus LKW-Plane, rollbar, robust und abwaschbar<\/li>\n<li>24\u00a0Spielsteine (schwarz und wei\u00df)\u00a0aus lackiertem Holz<\/li>\n<li>Anleitung auf Deutsch<\/li>\n<li>Verpackung: Papprolle, wei\u00df gl\u00e4nzend, mit Aufkleber.<\/li>\n<\/ul>\n<h3>Dame Spiel\u00a0kaufen<\/h3>\n<h4>Kunden<\/h4>\n<p>Unser rollbares Dame Spiel\u00a0ist im Internet erh\u00e4ltlich <a href=\"https:\/\/www.amazon.de\/s\/ref=nb_sb_noss?__mk_de_DE=%C3%85M%C3%85%C5%BD%C3%95%C3%91&amp;url=search-alias%3Daps&amp;field-keywords=spieltz\">bei Amazon\u00a0<\/a>und in unseren Shops bei <a href=\"http:\/\/spieltz.rakuten-shop.de\/\">Rakuten.de<\/a>, <a href=\"https:\/\/www.hitmeister.de\/shops\/spieltz\/\">Hitmeister<\/a> und <a href=\"https:\/\/de.allyouneed.com\/de\/~spieltz\">Allyouneed<\/a>, sowie in ausgew\u00e4hlten L\u00e4den.<\/p>\n<h4>H\u00e4ndler<\/h4>\n<p>Bitte kontaktieren Sie uns f\u00fcr eine <a href=\"mailto:info@spieltz.de\">H\u00e4ndlerpreisliste.<\/a><\/p>\n<h4>Firmenkunden<\/h4>\n<p>Firmenkunden k\u00f6nnen das Backgammon\u00a0mit eigenem Branding erhalten. Bitte besuchen Sie unseren <a href=\"http:\/\/spieltz.de\/werbespiele\/\">Werbespiele Shop<\/a>.<\/p>\n<ul>\n<li><a href=\"http:\/\/spieltz.de\/werbespiele\/shop\/ausfuehrung\/preiskategorie-a\/dame-rollbar-werbespiel\/\">Dame Spiel\u00a0mit Branding, rollbar auf LKW-Plane\u00a0<\/a><\/li>\n<li><a href=\"http:\/\/spieltz.de\/werbespiele\/shop\/ausfuehrung\/preiskategorie-d\/dame-brettspiel-werbespiel\/\">Dame Spiel\u00a0mit Branding, klassisch produziert als Brettspiel mit Spielbrett \/ St\u00fclpdeckelschachtel.<\/a><\/li>\n<\/ul>\n","protected":false},"excerpt":{"rendered":"<p>Das Dame Spiel stammt wahrscheinlich aus S\u00fcdfrankreich und ist seit dem 10. \/ 11. Jahrhundert bekannt.<\/p>\n<p>Der beliebte Strategiespiel-Klassiker\u00a0ist f\u00fcr 2 Spieler ab 8\u00a0Jahren geeignet, Spieldauer ca. 20 \u2013 30 Minuten.<\/p>\n<p>Der Spielplan ist auf rollbare Plane gedruckt und zusammen mit den Spielsteinen in eine Rolle verpackt.<\/p>\n<p>Ma\u00dfe: Spielplan 30\u00d730 cm, Verpackung\u00a0Papprolle wei\u00df, L\u00e4nge 34 cm, Durchmesser 6 cm.<\/p>\n","protected":false},"featured_media":1072,"comment_status":"open","ping_status":"closed","template":"","meta":{"_monsterinsights_skip_tracking":false,"_monsterinsights_sitenote_active":false,"_monsterinsights_sitenote_note":"","_monsterinsights_sitenote_category":0,"_themeisle_gutenberg_block_has_review":false},"product_cat":[84,141,92,101,100],"product_tag":[70,66,65,67],"yoast_head":"<!-- This site is optimized with the Yoast SEO plugin v22.5 - https:\/\/yoast.com\/wordpress\/plugins\/seo\/ -->\n<title>Dame Spiel. Der Strategie-Klassiker f\u00fcr Zwei - Spieltz Verlag<\/title>\n<meta name=\"description\" content=\"Das Dame Spiel ist einer der beliebtesten Strategie-Spiel-Klassiker, es stammt aus Frankreich und ist seit dem 10. \/ 11. Jahrhundert bekannt.\" \/>\n<meta name=\"robots\" content=\"index, follow, max-snippet:-1, max-image-preview:large, max-video-preview:-1\" \/>\n<link rel=\"canonical\" href=\"https:\/\/spieltz.de\/verlag\/shop\/spiele-kategorie\/traditionelle-brettspiele\/dame-spiel-brettspiel\/\" \/>\n<meta property=\"og:locale\" content=\"de_DE\" \/>\n<meta property=\"og:type\" content=\"article\" \/>\n<meta property=\"og:title\" content=\"Dame Spiel. Der Strategie-Klassiker f\u00fcr Zwei - Spieltz Verlag\" \/>\n<meta property=\"og:description\" content=\"Das Dame Spiel ist einer der beliebtesten Strategie-Spiel-Klassiker, es stammt aus Frankreich und ist seit dem 10. \/ 11. Jahrhundert bekannt.\" \/>\n<meta property=\"og:url\" content=\"https:\/\/spieltz.de\/verlag\/shop\/spiele-kategorie\/traditionelle-brettspiele\/dame-spiel-brettspiel\/\" \/>\n<meta property=\"og:site_name\" content=\"Spieltz Verlag\" \/>\n<meta property=\"article:modified_time\" content=\"2017-01-20T00:08:44+00:00\" \/>\n<meta property=\"og:image\" content=\"https:\/\/spieltz.de\/verlag\/wp-content\/uploads\/2015\/10\/SPIELTZ_dame_40x40-1000-web.jpg\" \/>\n\t<meta property=\"og:image:width\" content=\"1000\" \/>\n\t<meta property=\"og:image:height\" content=\"1000\" \/>\n\t<meta property=\"og:image:type\" content=\"image\/jpeg\" \/>\n<meta name=\"twitter:card\" content=\"summary_large_image\" \/>\n<meta name=\"twitter:label1\" content=\"Gesch\u00e4tzte Lesezeit\" \/>\n\t<meta name=\"twitter:data1\" content=\"1\u00a0Minute\" \/>\n<script type=\"application\/ld+json\" class=\"yoast-schema-graph\">{\"@context\":\"https:\/\/schema.org\",\"@graph\":[{\"@type\":\"WebPage\",\"@id\":\"https:\/\/spieltz.de\/verlag\/shop\/spiele-kategorie\/traditionelle-brettspiele\/dame-spiel-brettspiel\/\",\"url\":\"https:\/\/spieltz.de\/verlag\/shop\/spiele-kategorie\/traditionelle-brettspiele\/dame-spiel-brettspiel\/\",\"name\":\"Dame Spiel. Der Strategie-Klassiker f\u00fcr Zwei - Spieltz Verlag\",\"isPartOf\":{\"@id\":\"https:\/\/spieltz.de\/verlag\/#website\"},\"primaryImageOfPage\":{\"@id\":\"https:\/\/spieltz.de\/verlag\/shop\/spiele-kategorie\/traditionelle-brettspiele\/dame-spiel-brettspiel\/#primaryimage\"},\"image\":{\"@id\":\"https:\/\/spieltz.de\/verlag\/shop\/spiele-kategorie\/traditionelle-brettspiele\/dame-spiel-brettspiel\/#primaryimage\"},\"thumbnailUrl\":\"https:\/\/spieltz.de\/verlag\/wp-content\/uploads\/2015\/10\/SPIELTZ_dame_40x40-1000-web.jpg\",\"datePublished\":\"2015-10-10T01:57:03+00:00\",\"dateModified\":\"2017-01-20T00:08:44+00:00\",\"description\":\"Das Dame Spiel ist einer der beliebtesten Strategie-Spiel-Klassiker, es stammt aus Frankreich und ist seit dem 10. \/ 11. Jahrhundert bekannt.\",\"breadcrumb\":{\"@id\":\"https:\/\/spieltz.de\/verlag\/shop\/spiele-kategorie\/traditionelle-brettspiele\/dame-spiel-brettspiel\/#breadcrumb\"},\"inLanguage\":\"de\",\"potentialAction\":[{\"@type\":\"ReadAction\",\"target\":[\"https:\/\/spieltz.de\/verlag\/shop\/spiele-kategorie\/traditionelle-brettspiele\/dame-spiel-brettspiel\/\"]}]},{\"@type\":\"ImageObject\",\"inLanguage\":\"de\",\"@id\":\"https:\/\/spieltz.de\/verlag\/shop\/spiele-kategorie\/traditionelle-brettspiele\/dame-spiel-brettspiel\/#primaryimage\",\"url\":\"https:\/\/spieltz.de\/verlag\/wp-content\/uploads\/2015\/10\/SPIELTZ_dame_40x40-1000-web.jpg\",\"contentUrl\":\"https:\/\/spieltz.de\/verlag\/wp-content\/uploads\/2015\/10\/SPIELTZ_dame_40x40-1000-web.jpg\",\"width\":1000,\"height\":1000,\"caption\":\"dame spiel rollbar spieltz\"},{\"@type\":\"BreadcrumbList\",\"@id\":\"https:\/\/spieltz.de\/verlag\/shop\/spiele-kategorie\/traditionelle-brettspiele\/dame-spiel-brettspiel\/#breadcrumb\",\"itemListElement\":[{\"@type\":\"ListItem\",\"position\":1,\"name\":\"Home\",\"item\":\"https:\/\/spieltz.de\/verlag\/\"},{\"@type\":\"ListItem\",\"position\":2,\"name\":\"Spieltz Verlag\",\"item\":\"https:\/\/spieltz.de\/verlag\/\"},{\"@type\":\"ListItem\",\"position\":3,\"name\":\"Dame Spiel. Der Strategie-Klassiker f\u00fcr Zwei\"}]},{\"@type\":\"WebSite\",\"@id\":\"https:\/\/spieltz.de\/verlag\/#website\",\"url\":\"https:\/\/spieltz.de\/verlag\/\",\"name\":\"Spieltz Verlag\",\"description\":\"Die Spielemacher. Verlagsprogramm.\",\"potentialAction\":[{\"@type\":\"SearchAction\",\"target\":{\"@type\":\"EntryPoint\",\"urlTemplate\":\"https:\/\/spieltz.de\/verlag\/?s={search_term_string}\"},\"query-input\":\"required name=search_term_string\"}],\"inLanguage\":\"de\"}]}<\/script>\n<!-- \/ Yoast SEO plugin. -->","yoast_head_json":{"title":"Dame Spiel. Der Strategie-Klassiker f\u00fcr Zwei - Spieltz Verlag","description":"Das Dame Spiel ist einer der beliebtesten Strategie-Spiel-Klassiker, es stammt aus Frankreich und ist seit dem 10. \/ 11. Jahrhundert bekannt.","robots":{"index":"index","follow":"follow","max-snippet":"max-snippet:-1","max-image-preview":"max-image-preview:large","max-video-preview":"max-video-preview:-1"},"canonical":"https:\/\/spieltz.de\/verlag\/shop\/spiele-kategorie\/traditionelle-brettspiele\/dame-spiel-brettspiel\/","og_locale":"de_DE","og_type":"article","og_title":"Dame Spiel. Der Strategie-Klassiker f\u00fcr Zwei - Spieltz Verlag","og_description":"Das Dame Spiel ist einer der beliebtesten Strategie-Spiel-Klassiker, es stammt aus Frankreich und ist seit dem 10. \/ 11. Jahrhundert bekannt.","og_url":"https:\/\/spieltz.de\/verlag\/shop\/spiele-kategorie\/traditionelle-brettspiele\/dame-spiel-brettspiel\/","og_site_name":"Spieltz Verlag","article_modified_time":"2017-01-20T00:08:44+00:00","og_image":[{"width":1000,"height":1000,"url":"https:\/\/spieltz.de\/verlag\/wp-content\/uploads\/2015\/10\/SPIELTZ_dame_40x40-1000-web.jpg","type":"image\/jpeg"}],"twitter_card":"summary_large_image","twitter_misc":{"Gesch\u00e4tzte Lesezeit":"1\u00a0Minute"},"schema":{"@context":"https:\/\/schema.org","@graph":[{"@type":"WebPage","@id":"https:\/\/spieltz.de\/verlag\/shop\/spiele-kategorie\/traditionelle-brettspiele\/dame-spiel-brettspiel\/","url":"https:\/\/spieltz.de\/verlag\/shop\/spiele-kategorie\/traditionelle-brettspiele\/dame-spiel-brettspiel\/","name":"Dame Spiel. Der Strategie-Klassiker f\u00fcr Zwei - Spieltz Verlag","isPartOf":{"@id":"https:\/\/spieltz.de\/verlag\/#website"},"primaryImageOfPage":{"@id":"https:\/\/spieltz.de\/verlag\/shop\/spiele-kategorie\/traditionelle-brettspiele\/dame-spiel-brettspiel\/#primaryimage"},"image":{"@id":"https:\/\/spieltz.de\/verlag\/shop\/spiele-kategorie\/traditionelle-brettspiele\/dame-spiel-brettspiel\/#primaryimage"},"thumbnailUrl":"https:\/\/spieltz.de\/verlag\/wp-content\/uploads\/2015\/10\/SPIELTZ_dame_40x40-1000-web.jpg","datePublished":"2015-10-10T01:57:03+00:00","dateModified":"2017-01-20T00:08:44+00:00","description":"Das Dame Spiel ist einer der beliebtesten Strategie-Spiel-Klassiker, es stammt aus Frankreich und ist seit dem 10. \/ 11. Jahrhundert bekannt.","breadcrumb":{"@id":"https:\/\/spieltz.de\/verlag\/shop\/spiele-kategorie\/traditionelle-brettspiele\/dame-spiel-brettspiel\/#breadcrumb"},"inLanguage":"de","potentialAction":[{"@type":"ReadAction","target":["https:\/\/spieltz.de\/verlag\/shop\/spiele-kategorie\/traditionelle-brettspiele\/dame-spiel-brettspiel\/"]}]},{"@type":"ImageObject","inLanguage":"de","@id":"https:\/\/spieltz.de\/verlag\/shop\/spiele-kategorie\/traditionelle-brettspiele\/dame-spiel-brettspiel\/#primaryimage","url":"https:\/\/spieltz.de\/verlag\/wp-content\/uploads\/2015\/10\/SPIELTZ_dame_40x40-1000-web.jpg","contentUrl":"https:\/\/spieltz.de\/verlag\/wp-content\/uploads\/2015\/10\/SPIELTZ_dame_40x40-1000-web.jpg","width":1000,"height":1000,"caption":"dame spiel rollbar spieltz"},{"@type":"BreadcrumbList","@id":"https:\/\/spieltz.de\/verlag\/shop\/spiele-kategorie\/traditionelle-brettspiele\/dame-spiel-brettspiel\/#breadcrumb","itemListElement":[{"@type":"ListItem","position":1,"name":"Home","item":"https:\/\/spieltz.de\/verlag\/"},{"@type":"ListItem","position":2,"name":"Spieltz Verlag","item":"https:\/\/spieltz.de\/verlag\/"},{"@type":"ListItem","position":3,"name":"Dame Spiel. Der Strategie-Klassiker f\u00fcr Zwei"}]},{"@type":"WebSite","@id":"https:\/\/spieltz.de\/verlag\/#website","url":"https:\/\/spieltz.de\/verlag\/","name":"Spieltz Verlag","description":"Die Spielemacher. Verlagsprogramm.","potentialAction":[{"@type":"SearchAction","target":{"@type":"EntryPoint","urlTemplate":"https:\/\/spieltz.de\/verlag\/?s={search_term_string}"},"query-input":"required name=search_term_string"}],"inLanguage":"de"}]}},"_links":{"self":[{"href":"https:\/\/spieltz.de\/verlag\/wp-json\/wp\/v2\/product\/435"}],"collection":[{"href":"https:\/\/spieltz.de\/verlag\/wp-json\/wp\/v2\/product"}],"about":[{"href":"https:\/\/spieltz.de\/verlag\/wp-json\/wp\/v2\/types\/product"}],"replies":[{"embeddable":true,"href":"https:\/\/spieltz.de\/verlag\/wp-json\/wp\/v2\/comments?post=435"}],"wp:featuredmedia":[{"embeddable":true,"href":"https:\/\/spieltz.de\/verlag\/wp-json\/wp\/v2\/media\/1072"}],"wp:attachment":[{"href":"https:\/\/spieltz.de\/verlag\/wp-json\/wp\/v2\/media?parent=435"}],"wp:term":[{"taxonomy":"product_cat","embeddable":true,"href":"https:\/\/spieltz.de\/verlag\/wp-json\/wp\/v2\/product_cat?post=435"},{"taxonomy":"product_tag","embeddable":true,"href":"https:\/\/spieltz.de\/verlag\/wp-json\/wp\/v2\/product_tag?post=435"}],"curies":[{"name":"wp","href":"https:\/\/api.w.org\/{rel}","templated":true}]}}