{"id":393,"date":"2015-10-08T04:03:19","date_gmt":"2015-10-08T02:03:19","guid":{"rendered":"http:\/\/spieltz.de\/verlag\/shop\/2-4-spieler\/o-tannenbaum-das-weihnachtsspiel-ausfuehrung-rollbares-spiel\/"},"modified":"2023-11-18T01:50:35","modified_gmt":"2023-11-18T00:50:35","slug":"spiel-weihnachten-o-tannenbaum","status":"publish","type":"product","link":"https:\/\/spieltz.de\/verlag\/shop\/spiele-kategorie\/familienspiele\/spiel-weihnachten-o-tannenbaum\/","title":{"rendered":"O Tannenbaum &#8211; das Weihnachtsspiel"},"content":{"rendered":"<ul>\n<li>Spielthema:\u00a0Spiel Weihnachten<\/li>\n<li>Art des Spiels: Brettspiel, Familienspiel, Gesellschaftsspiel<\/li>\n<li>Ausf\u00fchrung:<br \/>\nDas Spiel gibt es in 3 Varianten: 1. Klassisch produziert mit Spielplan \/ St\u00fclpdeckelschachten,<br \/>\n2. rollbares Spiel, Spiel\u00fcplan aus LKW-Plane, 3. spielbare Klappkarte (Weihnachtskarte, Gru\u00dfkarte)<\/li>\n<li>Zubeh\u00f6r: Spielfiguren und W\u00fcrfel aus bunt lackiertem Holz, Holzscheiben mit lustigen Aufklebern<\/li>\n<li>Anzahl Spieler: 2 \u2013 6\u00a0Spieler<\/li>\n<li>Empfohlenes Spielalter: ab 6\u00a0Jahren<\/li>\n<li>Spieldauer: 30 \u2013 45 Minuten<\/li>\n<\/ul>\n<h3>Das Spiel<\/h3>\n<p class=\"p1\"><span class=\"s1\">Wer schafft es als Erste*r, die Spitze des Weihnachtsbaumes zu erklimmen? Die Spielbahn geht im Zickzack vom Stamm bis zur Spitze, ihr klettert von Christbaumkugel zu Christbaumkugel. Lebkuchen, Zuckerstangen, \u00c4pfel und goldene N\u00fcsse bringen euch auf dem Weg zum Ziel Gl\u00fcck oder Pech.<\/span><\/p>\n<p class=\"p1\"><span class=\"s1\">Vor Spielbeginn wird der Christbaum fertig geschm\u00fcckt: Aktions-Pl\u00e4ttchen (Christbaumschmuck) werden verdeckt auf beliebige Spielfelder gelegt. W\u00fcrfeln, aufdecken, Aktion ausf\u00fchren, weiter ziehen? So einfach ist das nicht, denn immer wieder kommt es zu Kettenreaktionen, die die Spielsituation komplett auf den Kopf stellen! Und die Pl\u00e4ttchen wechseln im Verlauf des Spiels immer wieder\u00a0ihre Pl\u00e4tze.<\/span><\/p>\n<p class=\"p1\"><span class=\"s1\">O Tannenbaum ist ein einfach zu lernendes, unterhaltsames Familienspiel, es verk\u00fcrzt die Wartezeit auf Weihnachten und bringt Spa\u00df in lange Winterabende!<\/span><\/p>\n<p class=\"p2\">Autorin:\u00a0Karin Janner<br \/>\nDesign:\u00a0Ilya Borisov<\/p>\n<h3>Spielmaterial<\/h3>\n<p><strong>Brettspiel oder rollbares Spiel auf Plane:<\/strong><\/p>\n<ul>\n<li>1 Spielplan, Gr\u00f6\u00dfe 30&#215;40 cm (Standardgr\u00f6\u00dfe), DIN A4 (Reisespiel)<\/li>\n<li>2\u00a0x 6 Spielfiguren + 2 W\u00fcrfel aus bunt lackiertem Holz, lackierte Holzscheiben, Stickerbogen<\/li>\n<li>bunt bebilderte Anleitung<\/li>\n<li>Verpackung:<br \/>\nSchachtelvariante: St\u00fclpdeckelschachtel Gr\u00f6\u00dfe 30&#215;21 cm, H\u00f6he 4 cm<br \/>\nPlanenvariante: Rolle, L\u00e4nge 34\u00a0cm, Durchmesser 6 cm (Standardspiel)<br \/>\nRolle L\u00e4nge 24\u00a0cm, Durchmesser 6 cm (Reisespiel)<\/li>\n<\/ul>\n<p><strong>Spielbare Karte<\/strong><\/p>\n<p>Klappkarte im Format DIN A4 (aufgeklappt: DIN A3,) enth\u00e4lt auf der Vorderseite den Spielplan. In der Mitte ist Platz f\u00fcr Ihre pers\u00f6nlichen Gr\u00fc\u00dfe und auf der Kartenr\u00fcckseite ist die Anleitung zu finden.<\/p>\n<p>Spielfiguren k\u00f6nnen mitbestellt werden, m\u00fcssen aber nicht. Die Karte kommt mit klassischen Holzfiguren aus, die der Empf\u00e4nger auch einem anderen Spiel entlehnen kann.<\/p>\n<h3>O Tannenbaum\u00a0kaufen<\/h3>\n<h4>Kunden<\/h4>\n<p><em>O Tannenbaum<\/em>, unser Spiel f\u00fcr Weihnachten, ist im Internet erh\u00e4ltlich im <a href=\"https:\/\/buntervogel-geschenke.de\/products\/spieltz-o-tannenbaum?\">Onlineshop Bunter Vogel<\/a>,\u00a0\u00a0<a href=\"https:\/\/www.amazon.de\/Tannenbaum-Familienspiel-Weihnachten-Advent-Auflage\/dp\/B09WY2V34C\/ref=sr_1_6?\">bei Amazon, <\/a>in unserem <a href=\"https:\/\/www.ebay.de\/str\/ideenfeldberlin\">ebay Shop<\/a>\u00a0\u00a0sowie in ausgew\u00e4hlten L\u00e4den.<\/p>\n<p>Als <a href=\"https:\/\/www.amazon.de\/Tannenbaum-Riesen-Weihnachtskarte-Weihnachts-Brettspiel-Gro%C3%9Fformat-aufgeklappt\/dp\/B018WXVJTW\/ref=lp_9059222031_1_15?srs=9059222031&amp;ie=UTF8&amp;qid=1491182877&amp;sr=8-15\">spielbare Klappkarte bei Amazon.<\/a><\/p>\n<h4>H\u00e4ndler<\/h4>\n<p>Bitte kontaktieren Sie uns f\u00fcr eine <a href=\"mailto:info@spieltz.de\">H\u00e4ndlerpreisliste.<\/a><\/p>\n<h4>Firmenkunden<\/h4>\n<p>Wie alle Spieltz-Spiele ist <em>O Tannenbaum\u00a0<\/em>auch als Werbespiel mit Ihrem eigenen Branding \/ in Ihren Unternehmensfarben erh\u00e4ltlich. Bitte besuchen Sie unseren <a href=\"http:\/\/spieltz.de\/werbespiele\/\">Werbespiele Shop<\/a>.<\/p>\n<ul>\n<li><a href=\"http:\/\/spieltz.de\/werbespiele\/shop\/ausfuehrung\/preiskategorie-b\/o-tannenbaum-weihnachtsspiel-rollbar\/\">O Tannenbaum\u00a0mit Branding, rollbar auf LKW-Plane\u00a0<\/a><\/li>\n<li>O Tannenbaum mit Branding, klassisch produziert als Brettspiel mit Spielbrett \/ St\u00fclpdeckelschachtel: Fragen Sie bitte <a href=\"mailto:info@spieltz.de\">per Mail<\/a> nach einem Angebot.<\/li>\n<li><a href=\"http:\/\/spieltz.de\/werbespiele\/shop\/ausfuehrung\/preiskategorie-h\/die-spielbare-weihnachtskarte\/\">O Tannenbaum mit Branding als spielbare Weihnachtskarte.<\/a><\/li>\n<\/ul>\n<p>&#8212;<\/p>\n<p>keywords: spiel weihnachten, weihnachtsspiel, weihnachts-brettspiel<\/p>\n","protected":false},"excerpt":{"rendered":"<p>Lustiges Weihnachts-Spiel f\u00fcr die ganze Familie!<br \/>\nSpielalter: ab 6 Jahren<br \/>\nSpielerzahl: 2-6 Spieler<br \/>\nSpieldauer: 30 &#8211; 45 Minuten.<\/p>\n<p>Erh\u00e4ltlich als klassisches Spiel in der St\u00fclpdeckeschachtel und als rollbares Spiel oder als spielbare Weihnachtskarte.<\/p>\n<p>Spiel kaufen:<br \/>\n<a href=\"https:\/\/buntervogel-geschenke.de\/products\/spieltz-o-tannenbaum?\">&#8211;&gt; Bunter Vogel Store<\/a><br \/>\n<a href=\"https:\/\/www.amazon.de\/Tannenbaum-Familienspiel-Weihnachten-Advent-Auflage\/dp\/B09WY2V34C\/ref=sr_1\">&#8211;&gt; Amazon<\/a><\/p>\n","protected":false},"featured_media":1115,"comment_status":"open","ping_status":"closed","template":"","meta":{"_monsterinsights_skip_tracking":false,"_monsterinsights_sitenote_active":false,"_monsterinsights_sitenote_note":"","_monsterinsights_sitenote_category":0,"_themeisle_gutenberg_block_has_review":false},"product_cat":[109,110,81,129,80],"product_tag":[68,62,37],"yoast_head":"<!-- This site is optimized with the Yoast SEO plugin v22.5 - https:\/\/yoast.com\/wordpress\/plugins\/seo\/ -->\n<title>O Tannenbaum - das Weihnachtsspiel - Spieltz Verlag<\/title>\n<meta name=\"description\" content=\"Spiel Weihnachten: O Tannenbaum ist ein lustiges Familienspiel f\u00fcr Advent, Weihnachten und Winterabende, f\u00fcr 2-6 Spieler ab 6 Jahren.\" \/>\n<meta name=\"robots\" content=\"index, follow, max-snippet:-1, max-image-preview:large, max-video-preview:-1\" \/>\n<link rel=\"canonical\" href=\"https:\/\/spieltz.de\/verlag\/shop\/spiele-kategorie\/familienspiele\/spiel-weihnachten-o-tannenbaum\/\" \/>\n<meta property=\"og:locale\" content=\"de_DE\" \/>\n<meta property=\"og:type\" content=\"article\" \/>\n<meta property=\"og:title\" content=\"O Tannenbaum - das Weihnachtsspiel - Spieltz Verlag\" \/>\n<meta property=\"og:description\" content=\"Spiel Weihnachten: O Tannenbaum ist ein lustiges Familienspiel f\u00fcr Advent, Weihnachten und Winterabende, f\u00fcr 2-6 Spieler ab 6 Jahren.\" \/>\n<meta property=\"og:url\" content=\"https:\/\/spieltz.de\/verlag\/shop\/spiele-kategorie\/familienspiele\/spiel-weihnachten-o-tannenbaum\/\" \/>\n<meta property=\"og:site_name\" content=\"Spieltz Verlag\" \/>\n<meta property=\"article:modified_time\" content=\"2023-11-18T00:50:35+00:00\" \/>\n<meta property=\"og:image\" content=\"https:\/\/spieltz.de\/verlag\/wp-content\/uploads\/2015\/10\/O-Tannenbaum-Weihnachten_brettspiel_A3-heller-RGB-Web.jpg\" \/>\n\t<meta property=\"og:image:width\" content=\"1000\" \/>\n\t<meta property=\"og:image:height\" content=\"1413\" \/>\n\t<meta property=\"og:image:type\" content=\"image\/jpeg\" \/>\n<meta name=\"twitter:card\" content=\"summary_large_image\" \/>\n<meta name=\"twitter:label1\" content=\"Gesch\u00e4tzte Lesezeit\" \/>\n\t<meta name=\"twitter:data1\" content=\"2\u00a0Minuten\" \/>\n<script type=\"application\/ld+json\" class=\"yoast-schema-graph\">{\"@context\":\"https:\/\/schema.org\",\"@graph\":[{\"@type\":\"WebPage\",\"@id\":\"https:\/\/spieltz.de\/verlag\/shop\/spiele-kategorie\/familienspiele\/spiel-weihnachten-o-tannenbaum\/\",\"url\":\"https:\/\/spieltz.de\/verlag\/shop\/spiele-kategorie\/familienspiele\/spiel-weihnachten-o-tannenbaum\/\",\"name\":\"O Tannenbaum - das Weihnachtsspiel - Spieltz Verlag\",\"isPartOf\":{\"@id\":\"https:\/\/spieltz.de\/verlag\/#website\"},\"primaryImageOfPage\":{\"@id\":\"https:\/\/spieltz.de\/verlag\/shop\/spiele-kategorie\/familienspiele\/spiel-weihnachten-o-tannenbaum\/#primaryimage\"},\"image\":{\"@id\":\"https:\/\/spieltz.de\/verlag\/shop\/spiele-kategorie\/familienspiele\/spiel-weihnachten-o-tannenbaum\/#primaryimage\"},\"thumbnailUrl\":\"https:\/\/spieltz.de\/verlag\/wp-content\/uploads\/2015\/10\/O-Tannenbaum-Weihnachten_brettspiel_A3-heller-RGB-Web.jpg\",\"datePublished\":\"2015-10-08T02:03:19+00:00\",\"dateModified\":\"2023-11-18T00:50:35+00:00\",\"description\":\"Spiel Weihnachten: O Tannenbaum ist ein lustiges Familienspiel f\u00fcr Advent, Weihnachten und Winterabende, f\u00fcr 2-6 Spieler ab 6 Jahren.\",\"breadcrumb\":{\"@id\":\"https:\/\/spieltz.de\/verlag\/shop\/spiele-kategorie\/familienspiele\/spiel-weihnachten-o-tannenbaum\/#breadcrumb\"},\"inLanguage\":\"de\",\"potentialAction\":[{\"@type\":\"ReadAction\",\"target\":[\"https:\/\/spieltz.de\/verlag\/shop\/spiele-kategorie\/familienspiele\/spiel-weihnachten-o-tannenbaum\/\"]}]},{\"@type\":\"ImageObject\",\"inLanguage\":\"de\",\"@id\":\"https:\/\/spieltz.de\/verlag\/shop\/spiele-kategorie\/familienspiele\/spiel-weihnachten-o-tannenbaum\/#primaryimage\",\"url\":\"https:\/\/spieltz.de\/verlag\/wp-content\/uploads\/2015\/10\/O-Tannenbaum-Weihnachten_brettspiel_A3-heller-RGB-Web.jpg\",\"contentUrl\":\"https:\/\/spieltz.de\/verlag\/wp-content\/uploads\/2015\/10\/O-Tannenbaum-Weihnachten_brettspiel_A3-heller-RGB-Web.jpg\",\"width\":1000,\"height\":1413,\"caption\":\"O Tannenbaum Spiel Weihnachten\"},{\"@type\":\"BreadcrumbList\",\"@id\":\"https:\/\/spieltz.de\/verlag\/shop\/spiele-kategorie\/familienspiele\/spiel-weihnachten-o-tannenbaum\/#breadcrumb\",\"itemListElement\":[{\"@type\":\"ListItem\",\"position\":1,\"name\":\"Home\",\"item\":\"https:\/\/spieltz.de\/verlag\/\"},{\"@type\":\"ListItem\",\"position\":2,\"name\":\"Spieltz Verlag\",\"item\":\"https:\/\/spieltz.de\/verlag\/\"},{\"@type\":\"ListItem\",\"position\":3,\"name\":\"O Tannenbaum &#8211; das Weihnachtsspiel\"}]},{\"@type\":\"WebSite\",\"@id\":\"https:\/\/spieltz.de\/verlag\/#website\",\"url\":\"https:\/\/spieltz.de\/verlag\/\",\"name\":\"Spieltz Verlag\",\"description\":\"Die Spielemacher. Verlagsprogramm.\",\"potentialAction\":[{\"@type\":\"SearchAction\",\"target\":{\"@type\":\"EntryPoint\",\"urlTemplate\":\"https:\/\/spieltz.de\/verlag\/?s={search_term_string}\"},\"query-input\":\"required name=search_term_string\"}],\"inLanguage\":\"de\"}]}<\/script>\n<!-- \/ Yoast SEO plugin. -->","yoast_head_json":{"title":"O Tannenbaum - das Weihnachtsspiel - Spieltz Verlag","description":"Spiel Weihnachten: O Tannenbaum ist ein lustiges Familienspiel f\u00fcr Advent, Weihnachten und Winterabende, f\u00fcr 2-6 Spieler ab 6 Jahren.","robots":{"index":"index","follow":"follow","max-snippet":"max-snippet:-1","max-image-preview":"max-image-preview:large","max-video-preview":"max-video-preview:-1"},"canonical":"https:\/\/spieltz.de\/verlag\/shop\/spiele-kategorie\/familienspiele\/spiel-weihnachten-o-tannenbaum\/","og_locale":"de_DE","og_type":"article","og_title":"O Tannenbaum - das Weihnachtsspiel - Spieltz Verlag","og_description":"Spiel Weihnachten: O Tannenbaum ist ein lustiges Familienspiel f\u00fcr Advent, Weihnachten und Winterabende, f\u00fcr 2-6 Spieler ab 6 Jahren.","og_url":"https:\/\/spieltz.de\/verlag\/shop\/spiele-kategorie\/familienspiele\/spiel-weihnachten-o-tannenbaum\/","og_site_name":"Spieltz Verlag","article_modified_time":"2023-11-18T00:50:35+00:00","og_image":[{"width":1000,"height":1413,"url":"https:\/\/spieltz.de\/verlag\/wp-content\/uploads\/2015\/10\/O-Tannenbaum-Weihnachten_brettspiel_A3-heller-RGB-Web.jpg","type":"image\/jpeg"}],"twitter_card":"summary_large_image","twitter_misc":{"Gesch\u00e4tzte Lesezeit":"2\u00a0Minuten"},"schema":{"@context":"https:\/\/schema.org","@graph":[{"@type":"WebPage","@id":"https:\/\/spieltz.de\/verlag\/shop\/spiele-kategorie\/familienspiele\/spiel-weihnachten-o-tannenbaum\/","url":"https:\/\/spieltz.de\/verlag\/shop\/spiele-kategorie\/familienspiele\/spiel-weihnachten-o-tannenbaum\/","name":"O Tannenbaum - das Weihnachtsspiel - Spieltz Verlag","isPartOf":{"@id":"https:\/\/spieltz.de\/verlag\/#website"},"primaryImageOfPage":{"@id":"https:\/\/spieltz.de\/verlag\/shop\/spiele-kategorie\/familienspiele\/spiel-weihnachten-o-tannenbaum\/#primaryimage"},"image":{"@id":"https:\/\/spieltz.de\/verlag\/shop\/spiele-kategorie\/familienspiele\/spiel-weihnachten-o-tannenbaum\/#primaryimage"},"thumbnailUrl":"https:\/\/spieltz.de\/verlag\/wp-content\/uploads\/2015\/10\/O-Tannenbaum-Weihnachten_brettspiel_A3-heller-RGB-Web.jpg","datePublished":"2015-10-08T02:03:19+00:00","dateModified":"2023-11-18T00:50:35+00:00","description":"Spiel Weihnachten: O Tannenbaum ist ein lustiges Familienspiel f\u00fcr Advent, Weihnachten und Winterabende, f\u00fcr 2-6 Spieler ab 6 Jahren.","breadcrumb":{"@id":"https:\/\/spieltz.de\/verlag\/shop\/spiele-kategorie\/familienspiele\/spiel-weihnachten-o-tannenbaum\/#breadcrumb"},"inLanguage":"de","potentialAction":[{"@type":"ReadAction","target":["https:\/\/spieltz.de\/verlag\/shop\/spiele-kategorie\/familienspiele\/spiel-weihnachten-o-tannenbaum\/"]}]},{"@type":"ImageObject","inLanguage":"de","@id":"https:\/\/spieltz.de\/verlag\/shop\/spiele-kategorie\/familienspiele\/spiel-weihnachten-o-tannenbaum\/#primaryimage","url":"https:\/\/spieltz.de\/verlag\/wp-content\/uploads\/2015\/10\/O-Tannenbaum-Weihnachten_brettspiel_A3-heller-RGB-Web.jpg","contentUrl":"https:\/\/spieltz.de\/verlag\/wp-content\/uploads\/2015\/10\/O-Tannenbaum-Weihnachten_brettspiel_A3-heller-RGB-Web.jpg","width":1000,"height":1413,"caption":"O Tannenbaum Spiel Weihnachten"},{"@type":"BreadcrumbList","@id":"https:\/\/spieltz.de\/verlag\/shop\/spiele-kategorie\/familienspiele\/spiel-weihnachten-o-tannenbaum\/#breadcrumb","itemListElement":[{"@type":"ListItem","position":1,"name":"Home","item":"https:\/\/spieltz.de\/verlag\/"},{"@type":"ListItem","position":2,"name":"Spieltz Verlag","item":"https:\/\/spieltz.de\/verlag\/"},{"@type":"ListItem","position":3,"name":"O Tannenbaum &#8211; das Weihnachtsspiel"}]},{"@type":"WebSite","@id":"https:\/\/spieltz.de\/verlag\/#website","url":"https:\/\/spieltz.de\/verlag\/","name":"Spieltz Verlag","description":"Die Spielemacher. Verlagsprogramm.","potentialAction":[{"@type":"SearchAction","target":{"@type":"EntryPoint","urlTemplate":"https:\/\/spieltz.de\/verlag\/?s={search_term_string}"},"query-input":"required name=search_term_string"}],"inLanguage":"de"}]}},"_links":{"self":[{"href":"https:\/\/spieltz.de\/verlag\/wp-json\/wp\/v2\/product\/393"}],"collection":[{"href":"https:\/\/spieltz.de\/verlag\/wp-json\/wp\/v2\/product"}],"about":[{"href":"https:\/\/spieltz.de\/verlag\/wp-json\/wp\/v2\/types\/product"}],"replies":[{"embeddable":true,"href":"https:\/\/spieltz.de\/verlag\/wp-json\/wp\/v2\/comments?post=393"}],"wp:featuredmedia":[{"embeddable":true,"href":"https:\/\/spieltz.de\/verlag\/wp-json\/wp\/v2\/media\/1115"}],"wp:attachment":[{"href":"https:\/\/spieltz.de\/verlag\/wp-json\/wp\/v2\/media?parent=393"}],"wp:term":[{"taxonomy":"product_cat","embeddable":true,"href":"https:\/\/spieltz.de\/verlag\/wp-json\/wp\/v2\/product_cat?post=393"},{"taxonomy":"product_tag","embeddable":true,"href":"https:\/\/spieltz.de\/verlag\/wp-json\/wp\/v2\/product_tag?post=393"}],"curies":[{"name":"wp","href":"https:\/\/api.w.org\/{rel}","templated":true}]}}