{"id":38,"date":"2015-08-03T16:26:29","date_gmt":"2015-08-03T14:26:29","guid":{"rendered":"http:\/\/spieltz.de\/verlag\/?post_type=product&#038;p=38"},"modified":"2017-04-06T02:30:35","modified_gmt":"2017-04-06T00:30:35","slug":"belagerungsspiel-spieltz","status":"publish","type":"product","link":"https:\/\/spieltz.de\/verlag\/shop\/spiele-kategorie\/traditionelle-brettspiele\/belagerungsspiel-spieltz\/","title":{"rendered":"Belagerungsspiel: Belagerung von Florenz 1529"},"content":{"rendered":"<ul>\n<li>Art des Spiels:\u00a0Strategiespiel, Brettspiel, traditionelles Spiel<\/li>\n<li>Ausf\u00fchrung: Spielplan auf LKW-Plane \u2013 rollbar und robust, verpackt in eine Papprolle<\/li>\n<li>Spielthemen:\u00a0Kampf, Belagerung<\/li>\n<li>Anzahl Spieler: 2\u00a0Spieler<\/li>\n<li>Empfohlenes Spielalter: ab 6\u00a0Jahren<\/li>\n<li>Spieldauer: etwa 20\u00a0Minuten<\/li>\n<\/ul>\n<h3>Belagerungsspiel &#8211; Beschreibung<\/h3>\n<p>Die Truppen von Karl V. belagern ab Oktober 1529 Florenz, das im August 1530 schlie\u00dflich kapituliert. Die vertriebenen Medici kehren an die Macht zur\u00fcck. Spielen ihr Geschichte nach oder schreiben ihr sie neu?<\/p>\n<p>Das traditionelle Belagerungsspiel wird der Gruppe der \u201easymmetrischen\u00a0Brettspiele\u201c zugeordnet: Die beiden Spieler haben unterschiedliche\u00a0Spielziele, Spielfiguren und Zugm\u00f6glichkeiten.<br \/>\nZiel der Angreifer ist es, die Stadt (= alle neun Punkte im oberen\u00a0Viereck) zu besetzen oder die Verteidiger so einzukreisen, dass sie\u00a0nicht mehr ziehen k\u00f6nnen.\u00a0Ziel der Verteidiger ist es, die Angreifer in die Flucht zu schlagen.\u00a0Wenn weniger als neun Angreifer u\u0308brig sind, kann die Stadt\u00a0nicht mehr besetzt werden und die Verteidiger haben gewonnen.<\/p>\n<h3>Autor + Illustrator<\/h3>\n<p>Autor: unbekannt \/ traditionelles Spiel<br \/>\nDesign:\u00a0Gerhard Moser<\/p>\n<h3>Spielmaterial<\/h3>\n<ul>\n<li>1 Spielplan aus LKW-Plane, rollbar, robust und abwaschbar<\/li>\n<li>26\u00a0Spielfiguren (24 Angreifer + 2\u00a0Verteidiger) aus bunt lackiertem Holz<\/li>\n<li>Anleitung auf Deutsch<\/li>\n<li>Verpackung: Papprolle, wei\u00df mit buntem mit Aufkleber.<\/li>\n<\/ul>\n<h3>Gr\u00f6\u00dfen<\/h3>\n<ul>\n<li>Reisespiel:\u00a0Spielplan Gr\u00f6\u00dfe 20\u00d720 cm,\u00a0Verpackung: Rolle L\u00e4nge 24\u00a0cm, Durchmesser 6 cm<\/li>\n<li>Standardspiel: Spielplan Gr\u00f6\u00dfe 30\u00d730 cm,\u00a0Verpackung: Rolle L\u00e4nge 34\u00a0cm, Durchmesser 6 cm<\/li>\n<li>Maxispiel: Spielplan Gr\u00f6\u00dfe 40\u00d740 cm, Verpackung: Rolle L\u00e4nge 44\u00a0cm, Durchmesser 6 cm<\/li>\n<li>Gr\u00f6\u00dfe XL: Spielplan Gr\u00f6\u00dfe 50\u00d750 cm, Verpackung: Rolle L\u00e4nge 54\u00a0cm, Durchmesser 8\u00a0cm<\/li>\n<li>Gr\u00f6\u00dfe XXL: Spielplan Gr\u00f6\u00dfe 60\u00d760 cm, Verpackung: Rolle L\u00e4nge 64\u00a0cm, Durchmesser 8\u00a0cm<\/li>\n<\/ul>\n<p>Die Gr\u00f6\u00dfen der Spielsteine sind auf die Gr\u00f6\u00dfen der Spielpl\u00e4ne abgestimmt. Gr\u00f6\u00dfe 50\u00d750 und 60\u00d760 wird mit extra-gro\u00dfen Spielsteinen ausgeliefert und ist gut geeignet f\u00fcr Menschen mit motorischen Einschr\u00e4nkungen sowie f\u00fcr das Spielen auf Veranstaltungen.<\/p>\n<h3>Belagerungsspiel\u00a0kaufen<\/h3>\n<h4>Kunden<\/h4>\n<p>Das Belagerungsspiel ist im Internet erh\u00e4ltlich<a href=\"https:\/\/www.amazon.de\/s\/ref=nb_sb_noss_1?__mk_de_DE=%C3%85M%C3%85%C5%BD%C3%95%C3%91&amp;url=search-alias%3Dtoys&amp;field-keywords=spieltz&amp;rh=n%3A12950651%2Ck%3Aspieltz\"> bei Amazon<\/a>\u00a0und in unseren Shops bei <a href=\"http:\/\/spieltz.rakuten-shop.de\/\">Rakuten.de<\/a>, <a href=\"https:\/\/www.hitmeister.de\/shops\/spieltz\/\">Hitmeister<\/a> und <a href=\"https:\/\/de.allyouneed.com\/de\/~spieltz\">Allyouneed<\/a>, sowie in ausgew\u00e4hlten L\u00e4den.<\/p>\n<h4>H\u00e4ndler<\/h4>\n<p>Bitte kontaktieren Sie uns f\u00fcr eine <a href=\"mailto:info@spieltz.de\">H\u00e4ndlerpreisliste.<\/a><\/p>\n<h4>Firmenkunden<\/h4>\n<p>Firmenkunden k\u00f6nnen das Belagerungsspiel mit eigenem Branding erhalten. Bitte besuchen Sie unseren <a href=\"http:\/\/spieltz.de\/werbespiele\/\">Werbespiele Shop<\/a>.<\/p>\n<ul>\n<li><a href=\"http:\/\/spieltz.de\/werbespiele\/shop\/ausfuehrung\/preiskategorie-b\/belagerungsspiel-firmenspiel-rollbar\/\">Belagerungsspiel\u00a0mit Branding, rollbar auf LKW-Plane\u00a0<\/a><\/li>\n<\/ul>\n","protected":false},"excerpt":{"rendered":"<p>Das traditionelle &#8222;Belagerungsspiel&#8220; &#8211; ein strategisches Brettspiel f\u00fcr zwei Spieler &#8211; wird seit Jahrhunderten gespielt. Die beiden Spieler haben unterschiedliche Spielziele. Die ANGREIFER wollen die Stadt besetzen und die VERTEIDIGER verfolgen das Ziel, die Angreifer in die Flucht zu schlagen.<\/p>\n<p>Der Spielplan ist auf rollbare Plane gedruckt, der mit Spielsteinen und Zubeh\u00f6r in eine Rolle verpackt ist.<\/p>\n<p>Gr\u00f6\u00dfen:<br \/>\nReisespiel: Spielplan 20\u00d720 cm<br \/>\nStandardspiel: Spielplan 30\u00d730 cm<br \/>\nMaxispiel: Spielplan 40 x 40 cm<br \/>\nGr\u00f6\u00dfe XL: Spielplan Gr\u00f6\u00dfe 50\u00d750 cm<br \/>\nGr\u00f6\u00dfe XXL: Spielplan Gr\u00f6\u00dfe 60\u00d760 cm<\/p>\n","protected":false},"featured_media":1052,"comment_status":"open","ping_status":"closed","template":"","meta":{"_monsterinsights_skip_tracking":false,"_monsterinsights_sitenote_active":false,"_monsterinsights_sitenote_note":"","_monsterinsights_sitenote_category":0,"_themeisle_gutenberg_block_has_review":false},"product_cat":[112,84,81,101,100],"product_tag":[232,68,65,67],"yoast_head":"<!-- This site is optimized with the Yoast SEO plugin v22.5 - https:\/\/yoast.com\/wordpress\/plugins\/seo\/ -->\n<title>Belagerungsspiel: Belagerung von Florenz 1529 - Spieltz Verlag<\/title>\n<meta name=\"description\" content=\"Das &quot;Belagerungsspiel&quot; - ein Strategiespiel f\u00fcr zwei Spieler - wird seit Jahrhunderten gespielt. Angreifer und Verteidiger k\u00e4mpfen um die Stadt Florenz.\" \/>\n<meta name=\"robots\" content=\"index, follow, max-snippet:-1, max-image-preview:large, max-video-preview:-1\" \/>\n<link rel=\"canonical\" href=\"https:\/\/spieltz.de\/verlag\/shop\/spiele-kategorie\/traditionelle-brettspiele\/belagerungsspiel-spieltz\/\" \/>\n<meta property=\"og:locale\" content=\"de_DE\" \/>\n<meta property=\"og:type\" content=\"article\" \/>\n<meta property=\"og:title\" content=\"Belagerungsspiel: Belagerung von Florenz 1529 - Spieltz Verlag\" \/>\n<meta property=\"og:description\" content=\"Das &quot;Belagerungsspiel&quot; - ein Strategiespiel f\u00fcr zwei Spieler - wird seit Jahrhunderten gespielt. Angreifer und Verteidiger k\u00e4mpfen um die Stadt Florenz.\" \/>\n<meta property=\"og:url\" content=\"https:\/\/spieltz.de\/verlag\/shop\/spiele-kategorie\/traditionelle-brettspiele\/belagerungsspiel-spieltz\/\" \/>\n<meta property=\"og:site_name\" content=\"Spieltz Verlag\" \/>\n<meta property=\"article:modified_time\" content=\"2017-04-06T00:30:35+00:00\" \/>\n<meta property=\"og:image\" content=\"https:\/\/spieltz.de\/verlag\/wp-content\/uploads\/2015\/08\/600x600-Belagerungsspiel-Web.jpg\" \/>\n\t<meta property=\"og:image:width\" content=\"600\" \/>\n\t<meta property=\"og:image:height\" content=\"600\" \/>\n\t<meta property=\"og:image:type\" content=\"image\/jpeg\" \/>\n<meta name=\"twitter:card\" content=\"summary_large_image\" \/>\n<meta name=\"twitter:label1\" content=\"Gesch\u00e4tzte Lesezeit\" \/>\n\t<meta name=\"twitter:data1\" content=\"2\u00a0Minuten\" \/>\n<script type=\"application\/ld+json\" class=\"yoast-schema-graph\">{\"@context\":\"https:\/\/schema.org\",\"@graph\":[{\"@type\":\"WebPage\",\"@id\":\"https:\/\/spieltz.de\/verlag\/shop\/spiele-kategorie\/traditionelle-brettspiele\/belagerungsspiel-spieltz\/\",\"url\":\"https:\/\/spieltz.de\/verlag\/shop\/spiele-kategorie\/traditionelle-brettspiele\/belagerungsspiel-spieltz\/\",\"name\":\"Belagerungsspiel: Belagerung von Florenz 1529 - Spieltz Verlag\",\"isPartOf\":{\"@id\":\"https:\/\/spieltz.de\/verlag\/#website\"},\"primaryImageOfPage\":{\"@id\":\"https:\/\/spieltz.de\/verlag\/shop\/spiele-kategorie\/traditionelle-brettspiele\/belagerungsspiel-spieltz\/#primaryimage\"},\"image\":{\"@id\":\"https:\/\/spieltz.de\/verlag\/shop\/spiele-kategorie\/traditionelle-brettspiele\/belagerungsspiel-spieltz\/#primaryimage\"},\"thumbnailUrl\":\"https:\/\/spieltz.de\/verlag\/wp-content\/uploads\/2015\/08\/600x600-Belagerungsspiel-Web.jpg\",\"datePublished\":\"2015-08-03T14:26:29+00:00\",\"dateModified\":\"2017-04-06T00:30:35+00:00\",\"description\":\"Das \\\"Belagerungsspiel\\\" - ein Strategiespiel f\u00fcr zwei Spieler - wird seit Jahrhunderten gespielt. Angreifer und Verteidiger k\u00e4mpfen um die Stadt Florenz.\",\"breadcrumb\":{\"@id\":\"https:\/\/spieltz.de\/verlag\/shop\/spiele-kategorie\/traditionelle-brettspiele\/belagerungsspiel-spieltz\/#breadcrumb\"},\"inLanguage\":\"de\",\"potentialAction\":[{\"@type\":\"ReadAction\",\"target\":[\"https:\/\/spieltz.de\/verlag\/shop\/spiele-kategorie\/traditionelle-brettspiele\/belagerungsspiel-spieltz\/\"]}]},{\"@type\":\"ImageObject\",\"inLanguage\":\"de\",\"@id\":\"https:\/\/spieltz.de\/verlag\/shop\/spiele-kategorie\/traditionelle-brettspiele\/belagerungsspiel-spieltz\/#primaryimage\",\"url\":\"https:\/\/spieltz.de\/verlag\/wp-content\/uploads\/2015\/08\/600x600-Belagerungsspiel-Web.jpg\",\"contentUrl\":\"https:\/\/spieltz.de\/verlag\/wp-content\/uploads\/2015\/08\/600x600-Belagerungsspiel-Web.jpg\",\"width\":600,\"height\":600,\"caption\":\"Belagerungsspiel\"},{\"@type\":\"BreadcrumbList\",\"@id\":\"https:\/\/spieltz.de\/verlag\/shop\/spiele-kategorie\/traditionelle-brettspiele\/belagerungsspiel-spieltz\/#breadcrumb\",\"itemListElement\":[{\"@type\":\"ListItem\",\"position\":1,\"name\":\"Home\",\"item\":\"https:\/\/spieltz.de\/verlag\/\"},{\"@type\":\"ListItem\",\"position\":2,\"name\":\"Spieltz Verlag\",\"item\":\"https:\/\/spieltz.de\/verlag\/\"},{\"@type\":\"ListItem\",\"position\":3,\"name\":\"Belagerungsspiel: Belagerung von Florenz 1529\"}]},{\"@type\":\"WebSite\",\"@id\":\"https:\/\/spieltz.de\/verlag\/#website\",\"url\":\"https:\/\/spieltz.de\/verlag\/\",\"name\":\"Spieltz Verlag\",\"description\":\"Die Spielemacher. Verlagsprogramm.\",\"potentialAction\":[{\"@type\":\"SearchAction\",\"target\":{\"@type\":\"EntryPoint\",\"urlTemplate\":\"https:\/\/spieltz.de\/verlag\/?s={search_term_string}\"},\"query-input\":\"required name=search_term_string\"}],\"inLanguage\":\"de\"}]}<\/script>\n<!-- \/ Yoast SEO plugin. -->","yoast_head_json":{"title":"Belagerungsspiel: Belagerung von Florenz 1529 - Spieltz Verlag","description":"Das \"Belagerungsspiel\" - ein Strategiespiel f\u00fcr zwei Spieler - wird seit Jahrhunderten gespielt. Angreifer und Verteidiger k\u00e4mpfen um die Stadt Florenz.","robots":{"index":"index","follow":"follow","max-snippet":"max-snippet:-1","max-image-preview":"max-image-preview:large","max-video-preview":"max-video-preview:-1"},"canonical":"https:\/\/spieltz.de\/verlag\/shop\/spiele-kategorie\/traditionelle-brettspiele\/belagerungsspiel-spieltz\/","og_locale":"de_DE","og_type":"article","og_title":"Belagerungsspiel: Belagerung von Florenz 1529 - Spieltz Verlag","og_description":"Das \"Belagerungsspiel\" - ein Strategiespiel f\u00fcr zwei Spieler - wird seit Jahrhunderten gespielt. Angreifer und Verteidiger k\u00e4mpfen um die Stadt Florenz.","og_url":"https:\/\/spieltz.de\/verlag\/shop\/spiele-kategorie\/traditionelle-brettspiele\/belagerungsspiel-spieltz\/","og_site_name":"Spieltz Verlag","article_modified_time":"2017-04-06T00:30:35+00:00","og_image":[{"width":600,"height":600,"url":"https:\/\/spieltz.de\/verlag\/wp-content\/uploads\/2015\/08\/600x600-Belagerungsspiel-Web.jpg","type":"image\/jpeg"}],"twitter_card":"summary_large_image","twitter_misc":{"Gesch\u00e4tzte Lesezeit":"2\u00a0Minuten"},"schema":{"@context":"https:\/\/schema.org","@graph":[{"@type":"WebPage","@id":"https:\/\/spieltz.de\/verlag\/shop\/spiele-kategorie\/traditionelle-brettspiele\/belagerungsspiel-spieltz\/","url":"https:\/\/spieltz.de\/verlag\/shop\/spiele-kategorie\/traditionelle-brettspiele\/belagerungsspiel-spieltz\/","name":"Belagerungsspiel: Belagerung von Florenz 1529 - Spieltz Verlag","isPartOf":{"@id":"https:\/\/spieltz.de\/verlag\/#website"},"primaryImageOfPage":{"@id":"https:\/\/spieltz.de\/verlag\/shop\/spiele-kategorie\/traditionelle-brettspiele\/belagerungsspiel-spieltz\/#primaryimage"},"image":{"@id":"https:\/\/spieltz.de\/verlag\/shop\/spiele-kategorie\/traditionelle-brettspiele\/belagerungsspiel-spieltz\/#primaryimage"},"thumbnailUrl":"https:\/\/spieltz.de\/verlag\/wp-content\/uploads\/2015\/08\/600x600-Belagerungsspiel-Web.jpg","datePublished":"2015-08-03T14:26:29+00:00","dateModified":"2017-04-06T00:30:35+00:00","description":"Das \"Belagerungsspiel\" - ein Strategiespiel f\u00fcr zwei Spieler - wird seit Jahrhunderten gespielt. Angreifer und Verteidiger k\u00e4mpfen um die Stadt Florenz.","breadcrumb":{"@id":"https:\/\/spieltz.de\/verlag\/shop\/spiele-kategorie\/traditionelle-brettspiele\/belagerungsspiel-spieltz\/#breadcrumb"},"inLanguage":"de","potentialAction":[{"@type":"ReadAction","target":["https:\/\/spieltz.de\/verlag\/shop\/spiele-kategorie\/traditionelle-brettspiele\/belagerungsspiel-spieltz\/"]}]},{"@type":"ImageObject","inLanguage":"de","@id":"https:\/\/spieltz.de\/verlag\/shop\/spiele-kategorie\/traditionelle-brettspiele\/belagerungsspiel-spieltz\/#primaryimage","url":"https:\/\/spieltz.de\/verlag\/wp-content\/uploads\/2015\/08\/600x600-Belagerungsspiel-Web.jpg","contentUrl":"https:\/\/spieltz.de\/verlag\/wp-content\/uploads\/2015\/08\/600x600-Belagerungsspiel-Web.jpg","width":600,"height":600,"caption":"Belagerungsspiel"},{"@type":"BreadcrumbList","@id":"https:\/\/spieltz.de\/verlag\/shop\/spiele-kategorie\/traditionelle-brettspiele\/belagerungsspiel-spieltz\/#breadcrumb","itemListElement":[{"@type":"ListItem","position":1,"name":"Home","item":"https:\/\/spieltz.de\/verlag\/"},{"@type":"ListItem","position":2,"name":"Spieltz Verlag","item":"https:\/\/spieltz.de\/verlag\/"},{"@type":"ListItem","position":3,"name":"Belagerungsspiel: Belagerung von Florenz 1529"}]},{"@type":"WebSite","@id":"https:\/\/spieltz.de\/verlag\/#website","url":"https:\/\/spieltz.de\/verlag\/","name":"Spieltz Verlag","description":"Die Spielemacher. Verlagsprogramm.","potentialAction":[{"@type":"SearchAction","target":{"@type":"EntryPoint","urlTemplate":"https:\/\/spieltz.de\/verlag\/?s={search_term_string}"},"query-input":"required name=search_term_string"}],"inLanguage":"de"}]}},"_links":{"self":[{"href":"https:\/\/spieltz.de\/verlag\/wp-json\/wp\/v2\/product\/38"}],"collection":[{"href":"https:\/\/spieltz.de\/verlag\/wp-json\/wp\/v2\/product"}],"about":[{"href":"https:\/\/spieltz.de\/verlag\/wp-json\/wp\/v2\/types\/product"}],"replies":[{"embeddable":true,"href":"https:\/\/spieltz.de\/verlag\/wp-json\/wp\/v2\/comments?post=38"}],"wp:featuredmedia":[{"embeddable":true,"href":"https:\/\/spieltz.de\/verlag\/wp-json\/wp\/v2\/media\/1052"}],"wp:attachment":[{"href":"https:\/\/spieltz.de\/verlag\/wp-json\/wp\/v2\/media?parent=38"}],"wp:term":[{"taxonomy":"product_cat","embeddable":true,"href":"https:\/\/spieltz.de\/verlag\/wp-json\/wp\/v2\/product_cat?post=38"},{"taxonomy":"product_tag","embeddable":true,"href":"https:\/\/spieltz.de\/verlag\/wp-json\/wp\/v2\/product_tag?post=38"}],"curies":[{"name":"wp","href":"https:\/\/api.w.org\/{rel}","templated":true}]}}