{"id":374,"date":"2015-10-08T00:56:32","date_gmt":"2015-10-07T22:56:32","guid":{"rendered":"http:\/\/spieltz.de\/verlag\/shop\/3-6-spieler\/burg-glitzerstein-das-3-in-1-spiel-ausfuehrung-rollbares-spiel\/"},"modified":"2025-03-08T18:52:00","modified_gmt":"2025-03-08T17:52:00","slug":"burg-glitzerstein-3-in-1-brettspiel-rollbar","status":"publish","type":"product","link":"https:\/\/spieltz.de\/verlag\/shop\/spiele-kategorie\/familienspiele\/burg-glitzerstein-3-in-1-brettspiel-rollbar\/","title":{"rendered":"Burg Glitzerstein &#8211; das 3-in-1 Brettspiel"},"content":{"rendered":"<ul>\n<li>Art des Spiels: Brettspiel, Familienspiel, Gesellschaftsspiel<\/li>\n<li>Ausf\u00fchrung: Spielplan auf LKW-Plane \u2013 rollbar und robust, verpackt in eine Rolle<\/li>\n<li>Zubeh\u00f6r: Spielfiguren und W\u00fcrfel aus bunt lackiertem Holz,\u00a0Aufgabenkarten<\/li>\n<li>Spielthemen:\u00a0Burg, R\u00e4uber, Ritter<\/li>\n<li>Anzahl Spieler: 2-8\u00a0Spieler<\/li>\n<li>Empfohlenes Spielalter: ab 6\u00a0Jahren<\/li>\n<li>Spieldauer: 30 \u2013 45 Minuten<\/li>\n<li>Ma\u00dfe: Spielplan Gr\u00f6\u00dfe 40&#215;40 cm, Verpackungs-Rolle aus PVC, durchsichtig, L\u00e4nge 44 cm, Durchmesser 6 cm<\/li>\n<\/ul>\n<h3>Die Spiele<\/h3>\n<p>Burg Glitzerstein ist ein 3-in-1-Spiel: Auf dem Spielplan k\u00f6nnen drei verschiedene Spiele gespielt werden!<\/p>\n<h4>Spiel 1: Auf zur Schatzkammer!<\/h4>\n<p>Wer schafft es zuerst, sich \u00fcber wackelige Treppen und steile Leitern bis zur gut gef\u00fcllten Schatzkammer von Burg Glitzerstein vorzuk\u00e4mpfen? Alle st\u00fcrmen los. Auf dem Weg nach oben legt man sich gegenseitig Steine in den Weg. Nur der schnellste Ritter gewinnt und bekommt den Schatz!<\/p>\n<h4>Spiel 2: Die Burgrallye<\/h4>\n<p>Im zweiten Spiel steht der Start der gro\u00dfen Burgrallye kurz bevor! Die aussichtsreichsten L\u00e4ufer k\u00e4mpfen um Ruhm und Ehre. Der Burgherr nimmt Wetten an und jeder gibt seinen Tipp ab. Wer err\u00e4t den Zieleinlauf?<\/p>\n<h4>Spiel 3: Burgr\u00e4uber<\/h4>\n<p>In der Burg gibt es viele Kostbarkeiten, wie\u00a0goldene Kronen, handgeschmiedete Schwerter und prunkvoll verzierte Spiegel. Banden von Burgr\u00e4ubern\u00a0haben es auf die Sch\u00e4tze\u00a0abgesehen. Kaum ist der Burgherr unterwegs, versuchen die R\u00e4uber, in die Burg einzudringen und zu stehlen was sie bekommen k\u00f6nnen.\u00a0Welcher Burgr\u00e4uber\u00a0kann sich mit dem besten Diebesgut aus dem Staub machen?<\/p>\n<p>Autorin: Karin Janner<br \/>\nDesign: Ludwig Brandt<\/p>\n<h3>Spielmaterial<\/h3>\n<ul>\n<li>1 Spielplan aus LKW-Plane, rollbar, robust und abwaschbar<\/li>\n<li>6 x 2 Spielfiguren + 2\u00a0W\u00fcrfel aus bunt lackiertem Holz<\/li>\n<li>25\u00a0Holzscheiben, bunt lackiert + Stickerbogen<\/li>\n<li>12\u00a0Aufgabenkarten<\/li>\n<li>Anleitung auf Deutsch<\/li>\n<li>Verpackung: Schraubrolle aus durchsichtigem PVC<\/li>\n<\/ul>\n<h3>Burg Glitzerstein\u00a0kaufen<\/h3>\n<h4>Kunden<\/h4>\n<p>Burg Glitzerstein ist im Internet erh\u00e4ltlich <a href=\"https:\/\/www.amazon.de\/gp\/product\/B019EPFWIG\">bei Amazon\u00a0<\/a>und in unseren Shops bei <a href=\"http:\/\/spieltz.rakuten-shop.de\/\">Rakuten.de<\/a>, <a href=\"https:\/\/www.hitmeister.de\/shops\/spieltz\/\">Hitmeister<\/a> und <a href=\"https:\/\/de.allyouneed.com\/de\/~spieltz\">Allyouneed<\/a>, sowie in ausgew\u00e4hlten L\u00e4den.<\/p>\n<h4>H\u00e4ndler<\/h4>\n<p>Bitte kontaktieren Sie uns f\u00fcr eine <a href=\"mailto:info@spieltz.de\">H\u00e4ndlerpreisliste.<\/a><\/p>\n<h4>Firmenkunden<\/h4>\n<p>Firmenkunden k\u00f6nnen das Backgammon\u00a0mit eigenem Branding erhalten. Bitte besuchen Sie unseren <a href=\"http:\/\/spieltz.de\/werbespiele\/\">Werbespiele Shop<\/a>.<\/p>\n<ul>\n<li><a href=\"http:\/\/spieltz.de\/werbespiele\/shop\/ausfuehrung\/preiskategorie-c\/burg-glitzerstein-3-in-1-spiel-rollbar\/\">Burg Glitzerstein mit Branding, rollbar auf LKW-Plane\u00a0<\/a><\/li>\n<li>Burg Glitzerstein mit Branding, klassisch produziert als Brettspiel mit Spielbrett \/ St\u00fclpdeckelschachtel\u00a0auf Anfrage, bitte kontaktieren Sie uns daf\u00fcr <a href=\"mailto:info@spieltz.de\">per Mail.<\/a><\/li>\n<\/ul>\n","protected":false},"excerpt":{"rendered":"<p>Burg Glitzerstein ist ein 3-in-1-Spiel: Auf dem Spielplan k\u00f6nnen drei verschiedene Spiele gespielt werden!<\/p>\n<ul>\n<li>Spiel 1: Auf zur Schatzkammer!<\/li>\n<li>Spiel 2: Die Burgrallye<\/li>\n<li>Spiel 3: Burgr\u00e4uber<\/li>\n<\/ul>\n<p>Das unterhaltsame Familienspiel ist f\u00fcr 2 \u2013 10\u00a0Spieler ab 6 Jahren geeignet, Spieldauer je nach Spielvariante ca. 20 &#8211; 45 Minuten.<br \/>\nDer Spielplan ist auf rollbare Plane gedruckt, der mit Karten und Zubeh\u00f6r in eine Rolle verpackt ist.<\/p>\n<p>Ma\u00dfe: Spielplan 40\u00d740 cm, Verpackung durchsichtige PVC-Rolle L\u00e4nge 44 cm L\u00e4nge, Durchmesser 6,5 cm<\/p>\n","protected":false},"featured_media":1068,"comment_status":"open","ping_status":"closed","template":"","meta":{"_monsterinsights_skip_tracking":false,"_monsterinsights_sitenote_active":false,"_monsterinsights_sitenote_note":"","_monsterinsights_sitenote_category":0,"_themeisle_gutenberg_block_has_review":false},"product_cat":[103,110,81,129,133,132],"product_tag":[228,68,62,135,134],"yoast_head":"<!-- This site is optimized with the Yoast SEO plugin v22.5 - https:\/\/yoast.com\/wordpress\/plugins\/seo\/ -->\n<title>Burg Glitzerstein - das 3-in-1 Brettspiel - Spieltz Verlag<\/title>\n<meta name=\"description\" content=\"Burg Glitzerstein, das 3-in-2-Brettspiel. Ein unterhaltsames Familienspiel f\u00fcr 2 - 8 Spieler ab 6 Jahren.\" \/>\n<meta name=\"robots\" content=\"index, follow, max-snippet:-1, max-image-preview:large, max-video-preview:-1\" \/>\n<link rel=\"canonical\" href=\"https:\/\/spieltz.de\/verlag\/shop\/spiele-kategorie\/familienspiele\/burg-glitzerstein-3-in-1-brettspiel-rollbar\/\" \/>\n<meta property=\"og:locale\" content=\"de_DE\" \/>\n<meta property=\"og:type\" content=\"article\" \/>\n<meta property=\"og:title\" content=\"Burg Glitzerstein - das 3-in-1 Brettspiel - Spieltz Verlag\" \/>\n<meta property=\"og:description\" content=\"Burg Glitzerstein, das 3-in-2-Brettspiel. Ein unterhaltsames Familienspiel f\u00fcr 2 - 8 Spieler ab 6 Jahren.\" \/>\n<meta property=\"og:url\" content=\"https:\/\/spieltz.de\/verlag\/shop\/spiele-kategorie\/familienspiele\/burg-glitzerstein-3-in-1-brettspiel-rollbar\/\" \/>\n<meta property=\"og:site_name\" content=\"Spieltz Verlag\" \/>\n<meta property=\"article:modified_time\" content=\"2025-03-08T17:52:00+00:00\" \/>\n<meta property=\"og:image\" content=\"https:\/\/spieltz.de\/verlag\/wp-content\/uploads\/2015\/10\/Burg_Glitzerstein-ALT-RGB-web.jpg\" \/>\n\t<meta property=\"og:image:width\" content=\"1134\" \/>\n\t<meta property=\"og:image:height\" content=\"1134\" \/>\n\t<meta property=\"og:image:type\" content=\"image\/jpeg\" \/>\n<meta name=\"twitter:card\" content=\"summary_large_image\" \/>\n<meta name=\"twitter:label1\" content=\"Gesch\u00e4tzte Lesezeit\" \/>\n\t<meta name=\"twitter:data1\" content=\"2\u00a0Minuten\" \/>\n<script type=\"application\/ld+json\" class=\"yoast-schema-graph\">{\"@context\":\"https:\/\/schema.org\",\"@graph\":[{\"@type\":\"WebPage\",\"@id\":\"https:\/\/spieltz.de\/verlag\/shop\/spiele-kategorie\/familienspiele\/burg-glitzerstein-3-in-1-brettspiel-rollbar\/\",\"url\":\"https:\/\/spieltz.de\/verlag\/shop\/spiele-kategorie\/familienspiele\/burg-glitzerstein-3-in-1-brettspiel-rollbar\/\",\"name\":\"Burg Glitzerstein - das 3-in-1 Brettspiel - Spieltz Verlag\",\"isPartOf\":{\"@id\":\"https:\/\/spieltz.de\/verlag\/#website\"},\"primaryImageOfPage\":{\"@id\":\"https:\/\/spieltz.de\/verlag\/shop\/spiele-kategorie\/familienspiele\/burg-glitzerstein-3-in-1-brettspiel-rollbar\/#primaryimage\"},\"image\":{\"@id\":\"https:\/\/spieltz.de\/verlag\/shop\/spiele-kategorie\/familienspiele\/burg-glitzerstein-3-in-1-brettspiel-rollbar\/#primaryimage\"},\"thumbnailUrl\":\"https:\/\/spieltz.de\/verlag\/wp-content\/uploads\/2015\/10\/Burg_Glitzerstein-ALT-RGB-web.jpg\",\"datePublished\":\"2015-10-07T22:56:32+00:00\",\"dateModified\":\"2025-03-08T17:52:00+00:00\",\"description\":\"Burg Glitzerstein, das 3-in-2-Brettspiel. Ein unterhaltsames Familienspiel f\u00fcr 2 - 8 Spieler ab 6 Jahren.\",\"breadcrumb\":{\"@id\":\"https:\/\/spieltz.de\/verlag\/shop\/spiele-kategorie\/familienspiele\/burg-glitzerstein-3-in-1-brettspiel-rollbar\/#breadcrumb\"},\"inLanguage\":\"de\",\"potentialAction\":[{\"@type\":\"ReadAction\",\"target\":[\"https:\/\/spieltz.de\/verlag\/shop\/spiele-kategorie\/familienspiele\/burg-glitzerstein-3-in-1-brettspiel-rollbar\/\"]}]},{\"@type\":\"ImageObject\",\"inLanguage\":\"de\",\"@id\":\"https:\/\/spieltz.de\/verlag\/shop\/spiele-kategorie\/familienspiele\/burg-glitzerstein-3-in-1-brettspiel-rollbar\/#primaryimage\",\"url\":\"https:\/\/spieltz.de\/verlag\/wp-content\/uploads\/2015\/10\/Burg_Glitzerstein-ALT-RGB-web.jpg\",\"contentUrl\":\"https:\/\/spieltz.de\/verlag\/wp-content\/uploads\/2015\/10\/Burg_Glitzerstein-ALT-RGB-web.jpg\",\"width\":1134,\"height\":1134,\"caption\":\"burg_glitzerstein-das-burgen-brettspiel-spieltz\"},{\"@type\":\"BreadcrumbList\",\"@id\":\"https:\/\/spieltz.de\/verlag\/shop\/spiele-kategorie\/familienspiele\/burg-glitzerstein-3-in-1-brettspiel-rollbar\/#breadcrumb\",\"itemListElement\":[{\"@type\":\"ListItem\",\"position\":1,\"name\":\"Home\",\"item\":\"https:\/\/spieltz.de\/verlag\/\"},{\"@type\":\"ListItem\",\"position\":2,\"name\":\"Spieltz Verlag\",\"item\":\"https:\/\/spieltz.de\/verlag\/\"},{\"@type\":\"ListItem\",\"position\":3,\"name\":\"Burg Glitzerstein &#8211; das 3-in-1 Brettspiel\"}]},{\"@type\":\"WebSite\",\"@id\":\"https:\/\/spieltz.de\/verlag\/#website\",\"url\":\"https:\/\/spieltz.de\/verlag\/\",\"name\":\"Spieltz Verlag\",\"description\":\"Die Spielemacher. Verlagsprogramm.\",\"potentialAction\":[{\"@type\":\"SearchAction\",\"target\":{\"@type\":\"EntryPoint\",\"urlTemplate\":\"https:\/\/spieltz.de\/verlag\/?s={search_term_string}\"},\"query-input\":\"required name=search_term_string\"}],\"inLanguage\":\"de\"}]}<\/script>\n<!-- \/ Yoast SEO plugin. -->","yoast_head_json":{"title":"Burg Glitzerstein - das 3-in-1 Brettspiel - Spieltz Verlag","description":"Burg Glitzerstein, das 3-in-2-Brettspiel. Ein unterhaltsames Familienspiel f\u00fcr 2 - 8 Spieler ab 6 Jahren.","robots":{"index":"index","follow":"follow","max-snippet":"max-snippet:-1","max-image-preview":"max-image-preview:large","max-video-preview":"max-video-preview:-1"},"canonical":"https:\/\/spieltz.de\/verlag\/shop\/spiele-kategorie\/familienspiele\/burg-glitzerstein-3-in-1-brettspiel-rollbar\/","og_locale":"de_DE","og_type":"article","og_title":"Burg Glitzerstein - das 3-in-1 Brettspiel - Spieltz Verlag","og_description":"Burg Glitzerstein, das 3-in-2-Brettspiel. Ein unterhaltsames Familienspiel f\u00fcr 2 - 8 Spieler ab 6 Jahren.","og_url":"https:\/\/spieltz.de\/verlag\/shop\/spiele-kategorie\/familienspiele\/burg-glitzerstein-3-in-1-brettspiel-rollbar\/","og_site_name":"Spieltz Verlag","article_modified_time":"2025-03-08T17:52:00+00:00","og_image":[{"width":1134,"height":1134,"url":"https:\/\/spieltz.de\/verlag\/wp-content\/uploads\/2015\/10\/Burg_Glitzerstein-ALT-RGB-web.jpg","type":"image\/jpeg"}],"twitter_card":"summary_large_image","twitter_misc":{"Gesch\u00e4tzte Lesezeit":"2\u00a0Minuten"},"schema":{"@context":"https:\/\/schema.org","@graph":[{"@type":"WebPage","@id":"https:\/\/spieltz.de\/verlag\/shop\/spiele-kategorie\/familienspiele\/burg-glitzerstein-3-in-1-brettspiel-rollbar\/","url":"https:\/\/spieltz.de\/verlag\/shop\/spiele-kategorie\/familienspiele\/burg-glitzerstein-3-in-1-brettspiel-rollbar\/","name":"Burg Glitzerstein - das 3-in-1 Brettspiel - Spieltz Verlag","isPartOf":{"@id":"https:\/\/spieltz.de\/verlag\/#website"},"primaryImageOfPage":{"@id":"https:\/\/spieltz.de\/verlag\/shop\/spiele-kategorie\/familienspiele\/burg-glitzerstein-3-in-1-brettspiel-rollbar\/#primaryimage"},"image":{"@id":"https:\/\/spieltz.de\/verlag\/shop\/spiele-kategorie\/familienspiele\/burg-glitzerstein-3-in-1-brettspiel-rollbar\/#primaryimage"},"thumbnailUrl":"https:\/\/spieltz.de\/verlag\/wp-content\/uploads\/2015\/10\/Burg_Glitzerstein-ALT-RGB-web.jpg","datePublished":"2015-10-07T22:56:32+00:00","dateModified":"2025-03-08T17:52:00+00:00","description":"Burg Glitzerstein, das 3-in-2-Brettspiel. Ein unterhaltsames Familienspiel f\u00fcr 2 - 8 Spieler ab 6 Jahren.","breadcrumb":{"@id":"https:\/\/spieltz.de\/verlag\/shop\/spiele-kategorie\/familienspiele\/burg-glitzerstein-3-in-1-brettspiel-rollbar\/#breadcrumb"},"inLanguage":"de","potentialAction":[{"@type":"ReadAction","target":["https:\/\/spieltz.de\/verlag\/shop\/spiele-kategorie\/familienspiele\/burg-glitzerstein-3-in-1-brettspiel-rollbar\/"]}]},{"@type":"ImageObject","inLanguage":"de","@id":"https:\/\/spieltz.de\/verlag\/shop\/spiele-kategorie\/familienspiele\/burg-glitzerstein-3-in-1-brettspiel-rollbar\/#primaryimage","url":"https:\/\/spieltz.de\/verlag\/wp-content\/uploads\/2015\/10\/Burg_Glitzerstein-ALT-RGB-web.jpg","contentUrl":"https:\/\/spieltz.de\/verlag\/wp-content\/uploads\/2015\/10\/Burg_Glitzerstein-ALT-RGB-web.jpg","width":1134,"height":1134,"caption":"burg_glitzerstein-das-burgen-brettspiel-spieltz"},{"@type":"BreadcrumbList","@id":"https:\/\/spieltz.de\/verlag\/shop\/spiele-kategorie\/familienspiele\/burg-glitzerstein-3-in-1-brettspiel-rollbar\/#breadcrumb","itemListElement":[{"@type":"ListItem","position":1,"name":"Home","item":"https:\/\/spieltz.de\/verlag\/"},{"@type":"ListItem","position":2,"name":"Spieltz Verlag","item":"https:\/\/spieltz.de\/verlag\/"},{"@type":"ListItem","position":3,"name":"Burg Glitzerstein &#8211; das 3-in-1 Brettspiel"}]},{"@type":"WebSite","@id":"https:\/\/spieltz.de\/verlag\/#website","url":"https:\/\/spieltz.de\/verlag\/","name":"Spieltz Verlag","description":"Die Spielemacher. Verlagsprogramm.","potentialAction":[{"@type":"SearchAction","target":{"@type":"EntryPoint","urlTemplate":"https:\/\/spieltz.de\/verlag\/?s={search_term_string}"},"query-input":"required name=search_term_string"}],"inLanguage":"de"}]}},"_links":{"self":[{"href":"https:\/\/spieltz.de\/verlag\/wp-json\/wp\/v2\/product\/374"}],"collection":[{"href":"https:\/\/spieltz.de\/verlag\/wp-json\/wp\/v2\/product"}],"about":[{"href":"https:\/\/spieltz.de\/verlag\/wp-json\/wp\/v2\/types\/product"}],"replies":[{"embeddable":true,"href":"https:\/\/spieltz.de\/verlag\/wp-json\/wp\/v2\/comments?post=374"}],"wp:featuredmedia":[{"embeddable":true,"href":"https:\/\/spieltz.de\/verlag\/wp-json\/wp\/v2\/media\/1068"}],"wp:attachment":[{"href":"https:\/\/spieltz.de\/verlag\/wp-json\/wp\/v2\/media?parent=374"}],"wp:term":[{"taxonomy":"product_cat","embeddable":true,"href":"https:\/\/spieltz.de\/verlag\/wp-json\/wp\/v2\/product_cat?post=374"},{"taxonomy":"product_tag","embeddable":true,"href":"https:\/\/spieltz.de\/verlag\/wp-json\/wp\/v2\/product_tag?post=374"}],"curies":[{"name":"wp","href":"https:\/\/api.w.org\/{rel}","templated":true}]}}