{"id":360,"date":"2015-10-07T03:17:04","date_gmt":"2015-10-07T01:17:04","guid":{"rendered":"http:\/\/spieltz.de\/verlag\/shop\/3-6-spieler\/obstsalat-fuer-feinschmecker-ausfuehrung-rollbares-spiel\/"},"modified":"2017-03-30T23:44:46","modified_gmt":"2017-03-30T21:44:46","slug":"obstsalat-brettspiel-obst","status":"publish","type":"product","link":"https:\/\/spieltz.de\/verlag\/shop\/spiele-kategorie\/familienspiele\/obstsalat-brettspiel-obst\/","title":{"rendered":"Obstsalat &#8211; f\u00fcr Freunde saftiger Fr\u00fcchte!"},"content":{"rendered":"<ul>\n<li>Art des Spiels: Brettspiel, Familienspiel<\/li>\n<li>Ausf\u00fchrung: Spielplan auf LKW-Plane \u2013 rollbar und robust, verpackt in eine\u00a0Rolle<\/li>\n<li>Zubeh\u00f6r: Spielfiguren und W\u00fcrfel aus bunt lackiertem Holz, Rezeptkarten<\/li>\n<li>Spielthemen: Brettspiel Obst, Fr\u00fcchte, Natur, gesunde Ern\u00e4hrung, essen, einkaufen<\/li>\n<li>Anzahl Spieler: 3\u00a0\u2013 6 Spieler<\/li>\n<li>Empfohlenes Spielalter: ab 8 Jahren<\/li>\n<li>Spieldauer: 30 \u2013 45 Minuten<\/li>\n<\/ul>\n<h3>Das Spiel<\/h3>\n<p>Mama m\u00f6chte leckeren Obstsalat zubereiten \u2013 schnell mit dem Einkaufszettel zum Markt und die besten Fr\u00fcchte eingekauft! So einfach ist das aber nicht, denn der Markt ist voll von Feinschmeckern, die auf der Suche nach saftigen \u00c4pfeln, Melonen und Trauben sind. Die Verk\u00e4ufer an den Obstst\u00e4nden kommen gar nicht mehr nach. Taschendiebe sind unterwegs und auch andere Obstk\u00e4ufer wollen die\u00a0besten St\u00fccke ergattern. Wer wird als Erster die richtigen Fr\u00fcchte nach Hause bringen?<\/p>\n<p>Autorin: Karin Janner<br \/>\nDesign: Juliane Heider<\/p>\n<h3>Spielmaterial<\/h3>\n<ul>\n<li>1 Spielplan aus LKW-Plane, rollbar, robust und abwaschbar. Standardgr\u00f6\u00dfe: Spielplan 30&#215;30 cm. Maxi-Spiel: Spielplan 40&#215;40 cm.<\/li>\n<li>6 Spielfiguren + 1 W\u00fcrfel aus bunt lackiertem Holz<\/li>\n<li>30 Spielsteine \u201eObst\u201c aus bunt lackiertem Holz<\/li>\n<li>Anleitung auf Deutsch<\/li>\n<li>Verpackung:<br \/>\nStandardspiel: Rolle L\u00e4nge 34\u00a0cm, Durchmesser 6 cm<br \/>\nMaxispiel: Rolle L\u00e4nge 44\u00a0cm, Durchmesser 6 cm<\/li>\n<\/ul>\n<h3>Brettspiel Obst-Salat\u00a0kaufen<\/h3>\n<h4>Kunden<\/h4>\n<p>Unser Brettspiel Obst-Salat\u00a0ist im Internet erh\u00e4ltlich <a href=\"https:\/\/www.amazon.de\/Spieltz-Obstsalat\/dp\/B0184Z4CDI\">bei Amazon\u00a0<\/a>und in unseren Shops bei <a href=\"http:\/\/spieltz.rakuten-shop.de\/\">Rakuten.de<\/a>, und\u00a0<a href=\"https:\/\/www.hitmeister.de\/shops\/spieltz\/\">Hitmeister,<\/a>\u00a0sowie in ausgew\u00e4hlten L\u00e4den.<\/p>\n<h4>H\u00e4ndler<\/h4>\n<p>Bitte kontaktieren Sie uns f\u00fcr eine <a href=\"mailto:info@spieltz.de\">H\u00e4ndlerpreisliste.<\/a><\/p>\n<h4>Firmenkunden<\/h4>\n<p>Wie alle Spieltz-Spiele ist <em>Obstsalat<\/em>\u00a0auch als Werbespiel mit Ihrem eigenen Branding \/ in Ihren Unternehmensfarben erh\u00e4ltlich. Bitte besuchen Sie unseren <a href=\"http:\/\/spieltz.de\/werbespiele\/\">Werbespiele Shop<\/a>.<\/p>\n<ul>\n<li><a href=\"http:\/\/spieltz.de\/werbespiele\/shop\/ausfuehrung\/preiskategorie-c\/obstsalat-rollbares-spiel\/\">Brettspiel Obstsalat mit Branding, rollbar auf LKW-Plane\u00a0<\/a><\/li>\n<li>Brettspiel Obstsalat mit Branding, klassisch produziert als Brettspiel mit Spielbrett \/ St\u00fclpdeckelschachtel\u00a0auf Anfrage, bitte kontaktieren Sie uns daf\u00fcr <a href=\"mailto:info@spieltz.de\">per Mail.<\/a><\/li>\n<\/ul>\n","protected":false},"excerpt":{"rendered":"<p>Ein Brettspiel f\u00fcr Obst-Freunde und welche, die es werden wollen!<\/p>\n<p>F\u00fcr 2 Spieler ab 8 Jahren.<br \/>\nSpieldauer etwa 20 Minuten.<\/p>\n<p>Der Spielplan ist auf rollbare LKW-Plane gedruckt und zusammen mit dem Zubeh\u00f6r in eine Rolle verpackt.<\/p>\n<p>Ma\u00dfe:<br \/>\nStandardspiel: Spielplan Gr\u00f6\u00dfe 30\u00d730 cm,\u00a0Verpackung: Rolle L\u00e4nge 34\u00a0cm, Durchmesser 6 cm<br \/>\nMaxispiel: SpielplanGr\u00f6\u00dfe 40\u00d740 cm,\u00a0Verpackung: Rolle L\u00e4nge 44\u00a0cm, Durchmesser 6 cm<\/p>\n","protected":false},"featured_media":1119,"comment_status":"open","ping_status":"closed","template":"","meta":{"_monsterinsights_skip_tracking":false,"_monsterinsights_sitenote_active":false,"_monsterinsights_sitenote_note":"","_monsterinsights_sitenote_category":0,"_themeisle_gutenberg_block_has_review":false},"product_cat":[123,110,92,129,126,117],"product_tag":[70,131,62,236,235],"yoast_head":"<!-- This site is optimized with the Yoast SEO plugin v22.5 - https:\/\/yoast.com\/wordpress\/plugins\/seo\/ -->\n<title>Obstsalat - f\u00fcr Freunde saftiger Fr\u00fcchte! - Spieltz Verlag<\/title>\n<meta name=\"description\" content=\"Brettspiel Obst \/ Fr\u00fcchte: Es geht darum, bei einem Einkauf auf dem Obstmarkt die saftigsten und leckersten Fr\u00fcchte zu ergattern und nach Hause zu bringen.\" \/>\n<meta name=\"robots\" content=\"index, follow, max-snippet:-1, max-image-preview:large, max-video-preview:-1\" \/>\n<link rel=\"canonical\" href=\"https:\/\/spieltz.de\/verlag\/shop\/spiele-kategorie\/familienspiele\/obstsalat-brettspiel-obst\/\" \/>\n<meta property=\"og:locale\" content=\"de_DE\" \/>\n<meta property=\"og:type\" content=\"article\" \/>\n<meta property=\"og:title\" content=\"Obstsalat - f\u00fcr Freunde saftiger Fr\u00fcchte! - Spieltz Verlag\" \/>\n<meta property=\"og:description\" content=\"Brettspiel Obst \/ Fr\u00fcchte: Es geht darum, bei einem Einkauf auf dem Obstmarkt die saftigsten und leckersten Fr\u00fcchte zu ergattern und nach Hause zu bringen.\" \/>\n<meta property=\"og:url\" content=\"https:\/\/spieltz.de\/verlag\/shop\/spiele-kategorie\/familienspiele\/obstsalat-brettspiel-obst\/\" \/>\n<meta property=\"og:site_name\" content=\"Spieltz Verlag\" \/>\n<meta property=\"article:modified_time\" content=\"2017-03-30T21:44:46+00:00\" \/>\n<meta property=\"og:image\" content=\"https:\/\/spieltz.de\/verlag\/wp-content\/uploads\/2015\/10\/Einkaufen-Spielfeld3-NEU-1024x1024.jpg\" \/>\n\t<meta property=\"og:image:width\" content=\"1024\" \/>\n\t<meta property=\"og:image:height\" content=\"1024\" \/>\n\t<meta property=\"og:image:type\" content=\"image\/jpeg\" \/>\n<meta name=\"twitter:card\" content=\"summary_large_image\" \/>\n<meta name=\"twitter:label1\" content=\"Gesch\u00e4tzte Lesezeit\" \/>\n\t<meta name=\"twitter:data1\" content=\"1\u00a0Minute\" \/>\n<script type=\"application\/ld+json\" class=\"yoast-schema-graph\">{\"@context\":\"https:\/\/schema.org\",\"@graph\":[{\"@type\":\"WebPage\",\"@id\":\"https:\/\/spieltz.de\/verlag\/shop\/spiele-kategorie\/familienspiele\/obstsalat-brettspiel-obst\/\",\"url\":\"https:\/\/spieltz.de\/verlag\/shop\/spiele-kategorie\/familienspiele\/obstsalat-brettspiel-obst\/\",\"name\":\"Obstsalat - f\u00fcr Freunde saftiger Fr\u00fcchte! - Spieltz Verlag\",\"isPartOf\":{\"@id\":\"https:\/\/spieltz.de\/verlag\/#website\"},\"primaryImageOfPage\":{\"@id\":\"https:\/\/spieltz.de\/verlag\/shop\/spiele-kategorie\/familienspiele\/obstsalat-brettspiel-obst\/#primaryimage\"},\"image\":{\"@id\":\"https:\/\/spieltz.de\/verlag\/shop\/spiele-kategorie\/familienspiele\/obstsalat-brettspiel-obst\/#primaryimage\"},\"thumbnailUrl\":\"https:\/\/spieltz.de\/verlag\/wp-content\/uploads\/2015\/10\/Einkaufen-Spielfeld3-NEU-scaled.jpg\",\"datePublished\":\"2015-10-07T01:17:04+00:00\",\"dateModified\":\"2017-03-30T21:44:46+00:00\",\"description\":\"Brettspiel Obst \/ Fr\u00fcchte: Es geht darum, bei einem Einkauf auf dem Obstmarkt die saftigsten und leckersten Fr\u00fcchte zu ergattern und nach Hause zu bringen.\",\"breadcrumb\":{\"@id\":\"https:\/\/spieltz.de\/verlag\/shop\/spiele-kategorie\/familienspiele\/obstsalat-brettspiel-obst\/#breadcrumb\"},\"inLanguage\":\"de\",\"potentialAction\":[{\"@type\":\"ReadAction\",\"target\":[\"https:\/\/spieltz.de\/verlag\/shop\/spiele-kategorie\/familienspiele\/obstsalat-brettspiel-obst\/\"]}]},{\"@type\":\"ImageObject\",\"inLanguage\":\"de\",\"@id\":\"https:\/\/spieltz.de\/verlag\/shop\/spiele-kategorie\/familienspiele\/obstsalat-brettspiel-obst\/#primaryimage\",\"url\":\"https:\/\/spieltz.de\/verlag\/wp-content\/uploads\/2015\/10\/Einkaufen-Spielfeld3-NEU-scaled.jpg\",\"contentUrl\":\"https:\/\/spieltz.de\/verlag\/wp-content\/uploads\/2015\/10\/Einkaufen-Spielfeld3-NEU-scaled.jpg\",\"width\":2560,\"height\":2560,\"caption\":\"Brettspiel Obst\"},{\"@type\":\"BreadcrumbList\",\"@id\":\"https:\/\/spieltz.de\/verlag\/shop\/spiele-kategorie\/familienspiele\/obstsalat-brettspiel-obst\/#breadcrumb\",\"itemListElement\":[{\"@type\":\"ListItem\",\"position\":1,\"name\":\"Home\",\"item\":\"https:\/\/spieltz.de\/verlag\/\"},{\"@type\":\"ListItem\",\"position\":2,\"name\":\"Spieltz Verlag\",\"item\":\"https:\/\/spieltz.de\/verlag\/\"},{\"@type\":\"ListItem\",\"position\":3,\"name\":\"Obstsalat &#8211; f\u00fcr Freunde saftiger Fr\u00fcchte!\"}]},{\"@type\":\"WebSite\",\"@id\":\"https:\/\/spieltz.de\/verlag\/#website\",\"url\":\"https:\/\/spieltz.de\/verlag\/\",\"name\":\"Spieltz Verlag\",\"description\":\"Die Spielemacher. Verlagsprogramm.\",\"potentialAction\":[{\"@type\":\"SearchAction\",\"target\":{\"@type\":\"EntryPoint\",\"urlTemplate\":\"https:\/\/spieltz.de\/verlag\/?s={search_term_string}\"},\"query-input\":\"required name=search_term_string\"}],\"inLanguage\":\"de\"}]}<\/script>\n<!-- \/ Yoast SEO plugin. -->","yoast_head_json":{"title":"Obstsalat - f\u00fcr Freunde saftiger Fr\u00fcchte! - Spieltz Verlag","description":"Brettspiel Obst \/ Fr\u00fcchte: Es geht darum, bei einem Einkauf auf dem Obstmarkt die saftigsten und leckersten Fr\u00fcchte zu ergattern und nach Hause zu bringen.","robots":{"index":"index","follow":"follow","max-snippet":"max-snippet:-1","max-image-preview":"max-image-preview:large","max-video-preview":"max-video-preview:-1"},"canonical":"https:\/\/spieltz.de\/verlag\/shop\/spiele-kategorie\/familienspiele\/obstsalat-brettspiel-obst\/","og_locale":"de_DE","og_type":"article","og_title":"Obstsalat - f\u00fcr Freunde saftiger Fr\u00fcchte! - Spieltz Verlag","og_description":"Brettspiel Obst \/ Fr\u00fcchte: Es geht darum, bei einem Einkauf auf dem Obstmarkt die saftigsten und leckersten Fr\u00fcchte zu ergattern und nach Hause zu bringen.","og_url":"https:\/\/spieltz.de\/verlag\/shop\/spiele-kategorie\/familienspiele\/obstsalat-brettspiel-obst\/","og_site_name":"Spieltz Verlag","article_modified_time":"2017-03-30T21:44:46+00:00","og_image":[{"width":1024,"height":1024,"url":"https:\/\/spieltz.de\/verlag\/wp-content\/uploads\/2015\/10\/Einkaufen-Spielfeld3-NEU-1024x1024.jpg","type":"image\/jpeg"}],"twitter_card":"summary_large_image","twitter_misc":{"Gesch\u00e4tzte Lesezeit":"1\u00a0Minute"},"schema":{"@context":"https:\/\/schema.org","@graph":[{"@type":"WebPage","@id":"https:\/\/spieltz.de\/verlag\/shop\/spiele-kategorie\/familienspiele\/obstsalat-brettspiel-obst\/","url":"https:\/\/spieltz.de\/verlag\/shop\/spiele-kategorie\/familienspiele\/obstsalat-brettspiel-obst\/","name":"Obstsalat - f\u00fcr Freunde saftiger Fr\u00fcchte! - Spieltz Verlag","isPartOf":{"@id":"https:\/\/spieltz.de\/verlag\/#website"},"primaryImageOfPage":{"@id":"https:\/\/spieltz.de\/verlag\/shop\/spiele-kategorie\/familienspiele\/obstsalat-brettspiel-obst\/#primaryimage"},"image":{"@id":"https:\/\/spieltz.de\/verlag\/shop\/spiele-kategorie\/familienspiele\/obstsalat-brettspiel-obst\/#primaryimage"},"thumbnailUrl":"https:\/\/spieltz.de\/verlag\/wp-content\/uploads\/2015\/10\/Einkaufen-Spielfeld3-NEU-scaled.jpg","datePublished":"2015-10-07T01:17:04+00:00","dateModified":"2017-03-30T21:44:46+00:00","description":"Brettspiel Obst \/ Fr\u00fcchte: Es geht darum, bei einem Einkauf auf dem Obstmarkt die saftigsten und leckersten Fr\u00fcchte zu ergattern und nach Hause zu bringen.","breadcrumb":{"@id":"https:\/\/spieltz.de\/verlag\/shop\/spiele-kategorie\/familienspiele\/obstsalat-brettspiel-obst\/#breadcrumb"},"inLanguage":"de","potentialAction":[{"@type":"ReadAction","target":["https:\/\/spieltz.de\/verlag\/shop\/spiele-kategorie\/familienspiele\/obstsalat-brettspiel-obst\/"]}]},{"@type":"ImageObject","inLanguage":"de","@id":"https:\/\/spieltz.de\/verlag\/shop\/spiele-kategorie\/familienspiele\/obstsalat-brettspiel-obst\/#primaryimage","url":"https:\/\/spieltz.de\/verlag\/wp-content\/uploads\/2015\/10\/Einkaufen-Spielfeld3-NEU-scaled.jpg","contentUrl":"https:\/\/spieltz.de\/verlag\/wp-content\/uploads\/2015\/10\/Einkaufen-Spielfeld3-NEU-scaled.jpg","width":2560,"height":2560,"caption":"Brettspiel Obst"},{"@type":"BreadcrumbList","@id":"https:\/\/spieltz.de\/verlag\/shop\/spiele-kategorie\/familienspiele\/obstsalat-brettspiel-obst\/#breadcrumb","itemListElement":[{"@type":"ListItem","position":1,"name":"Home","item":"https:\/\/spieltz.de\/verlag\/"},{"@type":"ListItem","position":2,"name":"Spieltz Verlag","item":"https:\/\/spieltz.de\/verlag\/"},{"@type":"ListItem","position":3,"name":"Obstsalat &#8211; f\u00fcr Freunde saftiger Fr\u00fcchte!"}]},{"@type":"WebSite","@id":"https:\/\/spieltz.de\/verlag\/#website","url":"https:\/\/spieltz.de\/verlag\/","name":"Spieltz Verlag","description":"Die Spielemacher. Verlagsprogramm.","potentialAction":[{"@type":"SearchAction","target":{"@type":"EntryPoint","urlTemplate":"https:\/\/spieltz.de\/verlag\/?s={search_term_string}"},"query-input":"required name=search_term_string"}],"inLanguage":"de"}]}},"_links":{"self":[{"href":"https:\/\/spieltz.de\/verlag\/wp-json\/wp\/v2\/product\/360"}],"collection":[{"href":"https:\/\/spieltz.de\/verlag\/wp-json\/wp\/v2\/product"}],"about":[{"href":"https:\/\/spieltz.de\/verlag\/wp-json\/wp\/v2\/types\/product"}],"replies":[{"embeddable":true,"href":"https:\/\/spieltz.de\/verlag\/wp-json\/wp\/v2\/comments?post=360"}],"wp:featuredmedia":[{"embeddable":true,"href":"https:\/\/spieltz.de\/verlag\/wp-json\/wp\/v2\/media\/1119"}],"wp:attachment":[{"href":"https:\/\/spieltz.de\/verlag\/wp-json\/wp\/v2\/media?parent=360"}],"wp:term":[{"taxonomy":"product_cat","embeddable":true,"href":"https:\/\/spieltz.de\/verlag\/wp-json\/wp\/v2\/product_cat?post=360"},{"taxonomy":"product_tag","embeddable":true,"href":"https:\/\/spieltz.de\/verlag\/wp-json\/wp\/v2\/product_tag?post=360"}],"curies":[{"name":"wp","href":"https:\/\/api.w.org\/{rel}","templated":true}]}}