{"id":267,"date":"2015-10-04T00:11:01","date_gmt":"2015-10-03T22:11:01","guid":{"rendered":"http:\/\/spieltz.de\/verlag\/shop\/preiskategorie-b\/das-glueckshaus-ausfuehrung-rollbares-spiel\/"},"modified":"2017-01-19T23:56:50","modified_gmt":"2017-01-19T22:56:50","slug":"das-glueckshaus-spiel","status":"publish","type":"product","link":"https:\/\/spieltz.de\/verlag\/shop\/spiele-kategorie\/gluecksspiele\/das-glueckshaus-spiel\/","title":{"rendered":"House of Fortune &#8211; das Gl\u00fcckshaus Spiel"},"content":{"rendered":"<ul>\n<li>Art des Spiels: Brettspiel, Familienspiel, Gesellschaftsspiel, Gl\u00fccksspiel<\/li>\n<li>Ausf\u00fchrung: Spielplan auf LKW-Plane \u2013 rollbar und robust, verpackt in eine Papprolle<\/li>\n<li>Zubeh\u00f6r: 2 W\u00fcrfel aus bunt lackiertem Holz, 50 goldene Spielchips aus PVC<\/li>\n<li>Spielthema:\u00a0Gl\u00fccksspiel<\/li>\n<li>Anzahl Spieler: 2 \u2013\u00a08 Spieler<\/li>\n<li>Empfohlenes Spielalter: ab 6\u00a0Jahren<\/li>\n<li>Spieldauer: etwa 20 &#8211; 30 Minuten<\/li>\n<li>Ma\u00dfe: Spielplan DIN A3, Verpackung wei\u00dfe Rolle aus Karton, L\u00e4nge 34 cm L\u00e4nge, Durchmesser 6 cm<\/li>\n<\/ul>\n<h3>Das Gl\u00fcckshaus Spiel<\/h3>\n<p>Das Spiel stammt aus dem sp\u00e4ten Mittelalter und wird als fr\u00fcher Vorl\u00e4ufer von Roulette angesehen. Es wird reihum gew\u00fcrfelt, und je nach Augenzahl muss man Eins\u00e4tze (Spielchips, Geld, S\u00fc\u00dfigkeiten\u2026) ablegen oder darf sich M\u00fcnzen vom Spielfeld nehmen. Ziel des Spiel ist, seinen Einsatz zu vervielfachen.<\/p>\n<p>Das Spiel ist auch unter folgenden Namen bekannt: Gl\u00fcckshaus, Sieben, Lucky Pig und Pinke.<\/p>\n<p>Autor: unbekannt \/ traditionelles Spiel<br \/>\nDesign:\u00a0Ilya Borisov<\/p>\n<h3>Spielmaterial<\/h3>\n<ul>\n<li>1 Spielplan aus LKW-Plane, rollbar, robust und abwaschbar<\/li>\n<li>2 W\u00fcrfel aus bunt lackiertem Holz,\u00a050 goldene Spielchips aus PVC<\/li>\n<li>Anleitung auf Deutsch<\/li>\n<li>Verpackung: Papprolle, wei\u00df, mit Klebelabel.<\/li>\n<\/ul>\n<h3>Das Gl\u00fcckshaus Spiel kaufen<\/h3>\n<h4>Kunden<\/h4>\n<p>Das Gl\u00fcckshaus Spiel ist im Internet erh\u00e4ltlich <a href=\"https:\/\/www.amazon.de\/House-Fortune-das-Gl%C3%BCckshaus-Brettspiel\/dp\/B00U5H3JIS\/ref=sr_1_1?\">bei Amazon\u00a0<\/a>und in unseren Shops bei <a href=\"http:\/\/spieltz.rakuten-shop.de\/\">Rakuten.de<\/a>, und\u00a0<a href=\"https:\/\/www.hitmeister.de\/shops\/spieltz\/\">Hitmeister<\/a>,\u00a0sowie in ausgew\u00e4hlten L\u00e4den.<\/p>\n<h4>H\u00e4ndler<\/h4>\n<p>Bitte kontaktieren Sie uns f\u00fcr eine <a href=\"mailto:info@spieltz.de\">H\u00e4ndlerpreisliste.<\/a><\/p>\n<h4>Firmenkunden<\/h4>\n<p>Firmenkunden k\u00f6nnen das Backgammon\u00a0mit eigenem Branding erhalten. Bitte besuchen Sie unseren <a href=\"http:\/\/spieltz.de\/werbespiele\/\">Werbespiele Shop<\/a>.<\/p>\n<ul>\n<li><a href=\"http:\/\/spieltz.de\/werbespiele\/shop\/ausfuehrung\/preiskategorie-b\/das-glueckshaus-rollbares-spiel\/\">Das Gl\u00fcckshaus Spiel mit Branding, rollbar auf LKW-Plane\u00a0<\/a><\/li>\n<li>Das Gl\u00fcckshaus Spiel mit Branding, klassisch produziert als Brettspiel mit Spielbrett \/ St\u00fclpdeckelschachtel\u00a0auf Anfrage, bitte kontaktieren Sie uns daf\u00fcr <a href=\"mailto:info@spieltz.de\">per Mail.<\/a><\/li>\n<\/ul>\n","protected":false},"excerpt":{"rendered":"<p>Mittelalterliches Gl\u00fccksspiel, gilt als Vorl\u00e4ufer von Roulette. Es geht darum, Eins\u00e4tze (Geld, Spielgeld, S\u00fc\u00dfigkeiten) im Spiel zu vervielfachen &#8211; auf Kosten der Mitspieler.<\/p>\n<p>Gl\u00fcckshaus ist f\u00fcr 2 \u2013 8\u00a0Spieler ab 6 Jahren geeignet, Spieldauer ca. 20 \u2013 30 Minuten.<\/p>\n<p>Der Spielplan ist auf rollbare Plane gedruckt, der mit Spielchips + W\u00fcrfeln in eine Rolle verpackt ist.<\/p>\n<p>Ma\u00dfe: Spielplan DIN A3, Verpackung wei\u00dfe Rolle aus Karton, L\u00e4nge 34 cm L\u00e4nge, Durchmesser 6 cm<\/p>\n","protected":false},"featured_media":1074,"comment_status":"open","ping_status":"closed","template":"","meta":{"_monsterinsights_skip_tracking":false,"_monsterinsights_sitenote_active":false,"_monsterinsights_sitenote_note":"","_monsterinsights_sitenote_category":0,"_themeisle_gutenberg_block_has_review":false},"product_cat":[112,103,81,102],"product_tag":[228,68,62,86],"yoast_head":"<!-- This site is optimized with the Yoast SEO plugin v22.5 - https:\/\/yoast.com\/wordpress\/plugins\/seo\/ -->\n<title>House of Fortune - das Gl\u00fcckshaus Spiel - Spieltz Verlag<\/title>\n<meta name=\"description\" content=\"Das Gl\u00fcckshaus Spiel - ein mittelalterliches Gl\u00fccksspiel, Vorl\u00e4ufer von Roulette. Es geht darum, Eins\u00e4tze (z.B. Geld) im Spiel zu vervielfachen.\" \/>\n<meta name=\"robots\" content=\"index, follow, max-snippet:-1, max-image-preview:large, max-video-preview:-1\" \/>\n<link rel=\"canonical\" href=\"https:\/\/spieltz.de\/verlag\/shop\/spiele-kategorie\/gluecksspiele\/das-glueckshaus-spiel\/\" \/>\n<meta property=\"og:locale\" content=\"de_DE\" \/>\n<meta property=\"og:type\" content=\"article\" \/>\n<meta property=\"og:title\" content=\"House of Fortune - das Gl\u00fcckshaus Spiel - Spieltz Verlag\" \/>\n<meta property=\"og:description\" content=\"Das Gl\u00fcckshaus Spiel - ein mittelalterliches Gl\u00fccksspiel, Vorl\u00e4ufer von Roulette. Es geht darum, Eins\u00e4tze (z.B. Geld) im Spiel zu vervielfachen.\" \/>\n<meta property=\"og:url\" content=\"https:\/\/spieltz.de\/verlag\/shop\/spiele-kategorie\/gluecksspiele\/das-glueckshaus-spiel\/\" \/>\n<meta property=\"og:site_name\" content=\"Spieltz Verlag\" \/>\n<meta property=\"article:modified_time\" content=\"2017-01-19T22:56:50+00:00\" \/>\n<meta property=\"og:image\" content=\"https:\/\/spieltz.de\/verlag\/wp-content\/uploads\/2015\/10\/H_o_F_A3-Kopie-scaled.jpg\" \/>\n\t<meta property=\"og:image:width\" content=\"3641\" \/>\n\t<meta property=\"og:image:height\" content=\"4961\" \/>\n\t<meta property=\"og:image:type\" content=\"image\/jpeg\" \/>\n<meta name=\"twitter:card\" content=\"summary_large_image\" \/>\n<meta name=\"twitter:label1\" content=\"Gesch\u00e4tzte Lesezeit\" \/>\n\t<meta name=\"twitter:data1\" content=\"1\u00a0Minute\" \/>\n<script type=\"application\/ld+json\" class=\"yoast-schema-graph\">{\"@context\":\"https:\/\/schema.org\",\"@graph\":[{\"@type\":\"WebPage\",\"@id\":\"https:\/\/spieltz.de\/verlag\/shop\/spiele-kategorie\/gluecksspiele\/das-glueckshaus-spiel\/\",\"url\":\"https:\/\/spieltz.de\/verlag\/shop\/spiele-kategorie\/gluecksspiele\/das-glueckshaus-spiel\/\",\"name\":\"House of Fortune - das Gl\u00fcckshaus Spiel - Spieltz Verlag\",\"isPartOf\":{\"@id\":\"https:\/\/spieltz.de\/verlag\/#website\"},\"primaryImageOfPage\":{\"@id\":\"https:\/\/spieltz.de\/verlag\/shop\/spiele-kategorie\/gluecksspiele\/das-glueckshaus-spiel\/#primaryimage\"},\"image\":{\"@id\":\"https:\/\/spieltz.de\/verlag\/shop\/spiele-kategorie\/gluecksspiele\/das-glueckshaus-spiel\/#primaryimage\"},\"thumbnailUrl\":\"https:\/\/spieltz.de\/verlag\/wp-content\/uploads\/2015\/10\/H_o_F_A3-Kopie-scaled.jpg\",\"datePublished\":\"2015-10-03T22:11:01+00:00\",\"dateModified\":\"2017-01-19T22:56:50+00:00\",\"description\":\"Das Gl\u00fcckshaus Spiel - ein mittelalterliches Gl\u00fccksspiel, Vorl\u00e4ufer von Roulette. Es geht darum, Eins\u00e4tze (z.B. Geld) im Spiel zu vervielfachen.\",\"breadcrumb\":{\"@id\":\"https:\/\/spieltz.de\/verlag\/shop\/spiele-kategorie\/gluecksspiele\/das-glueckshaus-spiel\/#breadcrumb\"},\"inLanguage\":\"de\",\"potentialAction\":[{\"@type\":\"ReadAction\",\"target\":[\"https:\/\/spieltz.de\/verlag\/shop\/spiele-kategorie\/gluecksspiele\/das-glueckshaus-spiel\/\"]}]},{\"@type\":\"ImageObject\",\"inLanguage\":\"de\",\"@id\":\"https:\/\/spieltz.de\/verlag\/shop\/spiele-kategorie\/gluecksspiele\/das-glueckshaus-spiel\/#primaryimage\",\"url\":\"https:\/\/spieltz.de\/verlag\/wp-content\/uploads\/2015\/10\/H_o_F_A3-Kopie-scaled.jpg\",\"contentUrl\":\"https:\/\/spieltz.de\/verlag\/wp-content\/uploads\/2015\/10\/H_o_F_A3-Kopie-scaled.jpg\",\"width\":1879,\"height\":2560,\"caption\":\"Das Gl\u00fcckshaus Spiel - mittelalterliches Gl\u00fccksspiel\"},{\"@type\":\"BreadcrumbList\",\"@id\":\"https:\/\/spieltz.de\/verlag\/shop\/spiele-kategorie\/gluecksspiele\/das-glueckshaus-spiel\/#breadcrumb\",\"itemListElement\":[{\"@type\":\"ListItem\",\"position\":1,\"name\":\"Home\",\"item\":\"https:\/\/spieltz.de\/verlag\/\"},{\"@type\":\"ListItem\",\"position\":2,\"name\":\"Spieltz Verlag\",\"item\":\"https:\/\/spieltz.de\/verlag\/\"},{\"@type\":\"ListItem\",\"position\":3,\"name\":\"House of Fortune &#8211; das Gl\u00fcckshaus Spiel\"}]},{\"@type\":\"WebSite\",\"@id\":\"https:\/\/spieltz.de\/verlag\/#website\",\"url\":\"https:\/\/spieltz.de\/verlag\/\",\"name\":\"Spieltz Verlag\",\"description\":\"Die Spielemacher. Verlagsprogramm.\",\"potentialAction\":[{\"@type\":\"SearchAction\",\"target\":{\"@type\":\"EntryPoint\",\"urlTemplate\":\"https:\/\/spieltz.de\/verlag\/?s={search_term_string}\"},\"query-input\":\"required name=search_term_string\"}],\"inLanguage\":\"de\"}]}<\/script>\n<!-- \/ Yoast SEO plugin. -->","yoast_head_json":{"title":"House of Fortune - das Gl\u00fcckshaus Spiel - Spieltz Verlag","description":"Das Gl\u00fcckshaus Spiel - ein mittelalterliches Gl\u00fccksspiel, Vorl\u00e4ufer von Roulette. Es geht darum, Eins\u00e4tze (z.B. Geld) im Spiel zu vervielfachen.","robots":{"index":"index","follow":"follow","max-snippet":"max-snippet:-1","max-image-preview":"max-image-preview:large","max-video-preview":"max-video-preview:-1"},"canonical":"https:\/\/spieltz.de\/verlag\/shop\/spiele-kategorie\/gluecksspiele\/das-glueckshaus-spiel\/","og_locale":"de_DE","og_type":"article","og_title":"House of Fortune - das Gl\u00fcckshaus Spiel - Spieltz Verlag","og_description":"Das Gl\u00fcckshaus Spiel - ein mittelalterliches Gl\u00fccksspiel, Vorl\u00e4ufer von Roulette. Es geht darum, Eins\u00e4tze (z.B. Geld) im Spiel zu vervielfachen.","og_url":"https:\/\/spieltz.de\/verlag\/shop\/spiele-kategorie\/gluecksspiele\/das-glueckshaus-spiel\/","og_site_name":"Spieltz Verlag","article_modified_time":"2017-01-19T22:56:50+00:00","og_image":[{"width":3641,"height":4961,"url":"https:\/\/spieltz.de\/verlag\/wp-content\/uploads\/2015\/10\/H_o_F_A3-Kopie-scaled.jpg","type":"image\/jpeg"}],"twitter_card":"summary_large_image","twitter_misc":{"Gesch\u00e4tzte Lesezeit":"1\u00a0Minute"},"schema":{"@context":"https:\/\/schema.org","@graph":[{"@type":"WebPage","@id":"https:\/\/spieltz.de\/verlag\/shop\/spiele-kategorie\/gluecksspiele\/das-glueckshaus-spiel\/","url":"https:\/\/spieltz.de\/verlag\/shop\/spiele-kategorie\/gluecksspiele\/das-glueckshaus-spiel\/","name":"House of Fortune - das Gl\u00fcckshaus Spiel - Spieltz Verlag","isPartOf":{"@id":"https:\/\/spieltz.de\/verlag\/#website"},"primaryImageOfPage":{"@id":"https:\/\/spieltz.de\/verlag\/shop\/spiele-kategorie\/gluecksspiele\/das-glueckshaus-spiel\/#primaryimage"},"image":{"@id":"https:\/\/spieltz.de\/verlag\/shop\/spiele-kategorie\/gluecksspiele\/das-glueckshaus-spiel\/#primaryimage"},"thumbnailUrl":"https:\/\/spieltz.de\/verlag\/wp-content\/uploads\/2015\/10\/H_o_F_A3-Kopie-scaled.jpg","datePublished":"2015-10-03T22:11:01+00:00","dateModified":"2017-01-19T22:56:50+00:00","description":"Das Gl\u00fcckshaus Spiel - ein mittelalterliches Gl\u00fccksspiel, Vorl\u00e4ufer von Roulette. Es geht darum, Eins\u00e4tze (z.B. Geld) im Spiel zu vervielfachen.","breadcrumb":{"@id":"https:\/\/spieltz.de\/verlag\/shop\/spiele-kategorie\/gluecksspiele\/das-glueckshaus-spiel\/#breadcrumb"},"inLanguage":"de","potentialAction":[{"@type":"ReadAction","target":["https:\/\/spieltz.de\/verlag\/shop\/spiele-kategorie\/gluecksspiele\/das-glueckshaus-spiel\/"]}]},{"@type":"ImageObject","inLanguage":"de","@id":"https:\/\/spieltz.de\/verlag\/shop\/spiele-kategorie\/gluecksspiele\/das-glueckshaus-spiel\/#primaryimage","url":"https:\/\/spieltz.de\/verlag\/wp-content\/uploads\/2015\/10\/H_o_F_A3-Kopie-scaled.jpg","contentUrl":"https:\/\/spieltz.de\/verlag\/wp-content\/uploads\/2015\/10\/H_o_F_A3-Kopie-scaled.jpg","width":1879,"height":2560,"caption":"Das Gl\u00fcckshaus Spiel - mittelalterliches Gl\u00fccksspiel"},{"@type":"BreadcrumbList","@id":"https:\/\/spieltz.de\/verlag\/shop\/spiele-kategorie\/gluecksspiele\/das-glueckshaus-spiel\/#breadcrumb","itemListElement":[{"@type":"ListItem","position":1,"name":"Home","item":"https:\/\/spieltz.de\/verlag\/"},{"@type":"ListItem","position":2,"name":"Spieltz Verlag","item":"https:\/\/spieltz.de\/verlag\/"},{"@type":"ListItem","position":3,"name":"House of Fortune &#8211; das Gl\u00fcckshaus Spiel"}]},{"@type":"WebSite","@id":"https:\/\/spieltz.de\/verlag\/#website","url":"https:\/\/spieltz.de\/verlag\/","name":"Spieltz Verlag","description":"Die Spielemacher. Verlagsprogramm.","potentialAction":[{"@type":"SearchAction","target":{"@type":"EntryPoint","urlTemplate":"https:\/\/spieltz.de\/verlag\/?s={search_term_string}"},"query-input":"required name=search_term_string"}],"inLanguage":"de"}]}},"_links":{"self":[{"href":"https:\/\/spieltz.de\/verlag\/wp-json\/wp\/v2\/product\/267"}],"collection":[{"href":"https:\/\/spieltz.de\/verlag\/wp-json\/wp\/v2\/product"}],"about":[{"href":"https:\/\/spieltz.de\/verlag\/wp-json\/wp\/v2\/types\/product"}],"replies":[{"embeddable":true,"href":"https:\/\/spieltz.de\/verlag\/wp-json\/wp\/v2\/comments?post=267"}],"wp:featuredmedia":[{"embeddable":true,"href":"https:\/\/spieltz.de\/verlag\/wp-json\/wp\/v2\/media\/1074"}],"wp:attachment":[{"href":"https:\/\/spieltz.de\/verlag\/wp-json\/wp\/v2\/media?parent=267"}],"wp:term":[{"taxonomy":"product_cat","embeddable":true,"href":"https:\/\/spieltz.de\/verlag\/wp-json\/wp\/v2\/product_cat?post=267"},{"taxonomy":"product_tag","embeddable":true,"href":"https:\/\/spieltz.de\/verlag\/wp-json\/wp\/v2\/product_tag?post=267"}],"curies":[{"name":"wp","href":"https:\/\/api.w.org\/{rel}","templated":true}]}}