{"id":199,"date":"2015-09-13T02:07:31","date_gmt":"2015-09-13T00:07:31","guid":{"rendered":"http:\/\/spieltz.de\/verlag\/shop\/preiskategorie-a\/tonkin-das-strategie-spiel-ausfuehrung-rollbares-spiel\/"},"modified":"2017-05-30T00:36:25","modified_gmt":"2017-05-29T22:36:25","slug":"tonkin-das-strategie-spiel","status":"publish","type":"product","link":"https:\/\/spieltz.de\/verlag\/shop\/spiele-kategorie\/traditionelle-brettspiele\/tonkin-das-strategie-spiel\/","title":{"rendered":"Tonkin &#8211; traditionelles Strategie-Spiel f\u00fcr 2 Spieler"},"content":{"rendered":"<ul>\n<li>Art des Spiels: Brettspiel,\u00a0Strategiespiel, traditionelles Spiel<\/li>\n<li>Ausf\u00fchrung: Spielplan auf LKW-Plane \u2013 rollbar und robust, verpackt in eine\u00a0Rolle<\/li>\n<li>Zubeh\u00f6r: Spielsteine aus lackiertem Holz<\/li>\n<li>Anzahl Spieler: 2 Spieler<\/li>\n<li>Empfohlenes Spielalter: ab 8 Jahren<\/li>\n<li>Spieldauer: 20 Minuten<\/li>\n<\/ul>\n<h3>Tonkin &#8211; das Spiel<\/h3>\n<p>Tonkin ist ein Strategiespiel f\u00fcr 2 Spieler ab 8 Jahren. Ende des 19. Jahrhunderts war das Spiel in Frankreich sehr popul\u00e4r. Die vielen m\u00f6glichen Stellungen auf dem Spielbrett machen das Spiel abwechslungsreich und spannend!<\/p>\n<p>Zu Beginn des Spiels ist das Spielfeld leer. W\u00e4hrend der ersten Spielphase werden die Spielsteine auf freie Knoten auf dem Spielplan gesetzt. Dann ziehen die Spieler abwechselnd jeweils einen Stein in beliebiger Richtung auf ein freies Nachbarfeld. Wer es schafft, seine Steine so anzuordnen, dass drei, f\u00fcnf oder sieben nebeneinander auf einer Gerade liegen, hat gewonnen.<\/p>\n<p>Autor: unbekannt \/ traditionelles Spiel<br \/>\nDesign:\u00a0Daria F\u00fcrst<\/p>\n<h3>Spielmaterial<\/h3>\n<ul>\n<li>1 Spielplan aus LKW-Plane, rollbar, robust und abwaschbar<\/li>\n<li>2 x 10\u00a0Spielsteine aus lackiertem Holz<\/li>\n<li>Anleitung auf Deutsch<\/li>\n<li>Verpackung:\u00a0Rolle<\/li>\n<\/ul>\n<h3>Gr\u00f6\u00dfen<\/h3>\n<ul>\n<li>Reisespiel: Spielplan Gr\u00f6\u00dfe 20\u00d720, Verpackung: Rolle L\u00e4nge 24\u00a0cm, Durchmesser 6 cm<\/li>\n<li>Standardspiel: Spielplan Gr\u00f6\u00dfe 30\u00d730 cm,\u00a0Verpackung: Rolle L\u00e4nge 34\u00a0cm, Durchmesser 6 cm<\/li>\n<li>Maxispiel: Spielplan Gr\u00f6\u00dfe 40\u00d740 cm, Verpackung: Rolle L\u00e4nge 44\u00a0cm, Durchmesser 6 cm<\/li>\n<li>Gr\u00f6\u00dfe XL: Spielplan Gr\u00f6\u00dfe 50\u00d750 cm, Verpackung: Rolle L\u00e4nge 54\u00a0cm, Durchmesser 8\u00a0cm<\/li>\n<li>Gr\u00f6\u00dfe XXL: Spielplan Gr\u00f6\u00dfe 60\u00d760 cm, Verpackung: Rolle L\u00e4nge 64\u00a0cm, Durchmesser 8\u00a0cm<\/li>\n<\/ul>\n<p>Die Gr\u00f6\u00dfen der Spielsteine sind auf die Gr\u00f6\u00dfen der Spielpl\u00e4ne abgestimmt. Gr\u00f6\u00dfe 50\u00d750 und 60\u00d760 wird mit extra-gro\u00dfen Spielfiguren ausgeliefert und ist gut geeignet f\u00fcr Menschen mit motorischen Einschr\u00e4nkungen sowie f\u00fcr das Spielen auf Veranstaltungen.<\/p>\n<h3>Tonkin\u00a0kaufen<\/h3>\n<h4>Kunden<\/h4>\n<p>Tonkin\u00a0ist in verschiedenen Farben und Gr\u00f6\u00dfen im Internet erh\u00e4ltlich <a href=\"https:\/\/www.amazon.de\/Tonkin-das-Strategie-Brettspiel-Zwei-Reisespiel\/dp\/B00J3F189K\">bei Amazon<\/a>, sowie in unseren Shops bei <a href=\"http:\/\/spieltz.rakuten-shop.de\/\">Rakuten.de<\/a>, und\u00a0<a href=\"https:\/\/www.hitmeister.de\/shops\/spieltz\/\">Hitmeister,<\/a>\u00a0sowie in ausgew\u00e4hlten L\u00e4den.<\/p>\n<h4>H\u00e4ndler<\/h4>\n<p>Bitte kontaktieren Sie uns f\u00fcr eine <a href=\"mailto:info@spieltz.de\">H\u00e4ndlerpreisliste.<\/a><\/p>\n<h4>Firmenkunden<\/h4>\n<p>Wie alle Spieltz-Spiele ist Tonkin<em>\u00a0<\/em>auch als Werbespiel mit Ihrem eigenen Branding \/ in Ihren Unternehmensfarben erh\u00e4ltlich. Bitte besuchen Sie unseren <a href=\"http:\/\/spieltz.de\/werbespiele\/\">Werbespiele Shop<\/a>.<\/p>\n<ul>\n<li><a href=\"http:\/\/spieltz.de\/werbespiele\/shop\/ausfuehrung\/preiskategorie-a\/tonkin-das-strategie-spiel-rollbar\/\">Tonkin\u00a0mit Branding, rollbar auf LKW-Plane\u00a0<\/a><\/li>\n<li><a href=\"http:\/\/spieltz.de\/werbespiele\/shop\/ausfuehrung\/preiskategorie-d\/tonkin-das-strategie-brettspiel\/\">Tonkin\u00a0mit Branding, klassisch produziert als Brettspiel mit Spielbrett \/ St\u00fclpdeckelschachtel<\/a>.<\/li>\n<\/ul>\n","protected":false},"excerpt":{"rendered":"<p>Tonkin ist ein traditionelles Strategiespiel f\u00fcr 2 Spieler ab 8 Jahren, das Ende des 19. Jahrhunderts sehr popul\u00e4r in Frankreich war. Spieldauer etwa 20\u00a0Minuten.<\/p>\n<p>Der Spielplan ist auf rollbare LKW-Plane gedruckt und zusammen mit dem Zubeh\u00f6r in eine Rolle verpackt.<\/p>\n<p>Ma\u00dfe:<br \/>\nReisespiel: Spielplan Gr\u00f6\u00dfe 20\u00d720<br \/>\nStandardspiel: Spielplan Gr\u00f6\u00dfe 30\u00d730 cm<br \/>\nMaxispiel: Spielplan Gr\u00f6\u00dfe 40\u00d740 cm<br \/>\nGr\u00f6\u00dfe XL: Spielplan Gr\u00f6\u00dfe 50\u00d750 cm<br \/>\nGr\u00f6\u00dfe XXL: Spielplan Gr\u00f6\u00dfe 60\u00d760 cm<\/p>\n","protected":false},"featured_media":1142,"comment_status":"open","ping_status":"closed","template":"","meta":{"_monsterinsights_skip_tracking":false,"_monsterinsights_sitenote_active":false,"_monsterinsights_sitenote_note":"","_monsterinsights_sitenote_category":0,"_themeisle_gutenberg_block_has_review":false},"product_cat":[112,84,92,101,100],"product_tag":[70,66,65,67],"yoast_head":"<!-- This site is optimized with the Yoast SEO plugin v22.5 - https:\/\/yoast.com\/wordpress\/plugins\/seo\/ -->\n<title>Tonkin - traditionelles Strategie-Spiel f\u00fcr 2 Spieler - Spieltz Verlag<\/title>\n<meta name=\"description\" content=\"Tonkin ist ein traditionelles Strategiespiel f\u00fcr 2 Spieler ab 8 Jahren, das Ende des 19. Jahrhunderts sehr popul\u00e4r in Frankreich war.\" \/>\n<meta name=\"robots\" content=\"index, follow, max-snippet:-1, max-image-preview:large, max-video-preview:-1\" \/>\n<link rel=\"canonical\" href=\"https:\/\/spieltz.de\/verlag\/shop\/spiele-kategorie\/traditionelle-brettspiele\/tonkin-das-strategie-spiel\/\" \/>\n<meta property=\"og:locale\" content=\"de_DE\" \/>\n<meta property=\"og:type\" content=\"article\" \/>\n<meta property=\"og:title\" content=\"Tonkin - traditionelles Strategie-Spiel f\u00fcr 2 Spieler - Spieltz Verlag\" \/>\n<meta property=\"og:description\" content=\"Tonkin ist ein traditionelles Strategiespiel f\u00fcr 2 Spieler ab 8 Jahren, das Ende des 19. Jahrhunderts sehr popul\u00e4r in Frankreich war.\" \/>\n<meta property=\"og:url\" content=\"https:\/\/spieltz.de\/verlag\/shop\/spiele-kategorie\/traditionelle-brettspiele\/tonkin-das-strategie-spiel\/\" \/>\n<meta property=\"og:site_name\" content=\"Spieltz Verlag\" \/>\n<meta property=\"article:modified_time\" content=\"2017-05-29T22:36:25+00:00\" \/>\n<meta property=\"og:image\" content=\"https:\/\/spieltz.de\/verlag\/wp-content\/uploads\/2015\/09\/tonkin-spielplan-rotblau-1024x1024.jpg\" \/>\n\t<meta property=\"og:image:width\" content=\"1024\" \/>\n\t<meta property=\"og:image:height\" content=\"1024\" \/>\n\t<meta property=\"og:image:type\" content=\"image\/jpeg\" \/>\n<meta name=\"twitter:card\" content=\"summary_large_image\" \/>\n<meta name=\"twitter:label1\" content=\"Gesch\u00e4tzte Lesezeit\" \/>\n\t<meta name=\"twitter:data1\" content=\"2\u00a0Minuten\" \/>\n<script type=\"application\/ld+json\" class=\"yoast-schema-graph\">{\"@context\":\"https:\/\/schema.org\",\"@graph\":[{\"@type\":\"WebPage\",\"@id\":\"https:\/\/spieltz.de\/verlag\/shop\/spiele-kategorie\/traditionelle-brettspiele\/tonkin-das-strategie-spiel\/\",\"url\":\"https:\/\/spieltz.de\/verlag\/shop\/spiele-kategorie\/traditionelle-brettspiele\/tonkin-das-strategie-spiel\/\",\"name\":\"Tonkin - traditionelles Strategie-Spiel f\u00fcr 2 Spieler - Spieltz Verlag\",\"isPartOf\":{\"@id\":\"https:\/\/spieltz.de\/verlag\/#website\"},\"primaryImageOfPage\":{\"@id\":\"https:\/\/spieltz.de\/verlag\/shop\/spiele-kategorie\/traditionelle-brettspiele\/tonkin-das-strategie-spiel\/#primaryimage\"},\"image\":{\"@id\":\"https:\/\/spieltz.de\/verlag\/shop\/spiele-kategorie\/traditionelle-brettspiele\/tonkin-das-strategie-spiel\/#primaryimage\"},\"thumbnailUrl\":\"https:\/\/spieltz.de\/verlag\/wp-content\/uploads\/2015\/09\/tonkin-spielplan-rotblau-scaled.jpg\",\"datePublished\":\"2015-09-13T00:07:31+00:00\",\"dateModified\":\"2017-05-29T22:36:25+00:00\",\"description\":\"Tonkin ist ein traditionelles Strategiespiel f\u00fcr 2 Spieler ab 8 Jahren, das Ende des 19. Jahrhunderts sehr popul\u00e4r in Frankreich war.\",\"breadcrumb\":{\"@id\":\"https:\/\/spieltz.de\/verlag\/shop\/spiele-kategorie\/traditionelle-brettspiele\/tonkin-das-strategie-spiel\/#breadcrumb\"},\"inLanguage\":\"de\",\"potentialAction\":[{\"@type\":\"ReadAction\",\"target\":[\"https:\/\/spieltz.de\/verlag\/shop\/spiele-kategorie\/traditionelle-brettspiele\/tonkin-das-strategie-spiel\/\"]}]},{\"@type\":\"ImageObject\",\"inLanguage\":\"de\",\"@id\":\"https:\/\/spieltz.de\/verlag\/shop\/spiele-kategorie\/traditionelle-brettspiele\/tonkin-das-strategie-spiel\/#primaryimage\",\"url\":\"https:\/\/spieltz.de\/verlag\/wp-content\/uploads\/2015\/09\/tonkin-spielplan-rotblau-scaled.jpg\",\"contentUrl\":\"https:\/\/spieltz.de\/verlag\/wp-content\/uploads\/2015\/09\/tonkin-spielplan-rotblau-scaled.jpg\",\"width\":2560,\"height\":2560,\"caption\":\"Tonkin\"},{\"@type\":\"BreadcrumbList\",\"@id\":\"https:\/\/spieltz.de\/verlag\/shop\/spiele-kategorie\/traditionelle-brettspiele\/tonkin-das-strategie-spiel\/#breadcrumb\",\"itemListElement\":[{\"@type\":\"ListItem\",\"position\":1,\"name\":\"Home\",\"item\":\"https:\/\/spieltz.de\/verlag\/\"},{\"@type\":\"ListItem\",\"position\":2,\"name\":\"Spieltz Verlag\",\"item\":\"https:\/\/spieltz.de\/verlag\/\"},{\"@type\":\"ListItem\",\"position\":3,\"name\":\"Tonkin &#8211; traditionelles Strategie-Spiel f\u00fcr 2 Spieler\"}]},{\"@type\":\"WebSite\",\"@id\":\"https:\/\/spieltz.de\/verlag\/#website\",\"url\":\"https:\/\/spieltz.de\/verlag\/\",\"name\":\"Spieltz Verlag\",\"description\":\"Die Spielemacher. Verlagsprogramm.\",\"potentialAction\":[{\"@type\":\"SearchAction\",\"target\":{\"@type\":\"EntryPoint\",\"urlTemplate\":\"https:\/\/spieltz.de\/verlag\/?s={search_term_string}\"},\"query-input\":\"required name=search_term_string\"}],\"inLanguage\":\"de\"}]}<\/script>\n<!-- \/ Yoast SEO plugin. -->","yoast_head_json":{"title":"Tonkin - traditionelles Strategie-Spiel f\u00fcr 2 Spieler - Spieltz Verlag","description":"Tonkin ist ein traditionelles Strategiespiel f\u00fcr 2 Spieler ab 8 Jahren, das Ende des 19. Jahrhunderts sehr popul\u00e4r in Frankreich war.","robots":{"index":"index","follow":"follow","max-snippet":"max-snippet:-1","max-image-preview":"max-image-preview:large","max-video-preview":"max-video-preview:-1"},"canonical":"https:\/\/spieltz.de\/verlag\/shop\/spiele-kategorie\/traditionelle-brettspiele\/tonkin-das-strategie-spiel\/","og_locale":"de_DE","og_type":"article","og_title":"Tonkin - traditionelles Strategie-Spiel f\u00fcr 2 Spieler - Spieltz Verlag","og_description":"Tonkin ist ein traditionelles Strategiespiel f\u00fcr 2 Spieler ab 8 Jahren, das Ende des 19. Jahrhunderts sehr popul\u00e4r in Frankreich war.","og_url":"https:\/\/spieltz.de\/verlag\/shop\/spiele-kategorie\/traditionelle-brettspiele\/tonkin-das-strategie-spiel\/","og_site_name":"Spieltz Verlag","article_modified_time":"2017-05-29T22:36:25+00:00","og_image":[{"width":1024,"height":1024,"url":"https:\/\/spieltz.de\/verlag\/wp-content\/uploads\/2015\/09\/tonkin-spielplan-rotblau-1024x1024.jpg","type":"image\/jpeg"}],"twitter_card":"summary_large_image","twitter_misc":{"Gesch\u00e4tzte Lesezeit":"2\u00a0Minuten"},"schema":{"@context":"https:\/\/schema.org","@graph":[{"@type":"WebPage","@id":"https:\/\/spieltz.de\/verlag\/shop\/spiele-kategorie\/traditionelle-brettspiele\/tonkin-das-strategie-spiel\/","url":"https:\/\/spieltz.de\/verlag\/shop\/spiele-kategorie\/traditionelle-brettspiele\/tonkin-das-strategie-spiel\/","name":"Tonkin - traditionelles Strategie-Spiel f\u00fcr 2 Spieler - Spieltz Verlag","isPartOf":{"@id":"https:\/\/spieltz.de\/verlag\/#website"},"primaryImageOfPage":{"@id":"https:\/\/spieltz.de\/verlag\/shop\/spiele-kategorie\/traditionelle-brettspiele\/tonkin-das-strategie-spiel\/#primaryimage"},"image":{"@id":"https:\/\/spieltz.de\/verlag\/shop\/spiele-kategorie\/traditionelle-brettspiele\/tonkin-das-strategie-spiel\/#primaryimage"},"thumbnailUrl":"https:\/\/spieltz.de\/verlag\/wp-content\/uploads\/2015\/09\/tonkin-spielplan-rotblau-scaled.jpg","datePublished":"2015-09-13T00:07:31+00:00","dateModified":"2017-05-29T22:36:25+00:00","description":"Tonkin ist ein traditionelles Strategiespiel f\u00fcr 2 Spieler ab 8 Jahren, das Ende des 19. Jahrhunderts sehr popul\u00e4r in Frankreich war.","breadcrumb":{"@id":"https:\/\/spieltz.de\/verlag\/shop\/spiele-kategorie\/traditionelle-brettspiele\/tonkin-das-strategie-spiel\/#breadcrumb"},"inLanguage":"de","potentialAction":[{"@type":"ReadAction","target":["https:\/\/spieltz.de\/verlag\/shop\/spiele-kategorie\/traditionelle-brettspiele\/tonkin-das-strategie-spiel\/"]}]},{"@type":"ImageObject","inLanguage":"de","@id":"https:\/\/spieltz.de\/verlag\/shop\/spiele-kategorie\/traditionelle-brettspiele\/tonkin-das-strategie-spiel\/#primaryimage","url":"https:\/\/spieltz.de\/verlag\/wp-content\/uploads\/2015\/09\/tonkin-spielplan-rotblau-scaled.jpg","contentUrl":"https:\/\/spieltz.de\/verlag\/wp-content\/uploads\/2015\/09\/tonkin-spielplan-rotblau-scaled.jpg","width":2560,"height":2560,"caption":"Tonkin"},{"@type":"BreadcrumbList","@id":"https:\/\/spieltz.de\/verlag\/shop\/spiele-kategorie\/traditionelle-brettspiele\/tonkin-das-strategie-spiel\/#breadcrumb","itemListElement":[{"@type":"ListItem","position":1,"name":"Home","item":"https:\/\/spieltz.de\/verlag\/"},{"@type":"ListItem","position":2,"name":"Spieltz Verlag","item":"https:\/\/spieltz.de\/verlag\/"},{"@type":"ListItem","position":3,"name":"Tonkin &#8211; traditionelles Strategie-Spiel f\u00fcr 2 Spieler"}]},{"@type":"WebSite","@id":"https:\/\/spieltz.de\/verlag\/#website","url":"https:\/\/spieltz.de\/verlag\/","name":"Spieltz Verlag","description":"Die Spielemacher. Verlagsprogramm.","potentialAction":[{"@type":"SearchAction","target":{"@type":"EntryPoint","urlTemplate":"https:\/\/spieltz.de\/verlag\/?s={search_term_string}"},"query-input":"required name=search_term_string"}],"inLanguage":"de"}]}},"_links":{"self":[{"href":"https:\/\/spieltz.de\/verlag\/wp-json\/wp\/v2\/product\/199"}],"collection":[{"href":"https:\/\/spieltz.de\/verlag\/wp-json\/wp\/v2\/product"}],"about":[{"href":"https:\/\/spieltz.de\/verlag\/wp-json\/wp\/v2\/types\/product"}],"replies":[{"embeddable":true,"href":"https:\/\/spieltz.de\/verlag\/wp-json\/wp\/v2\/comments?post=199"}],"wp:featuredmedia":[{"embeddable":true,"href":"https:\/\/spieltz.de\/verlag\/wp-json\/wp\/v2\/media\/1142"}],"wp:attachment":[{"href":"https:\/\/spieltz.de\/verlag\/wp-json\/wp\/v2\/media?parent=199"}],"wp:term":[{"taxonomy":"product_cat","embeddable":true,"href":"https:\/\/spieltz.de\/verlag\/wp-json\/wp\/v2\/product_cat?post=199"},{"taxonomy":"product_tag","embeddable":true,"href":"https:\/\/spieltz.de\/verlag\/wp-json\/wp\/v2\/product_tag?post=199"}],"curies":[{"name":"wp","href":"https:\/\/api.w.org\/{rel}","templated":true}]}}