{"id":161,"date":"2015-09-12T19:13:58","date_gmt":"2015-09-12T17:13:58","guid":{"rendered":"http:\/\/spieltz.de\/verlag\/shop\/preiskategorie-b\/goldraub-spiel-auf-lkw-plane\/"},"modified":"2017-03-23T23:31:11","modified_gmt":"2017-03-23T22:31:11","slug":"piraten-brettspiel-goldraub","status":"publish","type":"product","link":"https:\/\/spieltz.de\/verlag\/shop\/spieldauer\/30-45-minuten\/piraten-brettspiel-goldraub\/","title":{"rendered":"Goldraub &#8211; das Piraten Brettspiel"},"content":{"rendered":"<ul>\n<li>Art des Spiels: Brettspiel, Familienspiel, Gesellschaftsspiel<\/li>\n<li>Ausf\u00fchrung: Spielplan auf LKW-Plane &#8211; rollbar und robust, verpackt in eine Papprolle<\/li>\n<li>Zubeh\u00f6r: Spielfiguren und W\u00fcrfel aus bunt lackiertem Holz<\/li>\n<li>Spielthema: Piraten Brettspiel<\/li>\n<li>Anzahl Spieler: 3\u00a0\u2013 4 Spieler<\/li>\n<li>Empfohlenes Alter: ab 8 Jahren<\/li>\n<li>Spieldauer: etwa 30 \u2013 45 Minuten<\/li>\n<\/ul>\n<h3>Das Spiel<\/h3>\n<p>Eine erfolgreiche Saison\u00a0geht fu\u0308r die Piratenkapit\u00e4ne und\u00a0ihre Mannschaften zu Ende. Alle\u00a0haben reiche Beute gemacht. Auf einer abgelegenen Insel sollen die Sch\u00e4tze in Sicherheit gebracht werden. Dummerweise haben sich alle Kapit\u00e4ne fu\u0308r dieselbe Insel entschieden. Jede Mannschaft versucht, ihren Schatz m\u00f6glichst ohne Verluste ins eigene Versteck zu bringen. Besonderes Glu\u0308ck hat, wer auf der<br \/>\nInsel auch noch anderen Piratenmannschaften Gold abnehmen und fremde Piraten gefangen nehmen kann. Vor dem Gewinner wird sicher jeder vor Ehrfurcht erzittern!<\/p>\n<p>Autoren: Karin Janner und Steffen Kawelke<br \/>\nDesign: Steffen Kawelke<\/p>\n<h3>Spielmaterial<\/h3>\n<ul>\n<li>1 gro\u00dfer Spielplan aus LKW-Plane, Gr\u00f6\u00dfe 40&#215;40 cm<\/li>\n<li>4 x Spielfiguren &#8222;Kapit\u00e4n&#8220;, 4&#215;3 Spielfiguren &#8222;Matrose&#8220; + 1\u00a0W\u00fcrfel aus bunt lackiertem Holz<\/li>\n<li>Anleitung auf Deutsch<\/li>\n<li>Verpackung: Rolle, L\u00e4nge 44 cm, Durchmesser 6 cm.<\/li>\n<\/ul>\n<h3>Piraten Brettspiel Goldraub kaufen<\/h3>\n<h3>Kunden<\/h3>\n<p>Unser Piraten Brettspiel<em> Goldraub<\/em>\u00a0ist im Internet erh\u00e4ltlich <a href=\"https:\/\/www.amazon.de\/Spieltz-Goldraub\/dp\/B0184V5KL0\/\">bei Amazon\u00a0<\/a>und in unseren Shops bei <a href=\"http:\/\/spieltz.rakuten-shop.de\/\">Rakuten.de<\/a>, und\u00a0<a href=\"https:\/\/www.hitmeister.de\/shops\/spieltz\/\">Hitmeister,<\/a>\u00a0sowie in ausgew\u00e4hlten L\u00e4den.<\/p>\n<h4>H\u00e4ndler<\/h4>\n<p>Bitte kontaktieren Sie uns f\u00fcr eine <a href=\"mailto:info@spieltz.de\">H\u00e4ndlerpreisliste.<\/a><\/p>\n<h4>Firmenkunden<\/h4>\n<p>Firmenkunden k\u00f6nnen unser Piraten Brettspiel<em> Goldraub<\/em>\u00a0mit eigenem Branding erhalten. Bitte besuchen Sie unseren <a href=\"http:\/\/spieltz.de\/werbespiele\/\">Werbespiele Shop<\/a>.<\/p>\n<ul>\n<li><a href=\"http:\/\/spieltz.de\/werbespiele\/shop\/ausfuehrung\/preiskategorie-b\/goldraub-spiel-auf-lkw-plane\/\">Piraten Brettspiel<em> Goldraub\u00a0<\/em>mit Branding, rollbar auf LKW-Plane\u00a0<\/a><\/li>\n<li>Piraten Brettspiel<em> Goldraub<\/em>\u00a0mit Branding, klassisch produziert als Brettspiel mit Spielbrett \/ St\u00fclpdeckelschachtel\u00a0auf Anfrage, bitte kontaktieren Sie uns daf\u00fcr <a href=\"mailto:info@spieltz.de\">per Mail.<\/a><\/li>\n<\/ul>\n","protected":false},"excerpt":{"rendered":"<p>Im Piraten Brettspiel Goldraub landen mehrere Piratenschiffe auf einer Insel. Jede Mannschaft versucht, ihre Beute schnellstm\u00f6glich in Sicherheit zu bringen.<\/p>\n<p>Das Familienspiel ist f\u00fcr 3-4\u00a0Spieler ab 8\u00a0Jahren geeignet, Spieldauer etwa 30-45\u00a0Minuten.<\/p>\n<p>Der Spielplan ist auf rollbare LKW-Plane gedruckt und zusammen mit dem Zubeh\u00f6r in eine Rolle verpackt.<\/p>\n<p>Ma\u00dfe:<br \/>\nSpielplan 40&#215;40 cm<br \/>\nVerpackung Papprolle wei\u00df mit Klebelabel, Durchmesser 6 cm, L\u00e4nge 34 cm<\/p>\n","protected":false},"featured_media":1088,"comment_status":"open","ping_status":"closed","template":"","meta":{"_monsterinsights_skip_tracking":false,"_monsterinsights_sitenote_active":false,"_monsterinsights_sitenote_note":"","_monsterinsights_sitenote_category":0,"_themeisle_gutenberg_block_has_review":false},"product_cat":[104,110,92,113],"product_tag":[70,62,234,54],"yoast_head":"<!-- This site is optimized with the Yoast SEO plugin v22.5 - https:\/\/yoast.com\/wordpress\/plugins\/seo\/ -->\n<title>Goldraub - das Piraten Brettspiel - Spieltz Verlag<\/title>\n<meta name=\"description\" content=\"Im Piraten Brettspiel Goldraub landen mehrere Piratenschiffe auf einer Insel. Jede Mannschaft versucht, ihre Beute schnellstm\u00f6glich in Sicherheit zu bringen\" \/>\n<meta name=\"robots\" content=\"index, follow, max-snippet:-1, max-image-preview:large, max-video-preview:-1\" \/>\n<link rel=\"canonical\" href=\"https:\/\/spieltz.de\/verlag\/shop\/spieldauer\/30-45-minuten\/piraten-brettspiel-goldraub\/\" \/>\n<meta property=\"og:locale\" content=\"de_DE\" \/>\n<meta property=\"og:type\" content=\"article\" \/>\n<meta property=\"og:title\" content=\"Goldraub - das Piraten Brettspiel - Spieltz Verlag\" \/>\n<meta property=\"og:description\" content=\"Im Piraten Brettspiel Goldraub landen mehrere Piratenschiffe auf einer Insel. Jede Mannschaft versucht, ihre Beute schnellstm\u00f6glich in Sicherheit zu bringen\" \/>\n<meta property=\"og:url\" content=\"https:\/\/spieltz.de\/verlag\/shop\/spieldauer\/30-45-minuten\/piraten-brettspiel-goldraub\/\" \/>\n<meta property=\"og:site_name\" content=\"Spieltz Verlag\" \/>\n<meta property=\"article:modified_time\" content=\"2017-03-23T22:31:11+00:00\" \/>\n<meta property=\"og:image\" content=\"https:\/\/spieltz.de\/verlag\/wp-content\/uploads\/2015\/09\/Piraten-Brettspiel-Goldraub-Spielfeld-FINAL-1024x1021.jpg\" \/>\n\t<meta property=\"og:image:width\" content=\"1024\" \/>\n\t<meta property=\"og:image:height\" content=\"1021\" \/>\n\t<meta property=\"og:image:type\" content=\"image\/jpeg\" \/>\n<meta name=\"twitter:card\" content=\"summary_large_image\" \/>\n<meta name=\"twitter:label1\" content=\"Gesch\u00e4tzte Lesezeit\" \/>\n\t<meta name=\"twitter:data1\" content=\"1\u00a0Minute\" \/>\n<script type=\"application\/ld+json\" class=\"yoast-schema-graph\">{\"@context\":\"https:\/\/schema.org\",\"@graph\":[{\"@type\":\"WebPage\",\"@id\":\"https:\/\/spieltz.de\/verlag\/shop\/spieldauer\/30-45-minuten\/piraten-brettspiel-goldraub\/\",\"url\":\"https:\/\/spieltz.de\/verlag\/shop\/spieldauer\/30-45-minuten\/piraten-brettspiel-goldraub\/\",\"name\":\"Goldraub - das Piraten Brettspiel - Spieltz Verlag\",\"isPartOf\":{\"@id\":\"https:\/\/spieltz.de\/verlag\/#website\"},\"primaryImageOfPage\":{\"@id\":\"https:\/\/spieltz.de\/verlag\/shop\/spieldauer\/30-45-minuten\/piraten-brettspiel-goldraub\/#primaryimage\"},\"image\":{\"@id\":\"https:\/\/spieltz.de\/verlag\/shop\/spieldauer\/30-45-minuten\/piraten-brettspiel-goldraub\/#primaryimage\"},\"thumbnailUrl\":\"https:\/\/spieltz.de\/verlag\/wp-content\/uploads\/2015\/09\/Piraten-Brettspiel-Goldraub-Spielfeld-FINAL-scaled.jpg\",\"datePublished\":\"2015-09-12T17:13:58+00:00\",\"dateModified\":\"2017-03-23T22:31:11+00:00\",\"description\":\"Im Piraten Brettspiel Goldraub landen mehrere Piratenschiffe auf einer Insel. Jede Mannschaft versucht, ihre Beute schnellstm\u00f6glich in Sicherheit zu bringen\",\"breadcrumb\":{\"@id\":\"https:\/\/spieltz.de\/verlag\/shop\/spieldauer\/30-45-minuten\/piraten-brettspiel-goldraub\/#breadcrumb\"},\"inLanguage\":\"de\",\"potentialAction\":[{\"@type\":\"ReadAction\",\"target\":[\"https:\/\/spieltz.de\/verlag\/shop\/spieldauer\/30-45-minuten\/piraten-brettspiel-goldraub\/\"]}]},{\"@type\":\"ImageObject\",\"inLanguage\":\"de\",\"@id\":\"https:\/\/spieltz.de\/verlag\/shop\/spieldauer\/30-45-minuten\/piraten-brettspiel-goldraub\/#primaryimage\",\"url\":\"https:\/\/spieltz.de\/verlag\/wp-content\/uploads\/2015\/09\/Piraten-Brettspiel-Goldraub-Spielfeld-FINAL-scaled.jpg\",\"contentUrl\":\"https:\/\/spieltz.de\/verlag\/wp-content\/uploads\/2015\/09\/Piraten-Brettspiel-Goldraub-Spielfeld-FINAL-scaled.jpg\",\"width\":2560,\"height\":2553,\"caption\":\"Piraten Brettspiel Goldraub\"},{\"@type\":\"BreadcrumbList\",\"@id\":\"https:\/\/spieltz.de\/verlag\/shop\/spieldauer\/30-45-minuten\/piraten-brettspiel-goldraub\/#breadcrumb\",\"itemListElement\":[{\"@type\":\"ListItem\",\"position\":1,\"name\":\"Home\",\"item\":\"https:\/\/spieltz.de\/verlag\/\"},{\"@type\":\"ListItem\",\"position\":2,\"name\":\"Spieltz Verlag\",\"item\":\"https:\/\/spieltz.de\/verlag\/\"},{\"@type\":\"ListItem\",\"position\":3,\"name\":\"Goldraub &#8211; das Piraten Brettspiel\"}]},{\"@type\":\"WebSite\",\"@id\":\"https:\/\/spieltz.de\/verlag\/#website\",\"url\":\"https:\/\/spieltz.de\/verlag\/\",\"name\":\"Spieltz Verlag\",\"description\":\"Die Spielemacher. Verlagsprogramm.\",\"potentialAction\":[{\"@type\":\"SearchAction\",\"target\":{\"@type\":\"EntryPoint\",\"urlTemplate\":\"https:\/\/spieltz.de\/verlag\/?s={search_term_string}\"},\"query-input\":\"required name=search_term_string\"}],\"inLanguage\":\"de\"}]}<\/script>\n<!-- \/ Yoast SEO plugin. -->","yoast_head_json":{"title":"Goldraub - das Piraten Brettspiel - Spieltz Verlag","description":"Im Piraten Brettspiel Goldraub landen mehrere Piratenschiffe auf einer Insel. Jede Mannschaft versucht, ihre Beute schnellstm\u00f6glich in Sicherheit zu bringen","robots":{"index":"index","follow":"follow","max-snippet":"max-snippet:-1","max-image-preview":"max-image-preview:large","max-video-preview":"max-video-preview:-1"},"canonical":"https:\/\/spieltz.de\/verlag\/shop\/spieldauer\/30-45-minuten\/piraten-brettspiel-goldraub\/","og_locale":"de_DE","og_type":"article","og_title":"Goldraub - das Piraten Brettspiel - Spieltz Verlag","og_description":"Im Piraten Brettspiel Goldraub landen mehrere Piratenschiffe auf einer Insel. Jede Mannschaft versucht, ihre Beute schnellstm\u00f6glich in Sicherheit zu bringen","og_url":"https:\/\/spieltz.de\/verlag\/shop\/spieldauer\/30-45-minuten\/piraten-brettspiel-goldraub\/","og_site_name":"Spieltz Verlag","article_modified_time":"2017-03-23T22:31:11+00:00","og_image":[{"width":1024,"height":1021,"url":"https:\/\/spieltz.de\/verlag\/wp-content\/uploads\/2015\/09\/Piraten-Brettspiel-Goldraub-Spielfeld-FINAL-1024x1021.jpg","type":"image\/jpeg"}],"twitter_card":"summary_large_image","twitter_misc":{"Gesch\u00e4tzte Lesezeit":"1\u00a0Minute"},"schema":{"@context":"https:\/\/schema.org","@graph":[{"@type":"WebPage","@id":"https:\/\/spieltz.de\/verlag\/shop\/spieldauer\/30-45-minuten\/piraten-brettspiel-goldraub\/","url":"https:\/\/spieltz.de\/verlag\/shop\/spieldauer\/30-45-minuten\/piraten-brettspiel-goldraub\/","name":"Goldraub - das Piraten Brettspiel - Spieltz Verlag","isPartOf":{"@id":"https:\/\/spieltz.de\/verlag\/#website"},"primaryImageOfPage":{"@id":"https:\/\/spieltz.de\/verlag\/shop\/spieldauer\/30-45-minuten\/piraten-brettspiel-goldraub\/#primaryimage"},"image":{"@id":"https:\/\/spieltz.de\/verlag\/shop\/spieldauer\/30-45-minuten\/piraten-brettspiel-goldraub\/#primaryimage"},"thumbnailUrl":"https:\/\/spieltz.de\/verlag\/wp-content\/uploads\/2015\/09\/Piraten-Brettspiel-Goldraub-Spielfeld-FINAL-scaled.jpg","datePublished":"2015-09-12T17:13:58+00:00","dateModified":"2017-03-23T22:31:11+00:00","description":"Im Piraten Brettspiel Goldraub landen mehrere Piratenschiffe auf einer Insel. Jede Mannschaft versucht, ihre Beute schnellstm\u00f6glich in Sicherheit zu bringen","breadcrumb":{"@id":"https:\/\/spieltz.de\/verlag\/shop\/spieldauer\/30-45-minuten\/piraten-brettspiel-goldraub\/#breadcrumb"},"inLanguage":"de","potentialAction":[{"@type":"ReadAction","target":["https:\/\/spieltz.de\/verlag\/shop\/spieldauer\/30-45-minuten\/piraten-brettspiel-goldraub\/"]}]},{"@type":"ImageObject","inLanguage":"de","@id":"https:\/\/spieltz.de\/verlag\/shop\/spieldauer\/30-45-minuten\/piraten-brettspiel-goldraub\/#primaryimage","url":"https:\/\/spieltz.de\/verlag\/wp-content\/uploads\/2015\/09\/Piraten-Brettspiel-Goldraub-Spielfeld-FINAL-scaled.jpg","contentUrl":"https:\/\/spieltz.de\/verlag\/wp-content\/uploads\/2015\/09\/Piraten-Brettspiel-Goldraub-Spielfeld-FINAL-scaled.jpg","width":2560,"height":2553,"caption":"Piraten Brettspiel Goldraub"},{"@type":"BreadcrumbList","@id":"https:\/\/spieltz.de\/verlag\/shop\/spieldauer\/30-45-minuten\/piraten-brettspiel-goldraub\/#breadcrumb","itemListElement":[{"@type":"ListItem","position":1,"name":"Home","item":"https:\/\/spieltz.de\/verlag\/"},{"@type":"ListItem","position":2,"name":"Spieltz Verlag","item":"https:\/\/spieltz.de\/verlag\/"},{"@type":"ListItem","position":3,"name":"Goldraub &#8211; das Piraten Brettspiel"}]},{"@type":"WebSite","@id":"https:\/\/spieltz.de\/verlag\/#website","url":"https:\/\/spieltz.de\/verlag\/","name":"Spieltz Verlag","description":"Die Spielemacher. Verlagsprogramm.","potentialAction":[{"@type":"SearchAction","target":{"@type":"EntryPoint","urlTemplate":"https:\/\/spieltz.de\/verlag\/?s={search_term_string}"},"query-input":"required name=search_term_string"}],"inLanguage":"de"}]}},"_links":{"self":[{"href":"https:\/\/spieltz.de\/verlag\/wp-json\/wp\/v2\/product\/161"}],"collection":[{"href":"https:\/\/spieltz.de\/verlag\/wp-json\/wp\/v2\/product"}],"about":[{"href":"https:\/\/spieltz.de\/verlag\/wp-json\/wp\/v2\/types\/product"}],"replies":[{"embeddable":true,"href":"https:\/\/spieltz.de\/verlag\/wp-json\/wp\/v2\/comments?post=161"}],"wp:featuredmedia":[{"embeddable":true,"href":"https:\/\/spieltz.de\/verlag\/wp-json\/wp\/v2\/media\/1088"}],"wp:attachment":[{"href":"https:\/\/spieltz.de\/verlag\/wp-json\/wp\/v2\/media?parent=161"}],"wp:term":[{"taxonomy":"product_cat","embeddable":true,"href":"https:\/\/spieltz.de\/verlag\/wp-json\/wp\/v2\/product_cat?post=161"},{"taxonomy":"product_tag","embeddable":true,"href":"https:\/\/spieltz.de\/verlag\/wp-json\/wp\/v2\/product_tag?post=161"}],"curies":[{"name":"wp","href":"https:\/\/api.w.org\/{rel}","templated":true}]}}