{"id":125,"date":"2015-09-02T13:09:35","date_gmt":"2015-09-02T11:09:35","guid":{"rendered":"http:\/\/spieltz.de\/verlag\/shop\/preiskategorie-g\/klabauterschnack\/"},"modified":"2017-03-29T03:27:59","modified_gmt":"2017-03-29T01:27:59","slug":"klabauterschnack-erzaehl-kartenspiel","status":"publish","type":"product","link":"https:\/\/spieltz.de\/verlag\/shop\/spiele-kategorie\/erzaehl-spiele\/klabauterschnack-erzaehl-kartenspiel\/","title":{"rendered":"Klabauterschnack &#8211; das Erz\u00e4hl-Kartenspiel"},"content":{"rendered":"<ul>\n<li>Art des Spiels: Familienspiel, Erz\u00e4hl-Kartenspiel, Erz\u00e4hl-Spiel, Geschichten erz\u00e4hlen<\/li>\n<li>Ausf\u00fchrung:\u00a0Spielkarten, verpackt in Baumwoll-Beutel<\/li>\n<li>Spielthema:\u00a0Piraten<\/li>\n<li>Anzahl Spieler: 2\u00a0\u2013 10\u00a0Spieler<\/li>\n<li>Empfohlenes Spielalter: ab 4\u00a0Jahren<\/li>\n<li>Spieldauer: etwa 20 Minuten<\/li>\n<\/ul>\n<h3>Das Spiel<\/h3>\n<p>Gemeinsam soll eine Geschichte erz\u00e4hlt werden. 35 liebevoll illustrierte Karten mit Motiven aus der Welt der Piraten geben den Rahmen vor. Je nach Alter der Kinder gibt es verschiedene M\u00f6glichkeiten f\u00fcr den Spielablauf. Wer haucht der Handlung Leben ein, wer sorgt f\u00fcr unerwartete Wendungen?<\/p>\n<p>Spielentwicklung + Design: Krischan Meder.<\/p>\n<h3>Spielmaterial<\/h3>\n<ul>\n<li>35 Spielkarten mit Motiven aus der Piratenwelt<\/li>\n<li>5 Blankokarten f\u00fcr eigene Motive<\/li>\n<li>Spielanleitung auf Deutsch<\/li>\n<li>Verpackung:\u00a0bedruckter Leinenbeutel<\/li>\n<\/ul>\n<h3>Erz\u00e4hl-Kartenspiel &#8222;Klabauterschnack&#8220;\u00a0kaufen<\/h3>\n<h4>Kunden<\/h4>\n<p>Unser Erz\u00e4hl-Kartenspiel <em>Klabauterschnack<\/em> ist im Internet erh\u00e4ltlich <a href=\"https:\/\/www.amazon.de\/Spieltz-Klabauterschnack\/dp\/B019ERLQLQ\">bei Amazon\u00a0<\/a>und in unseren Shops bei <a href=\"http:\/\/spieltz.rakuten-shop.de\/\">Rakuten.de<\/a>, und\u00a0<a href=\"https:\/\/www.hitmeister.de\/shops\/spieltz\/\">Hitmeister,<\/a>\u00a0sowie in ausgew\u00e4hlten L\u00e4den.<\/p>\n<h4>H\u00e4ndler<\/h4>\n<p>Bitte kontaktieren Sie uns f\u00fcr eine <a href=\"mailto:info@spieltz.de\">H\u00e4ndlerpreisliste.<\/a><\/p>\n<h4>Firmenkunden<\/h4>\n<p>Wie alle Spieltz-Spiele ist unser Erz\u00e4hl-Kartenspiel <em>Klabauterschnack\u00a0<\/em>auch als Werbespiel mit Ihrem eigenen Branding \/ in Ihren Unternehmensfarben erh\u00e4ltlich. Bitte besuchen Sie unseren <a href=\"http:\/\/spieltz.de\/werbespiele\/\">Werbespiele Shop<\/a>.<\/p>\n<ul>\n<li><a href=\"http:\/\/spieltz.de\/werbespiele\/shop\/ausfuehrung\/preiskategorie-g\/klabauterschnack-kartenspiel\/\">Klabauterschnack\u00a0mit Branding<\/a><\/li>\n<\/ul>\n","protected":false},"excerpt":{"rendered":"<p>Gemeinsam soll eine Geschichte erz\u00e4hlt werden. 35 liebevoll illustrierte Karten mit Motiven aus der Welt der Piraten geben den Rahmen vor.<\/p>\n<p>Kartenspiel mit 35 Spielkarten mit Motiven aus der Piratenwelt und 5 Blankokarten f\u00fcr eigene Motive.<\/p>\n","protected":false},"featured_media":603,"comment_status":"open","ping_status":"closed","template":"","meta":{"_monsterinsights_skip_tracking":false,"_monsterinsights_sitenote_active":false,"_monsterinsights_sitenote_note":"","_monsterinsights_sitenote_category":0,"_themeisle_gutenberg_block_has_review":false},"product_cat":[112,119,118,120,113],"product_tag":[121,122,62,54],"yoast_head":"<!-- This site is optimized with the Yoast SEO plugin v22.5 - https:\/\/yoast.com\/wordpress\/plugins\/seo\/ -->\n<title>Klabauterschnack - das Erz\u00e4hl-Kartenspiel - Spieltz Verlag<\/title>\n<meta name=\"description\" content=\"Unser Erz\u00e4hl-Kartenspiel Klabauterschnack regt dazu an, gemeinsam Piraten-Geschichten zu erfinden und zu erz\u00e4hlen: 35 Karten mit Piraten-Motiven.\" \/>\n<meta name=\"robots\" content=\"index, follow, max-snippet:-1, max-image-preview:large, max-video-preview:-1\" \/>\n<link rel=\"canonical\" href=\"https:\/\/spieltz.de\/verlag\/shop\/spiele-kategorie\/erzaehl-spiele\/klabauterschnack-erzaehl-kartenspiel\/\" \/>\n<meta property=\"og:locale\" content=\"de_DE\" \/>\n<meta property=\"og:type\" content=\"article\" \/>\n<meta property=\"og:title\" content=\"Klabauterschnack - das Erz\u00e4hl-Kartenspiel - Spieltz Verlag\" \/>\n<meta property=\"og:description\" content=\"Unser Erz\u00e4hl-Kartenspiel Klabauterschnack regt dazu an, gemeinsam Piraten-Geschichten zu erfinden und zu erz\u00e4hlen: 35 Karten mit Piraten-Motiven.\" \/>\n<meta property=\"og:url\" content=\"https:\/\/spieltz.de\/verlag\/shop\/spiele-kategorie\/erzaehl-spiele\/klabauterschnack-erzaehl-kartenspiel\/\" \/>\n<meta property=\"og:site_name\" content=\"Spieltz Verlag\" \/>\n<meta property=\"article:modified_time\" content=\"2017-03-29T01:27:59+00:00\" \/>\n<meta property=\"og:image\" content=\"https:\/\/spieltz.de\/verlag\/wp-content\/uploads\/2015\/09\/Klabauterschnack_Kartenspiel_mit_Buttons.jpg\" \/>\n\t<meta property=\"og:image:width\" content=\"1000\" \/>\n\t<meta property=\"og:image:height\" content=\"1000\" \/>\n\t<meta property=\"og:image:type\" content=\"image\/jpeg\" \/>\n<meta name=\"twitter:card\" content=\"summary_large_image\" \/>\n<meta name=\"twitter:label1\" content=\"Gesch\u00e4tzte Lesezeit\" \/>\n\t<meta name=\"twitter:data1\" content=\"1\u00a0Minute\" \/>\n<script type=\"application\/ld+json\" class=\"yoast-schema-graph\">{\"@context\":\"https:\/\/schema.org\",\"@graph\":[{\"@type\":\"WebPage\",\"@id\":\"https:\/\/spieltz.de\/verlag\/shop\/spiele-kategorie\/erzaehl-spiele\/klabauterschnack-erzaehl-kartenspiel\/\",\"url\":\"https:\/\/spieltz.de\/verlag\/shop\/spiele-kategorie\/erzaehl-spiele\/klabauterschnack-erzaehl-kartenspiel\/\",\"name\":\"Klabauterschnack - das Erz\u00e4hl-Kartenspiel - Spieltz Verlag\",\"isPartOf\":{\"@id\":\"https:\/\/spieltz.de\/verlag\/#website\"},\"primaryImageOfPage\":{\"@id\":\"https:\/\/spieltz.de\/verlag\/shop\/spiele-kategorie\/erzaehl-spiele\/klabauterschnack-erzaehl-kartenspiel\/#primaryimage\"},\"image\":{\"@id\":\"https:\/\/spieltz.de\/verlag\/shop\/spiele-kategorie\/erzaehl-spiele\/klabauterschnack-erzaehl-kartenspiel\/#primaryimage\"},\"thumbnailUrl\":\"https:\/\/spieltz.de\/verlag\/wp-content\/uploads\/2015\/09\/Klabauterschnack_Kartenspiel_mit_Buttons.jpg\",\"datePublished\":\"2015-09-02T11:09:35+00:00\",\"dateModified\":\"2017-03-29T01:27:59+00:00\",\"description\":\"Unser Erz\u00e4hl-Kartenspiel Klabauterschnack regt dazu an, gemeinsam Piraten-Geschichten zu erfinden und zu erz\u00e4hlen: 35 Karten mit Piraten-Motiven.\",\"breadcrumb\":{\"@id\":\"https:\/\/spieltz.de\/verlag\/shop\/spiele-kategorie\/erzaehl-spiele\/klabauterschnack-erzaehl-kartenspiel\/#breadcrumb\"},\"inLanguage\":\"de\",\"potentialAction\":[{\"@type\":\"ReadAction\",\"target\":[\"https:\/\/spieltz.de\/verlag\/shop\/spiele-kategorie\/erzaehl-spiele\/klabauterschnack-erzaehl-kartenspiel\/\"]}]},{\"@type\":\"ImageObject\",\"inLanguage\":\"de\",\"@id\":\"https:\/\/spieltz.de\/verlag\/shop\/spiele-kategorie\/erzaehl-spiele\/klabauterschnack-erzaehl-kartenspiel\/#primaryimage\",\"url\":\"https:\/\/spieltz.de\/verlag\/wp-content\/uploads\/2015\/09\/Klabauterschnack_Kartenspiel_mit_Buttons.jpg\",\"contentUrl\":\"https:\/\/spieltz.de\/verlag\/wp-content\/uploads\/2015\/09\/Klabauterschnack_Kartenspiel_mit_Buttons.jpg\",\"width\":1000,\"height\":1000,\"caption\":\"Erz\u00e4hl-Kartenspiel\"},{\"@type\":\"BreadcrumbList\",\"@id\":\"https:\/\/spieltz.de\/verlag\/shop\/spiele-kategorie\/erzaehl-spiele\/klabauterschnack-erzaehl-kartenspiel\/#breadcrumb\",\"itemListElement\":[{\"@type\":\"ListItem\",\"position\":1,\"name\":\"Home\",\"item\":\"https:\/\/spieltz.de\/verlag\/\"},{\"@type\":\"ListItem\",\"position\":2,\"name\":\"Spieltz Verlag\",\"item\":\"https:\/\/spieltz.de\/verlag\/\"},{\"@type\":\"ListItem\",\"position\":3,\"name\":\"Klabauterschnack &#8211; das Erz\u00e4hl-Kartenspiel\"}]},{\"@type\":\"WebSite\",\"@id\":\"https:\/\/spieltz.de\/verlag\/#website\",\"url\":\"https:\/\/spieltz.de\/verlag\/\",\"name\":\"Spieltz Verlag\",\"description\":\"Die Spielemacher. Verlagsprogramm.\",\"potentialAction\":[{\"@type\":\"SearchAction\",\"target\":{\"@type\":\"EntryPoint\",\"urlTemplate\":\"https:\/\/spieltz.de\/verlag\/?s={search_term_string}\"},\"query-input\":\"required name=search_term_string\"}],\"inLanguage\":\"de\"}]}<\/script>\n<!-- \/ Yoast SEO plugin. -->","yoast_head_json":{"title":"Klabauterschnack - das Erz\u00e4hl-Kartenspiel - Spieltz Verlag","description":"Unser Erz\u00e4hl-Kartenspiel Klabauterschnack regt dazu an, gemeinsam Piraten-Geschichten zu erfinden und zu erz\u00e4hlen: 35 Karten mit Piraten-Motiven.","robots":{"index":"index","follow":"follow","max-snippet":"max-snippet:-1","max-image-preview":"max-image-preview:large","max-video-preview":"max-video-preview:-1"},"canonical":"https:\/\/spieltz.de\/verlag\/shop\/spiele-kategorie\/erzaehl-spiele\/klabauterschnack-erzaehl-kartenspiel\/","og_locale":"de_DE","og_type":"article","og_title":"Klabauterschnack - das Erz\u00e4hl-Kartenspiel - Spieltz Verlag","og_description":"Unser Erz\u00e4hl-Kartenspiel Klabauterschnack regt dazu an, gemeinsam Piraten-Geschichten zu erfinden und zu erz\u00e4hlen: 35 Karten mit Piraten-Motiven.","og_url":"https:\/\/spieltz.de\/verlag\/shop\/spiele-kategorie\/erzaehl-spiele\/klabauterschnack-erzaehl-kartenspiel\/","og_site_name":"Spieltz Verlag","article_modified_time":"2017-03-29T01:27:59+00:00","og_image":[{"width":1000,"height":1000,"url":"https:\/\/spieltz.de\/verlag\/wp-content\/uploads\/2015\/09\/Klabauterschnack_Kartenspiel_mit_Buttons.jpg","type":"image\/jpeg"}],"twitter_card":"summary_large_image","twitter_misc":{"Gesch\u00e4tzte Lesezeit":"1\u00a0Minute"},"schema":{"@context":"https:\/\/schema.org","@graph":[{"@type":"WebPage","@id":"https:\/\/spieltz.de\/verlag\/shop\/spiele-kategorie\/erzaehl-spiele\/klabauterschnack-erzaehl-kartenspiel\/","url":"https:\/\/spieltz.de\/verlag\/shop\/spiele-kategorie\/erzaehl-spiele\/klabauterschnack-erzaehl-kartenspiel\/","name":"Klabauterschnack - das Erz\u00e4hl-Kartenspiel - Spieltz Verlag","isPartOf":{"@id":"https:\/\/spieltz.de\/verlag\/#website"},"primaryImageOfPage":{"@id":"https:\/\/spieltz.de\/verlag\/shop\/spiele-kategorie\/erzaehl-spiele\/klabauterschnack-erzaehl-kartenspiel\/#primaryimage"},"image":{"@id":"https:\/\/spieltz.de\/verlag\/shop\/spiele-kategorie\/erzaehl-spiele\/klabauterschnack-erzaehl-kartenspiel\/#primaryimage"},"thumbnailUrl":"https:\/\/spieltz.de\/verlag\/wp-content\/uploads\/2015\/09\/Klabauterschnack_Kartenspiel_mit_Buttons.jpg","datePublished":"2015-09-02T11:09:35+00:00","dateModified":"2017-03-29T01:27:59+00:00","description":"Unser Erz\u00e4hl-Kartenspiel Klabauterschnack regt dazu an, gemeinsam Piraten-Geschichten zu erfinden und zu erz\u00e4hlen: 35 Karten mit Piraten-Motiven.","breadcrumb":{"@id":"https:\/\/spieltz.de\/verlag\/shop\/spiele-kategorie\/erzaehl-spiele\/klabauterschnack-erzaehl-kartenspiel\/#breadcrumb"},"inLanguage":"de","potentialAction":[{"@type":"ReadAction","target":["https:\/\/spieltz.de\/verlag\/shop\/spiele-kategorie\/erzaehl-spiele\/klabauterschnack-erzaehl-kartenspiel\/"]}]},{"@type":"ImageObject","inLanguage":"de","@id":"https:\/\/spieltz.de\/verlag\/shop\/spiele-kategorie\/erzaehl-spiele\/klabauterschnack-erzaehl-kartenspiel\/#primaryimage","url":"https:\/\/spieltz.de\/verlag\/wp-content\/uploads\/2015\/09\/Klabauterschnack_Kartenspiel_mit_Buttons.jpg","contentUrl":"https:\/\/spieltz.de\/verlag\/wp-content\/uploads\/2015\/09\/Klabauterschnack_Kartenspiel_mit_Buttons.jpg","width":1000,"height":1000,"caption":"Erz\u00e4hl-Kartenspiel"},{"@type":"BreadcrumbList","@id":"https:\/\/spieltz.de\/verlag\/shop\/spiele-kategorie\/erzaehl-spiele\/klabauterschnack-erzaehl-kartenspiel\/#breadcrumb","itemListElement":[{"@type":"ListItem","position":1,"name":"Home","item":"https:\/\/spieltz.de\/verlag\/"},{"@type":"ListItem","position":2,"name":"Spieltz Verlag","item":"https:\/\/spieltz.de\/verlag\/"},{"@type":"ListItem","position":3,"name":"Klabauterschnack &#8211; das Erz\u00e4hl-Kartenspiel"}]},{"@type":"WebSite","@id":"https:\/\/spieltz.de\/verlag\/#website","url":"https:\/\/spieltz.de\/verlag\/","name":"Spieltz Verlag","description":"Die Spielemacher. Verlagsprogramm.","potentialAction":[{"@type":"SearchAction","target":{"@type":"EntryPoint","urlTemplate":"https:\/\/spieltz.de\/verlag\/?s={search_term_string}"},"query-input":"required name=search_term_string"}],"inLanguage":"de"}]}},"_links":{"self":[{"href":"https:\/\/spieltz.de\/verlag\/wp-json\/wp\/v2\/product\/125"}],"collection":[{"href":"https:\/\/spieltz.de\/verlag\/wp-json\/wp\/v2\/product"}],"about":[{"href":"https:\/\/spieltz.de\/verlag\/wp-json\/wp\/v2\/types\/product"}],"replies":[{"embeddable":true,"href":"https:\/\/spieltz.de\/verlag\/wp-json\/wp\/v2\/comments?post=125"}],"wp:featuredmedia":[{"embeddable":true,"href":"https:\/\/spieltz.de\/verlag\/wp-json\/wp\/v2\/media\/603"}],"wp:attachment":[{"href":"https:\/\/spieltz.de\/verlag\/wp-json\/wp\/v2\/media?parent=125"}],"wp:term":[{"taxonomy":"product_cat","embeddable":true,"href":"https:\/\/spieltz.de\/verlag\/wp-json\/wp\/v2\/product_cat?post=125"},{"taxonomy":"product_tag","embeddable":true,"href":"https:\/\/spieltz.de\/verlag\/wp-json\/wp\/v2\/product_tag?post=125"}],"curies":[{"name":"wp","href":"https:\/\/api.w.org\/{rel}","templated":true}]}}