{"id":1226,"date":"2017-12-10T03:51:37","date_gmt":"2017-12-10T02:51:37","guid":{"rendered":"http:\/\/spieltz.de\/verlag\/shop\/alter\/ab-6-jahren\/peter-pan-brettspiel-nimmerland-eismaerchen\/"},"modified":"2018-03-16T00:37:28","modified_gmt":"2018-03-15T23:37:28","slug":"peter-pan-brettspiel-nimmerland-eismaerchen","status":"publish","type":"product","link":"https:\/\/spieltz.de\/verlag\/shop\/spiele-kategorie\/familienspiele\/peter-pan-brettspiel-nimmerland-eismaerchen\/","title":{"rendered":"NIMMERLAND &#8211; das Peter Pan Brettspiel"},"content":{"rendered":"<ul>\n<li>Art des Spiels: Brettspiel, Familienspiel, Gesellschaftsspiel<\/li>\n<li>Ausf\u00fchrung: Spielplan auf LKW-Plane \u2013 rollbar und robust, verpackt in eine\u00a0durchsichtige PVC-Rolle<\/li>\n<li>Spielthema:\u00a0Peter Pan Spiel<\/li>\n<li>Anzahl Spieler: 2 \u2013\u00a06 Spieler<\/li>\n<li>Empfohlenes Spielalter: ab\u00a06 Jahren<\/li>\n<li>Spieldauer: 30 \u2013 45 Minuten<\/li>\n<li>Spielplan Gr\u00f6\u00dfe 40&#215;40 cm<\/li>\n<li>Besonderheit: Das Peter Pan Spiel \u201eMit Peter Pan auf Nimmerland\u201c haben wir eigens f\u00fcr das\u00a0<a class=\"profileLink\" href=\"https:\/\/www.facebook.com\/Eismaerchen\/?fref=mentions\" data-hovercard=\"\/ajax\/hovercard\/page.php?id=163148610411504&amp;extragetparams=%7B%22fref%22%3A%22mentions%22%7D\" data-hovercard-prefer-more-content-show=\"1\">Eism\u00e4rchen Berlin<\/a>\u00a0entwickelt.<\/li>\n<\/ul>\n<p>Spielidee: Karin Janner<br \/>\nDesign und Illustrationen: <a href=\"http:\/\/spieltz.de\/verlag\/produkt-kategorie\/design-dorina-tessmann\/\">Dorina Tessmann<\/a><\/p>\n<h3>Mit Peter Pan auf Nimmerland<\/h3>\n<p>Ihr\u00a0seid zu Besuch\u00a0auf der Insel Nimmerland und erlebt aufregende Abenteuer. Irgendwann wollt ihr aber wieder nach Hause \u2013 ihr habt Heimweh. Wie kommt ihr wieder weg?<br \/>\nEs gibt einen Trick: Die Inselbewohner sind immer auf der Suche nach Sch\u00e4tzen und nu\u0308tzlichen Gegenst\u00e4nden, wie z.B. Goldmu\u0308nzen, Edelsteinen oder bunten Federn. Sucht euch einen Inselbewohner eures Vertrauens und fragt ihn, ob er sich auf einen Handel mit euch einl\u00e4sst: Ihr bringt ihm drei Sch\u00e4tze seiner Wahl und er bringt euch dafu\u0308r nach Hause. Der Erste, der seinem Inselbewohner die drei gewu\u0308nschten Sch\u00e4tze abliefert ist Gewinner des Spiels und wird nach Hause gebracht.<\/p>\n<h3>Peter Pan Spiel \u2013 das Spiel zum Eism\u00e4rchen Berlin<\/h3>\n<p>Das Spiel haben wir eigens f\u00fcr das\u00a0<a class=\"profileLink\" href=\"https:\/\/www.facebook.com\/events\/295083057657915\/?acontext=%7B%22source%22%3A3%2C%22source_newsfeed_story_type%22%3A%22regular%22%2C%22action_history%22%3A%22%5B%7B%5C%22surface%5C%22%3A%5C%22newsfeed%5C%22%2C%5C%22mechanism%5C%22%3A%5C%22feed_story%5C%22%2C%5C%22extra_data%5C%22%3A%5B%5D%7D%5D%22%2C%22has_source%22%3Atrue%7D&amp;source=3&amp;source_newsfeed_story_type=regular&amp;action_history=%5B%7B%22surface%22%3A%22newsfeed%22%2C%22mechanism%22%3A%22feed_story%22%2C%22extra_data%22%3A%5B%5D%7D%5D&amp;has_source=1&amp;fref=mentions\" data-hovercard=\"\/ajax\/hovercard\/event.php?id=295083057657915&amp;extragetparams=%7B%22source%22%3A3%2C%22source_newsfeed_story_type%22%3A%22regular%22%2C%22action_history%22%3A%22%5B%7B%5C%22surface%5C%22%3A%5C%22newsfeed%5C%22%2C%5C%22mechanism%5C%22%3A%5C%22feed_story%5C%22%2C%5C%22extra_data%5C%22%3A%5B%5D%7D%5D%22%2C%22has_source%22%3Atrue%2C%22fref%22%3A%22mentions%22%7D\" data-hovercard-prefer-more-content-show=\"1\">Eism\u00e4rchen 2017<\/a>\u00a0entwickelt. Design und Illustrationen kommen von\u00a0<a href=\"http:\/\/dorina-tessmann.de\/\">Dorina Tessmann<\/a>,\u00a0die auch beim\u00a0<span class=\"_5afx\"><span class=\"_58cm\">Eism\u00e4rchen<\/span><\/span>\u00a0mitgewirkt hat (B\u00fchnenbild, Kost\u00fcme, Plakate und Flyer). Wer in der Auff\u00fchrung war wird die Inselbewohner (Peter Pan, Wendy, Tiger Lily, das Krokodil und K\u00e4ptn Hook) auf den Spielkarten wiedererkennen &#8211; die Illustratorin hatte nat\u00fcrlich die Schauspieler und ihre Kost\u00fcme im Kopf beim Illustrieren der Karten\u00a0<span class=\"_47e3 _5mfr\" title=\"\u201esmile\u201c-Emoticon\"><img loading=\"lazy\" decoding=\"async\" class=\"img\" src=\"https:\/\/www.facebook.com\/images\/emoji.php\/v9\/f4c\/1\/16\/1f642.png\" alt=\"\" width=\"16\" height=\"16\" \/><\/span><\/p>\n<h3>Spielmaterial<\/h3>\n<ul>\n<li>Spielplan aus LKW-Plane, Gr\u00f6\u00dfe 40\u00d740 cm<\/li>\n<li>6 Charakter-Karten (Inselbewohner)<\/li>\n<li>6 Spielfiguren1 Wu\u0308rfel<\/li>\n<li>25 kleine Holzpl\u00e4ttchen + Sticker (Sch\u00e4tze)<\/li>\n<li>Anleitung auf Deutsch und Englisch<\/li>\n<li>Verpackung: PVC-Schraubrolle, durchsichtig,\u00a0mit\u00a0Banderole.<\/li>\n<\/ul>\n<h3>Verf\u00fcgbare Gr\u00f6\u00dfen<\/h3>\n<ul>\n<li>Spielplan Gr\u00f6\u00dfe 40&#215;40 cm, Verpackung: Rolle L\u00e4nge 44\u00a0cm, Durchmesser 6,5 cm<\/li>\n<\/ul>\n<h3>Peter Pan Brettspiel kaufen<\/h3>\n<h4>Kunden<\/h4>\n<p>Unser Peter Pan Brettspiel ist im Internet erh\u00e4ltlich <a href=\"https:\/\/www.amazon.de\/Mit-Peter-Pan-Nimmerland-Familien-Brettspiel\/dp\/B079G9PMPJ\/\">bei Amazon\u00a0<\/a>und in unseren Shops bei <a href=\"http:\/\/spieltz.rakuten-shop.de\/\">Rakuten.de<\/a>, <a href=\"https:\/\/www.hitmeister.de\/shops\/spieltz\/\">Hitmeister<\/a> und <a href=\"https:\/\/de.allyouneed.com\/de\/~spieltz\">Allyouneed<\/a>, sowie in ausgew\u00e4hlten L\u00e4den. Falls noch nicht verf\u00fcgbar: Bitte kontaktieren Sie uns per Mail: <a href=\"mailto:info@spieltz.de\">info@spieltz.de<\/a><\/p>\n<h4>H\u00e4ndler<\/h4>\n<p>Bitte kontaktieren Sie uns f\u00fcr eine <a href=\"mailto:info@spieltz.de\">H\u00e4ndlerpreisliste.<\/a><\/p>\n<h4>Firmenkunden<\/h4>\n<p>Firmenkunden k\u00f6nnen das Peter Pan Spiel &#8222;Mit Peter Pan auf Nimmerland&#8220; mit eigenem Branding erhalten. Bitte Preise \/ Staffelpreise\u00a0<a href=\"mailto:info@spieltz.de\">per Mail <\/a>erfragen.<\/p>\n<p><a href=\"http:\/\/spieltz.de\/verlag\/wp-content\/uploads\/2017\/12\/peter-pan-spiel.jpg\"><img loading=\"lazy\" decoding=\"async\" class=\"alignnone size-large wp-image-1237\" src=\"http:\/\/spieltz.de\/verlag\/wp-content\/uploads\/2017\/12\/peter-pan-spiel-1024x768.jpg\" alt=\"peter pan spiel\" width=\"745\" height=\"559\" srcset=\"https:\/\/spieltz.de\/verlag\/wp-content\/uploads\/2017\/12\/peter-pan-spiel-1024x768.jpg 1024w, https:\/\/spieltz.de\/verlag\/wp-content\/uploads\/2017\/12\/peter-pan-spiel-600x450.jpg 600w, https:\/\/spieltz.de\/verlag\/wp-content\/uploads\/2017\/12\/peter-pan-spiel-300x225.jpg 300w, https:\/\/spieltz.de\/verlag\/wp-content\/uploads\/2017\/12\/peter-pan-spiel-768x576.jpg 768w, https:\/\/spieltz.de\/verlag\/wp-content\/uploads\/2017\/12\/peter-pan-spiel-745x559.jpg 745w, https:\/\/spieltz.de\/verlag\/wp-content\/uploads\/2017\/12\/peter-pan-spiel.jpg 2048w\" sizes=\"(max-width: 745px) 100vw, 745px\" \/><\/a><\/p>\n<p><a href=\"http:\/\/spieltz.de\/verlag\/wp-content\/uploads\/2017\/12\/mit-peter-pan-auf-nimmerland-spiel-karten.jpg\"><img loading=\"lazy\" decoding=\"async\" class=\"alignnone size-large wp-image-1236\" src=\"http:\/\/spieltz.de\/verlag\/wp-content\/uploads\/2017\/12\/mit-peter-pan-auf-nimmerland-spiel-karten-1024x1024.jpg\" alt=\"Peter Pan Spiel - die Karten\" width=\"745\" height=\"745\" srcset=\"https:\/\/spieltz.de\/verlag\/wp-content\/uploads\/2017\/12\/mit-peter-pan-auf-nimmerland-spiel-karten-1024x1024.jpg 1024w, https:\/\/spieltz.de\/verlag\/wp-content\/uploads\/2017\/12\/mit-peter-pan-auf-nimmerland-spiel-karten-300x300.jpg 300w, https:\/\/spieltz.de\/verlag\/wp-content\/uploads\/2017\/12\/mit-peter-pan-auf-nimmerland-spiel-karten-100x100.jpg 100w, https:\/\/spieltz.de\/verlag\/wp-content\/uploads\/2017\/12\/mit-peter-pan-auf-nimmerland-spiel-karten-600x600.jpg 600w, https:\/\/spieltz.de\/verlag\/wp-content\/uploads\/2017\/12\/mit-peter-pan-auf-nimmerland-spiel-karten-150x150.jpg 150w, https:\/\/spieltz.de\/verlag\/wp-content\/uploads\/2017\/12\/mit-peter-pan-auf-nimmerland-spiel-karten-768x768.jpg 768w, https:\/\/spieltz.de\/verlag\/wp-content\/uploads\/2017\/12\/mit-peter-pan-auf-nimmerland-spiel-karten-180x180.jpg 180w, https:\/\/spieltz.de\/verlag\/wp-content\/uploads\/2017\/12\/mit-peter-pan-auf-nimmerland-spiel-karten-745x745.jpg 745w\" sizes=\"(max-width: 745px) 100vw, 745px\" \/><\/a><\/p>\n<p>Tags:\u00a0peter pan spiel, peter pan brettspiel, peter pan spielzeug,<\/p>\n","protected":false},"excerpt":{"rendered":"<p>Im\u00a0Spiel geht es darum, bestimmte Sch\u00e4tze aufzutreiben, die die Inselbewohner(Peter Pan, Wendy, Tiger Lily,\u00a0<span class=\"text_exposed_show\">das Krokodil und K\u00e4ptn Hook).<\/span><\/p>\n<p>F\u00fcr 2 \u2013 6 Spieler ab 6 Jahren, Spieldauer 30-45 Minuten.<\/p>\n<p>Der Spielplan ist auf rollbare Plane gedruckt, der zusammen mit Spielfiguren und Zubeh\u00f6r in eine Rolle verpackt ist.<\/p>\n<p><span style=\"text-decoration: underline;\">Gr\u00f6\u00dfe<\/span><br \/>\nSpielplan\u00a040&#215;40 cm, Verpackung: Schraubrolle, L\u00e4nge 44 cm, Durchmesser 6,5 cm.<\/p>\n","protected":false},"featured_media":1232,"comment_status":"open","ping_status":"closed","template":"","meta":{"_monsterinsights_skip_tracking":false,"_monsterinsights_sitenote_active":false,"_monsterinsights_sitenote_note":"","_monsterinsights_sitenote_category":0,"_themeisle_gutenberg_block_has_review":false},"product_cat":[109,110,81,251,129,242,113],"product_tag":[230,68,245,62,246],"yoast_head":"<!-- This site is optimized with the Yoast SEO plugin v22.5 - https:\/\/yoast.com\/wordpress\/plugins\/seo\/ -->\n<title>NIMMERLAND - das Peter Pan Brettspiel - Spieltz Verlag<\/title>\n<meta name=\"description\" content=\"Peter Pan Spiel: Mit Peter Pan auf NIMMERLAND, das Peter Pan Brettspiel f\u00fcr 2-6 Spieler ab 6 Jahren. Trefft Wendy, Captain Hook, Tiger Lily + das Krokodil!\" \/>\n<meta name=\"robots\" content=\"index, follow, max-snippet:-1, max-image-preview:large, max-video-preview:-1\" \/>\n<link rel=\"canonical\" href=\"https:\/\/spieltz.de\/verlag\/shop\/spiele-kategorie\/familienspiele\/peter-pan-brettspiel-nimmerland-eismaerchen\/\" \/>\n<meta property=\"og:locale\" content=\"de_DE\" \/>\n<meta property=\"og:type\" content=\"article\" \/>\n<meta property=\"og:title\" content=\"NIMMERLAND - das Peter Pan Brettspiel - Spieltz Verlag\" \/>\n<meta property=\"og:description\" content=\"Peter Pan Spiel: Mit Peter Pan auf NIMMERLAND, das Peter Pan Brettspiel f\u00fcr 2-6 Spieler ab 6 Jahren. Trefft Wendy, Captain Hook, Tiger Lily + das Krokodil!\" \/>\n<meta property=\"og:url\" content=\"https:\/\/spieltz.de\/verlag\/shop\/spiele-kategorie\/familienspiele\/peter-pan-brettspiel-nimmerland-eismaerchen\/\" \/>\n<meta property=\"og:site_name\" content=\"Spieltz Verlag\" \/>\n<meta property=\"article:modified_time\" content=\"2018-03-15T23:37:28+00:00\" \/>\n<meta property=\"og:image\" content=\"https:\/\/spieltz.de\/verlag\/wp-content\/uploads\/2017\/12\/Spielplan_Peter_Pan_Nimmerland_WEB_RGB.jpg\" \/>\n\t<meta property=\"og:image:width\" content=\"1000\" \/>\n\t<meta property=\"og:image:height\" content=\"1000\" \/>\n\t<meta property=\"og:image:type\" content=\"image\/jpeg\" \/>\n<meta name=\"twitter:card\" content=\"summary_large_image\" \/>\n<meta name=\"twitter:label1\" content=\"Gesch\u00e4tzte Lesezeit\" \/>\n\t<meta name=\"twitter:data1\" content=\"2\u00a0Minuten\" \/>\n<script type=\"application\/ld+json\" class=\"yoast-schema-graph\">{\"@context\":\"https:\/\/schema.org\",\"@graph\":[{\"@type\":\"WebPage\",\"@id\":\"https:\/\/spieltz.de\/verlag\/shop\/spiele-kategorie\/familienspiele\/peter-pan-brettspiel-nimmerland-eismaerchen\/\",\"url\":\"https:\/\/spieltz.de\/verlag\/shop\/spiele-kategorie\/familienspiele\/peter-pan-brettspiel-nimmerland-eismaerchen\/\",\"name\":\"NIMMERLAND - das Peter Pan Brettspiel - Spieltz Verlag\",\"isPartOf\":{\"@id\":\"https:\/\/spieltz.de\/verlag\/#website\"},\"primaryImageOfPage\":{\"@id\":\"https:\/\/spieltz.de\/verlag\/shop\/spiele-kategorie\/familienspiele\/peter-pan-brettspiel-nimmerland-eismaerchen\/#primaryimage\"},\"image\":{\"@id\":\"https:\/\/spieltz.de\/verlag\/shop\/spiele-kategorie\/familienspiele\/peter-pan-brettspiel-nimmerland-eismaerchen\/#primaryimage\"},\"thumbnailUrl\":\"https:\/\/spieltz.de\/verlag\/wp-content\/uploads\/2017\/12\/Spielplan_Peter_Pan_Nimmerland_WEB_RGB.jpg\",\"datePublished\":\"2017-12-10T02:51:37+00:00\",\"dateModified\":\"2018-03-15T23:37:28+00:00\",\"description\":\"Peter Pan Spiel: Mit Peter Pan auf NIMMERLAND, das Peter Pan Brettspiel f\u00fcr 2-6 Spieler ab 6 Jahren. Trefft Wendy, Captain Hook, Tiger Lily + das Krokodil!\",\"breadcrumb\":{\"@id\":\"https:\/\/spieltz.de\/verlag\/shop\/spiele-kategorie\/familienspiele\/peter-pan-brettspiel-nimmerland-eismaerchen\/#breadcrumb\"},\"inLanguage\":\"de\",\"potentialAction\":[{\"@type\":\"ReadAction\",\"target\":[\"https:\/\/spieltz.de\/verlag\/shop\/spiele-kategorie\/familienspiele\/peter-pan-brettspiel-nimmerland-eismaerchen\/\"]}]},{\"@type\":\"ImageObject\",\"inLanguage\":\"de\",\"@id\":\"https:\/\/spieltz.de\/verlag\/shop\/spiele-kategorie\/familienspiele\/peter-pan-brettspiel-nimmerland-eismaerchen\/#primaryimage\",\"url\":\"https:\/\/spieltz.de\/verlag\/wp-content\/uploads\/2017\/12\/Spielplan_Peter_Pan_Nimmerland_WEB_RGB.jpg\",\"contentUrl\":\"https:\/\/spieltz.de\/verlag\/wp-content\/uploads\/2017\/12\/Spielplan_Peter_Pan_Nimmerland_WEB_RGB.jpg\",\"width\":1000,\"height\":1000,\"caption\":\"Peter Pan Brettspiel\"},{\"@type\":\"BreadcrumbList\",\"@id\":\"https:\/\/spieltz.de\/verlag\/shop\/spiele-kategorie\/familienspiele\/peter-pan-brettspiel-nimmerland-eismaerchen\/#breadcrumb\",\"itemListElement\":[{\"@type\":\"ListItem\",\"position\":1,\"name\":\"Home\",\"item\":\"https:\/\/spieltz.de\/verlag\/\"},{\"@type\":\"ListItem\",\"position\":2,\"name\":\"Spieltz Verlag\",\"item\":\"https:\/\/spieltz.de\/verlag\/\"},{\"@type\":\"ListItem\",\"position\":3,\"name\":\"NIMMERLAND &#8211; das Peter Pan Brettspiel\"}]},{\"@type\":\"WebSite\",\"@id\":\"https:\/\/spieltz.de\/verlag\/#website\",\"url\":\"https:\/\/spieltz.de\/verlag\/\",\"name\":\"Spieltz Verlag\",\"description\":\"Die Spielemacher. Verlagsprogramm.\",\"potentialAction\":[{\"@type\":\"SearchAction\",\"target\":{\"@type\":\"EntryPoint\",\"urlTemplate\":\"https:\/\/spieltz.de\/verlag\/?s={search_term_string}\"},\"query-input\":\"required name=search_term_string\"}],\"inLanguage\":\"de\"}]}<\/script>\n<!-- \/ Yoast SEO plugin. -->","yoast_head_json":{"title":"NIMMERLAND - das Peter Pan Brettspiel - Spieltz Verlag","description":"Peter Pan Spiel: Mit Peter Pan auf NIMMERLAND, das Peter Pan Brettspiel f\u00fcr 2-6 Spieler ab 6 Jahren. Trefft Wendy, Captain Hook, Tiger Lily + das Krokodil!","robots":{"index":"index","follow":"follow","max-snippet":"max-snippet:-1","max-image-preview":"max-image-preview:large","max-video-preview":"max-video-preview:-1"},"canonical":"https:\/\/spieltz.de\/verlag\/shop\/spiele-kategorie\/familienspiele\/peter-pan-brettspiel-nimmerland-eismaerchen\/","og_locale":"de_DE","og_type":"article","og_title":"NIMMERLAND - das Peter Pan Brettspiel - Spieltz Verlag","og_description":"Peter Pan Spiel: Mit Peter Pan auf NIMMERLAND, das Peter Pan Brettspiel f\u00fcr 2-6 Spieler ab 6 Jahren. Trefft Wendy, Captain Hook, Tiger Lily + das Krokodil!","og_url":"https:\/\/spieltz.de\/verlag\/shop\/spiele-kategorie\/familienspiele\/peter-pan-brettspiel-nimmerland-eismaerchen\/","og_site_name":"Spieltz Verlag","article_modified_time":"2018-03-15T23:37:28+00:00","og_image":[{"width":1000,"height":1000,"url":"https:\/\/spieltz.de\/verlag\/wp-content\/uploads\/2017\/12\/Spielplan_Peter_Pan_Nimmerland_WEB_RGB.jpg","type":"image\/jpeg"}],"twitter_card":"summary_large_image","twitter_misc":{"Gesch\u00e4tzte Lesezeit":"2\u00a0Minuten"},"schema":{"@context":"https:\/\/schema.org","@graph":[{"@type":"WebPage","@id":"https:\/\/spieltz.de\/verlag\/shop\/spiele-kategorie\/familienspiele\/peter-pan-brettspiel-nimmerland-eismaerchen\/","url":"https:\/\/spieltz.de\/verlag\/shop\/spiele-kategorie\/familienspiele\/peter-pan-brettspiel-nimmerland-eismaerchen\/","name":"NIMMERLAND - das Peter Pan Brettspiel - Spieltz Verlag","isPartOf":{"@id":"https:\/\/spieltz.de\/verlag\/#website"},"primaryImageOfPage":{"@id":"https:\/\/spieltz.de\/verlag\/shop\/spiele-kategorie\/familienspiele\/peter-pan-brettspiel-nimmerland-eismaerchen\/#primaryimage"},"image":{"@id":"https:\/\/spieltz.de\/verlag\/shop\/spiele-kategorie\/familienspiele\/peter-pan-brettspiel-nimmerland-eismaerchen\/#primaryimage"},"thumbnailUrl":"https:\/\/spieltz.de\/verlag\/wp-content\/uploads\/2017\/12\/Spielplan_Peter_Pan_Nimmerland_WEB_RGB.jpg","datePublished":"2017-12-10T02:51:37+00:00","dateModified":"2018-03-15T23:37:28+00:00","description":"Peter Pan Spiel: Mit Peter Pan auf NIMMERLAND, das Peter Pan Brettspiel f\u00fcr 2-6 Spieler ab 6 Jahren. Trefft Wendy, Captain Hook, Tiger Lily + das Krokodil!","breadcrumb":{"@id":"https:\/\/spieltz.de\/verlag\/shop\/spiele-kategorie\/familienspiele\/peter-pan-brettspiel-nimmerland-eismaerchen\/#breadcrumb"},"inLanguage":"de","potentialAction":[{"@type":"ReadAction","target":["https:\/\/spieltz.de\/verlag\/shop\/spiele-kategorie\/familienspiele\/peter-pan-brettspiel-nimmerland-eismaerchen\/"]}]},{"@type":"ImageObject","inLanguage":"de","@id":"https:\/\/spieltz.de\/verlag\/shop\/spiele-kategorie\/familienspiele\/peter-pan-brettspiel-nimmerland-eismaerchen\/#primaryimage","url":"https:\/\/spieltz.de\/verlag\/wp-content\/uploads\/2017\/12\/Spielplan_Peter_Pan_Nimmerland_WEB_RGB.jpg","contentUrl":"https:\/\/spieltz.de\/verlag\/wp-content\/uploads\/2017\/12\/Spielplan_Peter_Pan_Nimmerland_WEB_RGB.jpg","width":1000,"height":1000,"caption":"Peter Pan Brettspiel"},{"@type":"BreadcrumbList","@id":"https:\/\/spieltz.de\/verlag\/shop\/spiele-kategorie\/familienspiele\/peter-pan-brettspiel-nimmerland-eismaerchen\/#breadcrumb","itemListElement":[{"@type":"ListItem","position":1,"name":"Home","item":"https:\/\/spieltz.de\/verlag\/"},{"@type":"ListItem","position":2,"name":"Spieltz Verlag","item":"https:\/\/spieltz.de\/verlag\/"},{"@type":"ListItem","position":3,"name":"NIMMERLAND &#8211; das Peter Pan Brettspiel"}]},{"@type":"WebSite","@id":"https:\/\/spieltz.de\/verlag\/#website","url":"https:\/\/spieltz.de\/verlag\/","name":"Spieltz Verlag","description":"Die Spielemacher. Verlagsprogramm.","potentialAction":[{"@type":"SearchAction","target":{"@type":"EntryPoint","urlTemplate":"https:\/\/spieltz.de\/verlag\/?s={search_term_string}"},"query-input":"required name=search_term_string"}],"inLanguage":"de"}]}},"_links":{"self":[{"href":"https:\/\/spieltz.de\/verlag\/wp-json\/wp\/v2\/product\/1226"}],"collection":[{"href":"https:\/\/spieltz.de\/verlag\/wp-json\/wp\/v2\/product"}],"about":[{"href":"https:\/\/spieltz.de\/verlag\/wp-json\/wp\/v2\/types\/product"}],"replies":[{"embeddable":true,"href":"https:\/\/spieltz.de\/verlag\/wp-json\/wp\/v2\/comments?post=1226"}],"wp:featuredmedia":[{"embeddable":true,"href":"https:\/\/spieltz.de\/verlag\/wp-json\/wp\/v2\/media\/1232"}],"wp:attachment":[{"href":"https:\/\/spieltz.de\/verlag\/wp-json\/wp\/v2\/media?parent=1226"}],"wp:term":[{"taxonomy":"product_cat","embeddable":true,"href":"https:\/\/spieltz.de\/verlag\/wp-json\/wp\/v2\/product_cat?post=1226"},{"taxonomy":"product_tag","embeddable":true,"href":"https:\/\/spieltz.de\/verlag\/wp-json\/wp\/v2\/product_tag?post=1226"}],"curies":[{"name":"wp","href":"https:\/\/api.w.org\/{rel}","templated":true}]}}