{"id":727,"date":"2015-11-05T01:36:39","date_gmt":"2015-11-05T00:36:39","guid":{"rendered":"http:\/\/spieltz.de\/verlag\/?page_id=727"},"modified":"2015-11-11T22:53:11","modified_gmt":"2015-11-11T21:53:11","slug":"spieltz-team","status":"publish","type":"page","link":"https:\/\/spieltz.de\/verlag\/ueber-uns\/spieltz-team\/","title":{"rendered":"Spieltz Team"},"content":{"rendered":"<p><strong>Das Spieltz Team<\/strong><\/p>\n<ul>\n<li>Karin Janner:\u00a0Gesch\u00e4ftsf\u00fchrung, Marketing, Spielentwicklung + Projektmanagement, Beratung<\/li>\n<li>Constance Hartmann: Produktion + Logistik<\/li>\n<li>Stefanie Lehmann: Einkauf + Materialrecherche<\/li>\n<li>Nina Bauer: Auftragskalkulation<\/li>\n<li>Melanie Roth: Kundenservice<\/li>\n<li>Julia Schmidt: Marketingassistenz, Social Media<\/li>\n<li>Stefanie Ine Grewe: Grafik<\/li>\n<li>Susanne Gierds: Text, Lektorat, \u00dcbersetzungen<\/li>\n<li>Katja Volk: Redaktion<\/li>\n<li>Uwe Janner: Software, Shop, Web<\/li>\n<\/ul>\n<p><strong>Spieltz\u00a0Grafiker und Illustratoren<\/strong><\/p>\n<ul>\n<li>Ilya Borisov<\/li>\n<li>Ludwig Brandt<\/li>\n<li>Daria F\u00fcrst<\/li>\n<li>Kirstin Eggers<\/li>\n<li>Juliane Heider<\/li>\n<li>Steffen Kawelke<\/li>\n<li>Julia K\u00f6rtge<\/li>\n<li>Anna Levinson<\/li>\n<li>Friedemann Lichtenthal<\/li>\n<li>Amy van Luijk<\/li>\n<li>Krischan Meder<\/li>\n<li>Juliane Mertens-Eckhardt<\/li>\n<li>Gerhard Moser<\/li>\n<li>Kirsten Piepenbring<\/li>\n<li>Nicole Pustelny<\/li>\n<li>Phaedra Richter<\/li>\n<li>Nadine Simoner<\/li>\n<li>Folko Streese<\/li>\n<li>Dorina Tessmann<\/li>\n<li>Sanna Wandtke<\/li>\n<li>Isabel Zurowetz<\/li>\n<\/ul>\n<p><strong>Mehr \u00fcber uns&#8230;<\/strong><\/p>\n<p><strong>Karin Janner<\/strong><\/p>\n<p>ist Gr\u00fcnderin und Gesch\u00e4ftsf\u00fchrerin von Spieltz. Studiert hat sie\u00a0Pharmazie (an der Universit\u00e4t Wien) und Kultur- und Medienmanagement (an der HfMT Hamburg) \u2013 eine ungew\u00f6hnliche Mischung. Urspr\u00fcnglich stammt sie aus Wien, seit 2002 lebt sie in Berlin. Sie ber\u00e4t Unternehmen und Institutionen zu Management-Themen, Marketing und Kommunikation und ist f\u00fcr mehrere Hochschulen als Dozentin f\u00fcr Kommunikation und Social Media t\u00e4tig. 2010 gr\u00fcndete sie Spieltz \u2013 hier kann sie ihre Leidenschaften verbinden: Entrepreneurship, Konzepte, Marketing\/Kommunikation, Spiele und Kultur! Mit Spielen kann man Inhalte (Wissen, Kultur) vermitteln, Unternehmen und Produkte positionieren, Kampagnen spielerisch aufwerten \u2013 und das zu nahezu jedem Thema.<\/p>\n<p><strong>Stefanie Lehmann<\/strong><\/p>\n<p>kommt urspr\u00fcnglich aus Berlin, hat lange Zeit in \u00d6sterreich gelebt und ist 2011 wieder zur\u00fcck nach Berlin gezogen. Sie hat BWL (Betriebswirtschaftslehre) an der Wirtschaftsuniversit\u00e4t in Wien studiert und danach in verschiedenen Unternehmen im Einkauf gearbeitet. Bei Spieltz ist sie f\u00fcr Einkauf und Lieferantenmanagement zust\u00e4ndig. Privat ist sie gro\u00dfer Spielefan, sie spielt mit der Familie, Freunden und Nachbarn und organisiert Spieleabende.<\/p>\n<p><strong>Julia Schmidt<\/strong><\/p>\n<p>ist geb\u00fcrtige Berlinerin, in Kreuzberg und Sch\u00f6neberg aufgewachsen und hat an der FU Berlin Publizistik, Kommunikationswissenschaften und Geschichte studiert. Nach ihrem Abschluss wollte sie ihre Ausbildung noch um einen zus\u00e4tzlichen Bereich erweitern, weshalb sie zur Zeit den Master E-Education an der FernUni Hagen absolviert.\u00a0Brettspiele spielt sie f\u00fcr ihr Leben gerne. Ihre Spielesammlung umfasst weit mehr als 100 Spiele, sie w\u00e4chst stetig an. Wenn sie nicht gerade spielt, liebt sie es, Kreativprojekte zu verwirklichen, sei es mit Nadel und Faden oder Schere und Klebstoff. Auf\u00a0<a href=\"http:\/\/funkelfaden.de\/\" target=\"_blank\">ihrem Kreativ-Blog<\/a>\u00a0\u201eFunkelfaden\u201c\u00a0k\u00f6nnt ihr dar\u00fcber mehr erfahren.<br \/>\nDas Spieltz Team unterst\u00fctzt sie mit Recherche- und (Online-)Marketing-Aufgaben sowie auf Veranstaltungen.<\/p>\n<p>&nbsp;<\/p>\n<p>&nbsp;<\/p>\n","protected":false},"excerpt":{"rendered":"<p>Das Spieltz Team Karin Janner:\u00a0Gesch\u00e4ftsf\u00fchrung, Marketing, Spielentwicklung + Projektmanagement, Beratung Constance Hartmann: Produktion + Logistik Stefanie Lehmann: Einkauf + Materialrecherche Nina Bauer: Auftragskalkulation Melanie Roth: Kundenservice Julia Schmidt: Marketingassistenz, Social Media Stefanie Ine Grewe: Grafik Susanne Gierds: Text, Lektorat, \u00dcbersetzungen Katja Volk: Redaktion Uwe Janner: Software, Shop, Web Spieltz\u00a0Grafiker und Illustratoren Ilya Borisov Ludwig Brandt [&hellip;]<\/p>\n","protected":false},"author":4,"featured_media":0,"parent":264,"menu_order":0,"comment_status":"closed","ping_status":"closed","template":"","meta":{"_monsterinsights_skip_tracking":false,"_monsterinsights_sitenote_active":false,"_monsterinsights_sitenote_note":"","_monsterinsights_sitenote_category":0,"_themeisle_gutenberg_block_has_review":false,"footnotes":""},"yoast_head":"<!-- This site is optimized with the Yoast SEO plugin v22.5 - https:\/\/yoast.com\/wordpress\/plugins\/seo\/ -->\n<title>Spieltz Team - Spieltz Verlag<\/title>\n<meta name=\"robots\" content=\"index, follow, max-snippet:-1, max-image-preview:large, max-video-preview:-1\" \/>\n<link rel=\"canonical\" href=\"https:\/\/spieltz.de\/verlag\/ueber-uns\/spieltz-team\/\" \/>\n<meta property=\"og:locale\" content=\"de_DE\" \/>\n<meta property=\"og:type\" content=\"article\" \/>\n<meta property=\"og:title\" content=\"Spieltz Team - Spieltz Verlag\" \/>\n<meta property=\"og:description\" content=\"Das Spieltz Team Karin Janner:\u00a0Gesch\u00e4ftsf\u00fchrung, Marketing, Spielentwicklung + Projektmanagement, Beratung Constance Hartmann: Produktion + Logistik Stefanie Lehmann: Einkauf + Materialrecherche Nina Bauer: Auftragskalkulation Melanie Roth: Kundenservice Julia Schmidt: Marketingassistenz, Social Media Stefanie Ine Grewe: Grafik Susanne Gierds: Text, Lektorat, \u00dcbersetzungen Katja Volk: Redaktion Uwe Janner: Software, Shop, Web Spieltz\u00a0Grafiker und Illustratoren Ilya Borisov Ludwig Brandt [&hellip;]\" \/>\n<meta property=\"og:url\" content=\"https:\/\/spieltz.de\/verlag\/ueber-uns\/spieltz-team\/\" \/>\n<meta property=\"og:site_name\" content=\"Spieltz Verlag\" \/>\n<meta property=\"article:modified_time\" content=\"2015-11-11T21:53:11+00:00\" \/>\n<meta name=\"twitter:card\" content=\"summary_large_image\" \/>\n<meta name=\"twitter:label1\" content=\"Gesch\u00e4tzte Lesezeit\" \/>\n\t<meta name=\"twitter:data1\" content=\"2\u00a0Minuten\" \/>\n<script type=\"application\/ld+json\" class=\"yoast-schema-graph\">{\"@context\":\"https:\/\/schema.org\",\"@graph\":[{\"@type\":\"WebPage\",\"@id\":\"https:\/\/spieltz.de\/verlag\/ueber-uns\/spieltz-team\/\",\"url\":\"https:\/\/spieltz.de\/verlag\/ueber-uns\/spieltz-team\/\",\"name\":\"Spieltz Team - Spieltz Verlag\",\"isPartOf\":{\"@id\":\"https:\/\/spieltz.de\/verlag\/#website\"},\"datePublished\":\"2015-11-05T00:36:39+00:00\",\"dateModified\":\"2015-11-11T21:53:11+00:00\",\"breadcrumb\":{\"@id\":\"https:\/\/spieltz.de\/verlag\/ueber-uns\/spieltz-team\/#breadcrumb\"},\"inLanguage\":\"de\",\"potentialAction\":[{\"@type\":\"ReadAction\",\"target\":[\"https:\/\/spieltz.de\/verlag\/ueber-uns\/spieltz-team\/\"]}]},{\"@type\":\"BreadcrumbList\",\"@id\":\"https:\/\/spieltz.de\/verlag\/ueber-uns\/spieltz-team\/#breadcrumb\",\"itemListElement\":[{\"@type\":\"ListItem\",\"position\":1,\"name\":\"Home\",\"item\":\"https:\/\/spieltz.de\/verlag\/\"},{\"@type\":\"ListItem\",\"position\":2,\"name\":\"\u00dcber uns\",\"item\":\"https:\/\/spieltz.de\/verlag\/ueber-uns\/\"},{\"@type\":\"ListItem\",\"position\":3,\"name\":\"Spieltz Team\"}]},{\"@type\":\"WebSite\",\"@id\":\"https:\/\/spieltz.de\/verlag\/#website\",\"url\":\"https:\/\/spieltz.de\/verlag\/\",\"name\":\"Spieltz Verlag\",\"description\":\"Die Spielemacher. Verlagsprogramm.\",\"potentialAction\":[{\"@type\":\"SearchAction\",\"target\":{\"@type\":\"EntryPoint\",\"urlTemplate\":\"https:\/\/spieltz.de\/verlag\/?s={search_term_string}\"},\"query-input\":\"required name=search_term_string\"}],\"inLanguage\":\"de\"}]}<\/script>\n<!-- \/ Yoast SEO plugin. -->","yoast_head_json":{"title":"Spieltz Team - Spieltz Verlag","robots":{"index":"index","follow":"follow","max-snippet":"max-snippet:-1","max-image-preview":"max-image-preview:large","max-video-preview":"max-video-preview:-1"},"canonical":"https:\/\/spieltz.de\/verlag\/ueber-uns\/spieltz-team\/","og_locale":"de_DE","og_type":"article","og_title":"Spieltz Team - Spieltz Verlag","og_description":"Das Spieltz Team Karin Janner:\u00a0Gesch\u00e4ftsf\u00fchrung, Marketing, Spielentwicklung + Projektmanagement, Beratung Constance Hartmann: Produktion + Logistik Stefanie Lehmann: Einkauf + Materialrecherche Nina Bauer: Auftragskalkulation Melanie Roth: Kundenservice Julia Schmidt: Marketingassistenz, Social Media Stefanie Ine Grewe: Grafik Susanne Gierds: Text, Lektorat, \u00dcbersetzungen Katja Volk: Redaktion Uwe Janner: Software, Shop, Web Spieltz\u00a0Grafiker und Illustratoren Ilya Borisov Ludwig Brandt [&hellip;]","og_url":"https:\/\/spieltz.de\/verlag\/ueber-uns\/spieltz-team\/","og_site_name":"Spieltz Verlag","article_modified_time":"2015-11-11T21:53:11+00:00","twitter_card":"summary_large_image","twitter_misc":{"Gesch\u00e4tzte Lesezeit":"2\u00a0Minuten"},"schema":{"@context":"https:\/\/schema.org","@graph":[{"@type":"WebPage","@id":"https:\/\/spieltz.de\/verlag\/ueber-uns\/spieltz-team\/","url":"https:\/\/spieltz.de\/verlag\/ueber-uns\/spieltz-team\/","name":"Spieltz Team - Spieltz Verlag","isPartOf":{"@id":"https:\/\/spieltz.de\/verlag\/#website"},"datePublished":"2015-11-05T00:36:39+00:00","dateModified":"2015-11-11T21:53:11+00:00","breadcrumb":{"@id":"https:\/\/spieltz.de\/verlag\/ueber-uns\/spieltz-team\/#breadcrumb"},"inLanguage":"de","potentialAction":[{"@type":"ReadAction","target":["https:\/\/spieltz.de\/verlag\/ueber-uns\/spieltz-team\/"]}]},{"@type":"BreadcrumbList","@id":"https:\/\/spieltz.de\/verlag\/ueber-uns\/spieltz-team\/#breadcrumb","itemListElement":[{"@type":"ListItem","position":1,"name":"Home","item":"https:\/\/spieltz.de\/verlag\/"},{"@type":"ListItem","position":2,"name":"\u00dcber uns","item":"https:\/\/spieltz.de\/verlag\/ueber-uns\/"},{"@type":"ListItem","position":3,"name":"Spieltz Team"}]},{"@type":"WebSite","@id":"https:\/\/spieltz.de\/verlag\/#website","url":"https:\/\/spieltz.de\/verlag\/","name":"Spieltz Verlag","description":"Die Spielemacher. Verlagsprogramm.","potentialAction":[{"@type":"SearchAction","target":{"@type":"EntryPoint","urlTemplate":"https:\/\/spieltz.de\/verlag\/?s={search_term_string}"},"query-input":"required name=search_term_string"}],"inLanguage":"de"}]}},"_links":{"self":[{"href":"https:\/\/spieltz.de\/verlag\/wp-json\/wp\/v2\/pages\/727"}],"collection":[{"href":"https:\/\/spieltz.de\/verlag\/wp-json\/wp\/v2\/pages"}],"about":[{"href":"https:\/\/spieltz.de\/verlag\/wp-json\/wp\/v2\/types\/page"}],"author":[{"embeddable":true,"href":"https:\/\/spieltz.de\/verlag\/wp-json\/wp\/v2\/users\/4"}],"replies":[{"embeddable":true,"href":"https:\/\/spieltz.de\/verlag\/wp-json\/wp\/v2\/comments?post=727"}],"version-history":[{"count":0,"href":"https:\/\/spieltz.de\/verlag\/wp-json\/wp\/v2\/pages\/727\/revisions"}],"up":[{"embeddable":true,"href":"https:\/\/spieltz.de\/verlag\/wp-json\/wp\/v2\/pages\/264"}],"wp:attachment":[{"href":"https:\/\/spieltz.de\/verlag\/wp-json\/wp\/v2\/media?parent=727"}],"curies":[{"name":"wp","href":"https:\/\/api.w.org\/{rel}","templated":true}]}}