{"id":11,"date":"2015-07-30T08:19:52","date_gmt":"2015-07-30T06:19:52","guid":{"rendered":"http:\/\/spieltz.de\/verlag\/?page_id=11"},"modified":"2016-01-21T01:45:55","modified_gmt":"2016-01-21T00:45:55","slug":"impressum","status":"publish","type":"page","link":"https:\/\/spieltz.de\/verlag\/impressum\/","title":{"rendered":"Impressum"},"content":{"rendered":"<p>zugleich Anbieterkennung<br \/>\nim Sinne von \u00a7\u00a7 5 TMG, 55 RStV<\/p>\n<p>Ideenfeld GmbH<br \/>\nAgentur\/Produktion\/Verlag<br \/>\nGubener Stra\u00dfe 44<br \/>\n10243 Berlin<\/p>\n<p>vertreten durch ihre Gesch\u00e4ftsf\u00fchrerin:<br \/>\nFrau Karin Janner<\/p>\n<p>E-Mail: <a href=\"mailto:info@spieltz.de\" target=\"_blank\">info@spieltz.de<\/a><br \/>\nWebsite: www.spieltz.de\/werbespiele<br \/>\nTelefon: +49 (0)30 &#8211; 39821440<\/p>\n<p>Verantwortlich f\u00fcr den Inhalt gem\u00e4\u00df RStV<br \/>\nFrau Karin Janner<\/p>\n<p>Umsatzsteuer-Identifikationsnummer gem\u00e4\u00df \u00a7 27 a Umsatzsteuergesetz<br \/>\nDE274399241<\/p>\n<p>Eintrag im Handelsregister<br \/>\nAmtsgericht Charlottenburg, HRB 130098 B<\/p>\n<p>Haftung f\u00fcr Links<br \/>\nExterne Links der Internetseite von Ideenfeld GmbH f\u00fchren zu Inhalten fremder Anbieter. F\u00fcr diese Inhalte ist allein der jeweilige Anbieter verantwortlich. Bei bekannt werden von Rechtsverletzungen werden diese Links umgehend entfernt.<\/p>\n<p>Urheberrechtshinweis<br \/>\nDie durch Ideenfeld GmbH erstellten Inhalte und Werke auf dieser Website unterliegen dem deutschen Urheberrecht. Die Vervielf\u00e4ltigung, Bearbeitung, Verbreitung und jede Art der Verwertung au\u00dferhalb der Grenzen des Urheberrechtes bed\u00fcrfen der schriftlichen Zustimmung des jeweiligen Autors bzw. Erstellers. Soweit die Inhalte auf dieser Seite nicht von Ideenfeld GmbH selbst erstellt wurden, werden Urheberrechte Dritter beachtet. Insbesondere werden Inhalte Dritter als solche gekennzeichnet. Sollten Sie trotzdem auf eine Urheberrechtsverletzung aufmerksam werden, wird um einen entsprechenden Hinweis gebeten. Bei Bekanntwerden von Rechtsverletzungen wird Ideenfeld GmbH derartige Inhalte umgehend entfernen.<\/p>\n<p>Bei Kl\u00e4rungsbedarf oder Reklamation\u00a0bitte eine Mail schreiben an:<br \/>\n<a href=\"mailto:karinjanner@spieltz.de\" target=\"_blank\">karinjanner@spieltz.de<\/a><\/p>\n<p>Laut Verordnung (EU) Nr. 524\/2013 muss jeder Online-Shop zur zur Plattform &#8222;Online Dispute Resolution&#8220; \/ kurz: ODR verlinken. Der Link:\u00a0<a href=\"http:\/\/ec.europa.eu\/consumers\/odr\/\" target=\"_blank\" rel=\"nofollow\">http:\/\/ec.europa.eu\/consumers\/odr\/<\/a><\/p>\n<p>&nbsp;<\/p>\n","protected":false},"excerpt":{"rendered":"<p>zugleich Anbieterkennung im Sinne von \u00a7\u00a7 5 TMG, 55 RStV Ideenfeld GmbH Agentur\/Produktion\/Verlag Gubener Stra\u00dfe 44 10243 Berlin vertreten durch ihre Gesch\u00e4ftsf\u00fchrerin: Frau Karin Janner E-Mail: info@spieltz.de Website: www.spieltz.de\/werbespiele Telefon: +49 (0)30 &#8211; 39821440 Verantwortlich f\u00fcr den Inhalt gem\u00e4\u00df RStV Frau Karin Janner Umsatzsteuer-Identifikationsnummer gem\u00e4\u00df \u00a7 27 a Umsatzsteuergesetz DE274399241 Eintrag im Handelsregister Amtsgericht Charlottenburg, [&hellip;]<\/p>\n","protected":false},"author":1,"featured_media":0,"parent":0,"menu_order":0,"comment_status":"closed","ping_status":"open","template":"page-fullwidth.php","meta":{"_monsterinsights_skip_tracking":false,"_monsterinsights_sitenote_active":false,"_monsterinsights_sitenote_note":"","_monsterinsights_sitenote_category":0,"_themeisle_gutenberg_block_has_review":false,"footnotes":""},"yoast_head":"<!-- This site is optimized with the Yoast SEO plugin v22.5 - https:\/\/yoast.com\/wordpress\/plugins\/seo\/ -->\n<title>Impressum - Spieltz Verlag<\/title>\n<meta name=\"robots\" content=\"index, follow, max-snippet:-1, max-image-preview:large, max-video-preview:-1\" \/>\n<link rel=\"canonical\" href=\"https:\/\/spieltz.de\/verlag\/impressum\/\" \/>\n<meta property=\"og:locale\" content=\"de_DE\" \/>\n<meta property=\"og:type\" content=\"article\" \/>\n<meta property=\"og:title\" content=\"Impressum - Spieltz Verlag\" \/>\n<meta property=\"og:description\" content=\"zugleich Anbieterkennung im Sinne von \u00a7\u00a7 5 TMG, 55 RStV Ideenfeld GmbH Agentur\/Produktion\/Verlag Gubener Stra\u00dfe 44 10243 Berlin vertreten durch ihre Gesch\u00e4ftsf\u00fchrerin: Frau Karin Janner E-Mail: info@spieltz.de Website: www.spieltz.de\/werbespiele Telefon: +49 (0)30 &#8211; 39821440 Verantwortlich f\u00fcr den Inhalt gem\u00e4\u00df RStV Frau Karin Janner Umsatzsteuer-Identifikationsnummer gem\u00e4\u00df \u00a7 27 a Umsatzsteuergesetz DE274399241 Eintrag im Handelsregister Amtsgericht Charlottenburg, [&hellip;]\" \/>\n<meta property=\"og:url\" content=\"https:\/\/spieltz.de\/verlag\/impressum\/\" \/>\n<meta property=\"og:site_name\" content=\"Spieltz Verlag\" \/>\n<meta property=\"article:modified_time\" content=\"2016-01-21T00:45:55+00:00\" \/>\n<meta name=\"twitter:card\" content=\"summary_large_image\" \/>\n<meta name=\"twitter:label1\" content=\"Gesch\u00e4tzte Lesezeit\" \/>\n\t<meta name=\"twitter:data1\" content=\"1\u00a0Minute\" \/>\n<script type=\"application\/ld+json\" class=\"yoast-schema-graph\">{\"@context\":\"https:\/\/schema.org\",\"@graph\":[{\"@type\":\"WebPage\",\"@id\":\"https:\/\/spieltz.de\/verlag\/impressum\/\",\"url\":\"https:\/\/spieltz.de\/verlag\/impressum\/\",\"name\":\"Impressum - Spieltz Verlag\",\"isPartOf\":{\"@id\":\"https:\/\/spieltz.de\/verlag\/#website\"},\"datePublished\":\"2015-07-30T06:19:52+00:00\",\"dateModified\":\"2016-01-21T00:45:55+00:00\",\"breadcrumb\":{\"@id\":\"https:\/\/spieltz.de\/verlag\/impressum\/#breadcrumb\"},\"inLanguage\":\"de\",\"potentialAction\":[{\"@type\":\"ReadAction\",\"target\":[\"https:\/\/spieltz.de\/verlag\/impressum\/\"]}]},{\"@type\":\"BreadcrumbList\",\"@id\":\"https:\/\/spieltz.de\/verlag\/impressum\/#breadcrumb\",\"itemListElement\":[{\"@type\":\"ListItem\",\"position\":1,\"name\":\"Home\",\"item\":\"https:\/\/spieltz.de\/verlag\/\"},{\"@type\":\"ListItem\",\"position\":2,\"name\":\"Impressum\"}]},{\"@type\":\"WebSite\",\"@id\":\"https:\/\/spieltz.de\/verlag\/#website\",\"url\":\"https:\/\/spieltz.de\/verlag\/\",\"name\":\"Spieltz Verlag\",\"description\":\"Die Spielemacher. Verlagsprogramm.\",\"potentialAction\":[{\"@type\":\"SearchAction\",\"target\":{\"@type\":\"EntryPoint\",\"urlTemplate\":\"https:\/\/spieltz.de\/verlag\/?s={search_term_string}\"},\"query-input\":\"required name=search_term_string\"}],\"inLanguage\":\"de\"}]}<\/script>\n<!-- \/ Yoast SEO plugin. -->","yoast_head_json":{"title":"Impressum - Spieltz Verlag","robots":{"index":"index","follow":"follow","max-snippet":"max-snippet:-1","max-image-preview":"max-image-preview:large","max-video-preview":"max-video-preview:-1"},"canonical":"https:\/\/spieltz.de\/verlag\/impressum\/","og_locale":"de_DE","og_type":"article","og_title":"Impressum - Spieltz Verlag","og_description":"zugleich Anbieterkennung im Sinne von \u00a7\u00a7 5 TMG, 55 RStV Ideenfeld GmbH Agentur\/Produktion\/Verlag Gubener Stra\u00dfe 44 10243 Berlin vertreten durch ihre Gesch\u00e4ftsf\u00fchrerin: Frau Karin Janner E-Mail: info@spieltz.de Website: www.spieltz.de\/werbespiele Telefon: +49 (0)30 &#8211; 39821440 Verantwortlich f\u00fcr den Inhalt gem\u00e4\u00df RStV Frau Karin Janner Umsatzsteuer-Identifikationsnummer gem\u00e4\u00df \u00a7 27 a Umsatzsteuergesetz DE274399241 Eintrag im Handelsregister Amtsgericht Charlottenburg, [&hellip;]","og_url":"https:\/\/spieltz.de\/verlag\/impressum\/","og_site_name":"Spieltz Verlag","article_modified_time":"2016-01-21T00:45:55+00:00","twitter_card":"summary_large_image","twitter_misc":{"Gesch\u00e4tzte Lesezeit":"1\u00a0Minute"},"schema":{"@context":"https:\/\/schema.org","@graph":[{"@type":"WebPage","@id":"https:\/\/spieltz.de\/verlag\/impressum\/","url":"https:\/\/spieltz.de\/verlag\/impressum\/","name":"Impressum - Spieltz Verlag","isPartOf":{"@id":"https:\/\/spieltz.de\/verlag\/#website"},"datePublished":"2015-07-30T06:19:52+00:00","dateModified":"2016-01-21T00:45:55+00:00","breadcrumb":{"@id":"https:\/\/spieltz.de\/verlag\/impressum\/#breadcrumb"},"inLanguage":"de","potentialAction":[{"@type":"ReadAction","target":["https:\/\/spieltz.de\/verlag\/impressum\/"]}]},{"@type":"BreadcrumbList","@id":"https:\/\/spieltz.de\/verlag\/impressum\/#breadcrumb","itemListElement":[{"@type":"ListItem","position":1,"name":"Home","item":"https:\/\/spieltz.de\/verlag\/"},{"@type":"ListItem","position":2,"name":"Impressum"}]},{"@type":"WebSite","@id":"https:\/\/spieltz.de\/verlag\/#website","url":"https:\/\/spieltz.de\/verlag\/","name":"Spieltz Verlag","description":"Die Spielemacher. Verlagsprogramm.","potentialAction":[{"@type":"SearchAction","target":{"@type":"EntryPoint","urlTemplate":"https:\/\/spieltz.de\/verlag\/?s={search_term_string}"},"query-input":"required name=search_term_string"}],"inLanguage":"de"}]}},"_links":{"self":[{"href":"https:\/\/spieltz.de\/verlag\/wp-json\/wp\/v2\/pages\/11"}],"collection":[{"href":"https:\/\/spieltz.de\/verlag\/wp-json\/wp\/v2\/pages"}],"about":[{"href":"https:\/\/spieltz.de\/verlag\/wp-json\/wp\/v2\/types\/page"}],"author":[{"embeddable":true,"href":"https:\/\/spieltz.de\/verlag\/wp-json\/wp\/v2\/users\/1"}],"replies":[{"embeddable":true,"href":"https:\/\/spieltz.de\/verlag\/wp-json\/wp\/v2\/comments?post=11"}],"version-history":[{"count":0,"href":"https:\/\/spieltz.de\/verlag\/wp-json\/wp\/v2\/pages\/11\/revisions"}],"wp:attachment":[{"href":"https:\/\/spieltz.de\/verlag\/wp-json\/wp\/v2\/media?parent=11"}],"curies":[{"name":"wp","href":"https:\/\/api.w.org\/{rel}","templated":true}]}}