{"id":76,"date":"2023-06-01T02:09:51","date_gmt":"2023-06-01T00:09:51","guid":{"rendered":"https:\/\/spieltz.de\/home\/?page_id=76"},"modified":"2024-12-09T15:01:22","modified_gmt":"2024-12-09T14:01:22","slug":"community","status":"publish","type":"page","link":"https:\/\/spieltz.de\/home\/community\/","title":{"rendered":"Community"},"content":{"rendered":"\n<p class=\"has-text-align-left\">Entwickelst du Spiele und bist auf der Suche nach Gleichgesinnten? Organisierst du Spieletreffs oder schreibst du \u00fcber Spiele in deinem eigenen Blog? Oder spielst du einfach gerne in deiner Freizeit? Dann schlie\u00dfe dich unserer Facebook-Gruppe an und vernetze dich mit anderen Spielebegeisterten!<\/p>\n\n\n\n<p class=\"has-text-align-left\">Unsere Facebook-Gruppe hat schonmehr als 8.000 Mitglieder und bietet eine Plattform f\u00fcr Austausch und Vernetzung von Brettspielfans. Hier werden Diskussionen zu verschiedenen Themen gef\u00fchrt, die Spielebegeisterte interessieren. Von Spielmechaniken und Design \u00fcber Herstellungsprozesse und Spielmaterialien bis hin zum Verfassen und Analysieren von Spielregeln sowie zur Finanzierung eigener Spieleprojekte (z.B. durch Crowdfunding) &#8211; all das und mehr findet hier seinen Platz. Sei dabei!<\/p>\n\n\n\n<div style=\"height:35px\" aria-hidden=\"true\" class=\"wp-block-spacer\"><\/div>\n\n\n\n<div class=\"wp-block-buttons is-content-justification-center is-layout-flex wp-container-core-buttons-is-layout-a89b3969 wp-block-buttons-is-layout-flex\">\n<div class=\"wp-block-button\"><a class=\"wp-block-button__link has-background wp-element-button\" href=\"http:\/\/facebook.com\/groups\/spieltz.brettspielcommunity\" style=\"border-radius:100px;background-color:#117d9b\" target=\"_blank\" rel=\"noreferrer noopener\">Hier geht&#8217;s zur Spieltz Facebook-Gruppe<\/a><\/div>\n<\/div>\n\n\n\n<p class=\"has-text-align-left\"><br><br>&#8222;Spiele aus der Community &#8211; f\u00fcr die Community.&#8220; Das war die Idee hinter unserer 2010 gegr\u00fcndeten Plattform &#8222;(Er-)finde DEIN Spiel&#8220;. Spielentwickler*innen hatten die M\u00f6glichkeit, ihren eigenen Shop zu er\u00f6ffnen und ihre Spiele anzubieten. Bald schon waren \u00fcber 100 Spiele auf der Plattform zu finden! Sobald eine Bestellung einging, wurden die Spiele on demand produziert. So gerne wir dieses Modell weiterf\u00fchren w\u00fcrden &#8211; es ist leider mit einem sehr hohen Aufwand verbunden. In Zukunft wollen wir die Plattform umbauen, seid gespannt!<br>Im Moment kannst du keinen neuen Shop er\u00f6ffnen. Du kannst dich aber durchklicken und bei Interesse an einem Spiel stellen wir gerne den Kontakt zum Spieleautor oder zur Spieleautorin her. Wir k\u00f6nnen auch die Produktion einer Kleinserie realisieren.<\/p>\n\n\n\n<div style=\"height:35px\" aria-hidden=\"true\" class=\"wp-block-spacer\"><\/div>\n\n\n\n<div class=\"wp-block-buttons is-content-justification-center is-layout-flex wp-container-core-buttons-is-layout-a89b3969 wp-block-buttons-is-layout-flex\">\n<div class=\"wp-block-button\"><a class=\"wp-block-button__link has-background wp-element-button\" href=\"http:\/\/www.erfinde-dein-spiel.de\/spiele\/\" style=\"border-radius:100px;background-color:#117d9b\" target=\"_blank\" rel=\"noreferrer noopener\">Hier geht&#8217;s zur Community (er-)finde DEIN Spiel<\/a><\/div>\n<\/div>\n\n\n\n<div style=\"height:80px\" aria-hidden=\"true\" class=\"wp-block-spacer\"><\/div>\n","protected":false},"excerpt":{"rendered":"<p>Entwickelst du Spiele und bist auf der Suche nach Gleichgesinnten? Organisierst du Spieletreffs oder schreibst du \u00fcber Spiele in deinem eigenen Blog? Oder spielst du einfach gerne in deiner Freizeit? Dann schlie\u00dfe dich unserer Facebook-Gruppe an und vernetze dich mit anderen Spielebegeisterten! Unsere Facebook-Gruppe hat schonmehr als 8.000 Mitglieder und bietet eine Plattform f\u00fcr Austausch [&hellip;]<\/p>\n","protected":false},"author":2,"featured_media":322,"parent":0,"menu_order":0,"comment_status":"closed","ping_status":"closed","template":"","meta":{"_themeisle_gutenberg_block_has_review":false,"footnotes":""},"class_list":["post-76","page","type-page","status-publish","has-post-thumbnail","hentry"],"_links":{"self":[{"href":"https:\/\/spieltz.de\/home\/wp-json\/wp\/v2\/pages\/76","targetHints":{"allow":["GET"]}}],"collection":[{"href":"https:\/\/spieltz.de\/home\/wp-json\/wp\/v2\/pages"}],"about":[{"href":"https:\/\/spieltz.de\/home\/wp-json\/wp\/v2\/types\/page"}],"author":[{"embeddable":true,"href":"https:\/\/spieltz.de\/home\/wp-json\/wp\/v2\/users\/2"}],"replies":[{"embeddable":true,"href":"https:\/\/spieltz.de\/home\/wp-json\/wp\/v2\/comments?post=76"}],"version-history":[{"count":17,"href":"https:\/\/spieltz.de\/home\/wp-json\/wp\/v2\/pages\/76\/revisions"}],"predecessor-version":[{"id":354,"href":"https:\/\/spieltz.de\/home\/wp-json\/wp\/v2\/pages\/76\/revisions\/354"}],"wp:featuredmedia":[{"embeddable":true,"href":"https:\/\/spieltz.de\/home\/wp-json\/wp\/v2\/media\/322"}],"wp:attachment":[{"href":"https:\/\/spieltz.de\/home\/wp-json\/wp\/v2\/media?parent=76"}],"curies":[{"name":"wp","href":"https:\/\/api.w.org\/{rel}","templated":true}]}}