{"id":74,"date":"2023-06-01T02:09:26","date_gmt":"2023-06-01T00:09:26","guid":{"rendered":"https:\/\/spieltz.de\/home\/?page_id=74"},"modified":"2024-12-09T15:06:24","modified_gmt":"2024-12-09T14:06:24","slug":"werbespiele","status":"publish","type":"page","link":"https:\/\/spieltz.de\/home\/werbespiele\/","title":{"rendered":"Werbespiele"},"content":{"rendered":"\n<p class=\"has-text-align-left\">In unserem Werbespiele-Katalog finden Sie eine gro\u00dfe Auswahl an anpassbaren Spielen f\u00fcr verschiedene Anl\u00e4sse. Wir bieten Kartenspiele, Brettspiele, Legespiele, rollbare Riesen-Spiele und spielbare Postkarten in verschiedenen Gr\u00f6\u00dfen und Farben an. Wir k\u00f6nnen f\u00fcr Sie Ihr Logo auf das Spiel drucken oder das gesamte Spiel an Ihr Corporate Design anpassen. Dazu geh\u00f6ren auch Spielfiguren in mehr als 30 Farben und die Anpassung des Spiel-Themas an Ihre Bed\u00fcrfnisse. <\/p>\n\n\n\n<p>Neben der kosteneffizienten Anpassung vorhandener Spiele aus unserem Katalog bieten wir auch die Neuentwicklung von ma\u00dfgeschneiderten Spielen an. Kommunizieren Sie Ihre Botschaft auf unterhaltsame Weise und bleiben Sie Ihren Kunden mit einem individuellen Werbespiel in Erinnerung &#8211; Spielrunde f\u00fcr Spielrunde!<\/p>\n\n\n\n<div style=\"height:35px\" aria-hidden=\"true\" class=\"wp-block-spacer\"><\/div>\n\n\n\n<div class=\"wp-block-buttons is-content-justification-center is-layout-flex wp-container-core-buttons-is-layout-a89b3969 wp-block-buttons-is-layout-flex\">\n<div class=\"wp-block-button\"><a class=\"wp-block-button__link has-background wp-element-button\" href=\"https:\/\/spieltz.de\/werbespiele\/\" style=\"border-radius:100px;background-color:#117d9b\" target=\"_blank\" rel=\"noreferrer noopener\">Hier geht&#8217;s zu den Spieltz Werbespielen<\/a><\/div>\n<\/div>\n\n\n\n<div style=\"height:80px\" aria-hidden=\"true\" class=\"wp-block-spacer\"><\/div>\n","protected":false},"excerpt":{"rendered":"<p>In unserem Werbespiele-Katalog finden Sie eine gro\u00dfe Auswahl an anpassbaren Spielen f\u00fcr verschiedene Anl\u00e4sse. Wir bieten Kartenspiele, Brettspiele, Legespiele, rollbare Riesen-Spiele und spielbare Postkarten in verschiedenen Gr\u00f6\u00dfen und Farben an. Wir k\u00f6nnen f\u00fcr Sie Ihr Logo auf das Spiel drucken oder das gesamte Spiel an Ihr Corporate Design anpassen. Dazu geh\u00f6ren auch Spielfiguren in mehr [&hellip;]<\/p>\n","protected":false},"author":2,"featured_media":325,"parent":0,"menu_order":0,"comment_status":"closed","ping_status":"closed","template":"","meta":{"_themeisle_gutenberg_block_has_review":false,"footnotes":""},"class_list":["post-74","page","type-page","status-publish","has-post-thumbnail","hentry"],"_links":{"self":[{"href":"https:\/\/spieltz.de\/home\/wp-json\/wp\/v2\/pages\/74","targetHints":{"allow":["GET"]}}],"collection":[{"href":"https:\/\/spieltz.de\/home\/wp-json\/wp\/v2\/pages"}],"about":[{"href":"https:\/\/spieltz.de\/home\/wp-json\/wp\/v2\/types\/page"}],"author":[{"embeddable":true,"href":"https:\/\/spieltz.de\/home\/wp-json\/wp\/v2\/users\/2"}],"replies":[{"embeddable":true,"href":"https:\/\/spieltz.de\/home\/wp-json\/wp\/v2\/comments?post=74"}],"version-history":[{"count":10,"href":"https:\/\/spieltz.de\/home\/wp-json\/wp\/v2\/pages\/74\/revisions"}],"predecessor-version":[{"id":361,"href":"https:\/\/spieltz.de\/home\/wp-json\/wp\/v2\/pages\/74\/revisions\/361"}],"wp:featuredmedia":[{"embeddable":true,"href":"https:\/\/spieltz.de\/home\/wp-json\/wp\/v2\/media\/325"}],"wp:attachment":[{"href":"https:\/\/spieltz.de\/home\/wp-json\/wp\/v2\/media?parent=74"}],"curies":[{"name":"wp","href":"https:\/\/api.w.org\/{rel}","templated":true}]}}