{"id":72,"date":"2023-06-01T02:09:03","date_gmt":"2023-06-01T00:09:03","guid":{"rendered":"https:\/\/spieltz.de\/home\/?page_id=72"},"modified":"2024-12-09T15:05:36","modified_gmt":"2024-12-09T14:05:36","slug":"shop","status":"publish","type":"page","link":"https:\/\/spieltz.de\/home\/shop\/","title":{"rendered":"Shop"},"content":{"rendered":"\n<p class=\"has-text-align-center\">++ NEU ++<\/p>\n\n\n\n<p class=\"has-text-align-left\">Im Spieltz Onlineshop einkaufen:<\/p>\n\n\n\n<p class=\"has-text-align-left\">Nun k\u00f6nnt ihr auch in unserem eigenen Onlineshop Spiele aus unserem Verlagsprogramm sowie Spielmaterialien (Spielfiguren, W\u00fcrfel und Zubeh\u00f6r) kaufen. Und unser Blanko-Material (Blanko Brett-, Karten- und Memospiele) erm\u00f6glicht es euch, eigene Spieleideen auf professionelle Art und Weise zu gestalten.<\/p>\n\n\n\n<div style=\"height:35px\" aria-hidden=\"true\" class=\"wp-block-spacer\"><\/div>\n\n\n\n<div class=\"wp-block-buttons is-content-justification-center is-layout-flex wp-container-core-buttons-is-layout-a89b3969 wp-block-buttons-is-layout-flex\">\n<div class=\"wp-block-button\"><a class=\"wp-block-button__link has-background wp-element-button\" href=\"https:\/\/spieltz-shop.de\/\" style=\"border-radius:100px;background-color:#117d9b\" target=\"_blank\" rel=\"noreferrer noopener\">Hier geht&#8217;s zum Spieltz Onlineshop<\/a><\/div>\n<\/div>\n\n\n\n<div style=\"height:35px\" aria-hidden=\"true\" class=\"wp-block-spacer\"><\/div>\n\n\n\n<p class=\"has-text-align-center\">Ihr wollt lieber bei Amazon einkaufen?<\/p>\n\n\n\n<div class=\"wp-block-buttons is-content-justification-center is-layout-flex wp-container-core-buttons-is-layout-a89b3969 wp-block-buttons-is-layout-flex\">\n<div class=\"wp-block-button\"><a class=\"wp-block-button__link has-background wp-element-button\" href=\"https:\/\/www.amazon.de\/stores\/Spieltz\/node\/19598361031\" style=\"border-radius:100px;background-color:#117d9b\" target=\"_blank\" rel=\"noreferrer noopener\">Hier geht&#8217;s zum Spieltz Amazon Shop<\/a><\/div>\n<\/div>\n\n\n\n<div style=\"height:80px\" aria-hidden=\"true\" class=\"wp-block-spacer\"><\/div>\n\n\n\n<p><\/p>\n","protected":false},"excerpt":{"rendered":"<p>++ NEU ++ Im Spieltz Onlineshop einkaufen: Nun k\u00f6nnt ihr auch in unserem eigenen Onlineshop Spiele aus unserem Verlagsprogramm sowie Spielmaterialien (Spielfiguren, W\u00fcrfel und Zubeh\u00f6r) kaufen. Und unser Blanko-Material (Blanko Brett-, Karten- und Memospiele) erm\u00f6glicht es euch, eigene Spieleideen auf professionelle Art und Weise zu gestalten. Ihr wollt lieber bei Amazon einkaufen?<\/p>\n","protected":false},"author":2,"featured_media":323,"parent":0,"menu_order":0,"comment_status":"closed","ping_status":"closed","template":"","meta":{"_themeisle_gutenberg_block_has_review":false,"footnotes":""},"class_list":["post-72","page","type-page","status-publish","has-post-thumbnail","hentry"],"_links":{"self":[{"href":"https:\/\/spieltz.de\/home\/wp-json\/wp\/v2\/pages\/72","targetHints":{"allow":["GET"]}}],"collection":[{"href":"https:\/\/spieltz.de\/home\/wp-json\/wp\/v2\/pages"}],"about":[{"href":"https:\/\/spieltz.de\/home\/wp-json\/wp\/v2\/types\/page"}],"author":[{"embeddable":true,"href":"https:\/\/spieltz.de\/home\/wp-json\/wp\/v2\/users\/2"}],"replies":[{"embeddable":true,"href":"https:\/\/spieltz.de\/home\/wp-json\/wp\/v2\/comments?post=72"}],"version-history":[{"count":14,"href":"https:\/\/spieltz.de\/home\/wp-json\/wp\/v2\/pages\/72\/revisions"}],"predecessor-version":[{"id":359,"href":"https:\/\/spieltz.de\/home\/wp-json\/wp\/v2\/pages\/72\/revisions\/359"}],"wp:featuredmedia":[{"embeddable":true,"href":"https:\/\/spieltz.de\/home\/wp-json\/wp\/v2\/media\/323"}],"wp:attachment":[{"href":"https:\/\/spieltz.de\/home\/wp-json\/wp\/v2\/media?parent=72"}],"curies":[{"name":"wp","href":"https:\/\/api.w.org\/{rel}","templated":true}]}}