{"id":5,"date":"2023-05-17T23:27:05","date_gmt":"2023-05-17T21:27:05","guid":{"rendered":"https:\/\/spieltz.de\/home\/?page_id=5"},"modified":"2024-12-09T15:00:02","modified_gmt":"2024-12-09T14:00:02","slug":"agentur-und-produktion","status":"publish","type":"page","link":"https:\/\/spieltz.de\/home\/agentur-und-produktion\/","title":{"rendered":"Agentur und Produktion"},"content":{"rendered":"\n<p class=\"has-text-align-left\">Willst du ein Spiel kreieren, das deine Botschaft perfekt auf den Punkt bringt? <\/p>\n\n\n\n<p class=\"has-text-align-left\"> Ob Unternehmen, Kommune, Verein oder Privatperson &#8211; wir begleiten dich bei jedem Schritt: Konzeption, Entwicklung der Spielmechanik, Probespielrunden, Design, Text und Lektorat, \u00dcbersetzung der Spielanleitung etc. <br>Au\u00dferdem \u00fcbernehmen wir gerne die Produktion und alle mit dem Verkauf deiner Spiele verbundenen Aufgaben wie Lagerung, Marketing, Vertrieb und Versand.<\/p>\n\n\n\n<p class=\"has-text-align-left\">Lass uns gemeinsam deine Ideen zum Leben erwecken!<\/p>\n\n\n\n<div style=\"height:35px\" aria-hidden=\"true\" class=\"wp-block-spacer\"><\/div>\n\n\n\n<div class=\"wp-block-buttons is-content-justification-center is-layout-flex wp-container-core-buttons-is-layout-a89b3969 wp-block-buttons-is-layout-flex\">\n<div class=\"wp-block-button\"><a class=\"wp-block-button__link has-background wp-element-button\" href=\"https:\/\/spieltz.de\/agentur\/\" style=\"border-radius:100px;background-color:#117d9b\" target=\"_blank\" rel=\"noreferrer noopener\">Hier geht&#8217;s zur Agentur-Seite<\/a><\/div>\n<\/div>\n\n\n\n<div style=\"height:80px\" aria-hidden=\"true\" class=\"wp-block-spacer\"><\/div>\n\n\n\n<p><\/p>\n","protected":false},"excerpt":{"rendered":"<p>Willst du ein Spiel kreieren, das deine Botschaft perfekt auf den Punkt bringt? Ob Unternehmen, Kommune, Verein oder Privatperson &#8211; wir begleiten dich bei jedem Schritt: Konzeption, Entwicklung der Spielmechanik, Probespielrunden, Design, Text und Lektorat, \u00dcbersetzung der Spielanleitung etc. Au\u00dferdem \u00fcbernehmen wir gerne die Produktion und alle mit dem Verkauf deiner Spiele verbundenen Aufgaben wie [&hellip;]<\/p>\n","protected":false},"author":1,"featured_media":320,"parent":0,"menu_order":0,"comment_status":"closed","ping_status":"closed","template":"","meta":{"_themeisle_gutenberg_block_has_review":false,"footnotes":""},"class_list":["post-5","page","type-page","status-publish","has-post-thumbnail","hentry"],"_links":{"self":[{"href":"https:\/\/spieltz.de\/home\/wp-json\/wp\/v2\/pages\/5","targetHints":{"allow":["GET"]}}],"collection":[{"href":"https:\/\/spieltz.de\/home\/wp-json\/wp\/v2\/pages"}],"about":[{"href":"https:\/\/spieltz.de\/home\/wp-json\/wp\/v2\/types\/page"}],"author":[{"embeddable":true,"href":"https:\/\/spieltz.de\/home\/wp-json\/wp\/v2\/users\/1"}],"replies":[{"embeddable":true,"href":"https:\/\/spieltz.de\/home\/wp-json\/wp\/v2\/comments?post=5"}],"version-history":[{"count":30,"href":"https:\/\/spieltz.de\/home\/wp-json\/wp\/v2\/pages\/5\/revisions"}],"predecessor-version":[{"id":352,"href":"https:\/\/spieltz.de\/home\/wp-json\/wp\/v2\/pages\/5\/revisions\/352"}],"wp:featuredmedia":[{"embeddable":true,"href":"https:\/\/spieltz.de\/home\/wp-json\/wp\/v2\/media\/320"}],"wp:attachment":[{"href":"https:\/\/spieltz.de\/home\/wp-json\/wp\/v2\/media?parent=5"}],"curies":[{"name":"wp","href":"https:\/\/api.w.org\/{rel}","templated":true}]}}