{"id":4504,"date":"2024-03-23T04:07:31","date_gmt":"2024-03-23T02:07:31","guid":{"rendered":"https:\/\/spieltz.de\/blog\/?page_id=4504"},"modified":"2024-03-29T04:00:43","modified_gmt":"2024-03-29T02:00:43","slug":"beratung","status":"publish","type":"page","link":"https:\/\/spieltz.de\/blog\/beratung","title":{"rendered":"Beratung"},"content":{"rendered":"\n<p>Willst du ein eigenes Spiel entwickeln, wei\u00dft aber nicht, wie du anfangen sollst? Brauchst du professionelle Unterst\u00fctzung bei Design, Produktion, Marketing, Vertrieb oder Lagerung deiner Spiele? Steckst du mitten im Prozess fest und brauchst jemanden, der dir die n\u00e4chsten Schritte zeigt? Oder hast du innovative Spielideen und m\u00f6chtest wissen, ob es sich lohnt, sie umzusetzen? <\/p>\n\n\n\n<p>Profitiere von unserer langj\u00e4hrigen Erfahrung! Seit \u00fcber 15 Jahren entwickeln, gestalten, produzieren und vertreiben wir Spiele f\u00fcr Kunden und unseren eigenen Verlag. Gerne stehen wir auch dir zur Seite! In einem Beratungsgespr\u00e4ch schauen mit Blick von au\u00dfen auf dein Projekt, geben dir Insider-Tipps und Brancheninformationen \u2013 unabh\u00e4ngig davon, ob du am Ende mit uns zusammenarbeitest oder nicht.<\/p>\n\n\n\n<div class=\"wp-block-kadence-advancedbtn kb-buttons-wrap kb-btns4504_1c9536-86\"><a class=\"kb-button kt-button button kb-btn4504_cf667b-30 kt-btn-size-large kt-btn-width-type-auto kb-btn-global-fill kt-btn-has-text-true kt-btn-has-svg-false wp-block-kadence-singlebtn\" href=\"https:\/\/calendly.com\/ideenfeld\"><span class=\"kt-btn-inner-text\">Beratungstermin buchen <\/span><\/a><\/div>\n","protected":false},"excerpt":{"rendered":"<p>Willst du ein eigenes Spiel entwickeln, wei\u00dft aber nicht, wie du anfangen sollst? Brauchst du professionelle Unterst\u00fctzung bei Design, Produktion, Marketing, Vertrieb oder Lagerung deiner Spiele? Steckst du mitten im Prozess fest und brauchst jemanden, der dir die n\u00e4chsten Schritte zeigt? Oder hast du innovative Spielideen und m\u00f6chtest wissen, ob es sich lohnt, sie umzusetzen? [&hellip;]<\/p>\n","protected":false},"author":2,"featured_media":0,"parent":0,"menu_order":0,"comment_status":"closed","ping_status":"closed","template":"","meta":{"_exactmetrics_skip_tracking":false,"_exactmetrics_sitenote_active":false,"_exactmetrics_sitenote_note":"","_exactmetrics_sitenote_category":0,"ngg_post_thumbnail":0,"_themeisle_gutenberg_block_has_review":false,"footnotes":""},"class_list":["post-4504","page","type-page","status-publish","hentry"],"yoast_head":"<!-- This site is optimized with the Yoast SEO plugin v21.5 - https:\/\/yoast.com\/wordpress\/plugins\/seo\/ -->\n<title>Beratung -<\/title>\n<meta name=\"robots\" content=\"index, follow, max-snippet:-1, max-image-preview:large, max-video-preview:-1\" \/>\n<link rel=\"canonical\" href=\"https:\/\/spieltz.de\/blog\/beratung\" \/>\n<meta property=\"og:locale\" content=\"de_DE\" \/>\n<meta property=\"og:type\" content=\"article\" \/>\n<meta property=\"og:title\" content=\"Beratung -\" \/>\n<meta property=\"og:description\" content=\"Willst du ein eigenes Spiel entwickeln, wei\u00dft aber nicht, wie du anfangen sollst? Brauchst du professionelle Unterst\u00fctzung bei Design, Produktion, Marketing, Vertrieb oder Lagerung deiner Spiele? Steckst du mitten im Prozess fest und brauchst jemanden, der dir die n\u00e4chsten Schritte zeigt? Oder hast du innovative Spielideen und m\u00f6chtest wissen, ob es sich lohnt, sie umzusetzen? [&hellip;]\" \/>\n<meta property=\"og:url\" content=\"https:\/\/spieltz.de\/blog\/beratung\" \/>\n<meta property=\"article:publisher\" content=\"https:\/\/www.facebook.com\/spieltz\/\" \/>\n<meta property=\"article:modified_time\" content=\"2024-03-29T02:00:43+00:00\" \/>\n<meta name=\"twitter:card\" content=\"summary_large_image\" \/>\n<meta name=\"twitter:site\" content=\"@spieltz\" \/>\n<meta name=\"twitter:label1\" content=\"Gesch\u00e4tzte Lesezeit\" \/>\n\t<meta name=\"twitter:data1\" content=\"1\u00a0Minute\" \/>\n<script type=\"application\/ld+json\" class=\"yoast-schema-graph\">{\"@context\":\"https:\/\/schema.org\",\"@graph\":[{\"@type\":\"WebPage\",\"@id\":\"https:\/\/spieltz.de\/blog\/beratung\",\"url\":\"https:\/\/spieltz.de\/blog\/beratung\",\"name\":\"Beratung -\",\"isPartOf\":{\"@id\":\"https:\/\/spieltz.de\/blog\/#website\"},\"datePublished\":\"2024-03-23T02:07:31+00:00\",\"dateModified\":\"2024-03-29T02:00:43+00:00\",\"breadcrumb\":{\"@id\":\"https:\/\/spieltz.de\/blog\/beratung#breadcrumb\"},\"inLanguage\":\"de\",\"potentialAction\":[{\"@type\":\"ReadAction\",\"target\":[\"https:\/\/spieltz.de\/blog\/beratung\"]}]},{\"@type\":\"BreadcrumbList\",\"@id\":\"https:\/\/spieltz.de\/blog\/beratung#breadcrumb\",\"itemListElement\":[{\"@type\":\"ListItem\",\"position\":1,\"name\":\"Home\",\"item\":\"https:\/\/spieltz.de\/blog\"},{\"@type\":\"ListItem\",\"position\":2,\"name\":\"Beratung\"}]},{\"@type\":\"WebSite\",\"@id\":\"https:\/\/spieltz.de\/blog\/#website\",\"url\":\"https:\/\/spieltz.de\/blog\/\",\"name\":\"\",\"description\":\"Individuelle Brett-, Karten- und Legespiele.\",\"potentialAction\":[{\"@type\":\"SearchAction\",\"target\":{\"@type\":\"EntryPoint\",\"urlTemplate\":\"https:\/\/spieltz.de\/blog\/?s={search_term_string}\"},\"query-input\":\"required name=search_term_string\"}],\"inLanguage\":\"de\"}]}<\/script>\n<!-- \/ Yoast SEO plugin. -->","yoast_head_json":{"title":"Beratung -","robots":{"index":"index","follow":"follow","max-snippet":"max-snippet:-1","max-image-preview":"max-image-preview:large","max-video-preview":"max-video-preview:-1"},"canonical":"https:\/\/spieltz.de\/blog\/beratung","og_locale":"de_DE","og_type":"article","og_title":"Beratung -","og_description":"Willst du ein eigenes Spiel entwickeln, wei\u00dft aber nicht, wie du anfangen sollst? Brauchst du professionelle Unterst\u00fctzung bei Design, Produktion, Marketing, Vertrieb oder Lagerung deiner Spiele? Steckst du mitten im Prozess fest und brauchst jemanden, der dir die n\u00e4chsten Schritte zeigt? Oder hast du innovative Spielideen und m\u00f6chtest wissen, ob es sich lohnt, sie umzusetzen? [&hellip;]","og_url":"https:\/\/spieltz.de\/blog\/beratung","article_publisher":"https:\/\/www.facebook.com\/spieltz\/","article_modified_time":"2024-03-29T02:00:43+00:00","twitter_card":"summary_large_image","twitter_site":"@spieltz","twitter_misc":{"Gesch\u00e4tzte Lesezeit":"1\u00a0Minute"},"schema":{"@context":"https:\/\/schema.org","@graph":[{"@type":"WebPage","@id":"https:\/\/spieltz.de\/blog\/beratung","url":"https:\/\/spieltz.de\/blog\/beratung","name":"Beratung -","isPartOf":{"@id":"https:\/\/spieltz.de\/blog\/#website"},"datePublished":"2024-03-23T02:07:31+00:00","dateModified":"2024-03-29T02:00:43+00:00","breadcrumb":{"@id":"https:\/\/spieltz.de\/blog\/beratung#breadcrumb"},"inLanguage":"de","potentialAction":[{"@type":"ReadAction","target":["https:\/\/spieltz.de\/blog\/beratung"]}]},{"@type":"BreadcrumbList","@id":"https:\/\/spieltz.de\/blog\/beratung#breadcrumb","itemListElement":[{"@type":"ListItem","position":1,"name":"Home","item":"https:\/\/spieltz.de\/blog"},{"@type":"ListItem","position":2,"name":"Beratung"}]},{"@type":"WebSite","@id":"https:\/\/spieltz.de\/blog\/#website","url":"https:\/\/spieltz.de\/blog\/","name":"","description":"Individuelle Brett-, Karten- und Legespiele.","potentialAction":[{"@type":"SearchAction","target":{"@type":"EntryPoint","urlTemplate":"https:\/\/spieltz.de\/blog\/?s={search_term_string}"},"query-input":"required name=search_term_string"}],"inLanguage":"de"}]}},"_links":{"self":[{"href":"https:\/\/spieltz.de\/blog\/wp-json\/wp\/v2\/pages\/4504","targetHints":{"allow":["GET"]}}],"collection":[{"href":"https:\/\/spieltz.de\/blog\/wp-json\/wp\/v2\/pages"}],"about":[{"href":"https:\/\/spieltz.de\/blog\/wp-json\/wp\/v2\/types\/page"}],"author":[{"embeddable":true,"href":"https:\/\/spieltz.de\/blog\/wp-json\/wp\/v2\/users\/2"}],"replies":[{"embeddable":true,"href":"https:\/\/spieltz.de\/blog\/wp-json\/wp\/v2\/comments?post=4504"}],"version-history":[{"count":7,"href":"https:\/\/spieltz.de\/blog\/wp-json\/wp\/v2\/pages\/4504\/revisions"}],"predecessor-version":[{"id":4560,"href":"https:\/\/spieltz.de\/blog\/wp-json\/wp\/v2\/pages\/4504\/revisions\/4560"}],"wp:attachment":[{"href":"https:\/\/spieltz.de\/blog\/wp-json\/wp\/v2\/media?parent=4504"}],"curies":[{"name":"wp","href":"https:\/\/api.w.org\/{rel}","templated":true}]}}