{"id":2,"date":"2009-06-20T14:32:21","date_gmt":"2009-06-20T12:32:21","guid":{"rendered":"http:\/\/spieltz.de\/blog\/?page_id=2"},"modified":"2017-06-21T01:36:26","modified_gmt":"2017-06-20T23:36:26","slug":"impressum","status":"publish","type":"page","link":"https:\/\/spieltz.de\/blog\/impressum","title":{"rendered":"Impressum"},"content":{"rendered":"<p><strong>Impressum zugleich Anbieterkennung im Sinne von \u00a7\u00a7 5 TMG, 55 RStV<\/strong><\/p>\n<p>Spieltz &#8211; (er-)finde DEIN Spiel!<br \/>\nIdeenfeld GmbH<br \/>\nGubener Stra\u00dfe 44<br \/>\n10243 Berlin<\/p>\n<p>Vertreten durch ihre Gesch\u00e4ftsf\u00fchrerin:<br \/>\nKarin Janner<br \/>\nTelefon: <strong>030 &#8211; 39 82 14 40<\/strong><br \/>\ne-Mail: <a href=\"mailto:kj@spieltz.de\">karinjanner@spieltz.de<\/a> <span style=\"display: none;\">Diese E-Mail-Adresse ist gegen Spambots gesch\u00fctzt! JavaScript muss aktiviert werden, damit sie angezeigt werden kann. <\/span><br \/>\nWebsite:<a title=\"spieltz\" href=\"www.spieltz.de\" target=\"_blank\" rel=\"noopener noreferrer\"> www.spieltz.de<\/a><\/p>\n<p><strong>Verantwortliche f\u00fcr den Inhalt: <\/strong> Karin Janner<\/p>\n<p><strong>Umsatzsteuer-Identifikationsnummer gem\u00e4\u00df \u00a7 27 a Umsatzsteuergesetz<\/strong><\/p>\n<p>37\/140\/23110<strong><br \/>\n<\/strong><\/p>\n<p><strong>Eintrag im Handelsregister<\/strong><\/p>\n<p>Amtsgericht Berlin Charlottenburg<\/p>\n<p><em id=\"__mceDel\">HRB 130098 B\/1<\/em><\/p>\n<p><strong>Haftung f\u00fcr Inhalte<\/strong><\/p>\n<p>Die Inhalte dieses Internetauftritts wurden mit gr\u00f6\u00dfter Sorgfalt gepr\u00fcft und erstellt.<\/p>\n<p>Die Ideenfeld GmbH \u00fcbernimmt jedoch keine Gew\u00e4hr f\u00fcr Richtigkeit, Vollst\u00e4ndigkeit und Aktualit\u00e4t des Inhalts.<br \/>\nDie Ideenfeld GmbH&nbsp;beh\u00e4lt sich ausdr\u00fccklich vor, den Internetauftritt frei zu ver\u00e4ndern.<\/p>\n<p><strong>Haftung f\u00fcr Links <\/strong><\/p>\n<p>Dieser Internetauftritt enth\u00e4lt Links zu externen Webseiten, auf deren Inhalte die Ideenfeld GmbH&nbsp;keinen Einfluss hat. F\u00fcr die Inhalte der verlinkten Seiten ist stets der jeweilige Anbieter oder Betreiber der Seiten verantwortlich. Daher distanziert sich die Ideenfeld GmbH&nbsp;trotz sorgf\u00e4ltiger \u00dcberpr\u00fcfung ausdr\u00fccklich von allen Inhalten aller verlinkter Seiten.<\/p>\n<p>&#8211; letzte \u00c4nderung: April 2014 &#8211;<\/p>\n","protected":false},"excerpt":{"rendered":"<p>Impressum zugleich Anbieterkennung im Sinne von \u00a7\u00a7 5 TMG, 55 RStV Spieltz &#8211; (er-)finde DEIN Spiel! Ideenfeld GmbH Gubener Stra\u00dfe 44 10243 Berlin Vertreten durch ihre Gesch\u00e4ftsf\u00fchrerin: Karin Janner Telefon: 030 &#8211; 39 82 14 40 e-Mail: karinjanner@spieltz.de Diese E-Mail-Adresse ist gegen Spambots gesch\u00fctzt! JavaScript muss aktiviert werden, damit sie angezeigt werden kann. Website: www.spieltz.de [&hellip;]<\/p>\n","protected":false},"author":1,"featured_media":0,"parent":0,"menu_order":4,"comment_status":"open","ping_status":"open","template":"","meta":{"_exactmetrics_skip_tracking":false,"_exactmetrics_sitenote_active":false,"_exactmetrics_sitenote_note":"","_exactmetrics_sitenote_category":0,"ngg_post_thumbnail":0,"_themeisle_gutenberg_block_has_review":false,"footnotes":""},"class_list":["post-2","page","type-page","status-publish","hentry"],"yoast_head":"<!-- This site is optimized with the Yoast SEO plugin v21.5 - https:\/\/yoast.com\/wordpress\/plugins\/seo\/ -->\n<title>Impressum -<\/title>\n<meta name=\"robots\" content=\"index, follow, max-snippet:-1, max-image-preview:large, max-video-preview:-1\" \/>\n<link rel=\"canonical\" href=\"https:\/\/spieltz.de\/blog\/impressum\" \/>\n<meta property=\"og:locale\" content=\"de_DE\" \/>\n<meta property=\"og:type\" content=\"article\" \/>\n<meta property=\"og:title\" content=\"Impressum -\" \/>\n<meta property=\"og:description\" content=\"Impressum zugleich Anbieterkennung im Sinne von \u00a7\u00a7 5 TMG, 55 RStV Spieltz &#8211; (er-)finde DEIN Spiel! Ideenfeld GmbH Gubener Stra\u00dfe 44 10243 Berlin Vertreten durch ihre Gesch\u00e4ftsf\u00fchrerin: Karin Janner Telefon: 030 &#8211; 39 82 14 40 e-Mail: karinjanner@spieltz.de Diese E-Mail-Adresse ist gegen Spambots gesch\u00fctzt! JavaScript muss aktiviert werden, damit sie angezeigt werden kann. Website: www.spieltz.de [&hellip;]\" \/>\n<meta property=\"og:url\" content=\"https:\/\/spieltz.de\/blog\/impressum\" \/>\n<meta property=\"article:publisher\" content=\"https:\/\/www.facebook.com\/spieltz\/\" \/>\n<meta property=\"article:modified_time\" content=\"2017-06-20T23:36:26+00:00\" \/>\n<meta name=\"twitter:card\" content=\"summary_large_image\" \/>\n<meta name=\"twitter:site\" content=\"@spieltz\" \/>\n<meta name=\"twitter:label1\" content=\"Gesch\u00e4tzte Lesezeit\" \/>\n\t<meta name=\"twitter:data1\" content=\"1\u00a0Minute\" \/>\n<script type=\"application\/ld+json\" class=\"yoast-schema-graph\">{\"@context\":\"https:\/\/schema.org\",\"@graph\":[{\"@type\":\"WebPage\",\"@id\":\"https:\/\/spieltz.de\/blog\/impressum\",\"url\":\"https:\/\/spieltz.de\/blog\/impressum\",\"name\":\"Impressum -\",\"isPartOf\":{\"@id\":\"https:\/\/spieltz.de\/blog\/#website\"},\"datePublished\":\"2009-06-20T12:32:21+00:00\",\"dateModified\":\"2017-06-20T23:36:26+00:00\",\"breadcrumb\":{\"@id\":\"https:\/\/spieltz.de\/blog\/impressum#breadcrumb\"},\"inLanguage\":\"de\",\"potentialAction\":[{\"@type\":\"ReadAction\",\"target\":[\"https:\/\/spieltz.de\/blog\/impressum\"]}]},{\"@type\":\"BreadcrumbList\",\"@id\":\"https:\/\/spieltz.de\/blog\/impressum#breadcrumb\",\"itemListElement\":[{\"@type\":\"ListItem\",\"position\":1,\"name\":\"Home\",\"item\":\"https:\/\/spieltz.de\/blog\"},{\"@type\":\"ListItem\",\"position\":2,\"name\":\"Impressum\"}]},{\"@type\":\"WebSite\",\"@id\":\"https:\/\/spieltz.de\/blog\/#website\",\"url\":\"https:\/\/spieltz.de\/blog\/\",\"name\":\"\",\"description\":\"Individuelle Brett-, Karten- und Legespiele.\",\"potentialAction\":[{\"@type\":\"SearchAction\",\"target\":{\"@type\":\"EntryPoint\",\"urlTemplate\":\"https:\/\/spieltz.de\/blog\/?s={search_term_string}\"},\"query-input\":\"required name=search_term_string\"}],\"inLanguage\":\"de\"}]}<\/script>\n<!-- \/ Yoast SEO plugin. -->","yoast_head_json":{"title":"Impressum -","robots":{"index":"index","follow":"follow","max-snippet":"max-snippet:-1","max-image-preview":"max-image-preview:large","max-video-preview":"max-video-preview:-1"},"canonical":"https:\/\/spieltz.de\/blog\/impressum","og_locale":"de_DE","og_type":"article","og_title":"Impressum -","og_description":"Impressum zugleich Anbieterkennung im Sinne von \u00a7\u00a7 5 TMG, 55 RStV Spieltz &#8211; (er-)finde DEIN Spiel! Ideenfeld GmbH Gubener Stra\u00dfe 44 10243 Berlin Vertreten durch ihre Gesch\u00e4ftsf\u00fchrerin: Karin Janner Telefon: 030 &#8211; 39 82 14 40 e-Mail: karinjanner@spieltz.de Diese E-Mail-Adresse ist gegen Spambots gesch\u00fctzt! JavaScript muss aktiviert werden, damit sie angezeigt werden kann. Website: www.spieltz.de [&hellip;]","og_url":"https:\/\/spieltz.de\/blog\/impressum","article_publisher":"https:\/\/www.facebook.com\/spieltz\/","article_modified_time":"2017-06-20T23:36:26+00:00","twitter_card":"summary_large_image","twitter_site":"@spieltz","twitter_misc":{"Gesch\u00e4tzte Lesezeit":"1\u00a0Minute"},"schema":{"@context":"https:\/\/schema.org","@graph":[{"@type":"WebPage","@id":"https:\/\/spieltz.de\/blog\/impressum","url":"https:\/\/spieltz.de\/blog\/impressum","name":"Impressum -","isPartOf":{"@id":"https:\/\/spieltz.de\/blog\/#website"},"datePublished":"2009-06-20T12:32:21+00:00","dateModified":"2017-06-20T23:36:26+00:00","breadcrumb":{"@id":"https:\/\/spieltz.de\/blog\/impressum#breadcrumb"},"inLanguage":"de","potentialAction":[{"@type":"ReadAction","target":["https:\/\/spieltz.de\/blog\/impressum"]}]},{"@type":"BreadcrumbList","@id":"https:\/\/spieltz.de\/blog\/impressum#breadcrumb","itemListElement":[{"@type":"ListItem","position":1,"name":"Home","item":"https:\/\/spieltz.de\/blog"},{"@type":"ListItem","position":2,"name":"Impressum"}]},{"@type":"WebSite","@id":"https:\/\/spieltz.de\/blog\/#website","url":"https:\/\/spieltz.de\/blog\/","name":"","description":"Individuelle Brett-, Karten- und Legespiele.","potentialAction":[{"@type":"SearchAction","target":{"@type":"EntryPoint","urlTemplate":"https:\/\/spieltz.de\/blog\/?s={search_term_string}"},"query-input":"required name=search_term_string"}],"inLanguage":"de"}]}},"_links":{"self":[{"href":"https:\/\/spieltz.de\/blog\/wp-json\/wp\/v2\/pages\/2","targetHints":{"allow":["GET"]}}],"collection":[{"href":"https:\/\/spieltz.de\/blog\/wp-json\/wp\/v2\/pages"}],"about":[{"href":"https:\/\/spieltz.de\/blog\/wp-json\/wp\/v2\/types\/page"}],"author":[{"embeddable":true,"href":"https:\/\/spieltz.de\/blog\/wp-json\/wp\/v2\/users\/1"}],"replies":[{"embeddable":true,"href":"https:\/\/spieltz.de\/blog\/wp-json\/wp\/v2\/comments?post=2"}],"version-history":[{"count":16,"href":"https:\/\/spieltz.de\/blog\/wp-json\/wp\/v2\/pages\/2\/revisions"}],"predecessor-version":[{"id":3330,"href":"https:\/\/spieltz.de\/blog\/wp-json\/wp\/v2\/pages\/2\/revisions\/3330"}],"wp:attachment":[{"href":"https:\/\/spieltz.de\/blog\/wp-json\/wp\/v2\/media?parent=2"}],"curies":[{"name":"wp","href":"https:\/\/api.w.org\/{rel}","templated":true}]}}