{"id":956,"date":"2016-10-02T00:31:34","date_gmt":"2016-10-01T22:31:34","guid":{"rendered":"http:\/\/spieltz.de\/agentur\/?page_id=956"},"modified":"2016-10-02T00:37:38","modified_gmt":"2016-10-01T22:37:38","slug":"spiel-drucken-lassen","status":"publish","type":"page","link":"https:\/\/spieltz.de\/agentur\/produktion\/spiel-drucken-lassen\/","title":{"rendered":"Spiel drucken lassen"},"content":{"rendered":"<h2>Spiel drucken lassen bei Spieltz<\/h2>\n<ul>\n<ul>\n<li>Sie wollen ein <em>eigenes Spiel\u00a0drucken<\/em> lassen? Wir produzieren individuell f\u00fcr Sie Brett- und Kartenspiele, in kleinen und in gr\u00f6\u00dferen Auflagen.<\/li>\n<li>Oder Sie sind auf der Suche nach einem Geschenk f\u00fcr Kunden oder Mitarbeiter und wollen ein fertiges\u00a0<em>Brett- oder Kartenspiel \u00a0mit Ihrem Logo bedrucken<\/em> lassen?<\/li>\n<\/ul>\n<\/ul>\n<p>F\u00fcr beide F\u00e4lle bieten wir L\u00f6sungen!<\/p>\n<h3>Spieltz Spiele-Produktion<\/h3>\n<p>Wir fertigen komplette Brett- und Kartenspiele ab Auflagenh\u00f6he 1 an &#8211;\u00a0\u00a0bis zu 10.000 Spielen.<br \/>\nSie k\u00f6nnen aber auch einzelne Komponenten bei uns bestellen, z.B.\u00a0Spielpl\u00e4ne, Karten, Spielfiguren.<br \/>\nDie Produktionszeit betr\u00e4gt zwischen einer und acht Wochen &#8211; je nachdem, wie gro\u00df die Auflagenh\u00f6he ist und aus wie vielen Komponenten das Spiel besteht.<\/p>\n<h4>Spielplan auf LKW Plane drucken<\/h4>\n<p>Bei Kleinauflagen\u00a0drucken wir den Spielplan auf LKW-Plane. Der rollbare Spielplan wird zusammen mit dem Spielmaterial in eine Papp- oder PVC-Rolle verpackt. Die Plane ist robust, f\u00fchlt sich gut an und kann in nahezu jeder Gr\u00f6\u00dfe bedruckt werden. Der Spielplan ist wasserfest und abwaschbar. Egal, ob handliches Reisespiel oder tischgro\u00dfes Riesen-Spiel \u2013\u00a0ein Spielplan aus Lkw-Plane ist immer m\u00f6glich.<\/p>\n<h4>Klassisches Brettspiel: Spiel drucken auf Pappe<\/h4>\n<p>Ab 100 Spielen k\u00f6nnen wir auch klassische Brettspiele herstellen: Der Spielplan wird\u00a0auf Leinen- oder Bilderdruckpapier gedruckt und mit einem kratzfesten Lack \u00fcberzogen, Spielplan und Spielmaterial werden zusammen in eine St\u00fclpdeckelschachtel verpackt. Eine passende Schachteleinlage (&#8222;Nest&#8220;) sogt daf\u00fcr, dass man den Spielplan bequem aus der Verpackung\u00a0nehmen kann. Er liegt oben auf; Spielfiguren, Karten und Anleitung finden in einer Vertiefung unter dem Spielplan Platz.<\/p>\n<p>Wenn der Spielplan\u00a0gr\u00f6\u00dfer als 30 x 30 cm gro\u00df ist, wird er\u00a0in der Mitte geschlitzt, und zusammengefaltet in die Verpackung gelegt. Je nach Gr\u00f6\u00dfe wird er\u00a0einmal oder doppelt gefaltet.<\/p>\n<p>Es gibt verschiedene Gr\u00f6\u00dfen, fragen Sie uns nach den Ma\u00dfen.<\/p>\n<h4>Kartenspiel drucken: ab 10 Spielen<\/h4>\n<p>Kartenspiele drucken wir in Kleinauflagen (10 bis 300 Spiele) im Digitaldruckverfahren, in gr\u00f6\u00dferen Auflagen im Offsetdruck.<br \/>\nJe nach Auflagenh\u00f6he werden die Karten entweder geschnitten oder gestanzt.<br \/>\nAls Verpackung k\u00f6nnen Sie zwischen einer durchsichtigen Kartenschachtel aus PVC und einem bedruckten Leinenbeutel w\u00e4hlen. Bei\u00a0Auflagen ab 100 Spielen k\u00f6nnen wir auch Faltschachteln f\u00fcr Sie individuell bedrucken.<\/p>\n<h4>Produktionszeit<\/h4>\n<p>Die Produktionszeit betr\u00e4gt zwischen einer und acht Wochen &#8211; je nachdem, wie gro\u00df die Auflagenh\u00f6he ist und aus wie vielen Komponenten das Spiel besteht.<br \/>\nPlanenspiele fertigen wir in 1 \u2013 3 Wochen an, f\u00fcr Spiele aus Pappe bruachen wir 6 \u2013 8 Wochen.<br \/>\nKartenspiele im Digitaldruck sind in 1 &#8211; 2 Wochen fertig, im Offsetdruck brauchen wir daf\u00fcr etwa 4 Wochen.<\/p>\n<h4>Grafische Umsetzung \/ Text \/ Lektorat von Spielen<\/h4>\n<p>Spiele drucken wir<\/p>\n<ul>\n<ul>\n<ul>\n<li class=\"entry-content\">entweder nach Ihren Druckdateien: Sie schicken uns die druckf\u00e4higen Dateien und beauftragen und nur f\u00fcr die Produktion<\/li>\n<li class=\"entry-content\">oder Sie beauftragen uns f\u00fcr die Konzeption und Erstellung des Spiels. Wir k\u00f6nnen das Gesamtprojekt f\u00fcr Sie durchf\u00fchren oder Sie bei einzelnen\u00a0Arbeitsschritten unterst\u00fctzen: Konzeption des Spiels, grafische Umsetzung, Text, Lektorat.<\/li>\n<\/ul>\n<\/ul>\n<\/ul>\n<p>Kontaktieren Sie uns f\u00fcr eine Beratung am besten <a href=\"mailto: info@spieltz.de\" target=\"_blank\">per Mail<\/a>! Eine <a href=\"mailto:info@spieltz.de\" target=\"_blank\">Preisliste erhalten Sie HIER.<\/a><\/p>\n<h3>Brettspiel\u00a0oder Kartenspiel mit Logo bedrucken: Spieltz Werbespiele Shop<\/h3>\n<p>Sie wollen kein neues Spiel entwickeln, sondern ein fertiges Brett- oder Kartenspiel mit Ihrem Logo bedrucken lassen? Dann besuchen Sie unseren\u00a0<a href=\"http:\/\/spieltz.de\/werbespiele\/\" target=\"_blank\">Werbespiele Shop<\/a>\u00a0\u2013 dort\u00a0finden Sie mehr als f\u00fcnfzig verschiedene Spiele\u00a0zu unterschiedlichen\u00a0Themen und Anl\u00e4ssen. Brettspiele, rollbare Spiele, Kartenspiele und spielbare Postkarten, in verschiedenen Gr\u00f6\u00dfen und Ausf\u00fchrungen. Wir bieten Ihnen bekannte\u00a0Klassiker \u00a0z.B. Backgammon, M\u00fchle oder Halma, und au\u00dferdem neue\u00a0Spielkonzepte, die in unserem Team entwickelt wurden und die die sich gut als Basis f\u00fcr Werbespiele eignen.<\/p>\n<p>Wir platzieren\u00a0Ihr Logo auf Spielplan und Verpackung. Gerne passen unsere Grafiker dar\u00fcberhinaus das komplette Spiel an Ihr Corporate Design an oder f\u00fcgen Ihre Produktbilder\u00a0in Spielplan oder Karten ein.<\/p>\n<p>Welches Spiel sich am besten f\u00fcr Ihren Anlass eignet kl\u00e4ren wir gerne in einem Gespr\u00e4ch. Kontaktieren Sie uns daf\u00fcr bitte am besten\u00a0<a href=\"mailto: info@spieltz.de\" target=\"_blank\">per Mail<\/a> und skizzieren Sie kurz Ihr Anliegen.<\/p>\n<p>&#8212;<\/p>\n<p><em>keywords: spiel drucken lassen, brettspiel drucken, kartenspiel drucken<\/em><\/p>\n","protected":false},"excerpt":{"rendered":"<p>Spiel drucken lassen bei Spieltz Sie wollen ein eigenes Spiel\u00a0drucken lassen? Wir produzieren individuell f\u00fcr Sie Brett- und Kartenspiele, in kleinen und in gr\u00f6\u00dferen Auflagen. Oder Sie sind auf der Suche nach einem Geschenk f\u00fcr Kunden oder Mitarbeiter und wollen ein fertiges\u00a0Brett- oder Kartenspiel \u00a0mit Ihrem Logo bedrucken lassen? F\u00fcr beide F\u00e4lle bieten wir L\u00f6sungen! [&hellip;]<\/p>\n","protected":false},"author":1,"featured_media":0,"parent":61,"menu_order":0,"comment_status":"closed","ping_status":"closed","template":"","meta":{"_themeisle_gutenberg_block_has_review":false,"footnotes":""},"_links":{"self":[{"href":"https:\/\/spieltz.de\/agentur\/wp-json\/wp\/v2\/pages\/956"}],"collection":[{"href":"https:\/\/spieltz.de\/agentur\/wp-json\/wp\/v2\/pages"}],"about":[{"href":"https:\/\/spieltz.de\/agentur\/wp-json\/wp\/v2\/types\/page"}],"author":[{"embeddable":true,"href":"https:\/\/spieltz.de\/agentur\/wp-json\/wp\/v2\/users\/1"}],"replies":[{"embeddable":true,"href":"https:\/\/spieltz.de\/agentur\/wp-json\/wp\/v2\/comments?post=956"}],"version-history":[{"count":4,"href":"https:\/\/spieltz.de\/agentur\/wp-json\/wp\/v2\/pages\/956\/revisions"}],"predecessor-version":[{"id":960,"href":"https:\/\/spieltz.de\/agentur\/wp-json\/wp\/v2\/pages\/956\/revisions\/960"}],"up":[{"embeddable":true,"href":"https:\/\/spieltz.de\/agentur\/wp-json\/wp\/v2\/pages\/61"}],"wp:attachment":[{"href":"https:\/\/spieltz.de\/agentur\/wp-json\/wp\/v2\/media?parent=956"}],"curies":[{"name":"wp","href":"https:\/\/api.w.org\/{rel}","templated":true}]}}